{"id":1262,"date":"2022-12-20T14:50:31","date_gmt":"2022-12-20T13:50:31","guid":{"rendered":"https:\/\/semmelweis.hu\/baratikor\/?page_id=1262"},"modified":"2023-06-29T10:13:32","modified_gmt":"2023-06-29T08:13:32","slug":"fabini-janos-theophil","status":"publish","type":"page","link":"https:\/\/semmelweis.hu\/baratikor\/galeria\/teljes-nevlista\/fabini-janos-theophil\/","title":{"rendered":"Fabini J\u00e1nos Theophil"},"content":{"rendered":"<p style=\"text-align: justify\"><a href=\"https:\/\/semmelweis.hu\/baratikor\/galeria\/teljes-nevlista\/fabini-janos-theophil\/026_11\/\"><img loading=\"lazy\" decoding=\"async\" class=\"alignleft wp-image-1263 size-full\" src=\"https:\/\/semmelweis.hu\/baratikor\/files\/2022\/12\/026_11.jpg\" alt=\"\" width=\"295\" height=\"430\" srcset=\"https:\/\/semmelweis.hu\/baratikor\/files\/2022\/12\/026_11.jpg 295w, https:\/\/semmelweis.hu\/baratikor\/files\/2022\/12\/026_11-274x400.jpg 274w\" sizes=\"auto, (max-width: 295px) 100vw, 295px\" \/><\/a><strong>(Hass\u00e1g \/Medgyessz\u00e9k\/, 1791. j\u00falius 5. &#8211; Pest, 1847. november 30.)<\/strong><\/p>\n<p style=\"text-align: justify\">D\u00e9k\u00e1n: 1838\/39<\/p>\n<p style=\"text-align: justify\">Erd\u00e9lyi evang\u00e9likus lelk\u00e9sz csal\u00e1db\u00f3l sz\u00e1rmazott, mely csal\u00e1d mindm\u00e1ig sz\u00e1mos lelk\u00e9szt adott egyh\u00e1z\u00e1nak \u00e9s az orsz\u00e1gnak. Tanulm\u00e1nyait Medgyesen \u00e9s a kolozsv\u00e1ri l\u00edceumban v\u00e9gezte, majd 1810-1815 k\u00f6z\u00f6tt a b\u00e9csi egyetemen orvosi \u00e9s seb\u00e9szi tudom\u00e1nyokat hallgatott. A b\u00e9csi Allgemeines Krankenhausban Georg Joseph Beer professzor seg\u00e9dje lett, majd 1816. m\u00e1jus 11-\u00e9n orvosdoktorr\u00e1, j\u00falius 12-\u00e9n szem\u00e9szmesterr\u00e9 avatt\u00e1k. Okt\u00f3berben hazat\u00e9rt sz\u00fcl\u0151f\u00f6ldj\u00e9re, Medgyesre, de m\u00e1r 1817. j\u00fanius 2-\u00e1n megh\u00edv\u00e1st kapott a pesti egyetemre, ahol a szem\u00e9szet els\u0151 nyilv\u00e1nos rendes tan\u00e1rak\u00e9nt m\u0171k\u00f6d\u00f6tt hal\u00e1l\u00e1ig. Ezzel mester\u00e9t, Beert is megel\u0151zte, aki B\u00e9csben csak 1818-ban kapta meg az egyetemi tan\u00e1ri c\u00edmet. Kor\u00e1bban a szem\u00e9szetet a seb\u00e9szet r\u00e9szek\u00e9nt adt\u00e1k el\u0151 az egyetemen, majd az orsz\u00e1gos szemorvos rendk\u00edv\u00fcli t\u00e1rgyk\u00e9nt oktatta. Fabini munk\u00e1ss\u00e1ga sor\u00e1n mindv\u00e9gig hangs\u00falyozta a szem\u00e9szetnek a t\u00f6bbi orvostudom\u00e1nnyal val\u00f3 szoros \u00f6sszef\u00fcgg\u00e9s\u00e9t. Bevezette a szem\u00e9szeti k\u00f3rlapok haszn\u00e1lat\u00e1t, t\u00f6k\u00e9letes\u00edtette a vizsg\u00e1lati m\u00f3dszereket, foglalkozott a h\u00e1lyog \u00e9s a kancsals\u00e1g m\u0171t\u00e9ti gy\u00f3gy\u00edt\u00e1s\u00e1val. Komoly szakirodalmi tev\u00e9kenys\u00e9get fejtett ki. Tank\u00f6nyv\u00e9t k\u00fclf\u00f6ldi egyetemeken (pl. Padova, Harlem) is haszn\u00e1lt\u00e1k. \u00c9rdemei elismer\u00e9s\u00e9\u00fcl 1840-ben nemess\u00e9get, 1846-ban kir\u00e1lyi tan\u00e1csosi c\u00edmet kapott, valamint Pest megye t\u00e1blab\u00edr\u00e1j\u00e1v\u00e1 v\u00e1lasztotta. A b\u00e9csi Orvoskarnak \u00e9s t\u00f6bb tud\u00f3s t\u00e1rsas\u00e1gnak egyar\u00e1nt tagja volt. 1838\/39-ben d\u00e9k\u00e1n, 1845\/46-ban rektor volt.<\/p>\n<p style=\"text-align: justify\">(F\u0151bb m\u0171vei: Dissertatio inauguralis medica de Amaurosi. Viennae, 1816.; Doctrina de morbis oculorum. In usum auditorum suorum. Pestini, 1823. \/n\u00e9met, olasz, angol, holland \u00e9s magyar nyelven is\/; De praecipuis corneae morbis. Prolusio academica qua diem 27. Junii 1830. cum regia universitas Hungarica Pesthiensis quinquagesimum instaurationis annum solenni ritu celebraret. Budae, 1830.; Ezenk\u00edv\u00fcl t\u00f6bb \u00e9rt\u00e9kes k\u00e9ziratot is hagyott h\u00e1tra, \u00edgy pl. az Ars oculistica c\u00edm\u0171t, mely Alm\u00e1si Balogh P\u00e1l m\u00e1solat\u00e1ban maradt fenn az ELTE Egyetemi K\u00f6nyvt\u00e1rban.)<\/p>\n<p style=\"text-align: justify\"><a href=\"https:\/\/semmelweis.hu\/baratikor\/galeria\/teljes-nevlista\/fabini-janos-theophil\/026_31\/\"><img loading=\"lazy\" decoding=\"async\" class=\"alignleft wp-image-1265 size-full\" src=\"https:\/\/semmelweis.hu\/baratikor\/files\/2022\/12\/026_31.jpg\" alt=\"\" width=\"295\" height=\"358\" \/><\/a><a href=\"https:\/\/semmelweis.hu\/baratikor\/galeria\/teljes-nevlista\/fabini-janos-theophil\/026_21\/\"><img loading=\"lazy\" decoding=\"async\" class=\"alignleft wp-image-1264 size-full\" src=\"https:\/\/semmelweis.hu\/baratikor\/files\/2022\/12\/026_21.jpg\" alt=\"\" width=\"295\" height=\"403\" srcset=\"https:\/\/semmelweis.hu\/baratikor\/files\/2022\/12\/026_21.jpg 295w, https:\/\/semmelweis.hu\/baratikor\/files\/2022\/12\/026_21-293x400.jpg 293w\" sizes=\"auto, (max-width: 295px) 100vw, 295px\" \/><\/a><\/p>\n","protected":false},"excerpt":{"rendered":"<p><a href=\"https:\/\/semmelweis.hu\/baratikor\/galeria\/teljes-nevlista\/fabini-janos-theophil\/026_11\/\"><\/a> (Hass\u00e1g \/Medgyessz\u00e9k\/, 1791. j\u00falius 5. &#8211; Pest, 1847. november 30.) D\u00e9k\u00e1n: 1838\/39 Erd\u00e9lyi evang\u00e9likus lelk\u00e9sz csal\u00e1db\u00f3l sz\u00e1rmazott, mely csal\u00e1d mindm\u00e1ig sz\u00e1mos lelk\u00e9szt adott egyh\u00e1z\u00e1nak \u00e9s az orsz\u00e1gnak. Tanulm\u00e1nyait Medgyesen \u00e9s a kolozsv\u00e1ri l\u00edceumban v\u00e9gezte, majd 1810-1815 k\u00f6z\u00f6tt a b\u00e9csi egyetemen orvosi \u00e9s seb\u00e9szi tudom\u00e1nyokat hallgatott. A b\u00e9csi Allgemeines Krankenhausban Georg Joseph Beer professzor seg\u00e9dje lett, &hellip;<\/p>\n","protected":false},"author":282,"featured_media":4328,"parent":347,"menu_order":0,"comment_status":"closed","ping_status":"closed","template":"template-fullwidth.php","meta":{"_acf_changed":false,"footnotes":""},"categories":[80,6,77,5,14],"tags":[],"class_list":["post-1262","page","type-page","status-publish","has-post-thumbnail","hentry","category-aok-dekanjai","category-dekanok","category-kegyeleti-adattar","category-rektorok","category-teljes-nevlista"],"acf":[],"_links":{"self":[{"href":"https:\/\/semmelweis.hu\/baratikor\/wp-json\/wp\/v2\/pages\/1262","targetHints":{"allow":["GET"]}}],"collection":[{"href":"https:\/\/semmelweis.hu\/baratikor\/wp-json\/wp\/v2\/pages"}],"about":[{"href":"https:\/\/semmelweis.hu\/baratikor\/wp-json\/wp\/v2\/types\/page"}],"author":[{"embeddable":true,"href":"https:\/\/semmelweis.hu\/baratikor\/wp-json\/wp\/v2\/users\/282"}],"replies":[{"embeddable":true,"href":"https:\/\/semmelweis.hu\/baratikor\/wp-json\/wp\/v2\/comments?post=1262"}],"version-history":[{"count":7,"href":"https:\/\/semmelweis.hu\/baratikor\/wp-json\/wp\/v2\/pages\/1262\/revisions"}],"predecessor-version":[{"id":1272,"href":"https:\/\/semmelweis.hu\/baratikor\/wp-json\/wp\/v2\/pages\/1262\/revisions\/1272"}],"up":[{"embeddable":true,"href":"https:\/\/semmelweis.hu\/baratikor\/wp-json\/wp\/v2\/pages\/347"}],"wp:featuredmedia":[{"embeddable":true,"href":"https:\/\/semmelweis.hu\/baratikor\/wp-json\/wp\/v2\/media\/4328"}],"wp:attachment":[{"href":"https:\/\/semmelweis.hu\/baratikor\/wp-json\/wp\/v2\/media?parent=1262"}],"wp:term":[{"taxonomy":"category","embeddable":true,"href":"https:\/\/semmelweis.hu\/baratikor\/wp-json\/wp\/v2\/categories?post=1262"},{"taxonomy":"post_tag","embeddable":true,"href":"https:\/\/semmelweis.hu\/baratikor\/wp-json\/wp\/v2\/tags?post=1262"}],"curies":[{"name":"wp","href":"https:\/\/api.w.org\/{rel}","templated":true}]}}