{"id":1259,"date":"2022-09-19T10:41:14","date_gmt":"2022-09-19T08:41:14","guid":{"rendered":"https:\/\/semmelweis.hu\/baratikor\/?page_id=1259"},"modified":"2023-01-06T14:19:47","modified_gmt":"2023-01-06T13:19:47","slug":"schmidt-janos","status":"publish","type":"page","link":"https:\/\/semmelweis.hu\/baratikor\/galeria\/teljes-nevlista\/schmidt-janos\/","title":{"rendered":"Schmidt J\u00e1nos"},"content":{"rendered":"<p>(Pest, 1802 &#8211; Pest, 1872)<\/p>\n<p><strong>Tansz\u00e9k: <\/strong>az \u00fagynevezett k\u00fcls\u0151 orvosi kar tagja volt, oktat\u00e1st nem folytatott.<\/p>\n<p><strong>Viselt egyetemi m\u00e9lt\u00f3s\u00e1g: <\/strong>d\u00e9k\u00e1n 1847\/48 &#8211; 1848\/49.<\/p>\n<p>Orvosi tanulm\u00e1nyait 1825-ben fejezte be a pesti Orvoskaron, ahov\u00e1 m\u00e1r b\u00f6lcs\u00e9szdoktork\u00e9nt \u00e9rkezett. K\u00e9s\u0151bb Pest v\u00e1rmegye tisztiorvosa, \u00edgy az Orvoskar k\u00fcls\u0151 tagja lett. A karon oktat\u00f3 tev\u00e9kenys\u00e9get nem folytatott. A d\u00e9k\u00e1ni tiszts\u00e9get 1847-t\u0151l t\u00f6lt\u00f6tte be k\u00e9t tan\u00e9ven \u00e1t. 1856-t\u00f3l Moson v\u00e1rmegye f\u0151orvosa lett. Nev\u00e9t 1868-ban Kov\u00e1csra magyaros\u00edtotta. Sz\u00fclet\u00e9s\u00e9nek \u00e9s hal\u00e1l\u00e1nak pontos idej\u00e9t nem ismerj\u00fck.<\/p>\n<p><strong>Munk\u00e1ja:<\/strong> Dissertatio inauguralis medico-pharmacologica de acido hydrocyanico quam&#8230; pro summis in medicina honoribus rite consequendis&#8230; publicae disquisitioni submittit. Pestini, 1825.<\/p>\n<p><strong>Nyughelye: <\/strong>nem ismert.<\/p>\n","protected":false},"excerpt":{"rendered":"<p>(Pest, 1802 &#8211; Pest, 1872) Tansz\u00e9k: az \u00fagynevezett k\u00fcls\u0151 orvosi kar tagja volt, oktat\u00e1st nem folytatott. Viselt egyetemi m\u00e9lt\u00f3s\u00e1g: d\u00e9k\u00e1n 1847\/48 &#8211; 1848\/49. Orvosi tanulm\u00e1nyait 1825-ben fejezte be a pesti Orvoskaron, ahov\u00e1 m\u00e1r b\u00f6lcs\u00e9szdoktork\u00e9nt \u00e9rkezett. K\u00e9s\u0151bb Pest v\u00e1rmegye tisztiorvosa, \u00edgy az Orvoskar k\u00fcls\u0151 tagja lett. A karon oktat\u00f3 tev\u00e9kenys\u00e9get nem folytatott. A d\u00e9k\u00e1ni tiszts\u00e9get 1847-t\u0151l &hellip;<\/p>\n","protected":false},"author":282,"featured_media":0,"parent":347,"menu_order":0,"comment_status":"closed","ping_status":"closed","template":"template-fullwidth.php","meta":{"_acf_changed":false,"footnotes":""},"categories":[6,20,81,14],"tags":[],"class_list":["post-1259","page","type-page","status-publish","hentry","category-dekanok","category-dekanok-karok-szerint","category-orvosi-kar-dekanjai","category-teljes-nevlista"],"acf":[],"_links":{"self":[{"href":"https:\/\/semmelweis.hu\/baratikor\/wp-json\/wp\/v2\/pages\/1259","targetHints":{"allow":["GET"]}}],"collection":[{"href":"https:\/\/semmelweis.hu\/baratikor\/wp-json\/wp\/v2\/pages"}],"about":[{"href":"https:\/\/semmelweis.hu\/baratikor\/wp-json\/wp\/v2\/types\/page"}],"author":[{"embeddable":true,"href":"https:\/\/semmelweis.hu\/baratikor\/wp-json\/wp\/v2\/users\/282"}],"replies":[{"embeddable":true,"href":"https:\/\/semmelweis.hu\/baratikor\/wp-json\/wp\/v2\/comments?post=1259"}],"version-history":[{"count":2,"href":"https:\/\/semmelweis.hu\/baratikor\/wp-json\/wp\/v2\/pages\/1259\/revisions"}],"predecessor-version":[{"id":2197,"href":"https:\/\/semmelweis.hu\/baratikor\/wp-json\/wp\/v2\/pages\/1259\/revisions\/2197"}],"up":[{"embeddable":true,"href":"https:\/\/semmelweis.hu\/baratikor\/wp-json\/wp\/v2\/pages\/347"}],"wp:attachment":[{"href":"https:\/\/semmelweis.hu\/baratikor\/wp-json\/wp\/v2\/media?parent=1259"}],"wp:term":[{"taxonomy":"category","embeddable":true,"href":"https:\/\/semmelweis.hu\/baratikor\/wp-json\/wp\/v2\/categories?post=1259"},{"taxonomy":"post_tag","embeddable":true,"href":"https:\/\/semmelweis.hu\/baratikor\/wp-json\/wp\/v2\/tags?post=1259"}],"curies":[{"name":"wp","href":"https:\/\/api.w.org\/{rel}","templated":true}]}}