{"id":1253,"date":"2022-09-19T10:32:40","date_gmt":"2022-09-19T08:32:40","guid":{"rendered":"https:\/\/semmelweis.hu\/baratikor\/?page_id=1253"},"modified":"2023-01-09T11:23:01","modified_gmt":"2023-01-09T10:23:01","slug":"linzbauer-ferenc-xaver","status":"publish","type":"page","link":"https:\/\/semmelweis.hu\/baratikor\/galeria\/teljes-nevlista\/linzbauer-ferenc-xaver\/","title":{"rendered":"Linzbauer Ferenc Xav\u00e9r"},"content":{"rendered":"<p style=\"text-align: justify\"><strong>(Buda 1807 &#8211; M\u00f6dling, Ausztria 1888)<\/strong><\/p>\n<p style=\"text-align: justify\">Orvosi tanulm\u00e1nyait Pesten v\u00e9gezte, ahol 1832-ben avatt\u00e1k orvosdoktorr\u00e1. 1837-1849 k\u00f6z\u00f6tt a J\u00e1szkun ker\u00fclet f\u0151orvosa volt. Az 1848\/49-es forradalom \u00e9s szabads\u00e1gharc idej\u00e9n annyira udvarh\u0171 magatart\u00e1st tan\u00fas\u00edtott, hogy haza\u00e1rul\u00e1s\u00e9rt k\u00f6t\u00e9l \u00e1ltali hal\u00e1lra \u00e9s vagyonelkobz\u00e1sra \u00edt\u00e9lt\u00e9k. Ez\u00e9rt B\u00e9csbe menek\u00fclt, ahol egy katonai k\u00f3rh\u00e1z f\u0151orvosak\u00e9nt dolgozott. A szabads\u00e1gharc lever\u00e9se ut\u00e1n visszat\u00e9rt haz\u00e1j\u00e1ba, ahol jutalmul 1849-ben az \u00e1llattan helyettes tan\u00e1r\u00e1nak nevezt\u00e9k ki a pesti egyetemen. 1851-t\u0151l az \u00fajonnan indult el\u0151k\u00e9sz\u00edt\u0151 seb\u00e9szeti tudom\u00e1nyok tansz\u00e9ket vezette rendk\u00edv\u00fcli tan\u00e1rk\u00e9nt. M\u00e9g ebben az \u00e9vben B\u00e9csbe rendelt\u00e9k, ahol a bel\u00fcgyminiszt\u00e9rium eg\u00e9szs\u00e9g\u00fcgyi oszt\u00e1ly\u00e1n m\u0171k\u00f6d\u00f6tt. 1859-ben t\u00f6rt\u00e9nt visszat\u00e9r\u00e9s\u00e9ig Marg\u00f3 Tivadar helyettes\u00edtette a tansz\u00e9ken. 1861-ben rendes tan\u00e1ri kinevez\u00e9st kapott, 1863-t\u00f3l pedig helyettesk\u00e9nt a n\u00f6v\u00e9nytani tansz\u00e9ken adott el\u0151. Jelent\u0151sen fejlesztette mind a f\u00fcv\u00e9szkertet, mind az \u00e1llattani m\u00fazeumot. 1868-ban \u0151 kezdem\u00e9nyezte az Orvoskar alap\u00edt\u00e1s\u00e1nak centen\u00e1riumi \u00fcnneps\u00e9geit. 1871-ben nyug\u00e1llom\u00e1nyba vonult, \u00e9s M\u00f6dlingben (m\u00e1s forr\u00e1s szerint Baden bei Wienben) telepedett le. Ekkor tansz\u00e9ke is megsz\u0171nt, ami egyben az addig k\u00fcl\u00f6n\u00e1ll\u00f3 seb\u00e9szk\u00e9pz\u00e9s felsz\u00e1mol\u00e1s\u00e1nak egyik l\u00e9p\u00e9se volt. Egyebek mellett a t\u00f6r\u00f6k szult\u00e1ni Medzsidje-rend tiszti fokozat\u00e1val t\u00fcntett\u00e9k ki. F\u0151 munk\u00e1ja a hazai eg\u00e9szs\u00e9g\u00fcgyre vonatkoz\u00f3 rendeletek \u00e9s k\u00fcl\u00f6nb\u00f6z\u0151 dokumentumok gy\u0171jtem\u00e9nye (Codex sanitario-medicinalis Hungariae I-III. Buda, 1852-1861.), ami ma \u00e9rt\u00e9kes t\u00f6rt\u00e9neti forr\u00e1sunknak sz\u00e1m\u00edt.<\/p>\n","protected":false},"excerpt":{"rendered":"<p>(Buda 1807 &#8211; M\u00f6dling, Ausztria 1888) Orvosi tanulm\u00e1nyait Pesten v\u00e9gezte, ahol 1832-ben avatt\u00e1k orvosdoktorr\u00e1. 1837-1849 k\u00f6z\u00f6tt a J\u00e1szkun ker\u00fclet f\u0151orvosa volt. Az 1848\/49-es forradalom \u00e9s szabads\u00e1gharc idej\u00e9n annyira udvarh\u0171 magatart\u00e1st tan\u00fas\u00edtott, hogy haza\u00e1rul\u00e1s\u00e9rt k\u00f6t\u00e9l \u00e1ltali hal\u00e1lra \u00e9s vagyonelkobz\u00e1sra \u00edt\u00e9lt\u00e9k. Ez\u00e9rt B\u00e9csbe menek\u00fclt, ahol egy katonai k\u00f3rh\u00e1z f\u0151orvosak\u00e9nt dolgozott. A szabads\u00e1gharc lever\u00e9se ut\u00e1n visszat\u00e9rt haz\u00e1j\u00e1ba, ahol &hellip;<\/p>\n","protected":false},"author":282,"featured_media":0,"parent":347,"menu_order":0,"comment_status":"closed","ping_status":"closed","template":"template-fullwidth.php","meta":{"_acf_changed":false,"footnotes":""},"categories":[77,16,14],"tags":[],"class_list":["post-1253","page","type-page","status-publish","hentry","category-kegyeleti-adattar","category-tanszekvezetok","category-teljes-nevlista"],"acf":[],"_links":{"self":[{"href":"https:\/\/semmelweis.hu\/baratikor\/wp-json\/wp\/v2\/pages\/1253","targetHints":{"allow":["GET"]}}],"collection":[{"href":"https:\/\/semmelweis.hu\/baratikor\/wp-json\/wp\/v2\/pages"}],"about":[{"href":"https:\/\/semmelweis.hu\/baratikor\/wp-json\/wp\/v2\/types\/page"}],"author":[{"embeddable":true,"href":"https:\/\/semmelweis.hu\/baratikor\/wp-json\/wp\/v2\/users\/282"}],"replies":[{"embeddable":true,"href":"https:\/\/semmelweis.hu\/baratikor\/wp-json\/wp\/v2\/comments?post=1253"}],"version-history":[{"count":1,"href":"https:\/\/semmelweis.hu\/baratikor\/wp-json\/wp\/v2\/pages\/1253\/revisions"}],"predecessor-version":[{"id":1254,"href":"https:\/\/semmelweis.hu\/baratikor\/wp-json\/wp\/v2\/pages\/1253\/revisions\/1254"}],"up":[{"embeddable":true,"href":"https:\/\/semmelweis.hu\/baratikor\/wp-json\/wp\/v2\/pages\/347"}],"wp:attachment":[{"href":"https:\/\/semmelweis.hu\/baratikor\/wp-json\/wp\/v2\/media?parent=1253"}],"wp:term":[{"taxonomy":"category","embeddable":true,"href":"https:\/\/semmelweis.hu\/baratikor\/wp-json\/wp\/v2\/categories?post=1253"},{"taxonomy":"post_tag","embeddable":true,"href":"https:\/\/semmelweis.hu\/baratikor\/wp-json\/wp\/v2\/tags?post=1253"}],"curies":[{"name":"wp","href":"https:\/\/api.w.org\/{rel}","templated":true}]}}