{"id":1249,"date":"2022-09-19T09:25:46","date_gmt":"2022-09-19T07:25:46","guid":{"rendered":"https:\/\/semmelweis.hu\/baratikor\/?page_id=1249"},"modified":"2023-10-12T16:47:27","modified_gmt":"2023-10-12T14:47:27","slug":"tognio-lajos","status":"publish","type":"page","link":"https:\/\/semmelweis.hu\/baratikor\/galeria\/teljes-nevlista\/tognio-lajos\/","title":{"rendered":"Tognio Lajos"},"content":{"rendered":"<p style=\"text-align: justify\"><strong><a href=\"https:\/\/semmelweis.hu\/baratikor\/files\/2023\/07\/Tognio-Lajos-318.-X.54-1_jav.jpg\"><img loading=\"lazy\" decoding=\"async\" class=\"alignleft size-medium wp-image-5131\" src=\"https:\/\/semmelweis.hu\/baratikor\/files\/2023\/07\/Tognio-Lajos-318.-X.54-1_jav-266x400.jpg\" alt=\"\" width=\"266\" height=\"400\" srcset=\"https:\/\/semmelweis.hu\/baratikor\/files\/2023\/07\/Tognio-Lajos-318.-X.54-1_jav-266x400.jpg 266w, https:\/\/semmelweis.hu\/baratikor\/files\/2023\/07\/Tognio-Lajos-318.-X.54-1_jav.jpg 665w\" sizes=\"auto, (max-width: 266px) 100vw, 266px\" \/><\/a><\/strong><strong>(B\u00e9cs, 1798. janu\u00e1r 15. &#8211; Pest, 1854. november 9.) <\/strong><\/p>\n<p><strong>Tansz\u00e9k: <\/strong>\u00e1ltal\u00e1nos k\u00f3r- \u00e9s gy\u00f3gyszertan 1824-1848, 1849-1854.<\/p>\n<p><strong>Viselt egyetemi m\u00e9lt\u00f3s\u00e1g: <\/strong>d\u00e9k\u00e1n 1849\/50-1854\/55.<\/p>\n<p>Orvoscsal\u00e1db\u00f3l sz\u00e1rmazik, \u00e9desapja Trencs\u00e9n megyei k\u00f6rorvos volt. Fia is orvosnak tanult a k\u00f6zeli B\u00e9csben, ahol 1820-ban avatt\u00e1k fel. Ezut\u00e1n az Allgemeines Krankenhausban lett seg\u00e9dorvos. 1824. november elej\u00e9n kinevezt\u00e9k a pesti egyetem \u00e1ltal\u00e1nos k\u00f3r- \u00e9s gy\u00f3gyszertan tansz\u00e9k rendes tan\u00e1r\u00e1v\u00e1, ahol a szabads\u00e1gharc idej\u00e9t kiv\u00e9ve, hal\u00e1l\u00e1ig m\u0171k\u00f6d\u00f6tt. 11 \u00e9ven \u00e1t kutatta \u00e9s elemezte a hazai \u00e1sv\u00e1nyvizeket, legink\u00e1bb saj\u00e1t k\u00f6lts\u00e9g\u00e9n. 1848 m\u00e1rcius\u00e1ban nyugd\u00edjaz\u00e1s\u00e1t k\u00e9rte, mert t\u00e1rgy\u00e1t nem tudta az akkor k\u00f6telez\u0151v\u00e9 tett magyar nyelven el\u0151adni. \u00c1ll\u00e1s\u00e1t a szabads\u00e1gharc lever\u00e9se ut\u00e1n visszanyerte, \u00e9s 1849-t\u0151l hat \u00e9ven \u00e1t viselte a d\u00e9k\u00e1ni l\u00e1ncot. A cs. kir. Ferenc J\u00f3zsef-rend lovagj\u00e1v\u00e1 \u00fct\u00f6tt\u00e9k.<\/p>\n<p><strong>F\u0151bb munk\u00e1i:<\/strong> Dissertatio inauguralis medica de nevralgia faciali. Vindobonae, 1820.; F\u00f6lsz\u00f3l\u00edt\u00e1s Magyar- \u00e9s Erd\u00e9lyorsz\u00e1g orvosaihoz s term\u00e9szetvizsg\u00e1l\u00f3ihoz, Pest, 1841.; N\u00e9h\u00e1ny sz\u00f3 Magyarhon \u00e1sv\u00e1nyvizeir\u0151l. Pest, 1843.; Az egri s\u00f3forr\u00e1s sz\u00e9tk\u00fcld\u00f6z\u00f6tt viz\u00e9nek hat\u00e1s\u00e1r\u00f3l, egy\u00fctt \u00e9rz\u00e9sb\u0151l keletkezett mellbajjal sz\u00f6v\u0151d\u00f6tt id\u00fclt term\u00e9szet\u0171 lobos m\u00e1jdugul\u00e1sban. Pest, 1843 (n\u00e9met\u00fcl Pest, 1843.); A Magyarhonban mostan\u00e1ban uralkod\u00f3 burgonyabetegs\u00e9g, \u00e9szszer\u0171 mezei gazd\u00e1k \u00e9s term\u00e9szetvizsg\u00e1l\u00f3k sz\u00e1m\u00e1ra. Pest, 1847<strong>.<\/strong><\/p>\n<p><strong>Nyughelye:<\/strong> nem ismert.<\/p>\n<p><strong><a href=\"https:\/\/semmelweis.hu\/baratikor\/files\/2022\/09\/165_21.jpg\"><img loading=\"lazy\" decoding=\"async\" class=\"alignleft size-full wp-image-1250\" src=\"https:\/\/semmelweis.hu\/baratikor\/files\/2022\/09\/165_21.jpg\" alt=\"\" width=\"283\" height=\"392\" \/><\/a><\/strong><\/p>\n","protected":false},"excerpt":{"rendered":"<p><a href=\"https:\/\/semmelweis.hu\/baratikor\/files\/2023\/07\/Tognio-Lajos-318.-X.54-1_jav.jpg\"><\/a> (B\u00e9cs, 1798. janu\u00e1r 15. &#8211; Pest, 1854. november 9.) Tansz\u00e9k: \u00e1ltal\u00e1nos k\u00f3r- \u00e9s gy\u00f3gyszertan 1824-1848, 1849-1854. Viselt egyetemi m\u00e9lt\u00f3s\u00e1g: d\u00e9k\u00e1n 1849\/50-1854\/55. Orvoscsal\u00e1db\u00f3l sz\u00e1rmazik, \u00e9desapja Trencs\u00e9n megyei k\u00f6rorvos volt. Fia is orvosnak tanult a k\u00f6zeli B\u00e9csben, ahol 1820-ban avatt\u00e1k fel. Ezut\u00e1n az Allgemeines Krankenhausban lett seg\u00e9dorvos. 1824. november elej\u00e9n kinevezt\u00e9k a pesti egyetem \u00e1ltal\u00e1nos k\u00f3r- \u00e9s &hellip;<\/p>\n","protected":false},"author":282,"featured_media":5455,"parent":347,"menu_order":0,"comment_status":"closed","ping_status":"closed","template":"template-fullwidth.php","meta":{"_acf_changed":false,"footnotes":""},"categories":[6,20,77,81,14],"tags":[],"class_list":["post-1249","page","type-page","status-publish","has-post-thumbnail","hentry","category-dekanok","category-dekanok-karok-szerint","category-kegyeleti-adattar","category-orvosi-kar-dekanjai","category-teljes-nevlista"],"acf":[],"_links":{"self":[{"href":"https:\/\/semmelweis.hu\/baratikor\/wp-json\/wp\/v2\/pages\/1249","targetHints":{"allow":["GET"]}}],"collection":[{"href":"https:\/\/semmelweis.hu\/baratikor\/wp-json\/wp\/v2\/pages"}],"about":[{"href":"https:\/\/semmelweis.hu\/baratikor\/wp-json\/wp\/v2\/types\/page"}],"author":[{"embeddable":true,"href":"https:\/\/semmelweis.hu\/baratikor\/wp-json\/wp\/v2\/users\/282"}],"replies":[{"embeddable":true,"href":"https:\/\/semmelweis.hu\/baratikor\/wp-json\/wp\/v2\/comments?post=1249"}],"version-history":[{"count":3,"href":"https:\/\/semmelweis.hu\/baratikor\/wp-json\/wp\/v2\/pages\/1249\/revisions"}],"predecessor-version":[{"id":5132,"href":"https:\/\/semmelweis.hu\/baratikor\/wp-json\/wp\/v2\/pages\/1249\/revisions\/5132"}],"up":[{"embeddable":true,"href":"https:\/\/semmelweis.hu\/baratikor\/wp-json\/wp\/v2\/pages\/347"}],"wp:featuredmedia":[{"embeddable":true,"href":"https:\/\/semmelweis.hu\/baratikor\/wp-json\/wp\/v2\/media\/5455"}],"wp:attachment":[{"href":"https:\/\/semmelweis.hu\/baratikor\/wp-json\/wp\/v2\/media?parent=1249"}],"wp:term":[{"taxonomy":"category","embeddable":true,"href":"https:\/\/semmelweis.hu\/baratikor\/wp-json\/wp\/v2\/categories?post=1249"},{"taxonomy":"post_tag","embeddable":true,"href":"https:\/\/semmelweis.hu\/baratikor\/wp-json\/wp\/v2\/tags?post=1249"}],"curies":[{"name":"wp","href":"https:\/\/api.w.org\/{rel}","templated":true}]}}