{"id":1244,"date":"2022-09-19T09:21:29","date_gmt":"2022-09-19T07:21:29","guid":{"rendered":"https:\/\/semmelweis.hu\/baratikor\/?page_id=1244"},"modified":"2023-01-09T11:29:48","modified_gmt":"2023-01-09T10:29:48","slug":"sauer-ignac","status":"publish","type":"page","link":"https:\/\/semmelweis.hu\/baratikor\/galeria\/teljes-nevlista\/sauer-ignac\/","title":{"rendered":"Sauer Ign\u00e1c"},"content":{"rendered":"<p style=\"text-align: justify\"><strong><a href=\"https:\/\/semmelweis.hu\/baratikor\/files\/2022\/09\/027_11.jpg\"><img loading=\"lazy\" decoding=\"async\" class=\"alignleft size-full wp-image-1245\" src=\"https:\/\/semmelweis.hu\/baratikor\/files\/2022\/09\/027_11.jpg\" alt=\"\" width=\"295\" height=\"333\" \/><\/a>(Veszpr\u00e9m, 1801. okt\u00f3ber 2. &#8211; Pest, 1863. november 17.)<\/strong><\/p>\n<p style=\"text-align: justify\">D\u00e9k\u00e1n: 1859\/60 &#8211; 1860\/61<\/p>\n<p style=\"text-align: justify\">Gazdag keresked\u0151csal\u00e1db\u00f3l sz\u00e1rmazott, orvosi tanulm\u00e1nyait el\u0151bb Pesten (3 \u00e9v), majd B\u00e9csben v\u00e9gezte, ahol 1826-ban orvosdoktori, 1827-ben sz\u00fcl\u00e9szmesteri oklevelet szerzett. Ezut\u00e1n B\u00e9cs t\u00f6bb k\u00f3rh\u00e1z\u00e1ban is megfordult (Allgemeines Krankenhaus, az \u00e1rvah\u00e1z k\u00f3rh\u00e1za), majd 1831-ben a koleraj\u00e1rv\u00e1ny miatt az Udvari Haditan\u00e1cs Gal\u00edci\u00e1ba k\u00fcldte. A j\u00e1rv\u00e1nyt k\u00f6vetve innen B\u00e9csbe, majd Csehorsz\u00e1gba ker\u00fclt. 1833-ban visszat\u00e9rt B\u00e9csbe, ahol el\u0151bb a leopoldstadti fegyench\u00e1z orvosa, majd Gross-Enzensdorf j\u00e1r\u00e1si orvosa lett. 1837-t\u0151l ism\u00e9t B\u00e9csben dolgozott a b\u00fcntet\u0151 t\u00f6rv\u00e9nysz\u00e9ki k\u00f3rh\u00e1z els\u0151 orvosak\u00e9nt, m\u00edgnem 1842-ben a pesti orvoskart\u00f3l kapott megh\u00edv\u00e1st a k\u00fcl\u00f6n\u00f6s k\u00f3r- \u00e9s gy\u00f3gytan helyettes tan\u00e1ri \u00e1ll\u00e1s\u00e1ra. 1843-ban rendes tan\u00e1ri kinevez\u00e9st kapott. Az els\u0151 volt, aki beiktat\u00e1si besz\u00e9d\u00e9t magyarul tartotta. 1848-ban orsz\u00e1gos f\u0151orvos volt, majd a felel\u0151s magyar korm\u00e1ny megalak\u00edt\u00e1sa ut\u00e1n a nemzet\u0151rs\u00e9g \u00e9s a honv\u00e9ds\u00e9g igazgat\u00f3 f\u0151orvosi tiszt\u00e9t is ell\u00e1tta. Ez\u00e9rt 1849-ben egy \u00e9vre elvesztette tansz\u00e9k\u00e9t. Az Akad\u00e9mia 1859. december 15-\u00e9n v\u00e1lasztotta levelez\u0151 tagj\u00e1nak, sz\u00e9k\u00e9t \u201eA n\u00e9pesed\u00e9s akad\u00e1lyair\u00f3l Magyarorsz\u00e1gban\u201d c\u00edm\u0171 \u00e9rtekez\u00e9s\u00e9vel foglalta el. A kopogtat\u00e1s \u00e9s hallgat\u00f3z\u00e1s elj\u00e1r\u00e1sainak meghonos\u00edt\u00f3ja. 1862-ben egy \u00e9vre ism\u00e9t orsz\u00e1gos f\u0151orvoss\u00e1 nevezt\u00e9k ki. K\u00e9tszer t\u00f6lt\u00f6tt be d\u00e9k\u00e1ni (1859\/60 II. f\u00e9l\u00e9v, 1860\/61 I. f\u00e9l\u00e9v), \u00e9s egyszer rektori (1862\/63) hivatalt. Rektork\u00e9nt arra t\u00f6rekedett, hogy az egyetemi taner\u0151k sz\u00e1m\u00e1t mag\u00e1ntan\u00e1rok r\u00e9v\u00e9n n\u00f6velje \u00e9s meg\u0151rizze az egyetem fennhat\u00f3s\u00e1g\u00e1t saj\u00e1t birtokai felett.<\/p>\n<p style=\"text-align: justify\">(F\u0151bb munk\u00e1i: Dissertatio inauguralis medica de amaurosi. Vindobonae, 1826.; Der Typhus in vier Cardinalformen. Vindobonae, 1841.; Doctrina de percussione et auscultatione, quam juxta principia cel. D. Skoda concinnavit. Vindobonae, 1842.; Praelectiones e pathologia et therapia speciali medica. Editae ab eiusdem auditoribus I-VI.. Pestini, 1854\u201355.; K\u00f3rodai el\u0151ad\u00e1sai a keletindiai h\u00e1nysz\u00e9kel\u00e9sr\u0151l. \/Cholera ostindica.\/ K\u00f6zli dr. Po\u00f3r Imre. Kiadj\u00e1k a gy\u00f3gy\u00e1szat hallgat\u00f3i. Pest, 1855.; Besz\u00e9d a m. kir. egyetem eddigi szellemi fejl\u0151d\u00e9s\u00e9r\u0151l \u00e9s a fejl\u0151d\u00e9st g\u00e1tl\u00f3 okokr\u00f3l \u00e9s azok elh\u00e1r\u00edt\u00e1si m\u00f3dj\u00e1r\u00f3l. Buda, 1863.)<\/p>\n<p><a href=\"https:\/\/semmelweis.hu\/baratikor\/files\/2022\/09\/027_21.jpg\"><img loading=\"lazy\" decoding=\"async\" class=\"alignleft size-full wp-image-1246\" src=\"https:\/\/semmelweis.hu\/baratikor\/files\/2022\/09\/027_21.jpg\" alt=\"\" width=\"295\" height=\"370\" \/><\/a><a href=\"https:\/\/semmelweis.hu\/baratikor\/files\/2022\/09\/027_31.jpg\"><img loading=\"lazy\" decoding=\"async\" class=\"alignleft size-full wp-image-1247\" src=\"https:\/\/semmelweis.hu\/baratikor\/files\/2022\/09\/027_31.jpg\" alt=\"\" width=\"295\" height=\"415\" srcset=\"https:\/\/semmelweis.hu\/baratikor\/files\/2022\/09\/027_31.jpg 295w, https:\/\/semmelweis.hu\/baratikor\/files\/2022\/09\/027_31-284x400.jpg 284w\" sizes=\"auto, (max-width: 295px) 100vw, 295px\" \/><\/a><\/p>\n","protected":false},"excerpt":{"rendered":"<p><a href=\"https:\/\/semmelweis.hu\/baratikor\/files\/2022\/09\/027_11.jpg\"><\/a> (Veszpr\u00e9m, 1801. okt\u00f3ber 2. &#8211; Pest, 1863. november 17.) D\u00e9k\u00e1n: 1859\/60 &#8211; 1860\/61 Gazdag keresked\u0151csal\u00e1db\u00f3l sz\u00e1rmazott, orvosi tanulm\u00e1nyait el\u0151bb Pesten (3 \u00e9v), majd B\u00e9csben v\u00e9gezte, ahol 1826-ban orvosdoktori, 1827-ben sz\u00fcl\u00e9szmesteri oklevelet szerzett. Ezut\u00e1n B\u00e9cs t\u00f6bb k\u00f3rh\u00e1z\u00e1ban is megfordult (Allgemeines Krankenhaus, az \u00e1rvah\u00e1z k\u00f3rh\u00e1za), majd 1831-ben a koleraj\u00e1rv\u00e1ny miatt az Udvari Haditan\u00e1cs Gal\u00edci\u00e1ba k\u00fcldte. A j\u00e1rv\u00e1nyt &hellip;<\/p>\n","protected":false},"author":282,"featured_media":1245,"parent":347,"menu_order":0,"comment_status":"closed","ping_status":"closed","template":"template-fullwidth.php","meta":{"_acf_changed":false,"footnotes":""},"categories":[6,20,77,81,5,14],"tags":[],"class_list":["post-1244","page","type-page","status-publish","has-post-thumbnail","hentry","category-dekanok","category-dekanok-karok-szerint","category-kegyeleti-adattar","category-orvosi-kar-dekanjai","category-rektorok","category-teljes-nevlista"],"acf":[],"_links":{"self":[{"href":"https:\/\/semmelweis.hu\/baratikor\/wp-json\/wp\/v2\/pages\/1244","targetHints":{"allow":["GET"]}}],"collection":[{"href":"https:\/\/semmelweis.hu\/baratikor\/wp-json\/wp\/v2\/pages"}],"about":[{"href":"https:\/\/semmelweis.hu\/baratikor\/wp-json\/wp\/v2\/types\/page"}],"author":[{"embeddable":true,"href":"https:\/\/semmelweis.hu\/baratikor\/wp-json\/wp\/v2\/users\/282"}],"replies":[{"embeddable":true,"href":"https:\/\/semmelweis.hu\/baratikor\/wp-json\/wp\/v2\/comments?post=1244"}],"version-history":[{"count":1,"href":"https:\/\/semmelweis.hu\/baratikor\/wp-json\/wp\/v2\/pages\/1244\/revisions"}],"predecessor-version":[{"id":1248,"href":"https:\/\/semmelweis.hu\/baratikor\/wp-json\/wp\/v2\/pages\/1244\/revisions\/1248"}],"up":[{"embeddable":true,"href":"https:\/\/semmelweis.hu\/baratikor\/wp-json\/wp\/v2\/pages\/347"}],"wp:featuredmedia":[{"embeddable":true,"href":"https:\/\/semmelweis.hu\/baratikor\/wp-json\/wp\/v2\/media\/1245"}],"wp:attachment":[{"href":"https:\/\/semmelweis.hu\/baratikor\/wp-json\/wp\/v2\/media?parent=1244"}],"wp:term":[{"taxonomy":"category","embeddable":true,"href":"https:\/\/semmelweis.hu\/baratikor\/wp-json\/wp\/v2\/categories?post=1244"},{"taxonomy":"post_tag","embeddable":true,"href":"https:\/\/semmelweis.hu\/baratikor\/wp-json\/wp\/v2\/tags?post=1244"}],"curies":[{"name":"wp","href":"https:\/\/api.w.org\/{rel}","templated":true}]}}