{"id":1235,"date":"2022-09-19T08:57:58","date_gmt":"2022-09-19T06:57:58","guid":{"rendered":"https:\/\/semmelweis.hu\/baratikor\/?page_id=1235"},"modified":"2023-07-11T08:51:12","modified_gmt":"2023-07-11T06:51:12","slug":"lippay-gaspar","status":"publish","type":"page","link":"https:\/\/semmelweis.hu\/baratikor\/galeria\/teljes-nevlista\/lippay-gaspar\/","title":{"rendered":"Lippay G\u00e1sp\u00e1r"},"content":{"rendered":"<p style=\"text-align: justify\"><strong><a href=\"https:\/\/semmelweis.hu\/baratikor\/files\/2022\/09\/166_11.jpg\"><img loading=\"lazy\" decoding=\"async\" class=\"alignleft size-full wp-image-1236\" src=\"https:\/\/semmelweis.hu\/baratikor\/files\/2022\/09\/166_11.jpg\" alt=\"\" width=\"283\" height=\"351\" \/><\/a>(Keszthely, 1809. janu\u00e1r 4. &#8211; Gyirm\u00f3t \/Gy\u0151r\/ 1895. febru\u00e1r 11.)<\/strong><\/p>\n<p style=\"text-align: justify\">D\u00e9k\u00e1n: 1864\/65 &#8211; 1866\/67<\/p>\n<p style=\"text-align: justify\">\u00c9desapja gr. Festetics Gy\u00f6rgy keszthelyi birtok\u00e1n volt uradalmi korm\u00e1nyz\u00f3 m\u00e9rn\u00f6k. Kor\u00e1n \u00e1rvas\u00e1gra jutott, \u00edgy nevel\u00e9s\u00e9t anyai nagyb\u00e1tyjai, Kolosv\u00e1ry S\u00e1ndor veszpr\u00e9mi kanonok \u00e9s Kolosv\u00e1ry Mikl\u00f3s j\u00f3sz\u00e1gkorm\u00e1nyz\u00f3 v\u00e1llalt\u00e1k fel. K\u00f6z\u00e9piskol\u00e1it P\u00e1p\u00e1n, Gy\u0151r\u00f6tt, Sopronban \u00e9s Pozsonyban v\u00e9gezte. Ezut\u00e1n el\u0151sz\u00f6r Gy\u0151rben hallgatott jogot, majd a pesti Orvoskarra iratkozott be. Az utols\u00f3 k\u00e9t \u00e9vet B\u00e9csben v\u00e9gezte, ahol 1834. december 22-\u00e9n kapott orvosdoktori, majd 1836-ban seb\u00e9szdoktori oklevelet. 1837-ben m\u0171t\u0151i, 1838-ban szem\u00e9szmesteri k\u00e9pes\u00edt\u00e9st szerzett. 1836-ban \u00e9s a k\u00f6vetkez\u0151 \u00e9vben J\u00f3zsef n\u00e1dor t\u00e1mogat\u00e1s\u00e1val eur\u00f3pai tanulm\u00e1nyutat tett, s ek\u00f6zben P\u00e1rizsban t\u00f6bb mint egy \u00e9vet t\u00f6lt\u00f6tt. 1838-ban Gy\u0151r v\u00e1rmegye tiszteletbeli f\u0151orvos\u00e1nak v\u00e1lasztotta, \u00edgy hazat\u00e9rt. 1839. j\u00fanius 13-\u00e1n orsz\u00e1gos szemorvoss\u00e1 nevezt\u00e9k ki. Ebb\u00e9li min\u0151s\u00e9g\u00e9ben 1847-ig az orsz\u00e1gban sokfel\u00e9 megfordult \u00e9s \u00e9rdemei elismer\u00e9s\u00e9\u00fcl t\u00f6bb v\u00e1rmegy\u00e9ben t\u00e1blab\u00edr\u00e1v\u00e1 v\u00e1lasztott\u00e1k. Fabini J\u00e1nos Theophil hal\u00e1l\u00e1t k\u00f6vet\u0151en 1847-ben a szem\u00e9szet helyettes tan\u00e1ra lett, de udvarh\u0171 magatart\u00e1sa miatt az 1848-as forradalom \u00e9s szabads\u00e1gharc idej\u00e9n elmozd\u00edtott\u00e1k \u00e1ll\u00e1s\u00e1b\u00f3l. 1850-ben visszahelyezt\u00e9k \u00e1ll\u00e1s\u00e1ba, j\u00falius 23-\u00e1n rendes tan\u00e1ri kinevez\u00e9st kapott. A d\u00e9k\u00e1ni tiszts\u00e9get 1864-t\u0151l kezdve h\u00e1rom tan\u00e9ven \u00e1t viselte. Tan\u00e1rs\u00e1ga idej\u00e9n v\u00e9gig d\u00edjtalanul kezelte a pesti j\u00f3t\u00e9kony n\u0151egylet \u00e1ltal fenntartott sz\u00fcrke h\u00e1lyogosok k\u00f3rh\u00e1z\u00e1t. Munk\u00e1ss\u00e1ga elismer\u00e9s\u00e9\u00fcl 1871. \u00e1prilis 30-\u00e1n kir\u00e1lyi tan\u00e1csosi c\u00edmmel t\u00fcntett\u00e9k ki. Saj\u00e1t k\u00e9r\u00e9s\u00e9re 1874. febru\u00e1r 3-\u00e1n nyug\u00e1llom\u00e1nyba helyezt\u00e9k, de Trefort \u00c1goston vall\u00e1s \u00e9s k\u00f6zoktat\u00e1s\u00fcgyi miniszter k\u00e9r\u00e9s\u00e9re tansz\u00e9k\u00e9t m\u00e9g a tan\u00e9v v\u00e9g\u00e9ig ell\u00e1tta. Ekkor mind az oktat\u00e1st\u00f3l, mind az orvosi gyakorlatt\u00f3l visszavonult, \u00e9s a Gy\u0151r megyei Gyirm\u00f3t k\u00f6zs\u00e9gbe k\u00f6lt\u00f6z\u00f6tt.<\/p>\n<p style=\"text-align: justify\">(Munk\u00e1i: De influxu electricitatis in organismum humanum, specimen inaug. Viennae, 1834.; A tudom\u00e1ny-egyetem \u00e9s hallgat\u00f3inak feladata. Besz\u00e9d az 1866\u20131867. tanszaknak nov. 4. tartott \u00fcnnep\u00e9lyes megnyit\u00e1sakor. Pest, 1866. \/Egyetemi besz\u00e9dek.\/).<\/p>\n<p><a href=\"https:\/\/semmelweis.hu\/baratikor\/files\/2022\/09\/166_21.jpg\"><img loading=\"lazy\" decoding=\"async\" class=\"alignleft size-full wp-image-1237\" src=\"https:\/\/semmelweis.hu\/baratikor\/files\/2022\/09\/166_21.jpg\" alt=\"\" width=\"283\" height=\"390\" \/><\/a><\/p>\n","protected":false},"excerpt":{"rendered":"<p><a href=\"https:\/\/semmelweis.hu\/baratikor\/files\/2022\/09\/166_11.jpg\"><\/a> (Keszthely, 1809. janu\u00e1r 4. &#8211; Gyirm\u00f3t \/Gy\u0151r\/ 1895. febru\u00e1r 11.) D\u00e9k\u00e1n: 1864\/65 &#8211; 1866\/67 \u00c9desapja gr. Festetics Gy\u00f6rgy keszthelyi birtok\u00e1n volt uradalmi korm\u00e1nyz\u00f3 m\u00e9rn\u00f6k. Kor\u00e1n \u00e1rvas\u00e1gra jutott, \u00edgy nevel\u00e9s\u00e9t anyai nagyb\u00e1tyjai, Kolosv\u00e1ry S\u00e1ndor veszpr\u00e9mi kanonok \u00e9s Kolosv\u00e1ry Mikl\u00f3s j\u00f3sz\u00e1gkorm\u00e1nyz\u00f3 v\u00e1llalt\u00e1k fel. K\u00f6z\u00e9piskol\u00e1it P\u00e1p\u00e1n, Gy\u0151r\u00f6tt, Sopronban \u00e9s Pozsonyban v\u00e9gezte. Ezut\u00e1n el\u0151sz\u00f6r Gy\u0151rben hallgatott jogot, majd a &hellip;<\/p>\n","protected":false},"author":282,"featured_media":4955,"parent":347,"menu_order":0,"comment_status":"closed","ping_status":"closed","template":"template-fullwidth.php","meta":{"_acf_changed":false,"footnotes":""},"categories":[6,20,77,81,14],"tags":[],"class_list":["post-1235","page","type-page","status-publish","has-post-thumbnail","hentry","category-dekanok","category-dekanok-karok-szerint","category-kegyeleti-adattar","category-orvosi-kar-dekanjai","category-teljes-nevlista"],"acf":[],"_links":{"self":[{"href":"https:\/\/semmelweis.hu\/baratikor\/wp-json\/wp\/v2\/pages\/1235","targetHints":{"allow":["GET"]}}],"collection":[{"href":"https:\/\/semmelweis.hu\/baratikor\/wp-json\/wp\/v2\/pages"}],"about":[{"href":"https:\/\/semmelweis.hu\/baratikor\/wp-json\/wp\/v2\/types\/page"}],"author":[{"embeddable":true,"href":"https:\/\/semmelweis.hu\/baratikor\/wp-json\/wp\/v2\/users\/282"}],"replies":[{"embeddable":true,"href":"https:\/\/semmelweis.hu\/baratikor\/wp-json\/wp\/v2\/comments?post=1235"}],"version-history":[{"count":1,"href":"https:\/\/semmelweis.hu\/baratikor\/wp-json\/wp\/v2\/pages\/1235\/revisions"}],"predecessor-version":[{"id":1238,"href":"https:\/\/semmelweis.hu\/baratikor\/wp-json\/wp\/v2\/pages\/1235\/revisions\/1238"}],"up":[{"embeddable":true,"href":"https:\/\/semmelweis.hu\/baratikor\/wp-json\/wp\/v2\/pages\/347"}],"wp:featuredmedia":[{"embeddable":true,"href":"https:\/\/semmelweis.hu\/baratikor\/wp-json\/wp\/v2\/media\/4955"}],"wp:attachment":[{"href":"https:\/\/semmelweis.hu\/baratikor\/wp-json\/wp\/v2\/media?parent=1235"}],"wp:term":[{"taxonomy":"category","embeddable":true,"href":"https:\/\/semmelweis.hu\/baratikor\/wp-json\/wp\/v2\/categories?post=1235"},{"taxonomy":"post_tag","embeddable":true,"href":"https:\/\/semmelweis.hu\/baratikor\/wp-json\/wp\/v2\/tags?post=1235"}],"curies":[{"name":"wp","href":"https:\/\/api.w.org\/{rel}","templated":true}]}}