{"id":1231,"date":"2022-09-19T08:56:07","date_gmt":"2022-09-19T06:56:07","guid":{"rendered":"https:\/\/semmelweis.hu\/baratikor\/?page_id=1231"},"modified":"2023-01-09T11:29:47","modified_gmt":"2023-01-09T10:29:47","slug":"rupp-nepomuk-janos","status":"publish","type":"page","link":"https:\/\/semmelweis.hu\/baratikor\/galeria\/teljes-nevlista\/rupp-nepomuk-janos\/","title":{"rendered":"Rupp Nepomuk J\u00e1nos"},"content":{"rendered":"<p style=\"text-align: justify\"><strong><a href=\"https:\/\/semmelweis.hu\/baratikor\/files\/2022\/09\/028_11.jpg\"><img loading=\"lazy\" decoding=\"async\" class=\"alignleft size-full wp-image-1232\" src=\"https:\/\/semmelweis.hu\/baratikor\/files\/2022\/09\/028_11.jpg\" alt=\"\" width=\"295\" height=\"288\" \/><\/a>Rupp Nepomuk J\u00e1nos, illobai (Pest, 1808. janu\u00e1r 10. &#8211; Pest, 1881. \u00e1prilis 23.)<\/strong><\/p>\n<p style=\"text-align: justify\">D\u00e9k\u00e1n: 1860\/61 &#8211; 1862\/63, 1869\/70 &#8211; 1879\/80<\/p>\n<p style=\"text-align: justify\">Orvosi tanulm\u00e1nyait sz\u00fcl\u0151v\u00e1ros\u00e1ban v\u00e9gezte, oklevelet 1831. december 31-\u00e9n szerzett. R\u00e9szt vett az 1831-es koleraj\u00e1rv\u00e1ny N\u00f3gr\u00e1d megyei lek\u00fczd\u00e9s\u00e9ben. F\u0151 \u00e9rdekl\u0151d\u00e9si ter\u00fclete a t\u00f6rv\u00e9nysz\u00e9ki orvostan \u00e9s az orvosrend\u00e9szet volt, mely ismereteit hosszabb eur\u00f3pai tanulm\u00e1ny\u00fat sor\u00e1n m\u00e9ly\u00edtette el. M\u0171velts\u00e9g\u00e9nek \u00e9s jeles szakismereteinek k\u00f6sz\u00f6nhet\u0151en 1834-ben a pesti orvoskar k\u00fcltagk\u00e9nt jegyz\u0151j\u00e9v\u00e9 v\u00e1lasztotta, mely tisztet 1844-ig l\u00e1tott el. Ekkor kapta meg az \u00e1llamorvostani tansz\u00e9ket. 1849-ben az abszolutista b\u00e9csi korm\u00e1ny ism\u00e9t kari jegyz\u0151v\u00e9 nevezte ki. 1860-ban, amikor az egyetem visszanyerte auton\u00f3mi\u00e1j\u00e1t, err\u0151l a tiszts\u00e9gr\u0151l lemondott. 1868-t\u00f3l az Orsz\u00e1gos K\u00f6zeg\u00e9szs\u00e9g\u00fcgyi Tan\u00e1cs tagja, 1869-ben aleln\u00f6ke, majd 1878-t\u00f3l els\u0151 eln\u00f6ke volt. 1863-ban a Magyar Orvosi K\u00f6nyvkiad\u00f3 T\u00e1rsulatnak els\u0151 eln\u00f6ke, majd aleln\u00f6ke, v\u00e9g\u00fcl 1869-t\u0151l ism\u00e9t eln\u00f6ke volt. Ugyancsak eln\u00f6ke volt a f\u0151v\u00e1rosban \u00fcl\u00e9sez\u0151 Nemzetk\u00f6zi Statisztikai Kongresszus k\u00f6zeg\u00e9szs\u00e9gi oszt\u00e1ly\u00e1nak. 1860\/61 II. f\u00e9l\u00e9v\u00e9t\u0151l 1862\/63-ig, majd 1869\/70-t\u0151l folyamatosan 1879\/80-ig t\u00f6lt\u00f6tte be a d\u00e9k\u00e1ni tiszts\u00e9get, k\u00f6zben 1866\/67-ben rektorr\u00e1 v\u00e1lasztott\u00e1k. Az Orvoskar centen\u00e1rium\u00e1n, 1871-ben rendezett eml\u00e9kkongresszuson \u0151 volt a k\u00f6zeg\u00e9szs\u00e9gi tan\u00e1cs eln\u00f6ke. Az \u00fcnnep alkalm\u00e1val a kir\u00e1ly magyar nemess\u00e9ggel, kir\u00e1lyi tan\u00e1csosi c\u00edmmel \u00e9s a Vaskoronarend kiskeresztj\u00e9vel t\u00fcntette ki. Ugyanekkor 1000 forintos alap\u00edtv\u00e1nyt hozott l\u00e9tre az egyetemi tudom\u00e1nyos kutat\u00e1s jav\u00e1ra. A hal\u00e1l az egyetemi tan\u00e1cs 1881. \u00e1prilis 24-i \u00fcl\u00e9s\u00e9n \u00e9rte.<\/p>\n<p style=\"text-align: justify\">(Munk\u00e1i: A choler\u00e1nak nem ragad\u00f3s volt\u00e1r\u00f3l. Orvostudori \u00e9rtekez\u00e9s. Pest, 1831. \/Latin c\u00edmmel is.\/; Er\u0151szakos hal\u00e1l. In: K\u00f6zeg\u00e9szs\u00e9gi \u00e9s T\u00f6rv\u00e9nysz\u00e9ki Orvostan, 1868.; Besz\u00e9de, melyet a magyar kir. tudom\u00e1ny-egyetemi orvosi kar fenn\u00e1ll\u00e1s\u00e1nak sz\u00e1zados \u00fcnnep\u00e9n 1871. m\u00e1j. 13-ik\u00e1n azon egyetem d\u00edszterm\u00e9ben mondott. Buda, 1871. \/Adatok a m. kir. egyetemi kar sz\u00e1zados t\u00f6rt\u00e9net\u00e9hez.\/)<\/p>\n<p><a href=\"https:\/\/semmelweis.hu\/baratikor\/files\/2022\/09\/028_21.jpg\"><img loading=\"lazy\" decoding=\"async\" class=\"alignleft size-full wp-image-1233\" src=\"https:\/\/semmelweis.hu\/baratikor\/files\/2022\/09\/028_21.jpg\" alt=\"\" width=\"295\" height=\"370\" \/><\/a><\/p>\n","protected":false},"excerpt":{"rendered":"<p><a href=\"https:\/\/semmelweis.hu\/baratikor\/files\/2022\/09\/028_11.jpg\"><\/a> Rupp Nepomuk J\u00e1nos, illobai (Pest, 1808. janu\u00e1r 10. &#8211; Pest, 1881. \u00e1prilis 23.) D\u00e9k\u00e1n: 1860\/61 &#8211; 1862\/63, 1869\/70 &#8211; 1879\/80 Orvosi tanulm\u00e1nyait sz\u00fcl\u0151v\u00e1ros\u00e1ban v\u00e9gezte, oklevelet 1831. december 31-\u00e9n szerzett. R\u00e9szt vett az 1831-es koleraj\u00e1rv\u00e1ny N\u00f3gr\u00e1d megyei lek\u00fczd\u00e9s\u00e9ben. F\u0151 \u00e9rdekl\u0151d\u00e9si ter\u00fclete a t\u00f6rv\u00e9nysz\u00e9ki orvostan \u00e9s az orvosrend\u00e9szet volt, mely ismereteit hosszabb eur\u00f3pai tanulm\u00e1ny\u00fat sor\u00e1n m\u00e9ly\u00edtette el. &hellip;<\/p>\n","protected":false},"author":282,"featured_media":1232,"parent":347,"menu_order":0,"comment_status":"closed","ping_status":"closed","template":"template-fullwidth.php","meta":{"_acf_changed":false,"footnotes":""},"categories":[6,20,77,81,5,14],"tags":[],"class_list":["post-1231","page","type-page","status-publish","has-post-thumbnail","hentry","category-dekanok","category-dekanok-karok-szerint","category-kegyeleti-adattar","category-orvosi-kar-dekanjai","category-rektorok","category-teljes-nevlista"],"acf":[],"_links":{"self":[{"href":"https:\/\/semmelweis.hu\/baratikor\/wp-json\/wp\/v2\/pages\/1231","targetHints":{"allow":["GET"]}}],"collection":[{"href":"https:\/\/semmelweis.hu\/baratikor\/wp-json\/wp\/v2\/pages"}],"about":[{"href":"https:\/\/semmelweis.hu\/baratikor\/wp-json\/wp\/v2\/types\/page"}],"author":[{"embeddable":true,"href":"https:\/\/semmelweis.hu\/baratikor\/wp-json\/wp\/v2\/users\/282"}],"replies":[{"embeddable":true,"href":"https:\/\/semmelweis.hu\/baratikor\/wp-json\/wp\/v2\/comments?post=1231"}],"version-history":[{"count":2,"href":"https:\/\/semmelweis.hu\/baratikor\/wp-json\/wp\/v2\/pages\/1231\/revisions"}],"predecessor-version":[{"id":2125,"href":"https:\/\/semmelweis.hu\/baratikor\/wp-json\/wp\/v2\/pages\/1231\/revisions\/2125"}],"up":[{"embeddable":true,"href":"https:\/\/semmelweis.hu\/baratikor\/wp-json\/wp\/v2\/pages\/347"}],"wp:featuredmedia":[{"embeddable":true,"href":"https:\/\/semmelweis.hu\/baratikor\/wp-json\/wp\/v2\/media\/1232"}],"wp:attachment":[{"href":"https:\/\/semmelweis.hu\/baratikor\/wp-json\/wp\/v2\/media?parent=1231"}],"wp:term":[{"taxonomy":"category","embeddable":true,"href":"https:\/\/semmelweis.hu\/baratikor\/wp-json\/wp\/v2\/categories?post=1231"},{"taxonomy":"post_tag","embeddable":true,"href":"https:\/\/semmelweis.hu\/baratikor\/wp-json\/wp\/v2\/tags?post=1231"}],"curies":[{"name":"wp","href":"https:\/\/api.w.org\/{rel}","templated":true}]}}