{"id":1225,"date":"2022-09-14T10:38:37","date_gmt":"2022-09-14T08:38:37","guid":{"rendered":"https:\/\/semmelweis.hu\/baratikor\/?page_id=1225"},"modified":"2023-01-09T11:18:31","modified_gmt":"2023-01-09T10:18:31","slug":"hauszmann-ferenc","status":"publish","type":"page","link":"https:\/\/semmelweis.hu\/baratikor\/galeria\/teljes-nevlista\/hauszmann-ferenc\/","title":{"rendered":"Hauszmann Ferenc"},"content":{"rendered":"<p style=\"text-align: justify\"><strong>(Horatitz, Csehorsz\u00e1g, 1811 &#8211; Budapest, 1876)<\/strong><\/p>\n<p style=\"text-align: justify\">Tanulm\u00e1nyait B\u00e9csben folytatta, 1841-ben lett Hahnemann homeopata ir\u00e1nyzat\u00e1nak k\u00f6vet\u0151je. Maga a homeop\u00e1tia tansz\u00e9ke az Orvoskar kifejezett sz\u00e1nd\u00e9ka ellen\u00e9re orsz\u00e1ggy\u0171l\u00e9si hat\u00e1rozattal ker\u00fclt fel\u00e1ll\u00edt\u00e1sra 1870-ben. Ennek megfelel\u0151en e tan k\u00e9pvisel\u0151it a kar kev\u00e9s rokonszenvvel fogadta. \u00cdgy Hausmann Ferencet, aki 1872 m\u00e1rcius\u00e1ban kapott nyilv\u00e1nos rendk\u00edv\u00fcli tan\u00e1ri kinevez\u00e9st a kir\u00e1lyt\u00f3l, majd 1873-ban Bakody Tivadart. Mag\u00e1t a tansz\u00e9ket nem a kar \u00e9p\u00fclet\u00e9ben, hanem egy, a K\u00e1roly kasz\u00e1rny\u00e1ban b\u00e9relt helyis\u00e9gben sz\u00e1ll\u00e1solt\u00e1k el. Hausmann 1876-ban hullam\u00e9rgez\u00e9s k\u00f6vetkezt\u00e9ben hunyt el, ezzel tansz\u00e9ke is megsz\u0171nt.<\/p>\n","protected":false},"excerpt":{"rendered":"<p>(Horatitz, Csehorsz\u00e1g, 1811 &#8211; Budapest, 1876) Tanulm\u00e1nyait B\u00e9csben folytatta, 1841-ben lett Hahnemann homeopata ir\u00e1nyzat\u00e1nak k\u00f6vet\u0151je. Maga a homeop\u00e1tia tansz\u00e9ke az Orvoskar kifejezett sz\u00e1nd\u00e9ka ellen\u00e9re orsz\u00e1ggy\u0171l\u00e9si hat\u00e1rozattal ker\u00fclt fel\u00e1ll\u00edt\u00e1sra 1870-ben. Ennek megfelel\u0151en e tan k\u00e9pvisel\u0151it a kar kev\u00e9s rokonszenvvel fogadta. \u00cdgy Hausmann Ferencet, aki 1872 m\u00e1rcius\u00e1ban kapott nyilv\u00e1nos rendk\u00edv\u00fcli tan\u00e1ri kinevez\u00e9st a kir\u00e1lyt\u00f3l, majd 1873-ban Bakody &hellip;<\/p>\n","protected":false},"author":282,"featured_media":0,"parent":347,"menu_order":0,"comment_status":"closed","ping_status":"closed","template":"template-fullwidth.php","meta":{"_acf_changed":false,"footnotes":""},"categories":[77,16,14],"tags":[],"class_list":["post-1225","page","type-page","status-publish","hentry","category-kegyeleti-adattar","category-tanszekvezetok","category-teljes-nevlista"],"acf":[],"_links":{"self":[{"href":"https:\/\/semmelweis.hu\/baratikor\/wp-json\/wp\/v2\/pages\/1225","targetHints":{"allow":["GET"]}}],"collection":[{"href":"https:\/\/semmelweis.hu\/baratikor\/wp-json\/wp\/v2\/pages"}],"about":[{"href":"https:\/\/semmelweis.hu\/baratikor\/wp-json\/wp\/v2\/types\/page"}],"author":[{"embeddable":true,"href":"https:\/\/semmelweis.hu\/baratikor\/wp-json\/wp\/v2\/users\/282"}],"replies":[{"embeddable":true,"href":"https:\/\/semmelweis.hu\/baratikor\/wp-json\/wp\/v2\/comments?post=1225"}],"version-history":[{"count":1,"href":"https:\/\/semmelweis.hu\/baratikor\/wp-json\/wp\/v2\/pages\/1225\/revisions"}],"predecessor-version":[{"id":1226,"href":"https:\/\/semmelweis.hu\/baratikor\/wp-json\/wp\/v2\/pages\/1225\/revisions\/1226"}],"up":[{"embeddable":true,"href":"https:\/\/semmelweis.hu\/baratikor\/wp-json\/wp\/v2\/pages\/347"}],"wp:attachment":[{"href":"https:\/\/semmelweis.hu\/baratikor\/wp-json\/wp\/v2\/media?parent=1225"}],"wp:term":[{"taxonomy":"category","embeddable":true,"href":"https:\/\/semmelweis.hu\/baratikor\/wp-json\/wp\/v2\/categories?post=1225"},{"taxonomy":"post_tag","embeddable":true,"href":"https:\/\/semmelweis.hu\/baratikor\/wp-json\/wp\/v2\/tags?post=1225"}],"curies":[{"name":"wp","href":"https:\/\/api.w.org\/{rel}","templated":true}]}}