{"id":1222,"date":"2022-09-14T10:35:32","date_gmt":"2022-09-14T08:35:32","guid":{"rendered":"https:\/\/semmelweis.hu\/baratikor\/?page_id=1222"},"modified":"2023-10-12T16:25:31","modified_gmt":"2023-10-12T14:25:31","slug":"stockinger-tamas","status":"publish","type":"page","link":"https:\/\/semmelweis.hu\/baratikor\/galeria\/teljes-nevlista\/stockinger-tamas\/","title":{"rendered":"Stockinger Tam\u00e1s"},"content":{"rendered":"<p style=\"text-align: justify\"><strong><a href=\"https:\/\/semmelweis.hu\/baratikor\/files\/2022\/09\/029_11.jpg\"><img loading=\"lazy\" decoding=\"async\" class=\"alignleft size-full wp-image-1223\" src=\"https:\/\/semmelweis.hu\/baratikor\/files\/2022\/09\/029_11.jpg\" alt=\"\" width=\"295\" height=\"424\" srcset=\"https:\/\/semmelweis.hu\/baratikor\/files\/2022\/09\/029_11.jpg 295w, https:\/\/semmelweis.hu\/baratikor\/files\/2022\/09\/029_11-278x400.jpg 278w\" sizes=\"auto, (max-width: 295px) 100vw, 295px\" \/><\/a><\/strong><strong>Stockinger Tam\u00e1s (Pest, 1811. j\u00falius 29. &#8211; Pest, 1883. augusztus 21.) <\/strong><\/p>\n<p style=\"text-align: justify\"><strong>Tansz\u00e9k: <\/strong>elm\u00e9leti seb\u00e9szet (h.) 1847-1849, k\u00f3rodai el\u0151k\u00e9sz\u00edt\u0151 seb\u00e9szet (propaedeutika) 1851-1879.<\/p>\n<p style=\"text-align: justify\"><strong>Viselt egyetemi m\u00e9lt\u00f3s\u00e1g: <\/strong>d\u00e9k\u00e1n 1863\/64, rektor 1870\/71.<\/p>\n<p style=\"text-align: justify\">Eredetileg egyh\u00e1zi p\u00e1ly\u00e1ra k\u00e9sz\u00fclt, \u00edgy 1826-ban bel\u00e9pett a kegyesrendiek (piarist\u00e1k) k\u00f6z\u00e9 \u00e9s k\u00e9t \u00e9vig nov\u00edcius volt Trencs\u00e9nben. Ezut\u00e1n Tat\u00e1n tan\u00edtott, majd 1830 \u00e9s 1832 k\u00f6z\u00f6tt V\u00e1cott v\u00e9gezte el a szorosan vett egyetemi tanulm\u00e1nyokat megel\u0151z\u0151 b\u00f6lcs\u00e9szeti \u00e9veket. V\u00e9g\u00fcl az orvosl\u00e1s mellett d\u00f6nt\u00f6tt. Orvosdoktori oklevel\u00e9t Pesten szerezte 1838. \u00e1prilis 26-\u00e1n, majd 1839. j\u00fanius 3-\u00e1n seb\u00e9szdoktorr\u00e1 avatt\u00e1k. St\u00e1hly Ign\u00e1c mellett seg\u00e9dkezett a seb\u00e9szeti tansz\u00e9ken, majd 1841-ben, mikor f\u0151n\u00f6k\u00e9t orsz\u00e1gos f\u0151orvoss\u00e1 nevezt\u00e9k ki, \u0151 is adott be p\u00e1ly\u00e1zatot a meg\u00fcr\u00fclt tansz\u00e9kre, amit v\u00e9g\u00fcl Balassa J\u00e1nos nyert el. 1844\/45-t\u0151l mag\u00e1ntan\u00e1rk\u00e9nt orvost\u00f6rt\u00e9netet adott el\u0151. 1847-1849 k\u00f6z\u00f6tt helyettesk\u00e9nt az elm\u00e9leti seb\u00e9szeti tansz\u00e9ket vezette. 1849. janu\u00e1r 5-\u00e9n a Pestet elfoglal\u00f3 Windisch-Gr\u00e4tz t\u00e1bornagy kinevezte a R\u00f3kus k\u00f3rh\u00e1z igazgat\u00f3j\u00e1v\u00e1. 1851-ben az elm\u00e9leti seb\u00e9szet tansz\u00e9ket k\u00f3rodai el\u0151k\u00e9sz\u00edt\u0151 seb\u00e9szeti tansz\u00e9kk\u00e9 alak\u00edtott\u00e1k \u00e1t, \u00e9s j\u00falius 27-\u00e9n annak lett els\u0151 rendes tan\u00e1ra 1879-es nyugd\u00edjba vonul\u00e1s\u00e1ig. Dolgozatai magyar \u00e9s n\u00e9met szaklapokban jelentek meg. 1863\/64-ben d\u00e9k\u00e1n, 1870\/71-ben rektor volt. 1871-ben kir\u00e1lyi tan\u00e1csosi c\u00edmet kapott.<\/p>\n<p style=\"text-align: justify\"><strong>F\u0151bb munk\u00e1i:<\/strong> Elegia honoribus&#8230; Antonii Juranics episcopi Jaurinensis, dum dioecesim suam benigne inviseret, oblata a S. Piis Tatensibus. Dec. calend. Junii 1830. Comaromii.; Medicus. Dissertatio inauguralis. Budae, 1838.; \u00datmutat\u00e1s a seb\u00e9szi m\u0171szerek elemz\u00e9s\u00e9re \u00e9s b\u00edr\u00e1lat\u00e1ra. Pest, 1867.; A k\u00f6zm\u0171vel\u0151d\u00e9s s az egyetemr\u0151l. Pest, 1871. (Rectori besz\u00e9d. K\u00fcl\u00f6nnyomat az Acta reg. scient. Universitatis Ung.-b\u00f3l.); Adal\u00e9k a s\u00e9rvk\u00f6t\u0151k tan\u00e1hoz. Bp., 1873. Megjelent n\u00e9met\u00fcl, franci\u00e1ul \u00e9s angolul is. Bp., 1873.<\/p>\n<p style=\"text-align: justify\"><strong>Nyughelye:<\/strong> Farkasr\u00e9ti temet\u0151, felsz\u00e1molva.<\/p>\n","protected":false},"excerpt":{"rendered":"<p><a href=\"https:\/\/semmelweis.hu\/baratikor\/files\/2022\/09\/029_11.jpg\"><\/a> Stockinger Tam\u00e1s (Pest, 1811. j\u00falius 29. &#8211; Pest, 1883. augusztus 21.) Tansz\u00e9k: elm\u00e9leti seb\u00e9szet (h.) 1847-1849, k\u00f3rodai el\u0151k\u00e9sz\u00edt\u0151 seb\u00e9szet (propaedeutika) 1851-1879. Viselt egyetemi m\u00e9lt\u00f3s\u00e1g: d\u00e9k\u00e1n 1863\/64, rektor 1870\/71. Eredetileg egyh\u00e1zi p\u00e1ly\u00e1ra k\u00e9sz\u00fclt, \u00edgy 1826-ban bel\u00e9pett a kegyesrendiek (piarist\u00e1k) k\u00f6z\u00e9 \u00e9s k\u00e9t \u00e9vig nov\u00edcius volt Trencs\u00e9nben. Ezut\u00e1n Tat\u00e1n tan\u00edtott, majd 1830 \u00e9s 1832 k\u00f6z\u00f6tt V\u00e1cott v\u00e9gezte &hellip;<\/p>\n","protected":false},"author":282,"featured_media":5448,"parent":347,"menu_order":0,"comment_status":"closed","ping_status":"closed","template":"template-fullwidth.php","meta":{"_acf_changed":false,"footnotes":""},"categories":[6,20,77,81,5,16,14],"tags":[],"class_list":["post-1222","page","type-page","status-publish","has-post-thumbnail","hentry","category-dekanok","category-dekanok-karok-szerint","category-kegyeleti-adattar","category-orvosi-kar-dekanjai","category-rektorok","category-tanszekvezetok","category-teljes-nevlista"],"acf":[],"_links":{"self":[{"href":"https:\/\/semmelweis.hu\/baratikor\/wp-json\/wp\/v2\/pages\/1222","targetHints":{"allow":["GET"]}}],"collection":[{"href":"https:\/\/semmelweis.hu\/baratikor\/wp-json\/wp\/v2\/pages"}],"about":[{"href":"https:\/\/semmelweis.hu\/baratikor\/wp-json\/wp\/v2\/types\/page"}],"author":[{"embeddable":true,"href":"https:\/\/semmelweis.hu\/baratikor\/wp-json\/wp\/v2\/users\/282"}],"replies":[{"embeddable":true,"href":"https:\/\/semmelweis.hu\/baratikor\/wp-json\/wp\/v2\/comments?post=1222"}],"version-history":[{"count":2,"href":"https:\/\/semmelweis.hu\/baratikor\/wp-json\/wp\/v2\/pages\/1222\/revisions"}],"predecessor-version":[{"id":2226,"href":"https:\/\/semmelweis.hu\/baratikor\/wp-json\/wp\/v2\/pages\/1222\/revisions\/2226"}],"up":[{"embeddable":true,"href":"https:\/\/semmelweis.hu\/baratikor\/wp-json\/wp\/v2\/pages\/347"}],"wp:featuredmedia":[{"embeddable":true,"href":"https:\/\/semmelweis.hu\/baratikor\/wp-json\/wp\/v2\/media\/5448"}],"wp:attachment":[{"href":"https:\/\/semmelweis.hu\/baratikor\/wp-json\/wp\/v2\/media?parent=1222"}],"wp:term":[{"taxonomy":"category","embeddable":true,"href":"https:\/\/semmelweis.hu\/baratikor\/wp-json\/wp\/v2\/categories?post=1222"},{"taxonomy":"post_tag","embeddable":true,"href":"https:\/\/semmelweis.hu\/baratikor\/wp-json\/wp\/v2\/tags?post=1222"}],"curies":[{"name":"wp","href":"https:\/\/api.w.org\/{rel}","templated":true}]}}