{"id":1217,"date":"2022-09-14T10:28:02","date_gmt":"2022-09-14T08:28:02","guid":{"rendered":"https:\/\/semmelweis.hu\/baratikor\/?page_id=1217"},"modified":"2023-10-12T15:58:37","modified_gmt":"2023-10-12T13:58:37","slug":"scheuthauer-gusztav","status":"publish","type":"page","link":"https:\/\/semmelweis.hu\/baratikor\/galeria\/teljes-nevlista\/scheuthauer-gusztav\/","title":{"rendered":"Scheuthauer Guszt\u00e1v"},"content":{"rendered":"<p style=\"text-align: justify\"><strong><a href=\"https:\/\/semmelweis.hu\/baratikor\/files\/2023\/07\/092_1_jav.jpg\"><img loading=\"lazy\" decoding=\"async\" class=\"alignleft size-full wp-image-5021\" src=\"https:\/\/semmelweis.hu\/baratikor\/files\/2023\/07\/092_1_jav.jpg\" alt=\"\" width=\"234\" height=\"304\" \/><\/a><\/strong><strong>Scheuthauer Guszt\u00e1v (T\u0151keterebes, 1832. m\u00e1rcius 11. &#8211; Budapest, 1894. janu\u00e1r 28.) <\/strong><\/p>\n<p style=\"text-align: justify\"><strong>Tansz\u00e9k: <\/strong>k\u00f3rsz\u00f6vettan (ny.rk.t.) 1871, K\u00f3rbonctani Int\u00e9zet 1874-1894.<\/p>\n<p style=\"text-align: justify\">Gimn\u00e1ziumi tanulm\u00e1nyai befejezt\u00e9vel Szent Benedek-rendi papn\u00f6vend\u00e9k lett, de egy \u00e9v m\u00falt\u00e1n kil\u00e9pett \u00e9s orvosi tanulm\u00e1nyokhoz fogott a b\u00e9csi Orvoskaron. Oklevel\u00e9t 1861-ben szerezte, de m\u00e1r 1860-t\u00f3l m\u00e1sodik seg\u00e9d volt Karl Rokitansky mellett. \u00d6t \u00e9v m\u00falva els\u0151 seg\u00e9dd\u00e9 l\u00e9pett el\u0151, mik\u00f6zben helyettes t\u00f6rv\u00e9nysz\u00e9ki boncnokk\u00e9nt is m\u0171k\u00f6d\u00f6tt. Ekkor m\u00e1r igen l\u00e1togatott el\u0151ad\u00e1sokat is tartott \u00e9let- \u00e9s k\u00f3rsz\u00f6vettanb\u00f3l. A 60-as \u00e9vek v\u00e9ge fel\u00e9 mag\u00e1ntan\u00e1ri habilit\u00e1ci\u00f3t szerzett B\u00e9csben, r\u00e1ad\u00e1sul a sz\u00f3beli \u00e9rtekezlet elenged\u00e9se mellett. 1870-ben a br\u00fcnni (ma Brno) orsz\u00e1gos k\u00f6zk\u00f3rh\u00e1z boncnok\u00e1v\u00e1 nevezt\u00e9k ki, de itthoni befoly\u00e1sos ismer\u0151sei biztat\u00e1s\u00e1ra hamarosan k\u00e9rv\u00e9nyt ny\u00fajtott be E\u00f6tv\u00f6s J\u00f3zsef vall\u00e1s- \u00e9s k\u00f6zoktat\u00e1s\u00fcgyi miniszterhez felaj\u00e1nlva szolg\u00e1latait a k\u00f3rbonctan oktat\u00e1sa ter\u00e9n. Tansz\u00e9ki p\u00e1ly\u00e1zat\u00e1ban Genersich Antallal ker\u00fclt versenybe. A kar \u00e9s az egyetemi tan\u00e1cs egy\u00e9rtelm\u0171en Genersichet t\u00e1mogatta, E\u00f6tv\u00f6s 1870. augusztus 3-\u00e1n m\u00e9gis Scheuthauert nevezte ki a k\u00f3rsz\u00f6vettan nyilv\u00e1nos rendk\u00edv\u00fcli tan\u00e1r\u00e1v\u00e1, aki mag\u00e1val hozta tansz\u00e9k\u00e9re b\u00e9csi k\u00e9sz\u00edtm\u00e9ny-gy\u0171jtem\u00e9ny\u00e9t is. 1871-ben a Szent R\u00f3kus k\u00f3rh\u00e1z boncnoka, egy\u00fattal t\u00f6rv\u00e9nysz\u00e9ki boncnok is lett. Eml\u00e9kezetes szerepet j\u00e1tszott a h\u00edres tiszaeszl\u00e1ri perben, mint a v\u00e9delem egyik szak\u00e9rt\u0151je. A v\u00e1d elejt\u00e9s\u00e9re az \u0151 szakv\u00e9lem\u00e9nye alapj\u00e1n ker\u00fclt sor. Ar\u00e1nyi Lajos nyugd\u00edjba vonul\u00e1sakor 1873-ban megb\u00edzt\u00e1k a k\u00f3rbonctan el\u0151ad\u00e1s\u00e1val is. 1874. febru\u00e1r 27-\u00e9n nyilv\u00e1nos rendes tan\u00e1ri kinevez\u00e9st kapott. Kora egyik utols\u00f3 polihisztorak\u00e9nt tartott\u00e1k sz\u00e1mon. 1881-ben elm\u00e9ly\u00fclt m\u0171v\u00e9szett\u00f6rt\u00e9neti tanulm\u00e1nyt \u00edrt a Louvre-ban \u0151rz\u00f6tt Germanicus-szoborr\u00f3l, illetve \u0151 fogalmazta meg v\u00e1laszt\u00e9kos latins\u00e1ggal a kar \u00fcdv\u00f6zlet\u00e9t, melyet 70. sz\u00fclet\u00e9snapja alkalm\u00e1b\u00f3l Rudolf Virchowhoz \u00edrtak. Kutatta az agy rostsz\u00f6veteit, az idegdaganatokat, a torzk\u00e9pz\u0151dm\u00e9nyeket \u00e9s a b\u00e9lf\u00e9rgess\u00e9get, de foglalkozott orvost\u00f6rt\u00e9nelmi k\u00e9rd\u00e9sekkel is. Kiv\u00e9telesen k\u00e9pzett, iskolateremt\u0151 tan\u00e1regy\u00e9nis\u00e9g volt. Szoros \u00e9rtelemben vett tan\u00edtv\u00e1nyai k\u00f6z\u00fcl tizenketten \u00e9rt\u00e9k el az egyetemi rendes tan\u00e1rs\u00e1got. Tagja volt a K\u00f6zeg\u00e9szs\u00e9gi, illetve az Igazs\u00e1g\u00fcgyi Orvosi Tan\u00e1csnak. P\u00e1lyafut\u00e1sa v\u00e1ratlanul \u00e9s id\u0151 el\u0151tt szakadt meg egy 1894. janu\u00e1r 28-\u00e1n t\u00f6rt\u00e9nt sz\u00edvroham k\u00f6vetkezt\u00e9ben.<\/p>\n<p style=\"text-align: justify\"><strong>F\u0151bb munk\u00e1i:<\/strong> Bericht \u00fcber die Ergebnisse der Leichenuntersuchungen, welche an der von Hofrath Prof. C. Rokitansky geleiteten pathologisch-anatomischen Anstalt im Jahre 1864 angestellt wurden. Wien, 1865.; Elm\u00e9leti k\u00f3rbonctan. Bp., 1878.; Der Germanicus des Lonore ein Archimedes. Wien-Leipzig. 1881.<\/p>\n<p style=\"text-align: justify\"><strong>Nyughelye:<\/strong> Heiligenstadt (B\u00e9cs mellett), csal\u00e1di s\u00edrbolt.<\/p>\n<p style=\"text-align: justify\"><a href=\"https:\/\/semmelweis.hu\/baratikor\/files\/2023\/07\/092_3_jav.jpg\"><img loading=\"lazy\" decoding=\"async\" class=\"alignleft size-full wp-image-5022\" src=\"https:\/\/semmelweis.hu\/baratikor\/files\/2023\/07\/092_3_jav.jpg\" alt=\"\" width=\"232\" height=\"304\" \/><\/a> <a href=\"https:\/\/semmelweis.hu\/baratikor\/files\/2023\/07\/4328664_00672_mormon_jav.jpg\"><img loading=\"lazy\" decoding=\"async\" class=\"alignleft size-medium wp-image-5023\" src=\"https:\/\/semmelweis.hu\/baratikor\/files\/2023\/07\/4328664_00672_mormon_jav-400x282.jpg\" alt=\"\" width=\"400\" height=\"282\" srcset=\"https:\/\/semmelweis.hu\/baratikor\/files\/2023\/07\/4328664_00672_mormon_jav-400x282.jpg 400w, https:\/\/semmelweis.hu\/baratikor\/files\/2023\/07\/4328664_00672_mormon_jav-768x541.jpg 768w, https:\/\/semmelweis.hu\/baratikor\/files\/2023\/07\/4328664_00672_mormon_jav-753x531.jpg 753w, https:\/\/semmelweis.hu\/baratikor\/files\/2023\/07\/4328664_00672_mormon_jav.jpg 1000w\" sizes=\"auto, (max-width: 400px) 100vw, 400px\" \/><\/a><\/p>\n","protected":false},"excerpt":{"rendered":"<p><a href=\"https:\/\/semmelweis.hu\/baratikor\/files\/2023\/07\/092_1_jav.jpg\"><\/a> Scheuthauer Guszt\u00e1v (T\u0151keterebes, 1832. m\u00e1rcius 11. &#8211; Budapest, 1894. janu\u00e1r 28.) Tansz\u00e9k: k\u00f3rsz\u00f6vettan (ny.rk.t.) 1871, K\u00f3rbonctani Int\u00e9zet 1874-1894. Gimn\u00e1ziumi tanulm\u00e1nyai befejezt\u00e9vel Szent Benedek-rendi papn\u00f6vend\u00e9k lett, de egy \u00e9v m\u00falt\u00e1n kil\u00e9pett \u00e9s orvosi tanulm\u00e1nyokhoz fogott a b\u00e9csi Orvoskaron. Oklevel\u00e9t 1861-ben szerezte, de m\u00e1r 1860-t\u00f3l m\u00e1sodik seg\u00e9d volt Karl Rokitansky mellett. \u00d6t \u00e9v m\u00falva els\u0151 seg\u00e9dd\u00e9 l\u00e9pett &hellip;<\/p>\n","protected":false},"author":282,"featured_media":5439,"parent":347,"menu_order":0,"comment_status":"closed","ping_status":"closed","template":"template-fullwidth.php","meta":{"_acf_changed":false,"footnotes":""},"categories":[77,16,14],"tags":[],"class_list":["post-1217","page","type-page","status-publish","has-post-thumbnail","hentry","category-kegyeleti-adattar","category-tanszekvezetok","category-teljes-nevlista"],"acf":[],"_links":{"self":[{"href":"https:\/\/semmelweis.hu\/baratikor\/wp-json\/wp\/v2\/pages\/1217","targetHints":{"allow":["GET"]}}],"collection":[{"href":"https:\/\/semmelweis.hu\/baratikor\/wp-json\/wp\/v2\/pages"}],"about":[{"href":"https:\/\/semmelweis.hu\/baratikor\/wp-json\/wp\/v2\/types\/page"}],"author":[{"embeddable":true,"href":"https:\/\/semmelweis.hu\/baratikor\/wp-json\/wp\/v2\/users\/282"}],"replies":[{"embeddable":true,"href":"https:\/\/semmelweis.hu\/baratikor\/wp-json\/wp\/v2\/comments?post=1217"}],"version-history":[{"count":4,"href":"https:\/\/semmelweis.hu\/baratikor\/wp-json\/wp\/v2\/pages\/1217\/revisions"}],"predecessor-version":[{"id":5025,"href":"https:\/\/semmelweis.hu\/baratikor\/wp-json\/wp\/v2\/pages\/1217\/revisions\/5025"}],"up":[{"embeddable":true,"href":"https:\/\/semmelweis.hu\/baratikor\/wp-json\/wp\/v2\/pages\/347"}],"wp:featuredmedia":[{"embeddable":true,"href":"https:\/\/semmelweis.hu\/baratikor\/wp-json\/wp\/v2\/media\/5439"}],"wp:attachment":[{"href":"https:\/\/semmelweis.hu\/baratikor\/wp-json\/wp\/v2\/media?parent=1217"}],"wp:term":[{"taxonomy":"category","embeddable":true,"href":"https:\/\/semmelweis.hu\/baratikor\/wp-json\/wp\/v2\/categories?post=1217"},{"taxonomy":"post_tag","embeddable":true,"href":"https:\/\/semmelweis.hu\/baratikor\/wp-json\/wp\/v2\/tags?post=1217"}],"curies":[{"name":"wp","href":"https:\/\/api.w.org\/{rel}","templated":true}]}}