{"id":1214,"date":"2022-09-14T10:21:49","date_gmt":"2022-09-14T08:21:49","guid":{"rendered":"https:\/\/semmelweis.hu\/baratikor\/?page_id=1214"},"modified":"2023-07-10T08:30:20","modified_gmt":"2023-07-10T06:30:20","slug":"plosz-pal","status":"publish","type":"page","link":"https:\/\/semmelweis.hu\/baratikor\/galeria\/teljes-nevlista\/plosz-pal\/","title":{"rendered":"Pl\u00f3sz P\u00e1l"},"content":{"rendered":"<p style=\"text-align: justify\"><strong><a href=\"https:\/\/semmelweis.hu\/baratikor\/files\/2023\/07\/Plosz-Pal_.jpg\"><img loading=\"lazy\" decoding=\"async\" class=\"alignleft size-full wp-image-4911\" src=\"https:\/\/semmelweis.hu\/baratikor\/files\/2023\/07\/Plosz-Pal_.jpg\" alt=\"\" width=\"232\" height=\"320\" \/><\/a><\/strong><strong> (Pest, 1844. okt\u00f3ber 9. &#8211; Budapest, 1902. augusztus 15.) <\/strong><\/p>\n<p style=\"text-align: justify\"><strong>Tansz\u00e9k: <\/strong>\u00e9let- \u00e9s k\u00f3rvegytani tansz\u00e9k 1874-1902.<\/p>\n<p style=\"text-align: justify\">\u00c9desapja szem\u00e9szorvos volt. Tanulm\u00e1nyait r\u00e9szben mag\u00e1n\u00faton, r\u00e9szben a piarist\u00e1kn\u00e1l v\u00e9gezte. Orvosi tanulm\u00e1nyait 1862-ben B\u00e9csben kezdte, majd a pesti egyetemen folytatta, ahol 1867. december 14-\u00e9n szerezte meg orvosdoktori oklevel\u00e9t. P\u00e1ly\u00e1j\u00e1t a Szent R\u00f3kus k\u00f3rh\u00e1zban kezdte gyakornokk\u00e9nt, ahol k\u00e9s\u0151bb seg\u00e9d-, majd alorvosk\u00e9nt szolg\u00e1lt. 1869-1872 k\u00f6z\u00f6tt Wagner J\u00e1nos belgy\u00f3gy\u00e1szati klinik\u00e1j\u00e1n volt kinevezett gyakornok. Ek\u00f6zben, Markusovszky javaslat\u00e1ra az 1869\/70. tan\u00e9vet T\u00fcbingenben t\u00f6lt\u00f6tte, f\u0151leg Felix Hoppe-Seyler laborat\u00f3rium\u00e1ban, ahol \u00e9let- \u00e9s k\u00f3rvegytannal foglalkozott. 1871-ben ebben a t\u00e1rgyk\u00f6rben mag\u00e1ntan\u00e1ri k\u00e9pes\u00edt\u00e9st nyert a pesti Orvoskaron. 1872-ben a kolozsv\u00e1ri Ferenc J\u00f3zsef Tudom\u00e1nyegyetemre kapott nyilv\u00e1nos rendes tan\u00e1ri kinevez\u00e9st, de miel\u0151tt 1873-ban megkezdte volna tan\u00e1ri tev\u00e9kenys\u00e9g\u00e9t, Heidelbergben Wilhelm Friedrich K\u00fchne tan\u00e1r int\u00e9zet\u00e9ben k\u00e9pezte tov\u00e1bb mag\u00e1t. 1874 tavasz\u00e1n a pesti egyetemen rendk\u00edv\u00fcli, majd 1882-t\u0151l rendes tan\u00e1ri kinevez\u00e9st kapott az akkor megalak\u00edtott \u00e9let- \u00e9s k\u00f3rvegytani tansz\u00e9k \u00e9l\u00e9re. F\u0151k\u00e9nt a feh\u00e9rj\u00e9k \u00e1ltal\u00e1nos k\u00e9mi\u00e1j\u00e1val, a peptonokkal, a v\u00e9ralvad\u00e1s k\u00e9rd\u00e9seivel, valamint sz\u0151l\u00e9szeti \u00e9s bor\u00e1szati t\u00e9m\u00e1kkal foglalkozott. 1880. m\u00e1jus 20-\u00e1n az MTA levelez\u0151 tagj\u00e1v\u00e1 v\u00e1lasztotta, alap\u00edt\u00e1sa \u00f3ta tagja volt az Igazs\u00e1g\u00fcgyi Orvosi Tan\u00e1csnak. 1891-ben, Jendrassik Jen\u0151 hal\u00e1la \u00e9s Klug N\u00e1ndor kinevez\u00e9se k\u00f6z\u00f6tt \u0151 l\u00e1tta el az \u00e9lettan oktat\u00e1s\u00e1t. Fiatalon, 57-ik \u00e9let\u00e9v\u00e9ben hunyt el a Schwartzer-f\u00e9le szanat\u00f3riumban.<\/p>\n<p style=\"text-align: justify\"><strong>F\u0151bb munk\u00e1i:<\/strong> A v\u00e9rsav\u00f3 feh\u00e9rnyenem\u0171 anyagai. In: Orvosi Hetilap, 1870.; A m\u00e1jsejt feh\u00e9rnem\u0171 anyagai. In: Orvosi Hetilap, 1873.; Zur Frage der Gerinnung des Blutes. In: Archiv f\u00fcr exp. Path. und Pharmakologie, 1874.; A peptonok vegyi szerkezete. In: Akad. \u00c9rt., 1877.; A feh\u00e9rnye szerepe \u00e9s sorsa a szervezetben. In: Term\u00e9szettud. K\u00f6zl., 1878.; Vizsg\u00e1latok a peptonok vegytani term\u00e9szete fel\u0151l. In: Orvosi Hetilap, 1881.; A bor\u00e1szat k\u00f6nyve (Csan\u00e1dy Guszt\u00e1vval). Bp., 1885.; Vizsg\u00e1latok az \u00e9p vizelet feh\u00e9rnyetartalma fel\u0151l. In: Orvosi Hetilap, 1890.; A diabetes mellitus. In: A belgy\u00f3gy\u00e1szat k\u00e9zik\u00f6nyve I., Bp., 1895.; Zs\u00edrk\u00e9pz\u0151d\u00e9s cukorb\u00f3l a m\u00e1jban. In: Akad. \u00c9rt., 1901.<\/p>\n<p style=\"text-align: justify\"><strong>Nyughelye:<\/strong> Fiumei \u00fati temet\u0151 29-2\/0\/2\/2.<\/p>\n<p><strong><a href=\"https:\/\/semmelweis.hu\/baratikor\/files\/2023\/07\/Plosz-Pal-Fiumei-ut.jpg\"><img loading=\"lazy\" decoding=\"async\" class=\"alignleft size-medium wp-image-4910\" src=\"https:\/\/semmelweis.hu\/baratikor\/files\/2023\/07\/Plosz-Pal-Fiumei-ut-271x400.jpg\" alt=\"\" width=\"271\" height=\"400\" srcset=\"https:\/\/semmelweis.hu\/baratikor\/files\/2023\/07\/Plosz-Pal-Fiumei-ut-271x400.jpg 271w, https:\/\/semmelweis.hu\/baratikor\/files\/2023\/07\/Plosz-Pal-Fiumei-ut.jpg 677w\" sizes=\"auto, (max-width: 271px) 100vw, 271px\" \/><\/a><\/strong><\/p>\n","protected":false},"excerpt":{"rendered":"<p><a href=\"https:\/\/semmelweis.hu\/baratikor\/files\/2023\/07\/Plosz-Pal_.jpg\"><\/a> (Pest, 1844. okt\u00f3ber 9. &#8211; Budapest, 1902. augusztus 15.) Tansz\u00e9k: \u00e9let- \u00e9s k\u00f3rvegytani tansz\u00e9k 1874-1902. \u00c9desapja szem\u00e9szorvos volt. Tanulm\u00e1nyait r\u00e9szben mag\u00e1n\u00faton, r\u00e9szben a piarist\u00e1kn\u00e1l v\u00e9gezte. Orvosi tanulm\u00e1nyait 1862-ben B\u00e9csben kezdte, majd a pesti egyetemen folytatta, ahol 1867. december 14-\u00e9n szerezte meg orvosdoktori oklevel\u00e9t. P\u00e1ly\u00e1j\u00e1t a Szent R\u00f3kus k\u00f3rh\u00e1zban kezdte gyakornokk\u00e9nt, ahol k\u00e9s\u0151bb seg\u00e9d-, majd alorvosk\u00e9nt &hellip;<\/p>\n","protected":false},"author":282,"featured_media":4914,"parent":347,"menu_order":0,"comment_status":"closed","ping_status":"closed","template":"template-fullwidth.php","meta":{"_acf_changed":false,"footnotes":""},"categories":[77,16,14],"tags":[],"class_list":["post-1214","page","type-page","status-publish","has-post-thumbnail","hentry","category-kegyeleti-adattar","category-tanszekvezetok","category-teljes-nevlista"],"acf":[],"_links":{"self":[{"href":"https:\/\/semmelweis.hu\/baratikor\/wp-json\/wp\/v2\/pages\/1214","targetHints":{"allow":["GET"]}}],"collection":[{"href":"https:\/\/semmelweis.hu\/baratikor\/wp-json\/wp\/v2\/pages"}],"about":[{"href":"https:\/\/semmelweis.hu\/baratikor\/wp-json\/wp\/v2\/types\/page"}],"author":[{"embeddable":true,"href":"https:\/\/semmelweis.hu\/baratikor\/wp-json\/wp\/v2\/users\/282"}],"replies":[{"embeddable":true,"href":"https:\/\/semmelweis.hu\/baratikor\/wp-json\/wp\/v2\/comments?post=1214"}],"version-history":[{"count":4,"href":"https:\/\/semmelweis.hu\/baratikor\/wp-json\/wp\/v2\/pages\/1214\/revisions"}],"predecessor-version":[{"id":4912,"href":"https:\/\/semmelweis.hu\/baratikor\/wp-json\/wp\/v2\/pages\/1214\/revisions\/4912"}],"up":[{"embeddable":true,"href":"https:\/\/semmelweis.hu\/baratikor\/wp-json\/wp\/v2\/pages\/347"}],"wp:featuredmedia":[{"embeddable":true,"href":"https:\/\/semmelweis.hu\/baratikor\/wp-json\/wp\/v2\/media\/4914"}],"wp:attachment":[{"href":"https:\/\/semmelweis.hu\/baratikor\/wp-json\/wp\/v2\/media?parent=1214"}],"wp:term":[{"taxonomy":"category","embeddable":true,"href":"https:\/\/semmelweis.hu\/baratikor\/wp-json\/wp\/v2\/categories?post=1214"},{"taxonomy":"post_tag","embeddable":true,"href":"https:\/\/semmelweis.hu\/baratikor\/wp-json\/wp\/v2\/tags?post=1214"}],"curies":[{"name":"wp","href":"https:\/\/api.w.org\/{rel}","templated":true}]}}