{"id":1210,"date":"2022-09-14T10:20:19","date_gmt":"2022-09-14T08:20:19","guid":{"rendered":"https:\/\/semmelweis.hu\/baratikor\/?page_id=1210"},"modified":"2023-10-11T14:44:04","modified_gmt":"2023-10-11T12:44:04","slug":"bokai-janos","status":"publish","type":"page","link":"https:\/\/semmelweis.hu\/baratikor\/galeria\/teljes-nevlista\/bokai-janos\/","title":{"rendered":"B\u00f3kai J\u00e1nos"},"content":{"rendered":"<p style=\"text-align: justify\"><strong><a href=\"https:\/\/semmelweis.hu\/baratikor\/galeria\/teljes-nevlista\/bokai-janos\/bokai-7_keret_nelkul\/\" rel=\"attachment wp-att-1538\"><img loading=\"lazy\" decoding=\"async\" class=\"alignleft size-medium wp-image-1538\" src=\"https:\/\/semmelweis.hu\/baratikor\/files\/2023\/01\/Bokai-7_keret_nelkul-264x400.jpg\" alt=\"\" width=\"264\" height=\"400\" srcset=\"https:\/\/semmelweis.hu\/baratikor\/files\/2023\/01\/Bokai-7_keret_nelkul-264x400.jpg 264w, https:\/\/semmelweis.hu\/baratikor\/files\/2023\/01\/Bokai-7_keret_nelkul.jpg 661w\" sizes=\"auto, (max-width: 264px) 100vw, 264px\" \/><\/a>(Igl\u00f3, 1822 &#8211; Budapest, 1884) Gyermekorvostan 1873<\/strong><\/p>\n<p style=\"text-align: justify\">Eredeti nev\u00e9t &#8211; Bock J\u00e1nos &#8211; bar\u00e1tja, J\u00f3kai M\u00f3r tan\u00e1cs\u00e1ra magyaros\u00edtotta B\u00f3kaira. K\u00f6z\u00e9piskol\u00e1it Szepes megy\u00e9ben, Igl\u00f3n kezdte majd Rozsny\u00f3n, L\u0151cs\u00e9n folytatta, \u00e9s Eperjesen fejezte be. 1841-t\u0151l a pesti egyetemen volt orvostanhallgat\u00f3, az \u00f6t\u00f6dik \u00e9vet pedig B\u00e9csben v\u00e9gezte el. 1847-ben Pesten avatt\u00e1k orvosdoktorr\u00e1, 1848-ban seb\u00e9szdoktori \u00e9s szem\u00e9szmesteri oklevelet szerzett. 1846-t\u00f3l a pesti szeg\u00e9nygyermek-k\u00f3rh\u00e1zban tiszteletbeli seg\u00e9dorvos lett Sch\u00f6pf \u00c1gost mellett, ahol egy \u00e9v m\u00falva seg\u00e9dorvosk\u00e9nt dolgozott tov\u00e1bb. 1852-t\u0151l h\u00e1rom \u00e9vtizeden kereszt\u00fcl a gyermekk\u00f3rh\u00e1z (akkor m\u00e1r Stef\u00e1nia Szeg\u00e9nygyermek-k\u00f3rh\u00e1z) igazgat\u00f3ja. 1861-ben a pesti egyetemen mag\u00e1ntan\u00e1ri k\u00e9pes\u00edt\u00e9st szerzett a gyermekgy\u00f3gy\u00e1szat t\u00e1rgyk\u00f6r\u00e9ben. 1867-ben rendk\u00edv\u00fcli tan\u00e1ri, 1873. janu\u00e1r 23-\u00e1n nyilv\u00e1nos rendes tan\u00e1ri kinevez\u00e9st kapott. 1868-t\u00f3l az Orsz\u00e1gos K\u00f6zeg\u00e9szs\u00e9g\u00fcgyi Tan\u00e1cs tagja volt. 1872-ben kir\u00e1lyi tan\u00e1csosi c\u00edmet kapott. \u00c9veken \u00e1t ir\u00e1ny\u00edtotta az Orsz\u00e1gos K\u00f6zponti V\u00e9dhiml\u0151int\u00e9zetet, valamint munkat\u00e1rsa volt az Orvosi Hetilapnak. Bevezette a gyermekgy\u00f3gy\u00e1szat korszer\u0171 egyetemi oktat\u00e1s\u00e1t, tanulm\u00e1nyait a gyermekkori seb\u00e9szeti b\u00e9lbetegs\u00e9gekb\u0151l, h\u00fagy- \u00e9s ivarszervi betegs\u00e9gekr\u0151l idegen nyelvre is leford\u00edtott\u00e1k. Meghonos\u00edtotta a sz\u00e9rumgy\u00f3gykezel\u00e9st, ami nagym\u00e9rt\u00e9kben hozz\u00e1j\u00e1rult a dift\u00e9riahaland\u00f3s\u00e1g cs\u00f6kkent\u00e9s\u00e9hez.<\/p>\n<p><strong><a href=\"https:\/\/semmelweis.hu\/baratikor\/galeria\/teljes-nevlista\/bokai-janos\/bokai-janos-2\/\" rel=\"attachment wp-att-1539\"><img loading=\"lazy\" decoding=\"async\" class=\"alignleft size-medium wp-image-1539\" src=\"https:\/\/semmelweis.hu\/baratikor\/files\/2023\/01\/Bokai-Janos-332x400.jpg\" alt=\"\" width=\"332\" height=\"400\" srcset=\"https:\/\/semmelweis.hu\/baratikor\/files\/2023\/01\/Bokai-Janos-332x400.jpg 332w, https:\/\/semmelweis.hu\/baratikor\/files\/2023\/01\/Bokai-Janos-768x925.jpg 768w, https:\/\/semmelweis.hu\/baratikor\/files\/2023\/01\/Bokai-Janos-753x907.jpg 753w, https:\/\/semmelweis.hu\/baratikor\/files\/2023\/01\/Bokai-Janos.jpg 830w\" sizes=\"auto, (max-width: 332px) 100vw, 332px\" \/><\/a><\/strong><strong><a href=\"https:\/\/semmelweis.hu\/baratikor\/galeria\/teljes-nevlista\/bokai-janos\/bokai-janos-2-2\/\" rel=\"attachment wp-att-1540\"><img loading=\"lazy\" decoding=\"async\" class=\"alignleft size-medium wp-image-1540\" src=\"https:\/\/semmelweis.hu\/baratikor\/files\/2023\/01\/Bokai-Janos-2-343x400.jpg\" alt=\"\" width=\"343\" height=\"400\" srcset=\"https:\/\/semmelweis.hu\/baratikor\/files\/2023\/01\/Bokai-Janos-2-343x400.jpg 343w, https:\/\/semmelweis.hu\/baratikor\/files\/2023\/01\/Bokai-Janos-2-768x896.jpg 768w, https:\/\/semmelweis.hu\/baratikor\/files\/2023\/01\/Bokai-Janos-2-753x879.jpg 753w, https:\/\/semmelweis.hu\/baratikor\/files\/2023\/01\/Bokai-Janos-2.jpg 857w\" sizes=\"auto, (max-width: 343px) 100vw, 343px\" \/><\/a><\/strong><strong><a href=\"https:\/\/semmelweis.hu\/baratikor\/galeria\/teljes-nevlista\/bokai-janos\/bokai-janos-az-1860-as-evek-vegen\/\" rel=\"attachment wp-att-1541\"><img loading=\"lazy\" decoding=\"async\" class=\"alignleft size-medium wp-image-1541\" src=\"https:\/\/semmelweis.hu\/baratikor\/files\/2023\/01\/Bokai-Janos-az-1860-as-evek-vegen-279x400.jpg\" alt=\"\" width=\"279\" height=\"400\" srcset=\"https:\/\/semmelweis.hu\/baratikor\/files\/2023\/01\/Bokai-Janos-az-1860-as-evek-vegen-279x400.jpg 279w, https:\/\/semmelweis.hu\/baratikor\/files\/2023\/01\/Bokai-Janos-az-1860-as-evek-vegen.jpg 698w\" sizes=\"auto, (max-width: 279px) 100vw, 279px\" \/><\/a><\/strong><strong><a href=\"https:\/\/semmelweis.hu\/baratikor\/galeria\/teljes-nevlista\/bokai-janos\/img_20200408_162351\/\" rel=\"attachment wp-att-1543\"><img loading=\"lazy\" decoding=\"async\" class=\"alignleft size-medium wp-image-1543\" src=\"https:\/\/semmelweis.hu\/baratikor\/files\/2023\/01\/IMG_20200408_162351-299x400.jpg\" alt=\"\" width=\"299\" height=\"400\" srcset=\"https:\/\/semmelweis.hu\/baratikor\/files\/2023\/01\/IMG_20200408_162351-299x400.jpg 299w, https:\/\/semmelweis.hu\/baratikor\/files\/2023\/01\/IMG_20200408_162351-765x1024.jpg 765w, https:\/\/semmelweis.hu\/baratikor\/files\/2023\/01\/IMG_20200408_162351-768x1028.jpg 768w, https:\/\/semmelweis.hu\/baratikor\/files\/2023\/01\/IMG_20200408_162351-753x1008.jpg 753w, https:\/\/semmelweis.hu\/baratikor\/files\/2023\/01\/IMG_20200408_162351.jpg 1000w\" sizes=\"auto, (max-width: 299px) 100vw, 299px\" \/><\/a><\/strong><a href=\"https:\/\/semmelweis.hu\/baratikor\/galeria\/teljes-nevlista\/bokai-janos\/img_20200408_162335\/\" rel=\"attachment wp-att-1542\"><img loading=\"lazy\" decoding=\"async\" class=\"alignleft size-medium wp-image-1542\" src=\"https:\/\/semmelweis.hu\/baratikor\/files\/2023\/01\/IMG_20200408_162335-298x400.jpg\" alt=\"\" width=\"298\" height=\"400\" srcset=\"https:\/\/semmelweis.hu\/baratikor\/files\/2023\/01\/IMG_20200408_162335-298x400.jpg 298w, https:\/\/semmelweis.hu\/baratikor\/files\/2023\/01\/IMG_20200408_162335-764x1024.jpg 764w, https:\/\/semmelweis.hu\/baratikor\/files\/2023\/01\/IMG_20200408_162335-768x1030.jpg 768w, https:\/\/semmelweis.hu\/baratikor\/files\/2023\/01\/IMG_20200408_162335-753x1010.jpg 753w, https:\/\/semmelweis.hu\/baratikor\/files\/2023\/01\/IMG_20200408_162335.jpg 1000w\" sizes=\"auto, (max-width: 298px) 100vw, 298px\" \/><\/a><\/p>\n<p>&nbsp;<\/p>\n","protected":false},"excerpt":{"rendered":"<p><a href=\"https:\/\/semmelweis.hu\/baratikor\/galeria\/teljes-nevlista\/bokai-janos\/bokai-7_keret_nelkul\/\" rel=\"attachment wp-att-1538\"><\/a> (Igl\u00f3, 1822 &#8211; Budapest, 1884) Gyermekorvostan 1873 Eredeti nev\u00e9t &#8211; Bock J\u00e1nos &#8211; bar\u00e1tja, J\u00f3kai M\u00f3r tan\u00e1cs\u00e1ra magyaros\u00edtotta B\u00f3kaira. K\u00f6z\u00e9piskol\u00e1it Szepes megy\u00e9ben, Igl\u00f3n kezdte majd Rozsny\u00f3n, L\u0151cs\u00e9n folytatta, \u00e9s Eperjesen fejezte be. 1841-t\u0151l a pesti egyetemen volt orvostanhallgat\u00f3, az \u00f6t\u00f6dik \u00e9vet pedig B\u00e9csben v\u00e9gezte el. 1847-ben Pesten avatt\u00e1k orvosdoktorr\u00e1, 1848-ban seb\u00e9szdoktori \u00e9s szem\u00e9szmesteri oklevelet szerzett. &hellip;<\/p>\n","protected":false},"author":282,"featured_media":5360,"parent":347,"menu_order":0,"comment_status":"closed","ping_status":"closed","template":"template-fullwidth.php","meta":{"_acf_changed":false,"footnotes":""},"categories":[77,16,14],"tags":[],"class_list":["post-1210","page","type-page","status-publish","has-post-thumbnail","hentry","category-kegyeleti-adattar","category-tanszekvezetok","category-teljes-nevlista"],"acf":[],"_links":{"self":[{"href":"https:\/\/semmelweis.hu\/baratikor\/wp-json\/wp\/v2\/pages\/1210","targetHints":{"allow":["GET"]}}],"collection":[{"href":"https:\/\/semmelweis.hu\/baratikor\/wp-json\/wp\/v2\/pages"}],"about":[{"href":"https:\/\/semmelweis.hu\/baratikor\/wp-json\/wp\/v2\/types\/page"}],"author":[{"embeddable":true,"href":"https:\/\/semmelweis.hu\/baratikor\/wp-json\/wp\/v2\/users\/282"}],"replies":[{"embeddable":true,"href":"https:\/\/semmelweis.hu\/baratikor\/wp-json\/wp\/v2\/comments?post=1210"}],"version-history":[{"count":3,"href":"https:\/\/semmelweis.hu\/baratikor\/wp-json\/wp\/v2\/pages\/1210\/revisions"}],"predecessor-version":[{"id":1545,"href":"https:\/\/semmelweis.hu\/baratikor\/wp-json\/wp\/v2\/pages\/1210\/revisions\/1545"}],"up":[{"embeddable":true,"href":"https:\/\/semmelweis.hu\/baratikor\/wp-json\/wp\/v2\/pages\/347"}],"wp:featuredmedia":[{"embeddable":true,"href":"https:\/\/semmelweis.hu\/baratikor\/wp-json\/wp\/v2\/media\/5360"}],"wp:attachment":[{"href":"https:\/\/semmelweis.hu\/baratikor\/wp-json\/wp\/v2\/media?parent=1210"}],"wp:term":[{"taxonomy":"category","embeddable":true,"href":"https:\/\/semmelweis.hu\/baratikor\/wp-json\/wp\/v2\/categories?post=1210"},{"taxonomy":"post_tag","embeddable":true,"href":"https:\/\/semmelweis.hu\/baratikor\/wp-json\/wp\/v2\/tags?post=1210"}],"curies":[{"name":"wp","href":"https:\/\/api.w.org\/{rel}","templated":true}]}}