{"id":1208,"date":"2022-09-14T10:18:41","date_gmt":"2022-09-14T08:18:41","guid":{"rendered":"https:\/\/semmelweis.hu\/baratikor\/?page_id=1208"},"modified":"2023-10-11T14:00:28","modified_gmt":"2023-10-11T12:00:28","slug":"bakody-tivadar-jozsef","status":"publish","type":"page","link":"https:\/\/semmelweis.hu\/baratikor\/galeria\/teljes-nevlista\/bakody-tivadar-jozsef\/","title":{"rendered":"Bakody Tivadar J\u00f3zsef"},"content":{"rendered":"<p style=\"text-align: justify\"><strong><a href=\"https:\/\/semmelweis.hu\/baratikor\/galeria\/teljes-nevlista\/bakody-tivadar-jozsef\/bakody-tivadar-1\/\" rel=\"attachment wp-att-1467\"><img loading=\"lazy\" decoding=\"async\" class=\"alignleft size-medium wp-image-1467\" src=\"https:\/\/semmelweis.hu\/baratikor\/files\/2023\/01\/Bakody-Tivadar-1-266x400.jpg\" alt=\"\" width=\"266\" height=\"400\" \/><\/a>(Gy\u0151r, 1825. m\u00e1jus 4. &#8211; Budapest, 1911. m\u00e1rcius 29.) <\/strong><\/p>\n<p style=\"text-align: justify\">Orvosdinasztia tagja volt, \u00e9desapja, Bakodi J\u00f3zsef szint\u00e9n orvos, fia, \u00c1rp\u00e1d ugyancsak erre a p\u00e1ly\u00e1ra l\u00e9pett. Pesten \u00e9s Lipcs\u00e9ben (1845-1848) b\u00f6lcs\u00e9szeti \u00e9s jogi tanulm\u00e1nyokat folytatott. A szabads\u00e1gharcban G\u00f6rgei f\u0151hadisz\u00e1ll\u00e1s\u00e1n szolg\u00e1lt honv\u00e9d kapit\u00e1nyk\u00e9nt. Orvosi tanulm\u00e1nyokat 1850-t\u0151l B\u00e9csben folytatott, ahol 1854-ben szerzett oklevelet. Apj\u00e1hoz hasonl\u00f3an az akkoriban elterjedt homeopata ir\u00e1nyzatot k\u00f6vette. V\u00e9gz\u00e9se ut\u00e1n k\u00fclf\u00f6ldi tanulm\u00e1ny\u00fatra indult, majd Lembergben (ma Lviv) telepedett le. Az ottani egyetemen 1860-ban mag\u00e1ntan\u00e1ri habilit\u00e1ci\u00f3t szerzett a term\u00e9szet-gy\u00f3gytan t\u00e1rgyk\u00f6r\u00e9ben, valamint saj\u00e1t k\u00f6lts\u00e9g\u00e9n Pehr Henrik Ling elvei alapj\u00e1n sv\u00e9d gy\u00f3gygimnasztikai int\u00e9zetet alap\u00edtott (1858-1861). 1861-ben visszat\u00e9rt Pest-Bud\u00e1ra \u00e9s homeopatak\u00e9nt folytatott gyakorlatot, valamint sokat tett a rendszeres testgyakorl\u00e1s felkarol\u00e1sa \u00e9rdek\u00e9ben. 1863-ban l\u00e9trehozta az els\u0151 magyarorsz\u00e1gi nyilv\u00e1nos tornacsarnokot, \u00e9s megalap\u00edtotta a Pesti Tornaegyletet, melynek 1863-1865 k\u00f6z\u00f6tt els\u0151 eln\u00f6ke volt. Az els\u0151 hazai homeopata k\u00f3rh\u00e1z, a Bethesda alap\u00edt\u00f3ja, valamint 1863-1874 k\u00f6z\u00f6tt f\u0151orvosa volt. 1873. m\u00e1rcius 30-\u00e1n kapott rendk\u00edv\u00fcli tan\u00e1ri kinevez\u00e9st a hasonszenvi k\u00fcl\u00f6n\u00f6s k\u00f3r- \u00e9s gy\u00f3gytan (homeop\u00e1tia) oktat\u00e1s\u00e1ra a pesti egyetemen. 1874-t\u0151l a Szent R\u00f3kus k\u00f3rh\u00e1z hasonszenvi oszt\u00e1ly\u00e1nak f\u0151orvosak\u00e9nt is m\u0171k\u00f6d\u00f6tt. Orvosi t\u00e1rgy\u00fa cikkek mellett publicisztik\u00e1val is foglalkozott, valamint szerzett egy n\u00e9gyfelvon\u00e1sos oper\u00e1t is (1850). \u00cdrt t\u00f6bbek k\u00f6z\u00f6tt a G\u00f6rgei-Kossuth k\u00e9rd\u00e9sr\u0151l \u00e9s hirdette Semmelweis tanait. 1905-ben vonult nyugd\u00edjba, ezzel megsz\u0171nt a homeop\u00e1tia oktat\u00e1sa a budapesti orvoskaron. Intenz\u00edv kapcsolatot \u00e1polt a szabadk\u0151m\u0171ves mozgalommal. A pesti \u201eSzent Istv\u00e1n P\u00e1holy\u201d szertart\u00e1smestere, majd f\u0151mestere, m\u00e1s forr\u00e1s szerint az \u201eEgyess\u00e9g a haz\u00e1ban\u201d p\u00e1holy f\u0151mestere, k\u00e9s\u0151bb a nagyp\u00e1holy f\u0151fel\u00fcgyel\u0151je volt. 1866-1873 k\u00f6z\u00f6tt a Hasonszenvi Lapok f\u0151munkat\u00e1rsak\u00e9nt, majd 1875-ig szerkeszt\u0151jek\u00e9nt m\u0171k\u00f6d\u00f6tt.<\/p>\n<p style=\"text-align: justify\">F\u0151bb munk\u00e1i: Orsz\u00e1gos testgyakorlat. Pest, 1861. K\u00fcl\u00f6nnyomat az Orvosi Hetilapb\u00f3l.; A t\u00fcd\u0151h\u00f3lyagcs\u00e1k h\u00e1mja feletti vita. Pest, 1865.; A hasonszenv\u00e9szet jogig\u00e9nyei a tudom\u00e1ny \u00e9s emberis\u00e9g \u00e9rdek\u00e9ben. Pest, 1868.; Die Katarrhalische Pneumonie vom pathol.-histol. Standpunkte. Bp., 1873.; A hurutos t\u00fcd\u0151lob k\u00f3r-sz\u00f6vettanilag tekintve. Bp., 1874.; Eine psychologisch-philosophische Reflexion. Bp., 1876.; A hasonszenvi iskola term\u00e9szettudom\u00e1nyi m\u00f3dszere. Bp., 1877.; Zur Verst\u00e4ndigung noch einmal: Noumenorum non datur scientia. Leipzig, 1877.; Zur Reform der medicinischen Therapie. Berlin, 1882.; Hahnemann redivivus. Leipzig, 1883.; A Karyomitosis \u00e9s a biologikus orvosszeri gy\u00f3gytan alapelve Bp., 1884. Ugyanez n\u00e9met\u00fcl. Berlin, 1884.; Az orvosszeres t\u00fcneti antipyresis bir\u00e1lata. Bp., 1884. K\u00fcl\u00f6nnyomat a Gy\u00f3gy\u00e1szatb\u00f3l. Ugyanez n\u00e9met\u00fcl a Pester Med. Chirurg. Presseb\u0151l 1885.; \u00c1ll\u00e1spontunk. \u2013 Gy\u00f3gy\u00edt\u00f3 tanunk dosol\u00f3gi\u00e1ja \u2013 Az idegszervek dosol\u00f3gi\u00e1ja. In: Homeopathia, 1895.; Bevezet\u00e9s az orvosszertanba. In: Homeopathia, 1896.<\/p>\n<p style=\"text-align: justify\">Forr\u00e1s: http:\/\/www.nevpont.hu\/view\/671<\/p>\n<p><a href=\"https:\/\/semmelweis.hu\/baratikor\/galeria\/teljes-nevlista\/bakody-tivadar-jozsef\/bakody-tivadar-1857\/\" rel=\"attachment wp-att-1468\"><img loading=\"lazy\" decoding=\"async\" class=\"alignleft size-medium wp-image-1468\" src=\"https:\/\/semmelweis.hu\/baratikor\/files\/2023\/01\/Bakody-Tivadar-1857-321x400.jpg\" alt=\"\" width=\"321\" height=\"400\" srcset=\"https:\/\/semmelweis.hu\/baratikor\/files\/2023\/01\/Bakody-Tivadar-1857-321x400.jpg 321w, https:\/\/semmelweis.hu\/baratikor\/files\/2023\/01\/Bakody-Tivadar-1857-768x958.jpg 768w, https:\/\/semmelweis.hu\/baratikor\/files\/2023\/01\/Bakody-Tivadar-1857-753x939.jpg 753w, https:\/\/semmelweis.hu\/baratikor\/files\/2023\/01\/Bakody-Tivadar-1857.jpg 802w\" sizes=\"auto, (max-width: 321px) 100vw, 321px\" \/><\/a><\/p>\n","protected":false},"excerpt":{"rendered":"<p><a href=\"https:\/\/semmelweis.hu\/baratikor\/galeria\/teljes-nevlista\/bakody-tivadar-jozsef\/bakody-tivadar-1\/\" rel=\"attachment wp-att-1467\"><\/a> (Gy\u0151r, 1825. m\u00e1jus 4. &#8211; Budapest, 1911. m\u00e1rcius 29.) Orvosdinasztia tagja volt, \u00e9desapja, Bakodi J\u00f3zsef szint\u00e9n orvos, fia, \u00c1rp\u00e1d ugyancsak erre a p\u00e1ly\u00e1ra l\u00e9pett. Pesten \u00e9s Lipcs\u00e9ben (1845-1848) b\u00f6lcs\u00e9szeti \u00e9s jogi tanulm\u00e1nyokat folytatott. A szabads\u00e1gharcban G\u00f6rgei f\u0151hadisz\u00e1ll\u00e1s\u00e1n szolg\u00e1lt honv\u00e9d kapit\u00e1nyk\u00e9nt. Orvosi tanulm\u00e1nyokat 1850-t\u0151l B\u00e9csben folytatott, ahol 1854-ben szerzett oklevelet. Apj\u00e1hoz hasonl\u00f3an az akkoriban elterjedt homeopata &hellip;<\/p>\n","protected":false},"author":282,"featured_media":5349,"parent":347,"menu_order":0,"comment_status":"closed","ping_status":"closed","template":"template-fullwidth.php","meta":{"_acf_changed":false,"footnotes":""},"categories":[77,16,14],"tags":[],"class_list":["post-1208","page","type-page","status-publish","has-post-thumbnail","hentry","category-kegyeleti-adattar","category-tanszekvezetok","category-teljes-nevlista"],"acf":[],"_links":{"self":[{"href":"https:\/\/semmelweis.hu\/baratikor\/wp-json\/wp\/v2\/pages\/1208","targetHints":{"allow":["GET"]}}],"collection":[{"href":"https:\/\/semmelweis.hu\/baratikor\/wp-json\/wp\/v2\/pages"}],"about":[{"href":"https:\/\/semmelweis.hu\/baratikor\/wp-json\/wp\/v2\/types\/page"}],"author":[{"embeddable":true,"href":"https:\/\/semmelweis.hu\/baratikor\/wp-json\/wp\/v2\/users\/282"}],"replies":[{"embeddable":true,"href":"https:\/\/semmelweis.hu\/baratikor\/wp-json\/wp\/v2\/comments?post=1208"}],"version-history":[{"count":3,"href":"https:\/\/semmelweis.hu\/baratikor\/wp-json\/wp\/v2\/pages\/1208\/revisions"}],"predecessor-version":[{"id":1469,"href":"https:\/\/semmelweis.hu\/baratikor\/wp-json\/wp\/v2\/pages\/1208\/revisions\/1469"}],"up":[{"embeddable":true,"href":"https:\/\/semmelweis.hu\/baratikor\/wp-json\/wp\/v2\/pages\/347"}],"wp:featuredmedia":[{"embeddable":true,"href":"https:\/\/semmelweis.hu\/baratikor\/wp-json\/wp\/v2\/media\/5349"}],"wp:attachment":[{"href":"https:\/\/semmelweis.hu\/baratikor\/wp-json\/wp\/v2\/media?parent=1208"}],"wp:term":[{"taxonomy":"category","embeddable":true,"href":"https:\/\/semmelweis.hu\/baratikor\/wp-json\/wp\/v2\/categories?post=1208"},{"taxonomy":"post_tag","embeddable":true,"href":"https:\/\/semmelweis.hu\/baratikor\/wp-json\/wp\/v2\/tags?post=1208"}],"curies":[{"name":"wp","href":"https:\/\/api.w.org\/{rel}","templated":true}]}}