{"id":1180,"date":"2022-09-14T08:54:57","date_gmt":"2022-09-14T06:54:57","guid":{"rendered":"https:\/\/semmelweis.hu\/baratikor\/?page_id=1180"},"modified":"2023-06-29T09:41:43","modified_gmt":"2023-06-29T07:41:43","slug":"balogh-kalman","status":"publish","type":"page","link":"https:\/\/semmelweis.hu\/baratikor\/galeria\/teljes-nevlista\/balogh-kalman\/","title":{"rendered":"Balogh K\u00e1lm\u00e1n"},"content":{"rendered":"<p style=\"text-align: justify\"><strong><a href=\"https:\/\/semmelweis.hu\/baratikor\/files\/2022\/09\/167_11.jpg\"><img loading=\"lazy\" decoding=\"async\" class=\"alignleft size-full wp-image-1181\" src=\"https:\/\/semmelweis.hu\/baratikor\/files\/2022\/09\/167_11.jpg\" alt=\"\" width=\"295\" height=\"370\" \/><\/a>(Szolnok, 1835. szeptember 28 . &#8211; Budapest, 1888. j\u00falius 15.)<\/strong><\/p>\n<p style=\"text-align: justify\">D\u00e9k\u00e1n: 1880\/81 &#8211; 1887\/88<\/p>\n<p style=\"text-align: justify\">Gimn\u00e1ziumi \u00e9veit az egri l\u00edceumban t\u00f6lt\u00f6tte, majd a pesti Orvoskarra iratkozott, ahol 1859-ben kapott oklevelet. Ezut\u00e1n, 1860 augusztus\u00e1t\u00f3l az \u00e9lettani tansz\u00e9ken v\u00e1llalt tan\u00e1rseg\u00e9di \u00e1ll\u00e1st Czerm\u00e1k J\u00e1nos professzor mellett. 1862 november\u00e9ben mag\u00e1ntan\u00e1ri habilit\u00e1ci\u00f3t szerzett a k\u00f3r\u00e9lettan \u00e9s k\u00f3rsz\u00f6vettan t\u00e1rgyk\u00f6r\u00e9ben. \u00c9lettan k\u00f6nyv\u00e9\u00e9rt akad\u00e9miai jutalmat kapott. 1863. november 1-j\u00e9n a kolozsv\u00e1ri orvos-seb\u00e9szi int\u00e9zet rendes tan\u00e1ra lett, ahol \u00e9lettant, \u00e1ltal\u00e1nos k\u00f3rtant \u00e9s t\u00f6rv\u00e9nysz\u00e9ki orvostant adott el\u0151, valamint a klinikai boncol\u00e1sokat is \u0151 v\u00e9gezte. 1867 szeptember\u00e9ben visszat\u00e9rt Pestre, ahol a seb\u00e9szn\u00f6vend\u00e9keknek adott el\u0151 elm\u00e9leti orvostant. Az orvosi \u00e9s seb\u00e9szi kurzusok egyes\u00edt\u00e9sekor, 1872 \u00e1prilis\u00e1t\u00f3l a gy\u00f3gyszertan tan\u00e1ra lett \u00e9s helyettesk\u00e9nt az \u00e1ltal\u00e1nos k\u00f3rtan oktat\u00e1s\u00e1t is ell\u00e1tta 1883-ig. Megalap\u00edt\u00f3ja volt a hazai k\u00eds\u00e9rletes gy\u00f3gyszertannak. Kutat\u00e1sokat v\u00e9gzett a r\u00e1kkal \u00e9s egy\u00e9b daganatokkal, a gyullad\u00e1sokkal, k\u00fcl\u00f6nf\u00e9le alkaloidok hat\u00e1s\u00e1val kapcsolatosan. A sejtk\u00f3rtannak \u00e9s Pasteur tan\u00edt\u00e1sainak hazai ismertet\u0151je. Els\u0151k k\u00f6z\u00f6tt v\u00e9gzett haz\u00e1nkban bakteriol\u00f3giai kutat\u00e1sokat (anthrax, pneumonia k\u00f3rokoz\u00f3i). 1868-t\u00f3l kari jegyz\u0151i, majd 1880-t\u00f3l nyolc tan\u00e9ven \u00e1t d\u00e9k\u00e1ni hivatalt t\u00f6lt\u00f6tt be. \u0150 volt a kari reformok egyik f\u0151 el\u0151mozd\u00edt\u00f3ja. Akt\u00edv szakmapolitikai tev\u00e9kenys\u00e9get is kifejtett. 25 \u00e9ven \u00e1t volt f\u0151munkat\u00e1rsa az Orvosi Hetilapnak, titk\u00e1ra, majd 1872-t\u0151l aleln\u00f6ke a Term\u00e9szettudom\u00e1nyi T\u00e1rsulatnak. 1864. janu\u00e1r 20-t\u00f3l az Akad\u00e9mia levelez\u0151, 1877. m\u00e1jus 24-t\u0151l pedig rendes tagja. Munk\u00e1ss\u00e1ga elismer\u00e9sek\u00e9nt 1881-ben a kir\u00e1ly a III. oszt\u00e1ly\u00fa vaskorona renddel t\u00fcntette ki.<\/p>\n<p style=\"text-align: justify\">(F\u0151bb munk\u00e1i: Az ember \u00e9lettana I-II. Pest, 1862\u201364.; \u00c1ltal\u00e1nos k\u00f3r- \u00e9s k\u00f3rjelz\u00e9stan. Pest, 1865.; Gy\u00f3gyszertan. Pest, 1866.; Magyar gy\u00f3gyszerk\u00f6nyv. Pharmacopoea Hungarica. Pest, 1871. \/N\u00f6v\u00e9nytani gy\u00f3gyszerismei r\u00e9sz\/.; Orvosi m\u0171sz\u00f3t\u00e1r. T\u00f6bbek k\u00f6zrem\u0171k\u00f6d\u00e9s\u00e9vel. Bp. 1883.)\u0171<\/p>\n<p><a href=\"https:\/\/semmelweis.hu\/baratikor\/files\/2022\/09\/167_21.jpg\"><img loading=\"lazy\" decoding=\"async\" class=\"alignleft size-full wp-image-1182\" src=\"https:\/\/semmelweis.hu\/baratikor\/files\/2022\/09\/167_21.jpg\" alt=\"\" width=\"283\" height=\"381\" \/><\/a><a href=\"https:\/\/semmelweis.hu\/baratikor\/files\/2022\/09\/167_31.jpg\"><img loading=\"lazy\" decoding=\"async\" class=\"alignleft size-full wp-image-1183\" src=\"https:\/\/semmelweis.hu\/baratikor\/files\/2022\/09\/167_31.jpg\" alt=\"\" width=\"283\" height=\"338\" \/><\/a><a href=\"https:\/\/semmelweis.hu\/baratikor\/files\/2022\/09\/167_41.jpg\"><img loading=\"lazy\" decoding=\"async\" class=\"alignleft size-full wp-image-1184\" src=\"https:\/\/semmelweis.hu\/baratikor\/files\/2022\/09\/167_41.jpg\" alt=\"\" width=\"283\" height=\"432\" srcset=\"https:\/\/semmelweis.hu\/baratikor\/files\/2022\/09\/167_41.jpg 283w, https:\/\/semmelweis.hu\/baratikor\/files\/2022\/09\/167_41-262x400.jpg 262w\" sizes=\"auto, (max-width: 283px) 100vw, 283px\" \/><\/a><\/p>\n","protected":false},"excerpt":{"rendered":"<p><a href=\"https:\/\/semmelweis.hu\/baratikor\/files\/2022\/09\/167_11.jpg\"><\/a> (Szolnok, 1835. szeptember 28 . &#8211; Budapest, 1888. j\u00falius 15.) D\u00e9k\u00e1n: 1880\/81 &#8211; 1887\/88 Gimn\u00e1ziumi \u00e9veit az egri l\u00edceumban t\u00f6lt\u00f6tte, majd a pesti Orvoskarra iratkozott, ahol 1859-ben kapott oklevelet. Ezut\u00e1n, 1860 augusztus\u00e1t\u00f3l az \u00e9lettani tansz\u00e9ken v\u00e1llalt tan\u00e1rseg\u00e9di \u00e1ll\u00e1st Czerm\u00e1k J\u00e1nos professzor mellett. 1862 november\u00e9ben mag\u00e1ntan\u00e1ri habilit\u00e1ci\u00f3t szerzett a k\u00f3r\u00e9lettan \u00e9s k\u00f3rsz\u00f6vettan t\u00e1rgyk\u00f6r\u00e9ben. \u00c9lettan k\u00f6nyv\u00e9\u00e9rt akad\u00e9miai &hellip;<\/p>\n","protected":false},"author":282,"featured_media":4322,"parent":347,"menu_order":0,"comment_status":"closed","ping_status":"closed","template":"template-fullwidth.php","meta":{"_acf_changed":false,"footnotes":""},"categories":[6,20,77,81,14],"tags":[],"class_list":["post-1180","page","type-page","status-publish","has-post-thumbnail","hentry","category-dekanok","category-dekanok-karok-szerint","category-kegyeleti-adattar","category-orvosi-kar-dekanjai","category-teljes-nevlista"],"acf":[],"_links":{"self":[{"href":"https:\/\/semmelweis.hu\/baratikor\/wp-json\/wp\/v2\/pages\/1180","targetHints":{"allow":["GET"]}}],"collection":[{"href":"https:\/\/semmelweis.hu\/baratikor\/wp-json\/wp\/v2\/pages"}],"about":[{"href":"https:\/\/semmelweis.hu\/baratikor\/wp-json\/wp\/v2\/types\/page"}],"author":[{"embeddable":true,"href":"https:\/\/semmelweis.hu\/baratikor\/wp-json\/wp\/v2\/users\/282"}],"replies":[{"embeddable":true,"href":"https:\/\/semmelweis.hu\/baratikor\/wp-json\/wp\/v2\/comments?post=1180"}],"version-history":[{"count":1,"href":"https:\/\/semmelweis.hu\/baratikor\/wp-json\/wp\/v2\/pages\/1180\/revisions"}],"predecessor-version":[{"id":1185,"href":"https:\/\/semmelweis.hu\/baratikor\/wp-json\/wp\/v2\/pages\/1180\/revisions\/1185"}],"up":[{"embeddable":true,"href":"https:\/\/semmelweis.hu\/baratikor\/wp-json\/wp\/v2\/pages\/347"}],"wp:featuredmedia":[{"embeddable":true,"href":"https:\/\/semmelweis.hu\/baratikor\/wp-json\/wp\/v2\/media\/4322"}],"wp:attachment":[{"href":"https:\/\/semmelweis.hu\/baratikor\/wp-json\/wp\/v2\/media?parent=1180"}],"wp:term":[{"taxonomy":"category","embeddable":true,"href":"https:\/\/semmelweis.hu\/baratikor\/wp-json\/wp\/v2\/categories?post=1180"},{"taxonomy":"post_tag","embeddable":true,"href":"https:\/\/semmelweis.hu\/baratikor\/wp-json\/wp\/v2\/tags?post=1180"}],"curies":[{"name":"wp","href":"https:\/\/api.w.org\/{rel}","templated":true}]}}