{"id":1177,"date":"2022-09-14T08:39:31","date_gmt":"2022-09-14T06:39:31","guid":{"rendered":"https:\/\/semmelweis.hu\/baratikor\/?page_id=1177"},"modified":"2023-01-09T11:34:32","modified_gmt":"2023-01-09T10:34:32","slug":"tauffer-vilmos","status":"publish","type":"page","link":"https:\/\/semmelweis.hu\/baratikor\/galeria\/teljes-nevlista\/tauffer-vilmos\/","title":{"rendered":"Tauffer Vilmos"},"content":{"rendered":"<p style=\"text-align: justify\"><strong><a href=\"https:\/\/semmelweis.hu\/baratikor\/files\/2022\/09\/080_11.jpg\"><img loading=\"lazy\" decoding=\"async\" class=\"alignleft size-full wp-image-1178\" src=\"https:\/\/semmelweis.hu\/baratikor\/files\/2022\/09\/080_11.jpg\" alt=\"\" width=\"295\" height=\"370\" \/><\/a>(Kolozsv\u00e1r, 1851 &#8211; Budapest, 1934)<\/strong><\/p>\n<p style=\"text-align: justify\">Orvosi tanulm\u00e1nyait a budapesti \u00e9s a b\u00e9csi egyetemen v\u00e9gezte. 1874-ben avatt\u00e1k orvosdoktorr\u00e1, ett\u0151l az \u00e9vt\u0151l gyakornok volt a budapesti sz\u00fcl\u00e9szeti klinik\u00e1n. 1876-1878-ig tan\u00e1rseg\u00e9dk\u00e9nt dolgozott Freiburgban Alfred Hegar mellett. 1879-ben tan\u00e1rseg\u00e9d majd a sz\u00fcl\u00e9szeti m\u0171t\u00e9ttan mag\u00e1ntan\u00e1ra lett a budapesti sz\u00fcl\u00e9szeti klinik\u00e1n, ahol n\u00e9h\u00e1ny szob\u00e1b\u00f3l \u00e1ll\u00f3 saj\u00e1t kis oszt\u00e1lyt rendeztek be neki, hogy az akkoriban m\u00e9g rendk\u00edv\u00fcl \u00fajnak sz\u00e1m\u00edt\u00f3 szakm\u00e1t, a n\u0151gy\u00f3gy\u00e1szatot m\u0171velhesse. 1881-1918-ig nyilv\u00e1nos rendes tan\u00e1rk\u00e9nt vezette a budapesti II. sz. Sz\u00fcl\u00e9szeti- \u00e9s N\u0151gy\u00f3gy\u00e1szati Klinik\u00e1t. Az Orsz\u00e1gos K\u00f6zeg\u00e9szs\u00e9g\u00fcgyi Tan\u00e1cs rendk\u00edv\u00fcli, majd 1902-t\u0151l rendes tagja volt. Ugyanebben az \u00e9vben megkapta a magyar kir\u00e1lyi udvari tan\u00e1csosi c\u00edmet. Jelent\u0151s \u00e9rdemei vannak a korszer\u0171 sz\u00fcl\u00e9szeti \u00e9s n\u0151gy\u00f3gy\u00e1szati m\u0171t\u00e9tek, a cs\u00e1sz\u00e1rmetsz\u00e9s, a transvaginalis m\u00e9hr\u00e1km\u0171t\u00e9t, \u00e9s a sugaras m\u00e9hr\u00e1kkezel\u00e9s meghonos\u00edt\u00e1sa ter\u00e9n. Els\u0151nek v\u00e9gezte a s\u00e9r\u00fclt ur\u00e9ter varr\u00e1s\u00e1t. Els\u0151nek v\u00e9gzett Magyarorsz\u00e1gon epeh\u00f3lyagm\u0171t\u00e9tet \u00e9s vesekiirt\u00e1st. Megteremtette az operat\u00edv n\u0151gy\u00f3gy\u00e1szatot haz\u00e1nkban, kiterjedt iskol\u00e1t alap\u00edtott. Megreform\u00e1lta a sz\u00fcl\u00e9szn\u0151k\u00e9pz\u00e9st, kidolgozta a sz\u00fcl\u00e9szeti rendtart\u00e1st, amelyet 1928-ban vezettek be.<\/p>\n","protected":false},"excerpt":{"rendered":"<p><a href=\"https:\/\/semmelweis.hu\/baratikor\/files\/2022\/09\/080_11.jpg\"><\/a> (Kolozsv\u00e1r, 1851 &#8211; Budapest, 1934) Orvosi tanulm\u00e1nyait a budapesti \u00e9s a b\u00e9csi egyetemen v\u00e9gezte. 1874-ben avatt\u00e1k orvosdoktorr\u00e1, ett\u0151l az \u00e9vt\u0151l gyakornok volt a budapesti sz\u00fcl\u00e9szeti klinik\u00e1n. 1876-1878-ig tan\u00e1rseg\u00e9dk\u00e9nt dolgozott Freiburgban Alfred Hegar mellett. 1879-ben tan\u00e1rseg\u00e9d majd a sz\u00fcl\u00e9szeti m\u0171t\u00e9ttan mag\u00e1ntan\u00e1ra lett a budapesti sz\u00fcl\u00e9szeti klinik\u00e1n, ahol n\u00e9h\u00e1ny szob\u00e1b\u00f3l \u00e1ll\u00f3 saj\u00e1t kis oszt\u00e1lyt rendeztek be neki, &hellip;<\/p>\n","protected":false},"author":282,"featured_media":1178,"parent":347,"menu_order":0,"comment_status":"closed","ping_status":"closed","template":"template-fullwidth.php","meta":{"_acf_changed":false,"footnotes":""},"categories":[77,16,14],"tags":[],"class_list":["post-1177","page","type-page","status-publish","has-post-thumbnail","hentry","category-kegyeleti-adattar","category-tanszekvezetok","category-teljes-nevlista"],"acf":[],"_links":{"self":[{"href":"https:\/\/semmelweis.hu\/baratikor\/wp-json\/wp\/v2\/pages\/1177","targetHints":{"allow":["GET"]}}],"collection":[{"href":"https:\/\/semmelweis.hu\/baratikor\/wp-json\/wp\/v2\/pages"}],"about":[{"href":"https:\/\/semmelweis.hu\/baratikor\/wp-json\/wp\/v2\/types\/page"}],"author":[{"embeddable":true,"href":"https:\/\/semmelweis.hu\/baratikor\/wp-json\/wp\/v2\/users\/282"}],"replies":[{"embeddable":true,"href":"https:\/\/semmelweis.hu\/baratikor\/wp-json\/wp\/v2\/comments?post=1177"}],"version-history":[{"count":1,"href":"https:\/\/semmelweis.hu\/baratikor\/wp-json\/wp\/v2\/pages\/1177\/revisions"}],"predecessor-version":[{"id":1179,"href":"https:\/\/semmelweis.hu\/baratikor\/wp-json\/wp\/v2\/pages\/1177\/revisions\/1179"}],"up":[{"embeddable":true,"href":"https:\/\/semmelweis.hu\/baratikor\/wp-json\/wp\/v2\/pages\/347"}],"wp:featuredmedia":[{"embeddable":true,"href":"https:\/\/semmelweis.hu\/baratikor\/wp-json\/wp\/v2\/media\/1178"}],"wp:attachment":[{"href":"https:\/\/semmelweis.hu\/baratikor\/wp-json\/wp\/v2\/media?parent=1177"}],"wp:term":[{"taxonomy":"category","embeddable":true,"href":"https:\/\/semmelweis.hu\/baratikor\/wp-json\/wp\/v2\/categories?post=1177"},{"taxonomy":"post_tag","embeddable":true,"href":"https:\/\/semmelweis.hu\/baratikor\/wp-json\/wp\/v2\/tags?post=1177"}],"curies":[{"name":"wp","href":"https:\/\/api.w.org\/{rel}","templated":true}]}}