{"id":1174,"date":"2022-09-14T08:38:03","date_gmt":"2022-09-14T06:38:03","guid":{"rendered":"https:\/\/semmelweis.hu\/baratikor\/?page_id=1174"},"modified":"2023-10-11T16:19:19","modified_gmt":"2023-10-11T14:19:19","slug":"laufenauer-karoly","status":"publish","type":"page","link":"https:\/\/semmelweis.hu\/baratikor\/galeria\/teljes-nevlista\/laufenauer-karoly\/","title":{"rendered":"Laufenauer K\u00e1roly"},"content":{"rendered":"<p style=\"text-align: justify\"><strong><a href=\"https:\/\/semmelweis.hu\/baratikor\/galeria\/teljes-nevlista\/laufenauer-karoly\/laufenauer-karoly-2\/\" rel=\"attachment wp-att-1999\"><img loading=\"lazy\" decoding=\"async\" class=\"alignleft size-medium wp-image-1999\" src=\"https:\/\/semmelweis.hu\/baratikor\/files\/2023\/01\/Laufenauer-Karoly-270x400.jpg\" alt=\"\" width=\"270\" height=\"400\" srcset=\"https:\/\/semmelweis.hu\/baratikor\/files\/2023\/01\/Laufenauer-Karoly-270x400.jpg 270w, https:\/\/semmelweis.hu\/baratikor\/files\/2023\/01\/Laufenauer-Karoly.jpg 675w\" sizes=\"auto, (max-width: 270px) 100vw, 270px\" \/><\/a><\/strong><strong>Laufenauer K\u00e1roly (Sz\u00e9kesfeh\u00e9rv\u00e1r, 1848. j\u00fanius 23. &#8211; Budapest, 1901. \u00e1prilis 27.) <\/strong><\/p>\n<p style=\"text-align: justify\"><strong>Tansz\u00e9k: <\/strong>elmek\u00f3r- \u00e9s gy\u00f3gytan tansz\u00e9k (1882).<\/p>\n<p style=\"text-align: justify\">K\u00f6z\u00e9piskol\u00e1t sz\u00fcl\u0151v\u00e1ros\u00e1ban, egyetemi tanulm\u00e1nyait Pesten v\u00e9gezte, 1873. december 13-\u00e1n kapott orvosi, seb\u00e9szi \u00e9s sz\u00fcl\u00e9szmesteri oklevelet. Ezut\u00e1n 1876-ig a Schwartzer-f\u00e9le elme- \u00e9s ideggy\u00f3gyint\u00e9zetben dolgozott, majd egyetemi \u00f6szt\u00f6nd\u00edjjal egy \u00e9vet t\u00f6lt\u00f6tt B\u00e9csben Theodor Hermann Andreas Meynert, illetve Berlinben Karl Friedrich Otto Westphal klinik\u00e1j\u00e1n, ahol ideggy\u00f3gy\u00e1szattal foglalkozott. Visszat\u00e9rve, 1878-ban mag\u00e1ntan\u00e1ri k\u00e9pes\u00edt\u00e9st szerzett az elmek\u00f3r- \u00e9s gy\u00f3gytanb\u00f3l. Ezut\u00e1n a lip\u00f3tmezei elmegy\u00f3gyint\u00e9zetben m\u0171k\u00f6d\u00f6tt m\u00e1sodorvosk\u00e9nt. 1881-t\u0151l a Szent R\u00f3kus k\u00f3rh\u00e1z rendel\u0151 orvosa, majd 1882 augusztus\u00e1ban rendk\u00edv\u00fcli tan\u00e1rk\u00e9nt megh\u00edv\u00e1st kapott a budapesti egyetemt\u0151l az \u00fajonnan fel\u00e1ll\u00edtott elmek\u00f3r- \u00e9s gy\u00f3gytan tansz\u00e9k \u00e9l\u00e9re. A f\u0151v\u00e1ros hozz\u00e1j\u00e1rul\u00e1s\u00e1val a Szent R\u00f3kus k\u00f3rh\u00e1zbeli betegeit haszn\u00e1lhatta tansz\u00e9ki bemutat\u00e1si c\u00e9lokra. 1890 \u0151sz\u00e9n kapott rendes tan\u00e1ri kinevez\u00e9st, egyben megb\u00edz\u00e1st az idegk\u00f3r- \u00e9s gy\u00f3gytan oktat\u00e1s\u00e1ra. 1891. m\u00e1jus 8-\u00e1n a Magyar Tudom\u00e1nyos Akad\u00e9mia levelez\u0151 tagj\u00e1v\u00e1 v\u00e1lasztotta. Egyetemi tan\u00e1rs\u00e1ga mellett a Szent J\u00e1nos k\u00f3rh\u00e1z rendel\u0151 orvosak\u00e9nt is dolgozott.<\/p>\n<p style=\"text-align: justify\">Rendes \u00e9s v\u00e1lasztm\u00e1nyi tagja volt a Budapesti Kir. Orvosegyletnek, a K\u00f6zeg\u00e9szs\u00e9g\u00fcgyi Egyes\u00fcletnek \u00e9s a Kir. Term\u00e9szettudom\u00e1nyi T\u00e1rsulatnak. A b\u00e9csi Elmek\u00f3rtani T\u00e1rsulatnak \u00e9s a magyar Jog\u00e1sz-egylet b\u00f6rt\u00f6n\u00fcgyi bizotts\u00e1g\u00e1nak rendes, a p\u00e1rizsi Soci\u00e9t\u00e9 M\u00e9dico-Psychologique-nak levelez\u0151 tagja volt. Eln\u00f6k\u00f6lte az 1894 szeptember\u00e9ben Budapesten tartott VIII. nemzetk\u00f6zi k\u00f6zeg\u00e9szs\u00e9g\u00fcgyi \u00e9s demogr\u00e1fiai kongresszus testi \u00e9s szellemi fogyatkoz\u00e1sok statisztik\u00e1j\u00e1val foglalkoz\u00f3 szakoszt\u00e1ly\u00e1t. Korai hal\u00e1la ut\u00e1n tan\u00edtv\u00e1nya, Moravcsik Ern\u0151 Emil vette \u00e1t a tansz\u00e9ket.<\/p>\n<p style=\"text-align: justify\"><strong>F\u0151bb munk\u00e1i:<\/strong> Az elmegy\u00f3gyint\u00e9zetek t\u00falt\u00f6m\u00f6tts\u00e9ge, annak okai \u00e9s elh\u00e1r\u00edt\u00e1sa. Bp., 1875.; Agysz\u00f6vettani vizsg\u00e1latok. Bp., 1879.; Vizsg\u00e1latok az agy corticalis l\u00e1t\u00f3mezej\u00e9r\u0151l. Bp., 1880.; Az agym\u0171k\u00f6d\u00e9sek localisatioj\u00e1r\u00f3l k\u00fcl\u00f6n\u00f6s tekintettel az \u00e9rz\u0151 k\u00e9regmez\u0151kre. Bp., 1882.; Az eml\u00e9kez\u0151 tehets\u00e9gekr\u0151l. Bp., 1884.; K\u00e9tes elme\u00e1llapotok a t\u00f6rv\u00e9nysz\u00e9k el\u0151tt. Bp., 1893.; El\u0151ad\u00e1sok az ideg\u00e9let vil\u00e1g\u00e1b\u00f3l. Bp. 1899.; A m\u00falt sz\u00e1zadi boszork\u00e1nyperek H\u00f3dmez\u0151v\u00e1s\u00e1rhelyt. Akad\u00e9miai sz\u00e9kfoglal\u00f3. MTA, Bp., 1899.<\/p>\n<p style=\"text-align: justify\"><strong>Nyughelye:<\/strong> Budapest, Fiumei \u00fati temet\u0151 28\/0\/1-A\/39.<\/p>\n<p><strong><a href=\"https:\/\/semmelweis.hu\/baratikor\/galeria\/teljes-nevlista\/laufenauer-karoly\/laufenauer-karoly-sirja-fiumei-ut\/\" rel=\"attachment wp-att-2000\"><img loading=\"lazy\" decoding=\"async\" class=\"alignleft size-medium wp-image-2000\" src=\"https:\/\/semmelweis.hu\/baratikor\/files\/2023\/01\/Laufenauer-Karoly-sirja-Fiumei-ut-267x400.jpg\" alt=\"\" width=\"267\" height=\"400\" srcset=\"https:\/\/semmelweis.hu\/baratikor\/files\/2023\/01\/Laufenauer-Karoly-sirja-Fiumei-ut-267x400.jpg 267w, https:\/\/semmelweis.hu\/baratikor\/files\/2023\/01\/Laufenauer-Karoly-sirja-Fiumei-ut.jpg 667w\" sizes=\"auto, (max-width: 267px) 100vw, 267px\" \/><\/a><\/strong><\/p>\n","protected":false},"excerpt":{"rendered":"<p><a href=\"https:\/\/semmelweis.hu\/baratikor\/galeria\/teljes-nevlista\/laufenauer-karoly\/laufenauer-karoly-2\/\" rel=\"attachment wp-att-1999\"><\/a> Laufenauer K\u00e1roly (Sz\u00e9kesfeh\u00e9rv\u00e1r, 1848. j\u00fanius 23. &#8211; Budapest, 1901. \u00e1prilis 27.) Tansz\u00e9k: elmek\u00f3r- \u00e9s gy\u00f3gytan tansz\u00e9k (1882). K\u00f6z\u00e9piskol\u00e1t sz\u00fcl\u0151v\u00e1ros\u00e1ban, egyetemi tanulm\u00e1nyait Pesten v\u00e9gezte, 1873. december 13-\u00e1n kapott orvosi, seb\u00e9szi \u00e9s sz\u00fcl\u00e9szmesteri oklevelet. Ezut\u00e1n 1876-ig a Schwartzer-f\u00e9le elme- \u00e9s ideggy\u00f3gyint\u00e9zetben dolgozott, majd egyetemi \u00f6szt\u00f6nd\u00edjjal egy \u00e9vet t\u00f6lt\u00f6tt B\u00e9csben Theodor Hermann Andreas Meynert, illetve Berlinben Karl Friedrich &hellip;<\/p>\n","protected":false},"author":282,"featured_media":5404,"parent":347,"menu_order":0,"comment_status":"closed","ping_status":"closed","template":"template-fullwidth.php","meta":{"_acf_changed":false,"footnotes":""},"categories":[77,16,14],"tags":[],"class_list":["post-1174","page","type-page","status-publish","has-post-thumbnail","hentry","category-kegyeleti-adattar","category-tanszekvezetok","category-teljes-nevlista"],"acf":[],"_links":{"self":[{"href":"https:\/\/semmelweis.hu\/baratikor\/wp-json\/wp\/v2\/pages\/1174","targetHints":{"allow":["GET"]}}],"collection":[{"href":"https:\/\/semmelweis.hu\/baratikor\/wp-json\/wp\/v2\/pages"}],"about":[{"href":"https:\/\/semmelweis.hu\/baratikor\/wp-json\/wp\/v2\/types\/page"}],"author":[{"embeddable":true,"href":"https:\/\/semmelweis.hu\/baratikor\/wp-json\/wp\/v2\/users\/282"}],"replies":[{"embeddable":true,"href":"https:\/\/semmelweis.hu\/baratikor\/wp-json\/wp\/v2\/comments?post=1174"}],"version-history":[{"count":2,"href":"https:\/\/semmelweis.hu\/baratikor\/wp-json\/wp\/v2\/pages\/1174\/revisions"}],"predecessor-version":[{"id":2001,"href":"https:\/\/semmelweis.hu\/baratikor\/wp-json\/wp\/v2\/pages\/1174\/revisions\/2001"}],"up":[{"embeddable":true,"href":"https:\/\/semmelweis.hu\/baratikor\/wp-json\/wp\/v2\/pages\/347"}],"wp:featuredmedia":[{"embeddable":true,"href":"https:\/\/semmelweis.hu\/baratikor\/wp-json\/wp\/v2\/media\/5404"}],"wp:attachment":[{"href":"https:\/\/semmelweis.hu\/baratikor\/wp-json\/wp\/v2\/media?parent=1174"}],"wp:term":[{"taxonomy":"category","embeddable":true,"href":"https:\/\/semmelweis.hu\/baratikor\/wp-json\/wp\/v2\/categories?post=1174"},{"taxonomy":"post_tag","embeddable":true,"href":"https:\/\/semmelweis.hu\/baratikor\/wp-json\/wp\/v2\/tags?post=1174"}],"curies":[{"name":"wp","href":"https:\/\/api.w.org\/{rel}","templated":true}]}}