{"id":1170,"date":"2022-09-14T08:36:11","date_gmt":"2022-09-14T06:36:11","guid":{"rendered":"https:\/\/semmelweis.hu\/baratikor\/?page_id=1170"},"modified":"2023-01-09T11:18:33","modified_gmt":"2023-01-09T10:18:33","slug":"jendrassik-jeno","status":"publish","type":"page","link":"https:\/\/semmelweis.hu\/baratikor\/galeria\/teljes-nevlista\/jendrassik-jeno\/","title":{"rendered":"Jendrassik Jen\u0151"},"content":{"rendered":"<p style=\"text-align: justify\"><strong><a href=\"https:\/\/semmelweis.hu\/baratikor\/files\/2022\/09\/034_11.jpg\"><img loading=\"lazy\" decoding=\"async\" class=\"alignleft size-full wp-image-1171\" src=\"https:\/\/semmelweis.hu\/baratikor\/files\/2022\/09\/034_11.jpg\" alt=\"\" width=\"295\" height=\"318\" \/><\/a>(Kapnikb\u00e1nya, 1824. november 18. &#8211; Budapest, 1891. m\u00e1rcius 3.)<\/strong><\/p>\n<p style=\"text-align: justify\">D\u00e9k\u00e1n: 1867\/68 \u2013 1868\/69<\/p>\n<p style=\"text-align: justify\">1845-1847 k\u00f6z\u00f6tt Pesten b\u00f6lcs\u00e9szetet tanult, majd B\u00e9csben szerzett 1853-ban orvosdoktori, 1855-ben seb\u00e9szdoktori \u00e9s sz\u00fcl\u00e9szmesteri oklevelet. 1855-ben Erd\u00e9lyben r\u00e9szt vett a koleraj\u00e1rv\u00e1ny elleni k\u00fczdelemben, majd visszat\u00e9rt B\u00e9csbe, ahol Ernst Wilhelm von Br\u00fccke int\u00e9zet\u00e9ben, majd Lipcs\u00e9ben Karl Friedrich Wilhelm Ludwig laborat\u00f3rium\u00e1ban dolgozott. 1857-t\u0151l a kolozsv\u00e1ri Orvos-seb\u00e9szk\u00e9pz\u0151 Int\u00e9zetben adta el\u0151 a k\u00f3r- \u00e9s gy\u00f3gyszertant, a le\u00edr\u00f3 bonctant \u00e9s a t\u00f6rv\u00e9nysz\u00e9ki orvostant. 1860-ban, a magyar oktat\u00e1si nyelv bevezet\u00e9se miatt lek\u00f6sz\u00f6n\u0151 Jan Nepomuk Czermak ut\u00f3dak\u00e9nt megh\u00edvt\u00e1k a pesti orvoskar \u00e9lettani tansz\u00e9k\u00e9re, melyen hal\u00e1l\u00e1ig m\u0171k\u00f6d\u00f6tt. R\u00e1cz S\u00e1muel ut\u00e1n \u0151 volt a m\u00e1sodik, aki magyarul oktatta ezt a t\u00e1rgyat. 1863-t\u00f3l az MTA levelez\u0151, 1880-t\u00f3l rendes tagja. 1868-t\u00f3l r\u00e9szt vett az Orsz\u00e1gos K\u00f6zeg\u00e9szs\u00e9g\u00fcgyi Tan\u00e1cs munk\u00e1j\u00e1ban. 1871-1878 k\u00f6z\u00f6tt els\u0151k\u00e9nt adott el\u0151 k\u00fcl\u00f6n orvosi fizik\u00e1t. 1876-ban avatta fel az \u00faj, kifejezetten erre a c\u00e9lra, az \u0151 elk\u00e9pzel\u00e9sei szerint \u00e9p\u00fclt \u00e9lettani \u00e9p\u00fcletet. Az orvosi fizika els\u0151 hazai m\u0171vel\u0151je. Jelent\u0151sek a bordak\u00f6zi izmok m\u0171k\u00f6d\u00e9s\u00e9re, a szemmozg\u00e1sok m\u00e9r\u00e9s\u00e9re vonatkoz\u00f3 tanulm\u00e1nyai. T\u00f6bb \u00e9lettani regisztr\u00e1l\u00f3 k\u00e9sz\u00fcl\u00e9ket szerkesztett. Az izomm\u0171k\u00f6d\u00e9st elektromos \u00e9s m\u00e1gneses folyamatokra vezette vissza. Az izomelektromoss\u00e1g sz\u00e1mos jelens\u00e9g\u00e9t \u00edrta le, a k\u00e9rd\u00e9snek elismert kutat\u00f3ja volt. K\u00e9t tan\u00e9vben volt d\u00e9k\u00e1n (1867\/68, 1868\/69), egyszer rektor (1882\/83).<\/p>\n<p style=\"text-align: justify\">(Munk\u00e1i: K\u00e9t \u00faj szemm\u00e9r\u00e9szeti m\u00f3d. Pest, 1867.; \u00c9rtekez\u00e9s a myo-mechanika k\u00f6r\u00e9b\u0151l. Bp., 1882.; Jendrassik Jen\u0151 tan\u00e1r h\u00e1trahagyott iratai. \u00d6ssze\u00e1ll\u00edtotta dr. Jendrassik Ern\u0151, Bp., 1891.)<\/p>\n<p><a href=\"https:\/\/semmelweis.hu\/baratikor\/files\/2022\/09\/034_21.jpg\"><img loading=\"lazy\" decoding=\"async\" class=\"alignleft size-full wp-image-1172\" src=\"https:\/\/semmelweis.hu\/baratikor\/files\/2022\/09\/034_21.jpg\" alt=\"\" width=\"295\" height=\"433\" srcset=\"https:\/\/semmelweis.hu\/baratikor\/files\/2022\/09\/034_21.jpg 295w, https:\/\/semmelweis.hu\/baratikor\/files\/2022\/09\/034_21-273x400.jpg 273w\" sizes=\"auto, (max-width: 295px) 100vw, 295px\" \/><\/a><\/p>\n","protected":false},"excerpt":{"rendered":"<p><a href=\"https:\/\/semmelweis.hu\/baratikor\/files\/2022\/09\/034_11.jpg\"><\/a> (Kapnikb\u00e1nya, 1824. november 18. &#8211; Budapest, 1891. m\u00e1rcius 3.) D\u00e9k\u00e1n: 1867\/68 \u2013 1868\/69 1845-1847 k\u00f6z\u00f6tt Pesten b\u00f6lcs\u00e9szetet tanult, majd B\u00e9csben szerzett 1853-ban orvosdoktori, 1855-ben seb\u00e9szdoktori \u00e9s sz\u00fcl\u00e9szmesteri oklevelet. 1855-ben Erd\u00e9lyben r\u00e9szt vett a koleraj\u00e1rv\u00e1ny elleni k\u00fczdelemben, majd visszat\u00e9rt B\u00e9csbe, ahol Ernst Wilhelm von Br\u00fccke int\u00e9zet\u00e9ben, majd Lipcs\u00e9ben Karl Friedrich Wilhelm Ludwig laborat\u00f3rium\u00e1ban dolgozott. 1857-t\u0151l a &hellip;<\/p>\n","protected":false},"author":282,"featured_media":1171,"parent":347,"menu_order":0,"comment_status":"closed","ping_status":"closed","template":"template-fullwidth.php","meta":{"_acf_changed":false,"footnotes":""},"categories":[6,20,77,81,5,16,14],"tags":[],"class_list":["post-1170","page","type-page","status-publish","has-post-thumbnail","hentry","category-dekanok","category-dekanok-karok-szerint","category-kegyeleti-adattar","category-orvosi-kar-dekanjai","category-rektorok","category-tanszekvezetok","category-teljes-nevlista"],"acf":[],"_links":{"self":[{"href":"https:\/\/semmelweis.hu\/baratikor\/wp-json\/wp\/v2\/pages\/1170","targetHints":{"allow":["GET"]}}],"collection":[{"href":"https:\/\/semmelweis.hu\/baratikor\/wp-json\/wp\/v2\/pages"}],"about":[{"href":"https:\/\/semmelweis.hu\/baratikor\/wp-json\/wp\/v2\/types\/page"}],"author":[{"embeddable":true,"href":"https:\/\/semmelweis.hu\/baratikor\/wp-json\/wp\/v2\/users\/282"}],"replies":[{"embeddable":true,"href":"https:\/\/semmelweis.hu\/baratikor\/wp-json\/wp\/v2\/comments?post=1170"}],"version-history":[{"count":1,"href":"https:\/\/semmelweis.hu\/baratikor\/wp-json\/wp\/v2\/pages\/1170\/revisions"}],"predecessor-version":[{"id":1173,"href":"https:\/\/semmelweis.hu\/baratikor\/wp-json\/wp\/v2\/pages\/1170\/revisions\/1173"}],"up":[{"embeddable":true,"href":"https:\/\/semmelweis.hu\/baratikor\/wp-json\/wp\/v2\/pages\/347"}],"wp:featuredmedia":[{"embeddable":true,"href":"https:\/\/semmelweis.hu\/baratikor\/wp-json\/wp\/v2\/media\/1171"}],"wp:attachment":[{"href":"https:\/\/semmelweis.hu\/baratikor\/wp-json\/wp\/v2\/media?parent=1170"}],"wp:term":[{"taxonomy":"category","embeddable":true,"href":"https:\/\/semmelweis.hu\/baratikor\/wp-json\/wp\/v2\/categories?post=1170"},{"taxonomy":"post_tag","embeddable":true,"href":"https:\/\/semmelweis.hu\/baratikor\/wp-json\/wp\/v2\/tags?post=1170"}],"curies":[{"name":"wp","href":"https:\/\/api.w.org\/{rel}","templated":true}]}}