{"id":1165,"date":"2022-09-14T08:34:19","date_gmt":"2022-09-14T06:34:19","guid":{"rendered":"https:\/\/semmelweis.hu\/baratikor\/?page_id=1165"},"modified":"2023-07-11T08:46:40","modified_gmt":"2023-07-11T06:46:40","slug":"koranyi-frigyes","status":"publish","type":"page","link":"https:\/\/semmelweis.hu\/baratikor\/galeria\/teljes-nevlista\/koranyi-frigyes\/","title":{"rendered":"Kor\u00e1nyi Frigyes"},"content":{"rendered":"<p style=\"text-align: justify\"><strong><a href=\"https:\/\/semmelweis.hu\/baratikor\/files\/2022\/09\/035_11.jpg\"><img loading=\"lazy\" decoding=\"async\" class=\"alignleft size-full wp-image-1166\" src=\"https:\/\/semmelweis.hu\/baratikor\/files\/2022\/09\/035_11.jpg\" alt=\"\" width=\"295\" height=\"381\" \/><\/a>tolcsvai (Nagyk\u00e1ll\u00f3, 1828 &#8211; Budapest, 1913)<\/strong><\/p>\n<p style=\"text-align: justify\">Orvosi tanulm\u00e1nyait Pesten folytatta. Az 1848\/49-es szabads\u00e1gharcban el\u0151bb alorvosk\u00e9nt, majd helyettes f\u0151orvosk\u00e9nt vett r\u00e9szt. Orvos- \u00e9s seb\u00e9szdoktori oklevel\u00e9t 1851-ben Pesten szerezte, majd B\u00e9csben Franz Schuh professzor mellett m\u0171t\u0151n\u00f6vend\u00e9kk\u00e9nt b\u0151v\u00edtette seb\u00e9szeti ismereteit. 1852-ben sz\u00fcl\u0151v\u00e1ros\u00e1ban kezdett orvosi gyakorlatot, majd 1862-ben Szabolcs v\u00e1rmegye f\u0151orvos\u00e1v\u00e1 v\u00e1lasztott\u00e1k. 1863-ban a Szabolcs megyei \u00edns\u00e9gk\u00f3rh\u00e1z, majd a megyei egyes\u00fcleti k\u00f3rh\u00e1z f\u0151orvosa lett. 1864\/65-ben a pesti egyetemen az idegk\u00f3rtanb\u00f3l mag\u00e1ntan\u00e1ri vizsg\u00e1t tett. 1864-t\u0151l a R\u00f3kus-k\u00f3rh\u00e1z idegoszt\u00e1ly\u00e1nak orvosa, 1866-t\u00f3l az egyetem seb\u00e9szek sz\u00e1m\u00e1ra rendelt belgy\u00f3gy\u00e1szati tansz\u00e9k\u00e9nek (1873-t\u00f3l II. sz. belgy\u00f3gy\u00e1szati tansz\u00e9k) vezet\u0151je. K\u00f6zbenj\u00e1r\u00e1s\u00e1ra a tansz\u00e9k 1889-t\u0151l sz\u00e1moz\u00e1st cser\u00e9lt az I. sz\u00e1m\u00fa p\u00e1rhuzamos tansz\u00e9kkel. Munk\u00e1ss\u00e1ga sor\u00e1n t\u00f6bbek k\u00f6z\u00f6tt vezet\u0151 szerepet j\u00e1tszott a tuberkul\u00f3zis elleni k\u00fczdelemben. \u0150 kezdem\u00e9nyezte a Budakeszin telep\u00fclt Erzs\u00e9bet Kir\u00e1lyn\u00e9 (tbc) Szanat\u00f3rium l\u00e9tes\u00edt\u00e9s\u00e9t (1901), melyet k\u00e9s\u0151bb r\u00f3la neveztek el. 1884-ben nemess\u00e9get, 1908-ban b\u00e1r\u00f3i c\u00edmet nyert. 1886\/87-ben az egyetem rektora volt. \/k\u00e9pek lel\u0151helye: SOTE-lev\u00e9lt\u00e1r 318. fond\/<\/p>\n<p><a href=\"https:\/\/semmelweis.hu\/baratikor\/files\/2022\/09\/035_21.jpg\"><img loading=\"lazy\" decoding=\"async\" class=\"alignleft size-full wp-image-1167\" src=\"https:\/\/semmelweis.hu\/baratikor\/files\/2022\/09\/035_21.jpg\" alt=\"\" width=\"295\" height=\"398\" \/><\/a><a href=\"https:\/\/semmelweis.hu\/baratikor\/files\/2022\/09\/035_31.jpg\"><img loading=\"lazy\" decoding=\"async\" class=\"alignleft size-full wp-image-1168\" src=\"https:\/\/semmelweis.hu\/baratikor\/files\/2022\/09\/035_31.jpg\" alt=\"\" width=\"295\" height=\"419\" srcset=\"https:\/\/semmelweis.hu\/baratikor\/files\/2022\/09\/035_31.jpg 295w, https:\/\/semmelweis.hu\/baratikor\/files\/2022\/09\/035_31-282x400.jpg 282w\" sizes=\"auto, (max-width: 295px) 100vw, 295px\" \/><\/a><\/p>\n","protected":false},"excerpt":{"rendered":"<p><a href=\"https:\/\/semmelweis.hu\/baratikor\/files\/2022\/09\/035_11.jpg\"><\/a> tolcsvai (Nagyk\u00e1ll\u00f3, 1828 &#8211; Budapest, 1913) Orvosi tanulm\u00e1nyait Pesten folytatta. Az 1848\/49-es szabads\u00e1gharcban el\u0151bb alorvosk\u00e9nt, majd helyettes f\u0151orvosk\u00e9nt vett r\u00e9szt. Orvos- \u00e9s seb\u00e9szdoktori oklevel\u00e9t 1851-ben Pesten szerezte, majd B\u00e9csben Franz Schuh professzor mellett m\u0171t\u0151n\u00f6vend\u00e9kk\u00e9nt b\u0151v\u00edtette seb\u00e9szeti ismereteit. 1852-ben sz\u00fcl\u0151v\u00e1ros\u00e1ban kezdett orvosi gyakorlatot, majd 1862-ben Szabolcs v\u00e1rmegye f\u0151orvos\u00e1v\u00e1 v\u00e1lasztott\u00e1k. 1863-ban a Szabolcs megyei \u00edns\u00e9gk\u00f3rh\u00e1z, majd a &hellip;<\/p>\n","protected":false},"author":282,"featured_media":4951,"parent":347,"menu_order":0,"comment_status":"closed","ping_status":"closed","template":"template-fullwidth.php","meta":{"_acf_changed":false,"footnotes":""},"categories":[77,5,14],"tags":[],"class_list":["post-1165","page","type-page","status-publish","has-post-thumbnail","hentry","category-kegyeleti-adattar","category-rektorok","category-teljes-nevlista"],"acf":[],"_links":{"self":[{"href":"https:\/\/semmelweis.hu\/baratikor\/wp-json\/wp\/v2\/pages\/1165","targetHints":{"allow":["GET"]}}],"collection":[{"href":"https:\/\/semmelweis.hu\/baratikor\/wp-json\/wp\/v2\/pages"}],"about":[{"href":"https:\/\/semmelweis.hu\/baratikor\/wp-json\/wp\/v2\/types\/page"}],"author":[{"embeddable":true,"href":"https:\/\/semmelweis.hu\/baratikor\/wp-json\/wp\/v2\/users\/282"}],"replies":[{"embeddable":true,"href":"https:\/\/semmelweis.hu\/baratikor\/wp-json\/wp\/v2\/comments?post=1165"}],"version-history":[{"count":1,"href":"https:\/\/semmelweis.hu\/baratikor\/wp-json\/wp\/v2\/pages\/1165\/revisions"}],"predecessor-version":[{"id":1169,"href":"https:\/\/semmelweis.hu\/baratikor\/wp-json\/wp\/v2\/pages\/1165\/revisions\/1169"}],"up":[{"embeddable":true,"href":"https:\/\/semmelweis.hu\/baratikor\/wp-json\/wp\/v2\/pages\/347"}],"wp:featuredmedia":[{"embeddable":true,"href":"https:\/\/semmelweis.hu\/baratikor\/wp-json\/wp\/v2\/media\/4951"}],"wp:attachment":[{"href":"https:\/\/semmelweis.hu\/baratikor\/wp-json\/wp\/v2\/media?parent=1165"}],"wp:term":[{"taxonomy":"category","embeddable":true,"href":"https:\/\/semmelweis.hu\/baratikor\/wp-json\/wp\/v2\/categories?post=1165"},{"taxonomy":"post_tag","embeddable":true,"href":"https:\/\/semmelweis.hu\/baratikor\/wp-json\/wp\/v2\/tags?post=1165"}],"curies":[{"name":"wp","href":"https:\/\/api.w.org\/{rel}","templated":true}]}}