{"id":1159,"date":"2022-09-14T08:31:13","date_gmt":"2022-09-14T06:31:13","guid":{"rendered":"https:\/\/semmelweis.hu\/baratikor\/?page_id=1159"},"modified":"2023-07-17T09:02:53","modified_gmt":"2023-07-17T07:02:53","slug":"schulek-vilmos","status":"publish","type":"page","link":"https:\/\/semmelweis.hu\/baratikor\/galeria\/teljes-nevlista\/schulek-vilmos\/","title":{"rendered":"Schulek Vilmos"},"content":{"rendered":"<p style=\"text-align: justify\"><strong><a href=\"https:\/\/semmelweis.hu\/baratikor\/files\/2022\/09\/036_11.jpg\"><img loading=\"lazy\" decoding=\"async\" class=\"alignleft size-full wp-image-1160\" src=\"https:\/\/semmelweis.hu\/baratikor\/files\/2022\/09\/036_11.jpg\" alt=\"\" width=\"295\" height=\"397\" \/><\/a>(Pest, 1843 &#8211; Budapest, 1905)<\/strong><\/p>\n<p style=\"text-align: justify\">Orvosi tanulm\u00e1nyait Pesten \u00e9s B\u00e9csben v\u00e9gezte. 1866-ban B\u00e9csben szerzett orvosdoktori, seb\u00e9szdoktori, szem\u00e9sz- \u00e9s sz\u00fcl\u00e9szmesteri v\u00e9gzetts\u00e9get. Ezut\u00e1n egy \u00e9ves tanulm\u00e1nyutat tett, \u00e9rintve Berlint, Utrechtet, Londont, P\u00e1rizst \u00e9s Sv\u00e1jcot. A h\u00edres berlini szem\u00e9sztan\u00e1r, Friedrich Wilhelm von Graefe mellett f\u00e9l \u00e9vet t\u00f6lt\u00f6tt. 1867-1872 k\u00f6z\u00f6tt B\u00e9csben Ferdinand Ritter von Arlt szem\u00e9szprofesszor mellett gyakornok, majd asszisztens. 1872-ben a frissen alakult kolozsv\u00e1ri egyetemre h\u00edvt\u00e1k a szem\u00e9szet tan\u00e1r\u00e1nak. Innen t\u00e9rt vissza sz\u00fcl\u0151v\u00e1ros\u00e1ba 1874-ben, ahol hal\u00e1l\u00e1ig volt a szem\u00e9szet egyetemi tan\u00e1ra. 1889-t\u0151l az MTA levelez\u0151 tagja. 1890\/91-ben a Budapesti m. kir. Tudom\u00e1nyegyetem rektor\u00e1v\u00e1 v\u00e1lasztott\u00e1k. \/k\u00e9pek lel\u0151helye: SOTE-lev\u00e9lt\u00e1r 318. fond\/<\/p>\n<p>&nbsp;<\/p>\n<p>&nbsp;<\/p>\n<p>&nbsp;<\/p>\n<p><a href=\"https:\/\/semmelweis.hu\/baratikor\/files\/2022\/09\/036_21.jpg\"><img loading=\"lazy\" decoding=\"async\" class=\"alignleft size-full wp-image-1161\" src=\"https:\/\/semmelweis.hu\/baratikor\/files\/2022\/09\/036_21.jpg\" alt=\"\" width=\"295\" height=\"389\" \/><\/a><a href=\"https:\/\/semmelweis.hu\/baratikor\/files\/2022\/09\/036_31.jpg\"><img loading=\"lazy\" decoding=\"async\" class=\"alignleft size-full wp-image-1162\" src=\"https:\/\/semmelweis.hu\/baratikor\/files\/2022\/09\/036_31.jpg\" alt=\"\" width=\"295\" height=\"345\" \/><\/a><\/p>\n","protected":false},"excerpt":{"rendered":"<p><a href=\"https:\/\/semmelweis.hu\/baratikor\/files\/2022\/09\/036_11.jpg\"><\/a> (Pest, 1843 &#8211; Budapest, 1905) Orvosi tanulm\u00e1nyait Pesten \u00e9s B\u00e9csben v\u00e9gezte. 1866-ban B\u00e9csben szerzett orvosdoktori, seb\u00e9szdoktori, szem\u00e9sz- \u00e9s sz\u00fcl\u00e9szmesteri v\u00e9gzetts\u00e9get. Ezut\u00e1n egy \u00e9ves tanulm\u00e1nyutat tett, \u00e9rintve Berlint, Utrechtet, Londont, P\u00e1rizst \u00e9s Sv\u00e1jcot. A h\u00edres berlini szem\u00e9sztan\u00e1r, Friedrich Wilhelm von Graefe mellett f\u00e9l \u00e9vet t\u00f6lt\u00f6tt. 1867-1872 k\u00f6z\u00f6tt B\u00e9csben Ferdinand Ritter von Arlt szem\u00e9szprofesszor mellett gyakornok, majd &hellip;<\/p>\n","protected":false},"author":282,"featured_media":5045,"parent":347,"menu_order":0,"comment_status":"closed","ping_status":"closed","template":"template-fullwidth.php","meta":{"_acf_changed":false,"footnotes":""},"categories":[77,5,14],"tags":[],"class_list":["post-1159","page","type-page","status-publish","has-post-thumbnail","hentry","category-kegyeleti-adattar","category-rektorok","category-teljes-nevlista"],"acf":[],"_links":{"self":[{"href":"https:\/\/semmelweis.hu\/baratikor\/wp-json\/wp\/v2\/pages\/1159","targetHints":{"allow":["GET"]}}],"collection":[{"href":"https:\/\/semmelweis.hu\/baratikor\/wp-json\/wp\/v2\/pages"}],"about":[{"href":"https:\/\/semmelweis.hu\/baratikor\/wp-json\/wp\/v2\/types\/page"}],"author":[{"embeddable":true,"href":"https:\/\/semmelweis.hu\/baratikor\/wp-json\/wp\/v2\/users\/282"}],"replies":[{"embeddable":true,"href":"https:\/\/semmelweis.hu\/baratikor\/wp-json\/wp\/v2\/comments?post=1159"}],"version-history":[{"count":4,"href":"https:\/\/semmelweis.hu\/baratikor\/wp-json\/wp\/v2\/pages\/1159\/revisions"}],"predecessor-version":[{"id":2127,"href":"https:\/\/semmelweis.hu\/baratikor\/wp-json\/wp\/v2\/pages\/1159\/revisions\/2127"}],"up":[{"embeddable":true,"href":"https:\/\/semmelweis.hu\/baratikor\/wp-json\/wp\/v2\/pages\/347"}],"wp:featuredmedia":[{"embeddable":true,"href":"https:\/\/semmelweis.hu\/baratikor\/wp-json\/wp\/v2\/media\/5045"}],"wp:attachment":[{"href":"https:\/\/semmelweis.hu\/baratikor\/wp-json\/wp\/v2\/media?parent=1159"}],"wp:term":[{"taxonomy":"category","embeddable":true,"href":"https:\/\/semmelweis.hu\/baratikor\/wp-json\/wp\/v2\/categories?post=1159"},{"taxonomy":"post_tag","embeddable":true,"href":"https:\/\/semmelweis.hu\/baratikor\/wp-json\/wp\/v2\/tags?post=1159"}],"curies":[{"name":"wp","href":"https:\/\/api.w.org\/{rel}","templated":true}]}}