{"id":1123,"date":"2022-09-13T10:39:16","date_gmt":"2022-09-13T08:39:16","guid":{"rendered":"https:\/\/semmelweis.hu\/baratikor\/?page_id=1123"},"modified":"2023-06-28T15:55:07","modified_gmt":"2023-06-28T13:55:07","slug":"bokay-arpad","status":"publish","type":"page","link":"https:\/\/semmelweis.hu\/baratikor\/galeria\/teljes-nevlista\/bokay-arpad\/","title":{"rendered":"B\u00f3kay \u00c1rp\u00e1d"},"content":{"rendered":"<p style=\"text-align: justify\"><strong><a href=\"https:\/\/semmelweis.hu\/baratikor\/files\/2022\/09\/170_11.jpg\"><img loading=\"lazy\" decoding=\"async\" class=\"alignleft size-full wp-image-1124\" src=\"https:\/\/semmelweis.hu\/baratikor\/files\/2022\/09\/170_11.jpg\" alt=\"\" width=\"283\" height=\"426\" \/><\/a>(Pest, 1856. augusztus 15. &#8211; Budapest, 1919. okt\u00f3ber 20.)<\/strong><\/p>\n<p style=\"text-align: justify\">D\u00e9k\u00e1n: 1900\/01 &#8211; 1901\/02<\/p>\n<p style=\"text-align: justify\">B\u00f3kai J\u00e1nos fia, ifj. B\u00f3kay J\u00e1nos b\u00e1tyja. Orvosi tanulm\u00e1nyait Budapesten v\u00e9gezte, b\u00e1r a harmad\u00e9vet Strassburgban t\u00f6lt\u00f6tte, ahol Recklinghausen, Hoppe-Seyler, Kussmaul \u00e9s L\u00fccke el\u0151ad\u00e1sait hallgatta. Az el\u0151bbi k\u00e9t professzor laborat\u00f3riumaiban is dolgozott. Oklevelet 1879. november 29-\u00e9n szerzett, de m\u00e1r 1878-t\u00f3l gyakornokoskodott Kor\u00e1nyi Frigyes klinik\u00e1j\u00e1n, \u00e9s 1879 j\u00fanius\u00e1t\u00f3l tan\u00e1rseg\u00e9dk\u00e9nt m\u0171k\u00f6d\u00f6tt a gy\u00f3gyszertani \u00e9s \u00e1ltal\u00e1nos k\u00f3rtani tansz\u00e9ken Balogh K\u00e1lm\u00e1n mellett. Professzora oldal\u00e1n r\u00e9szt vett az Orvosi m\u0171sz\u00f3t\u00e1r \u00f6ssze\u00e1ll\u00edt\u00e1s\u00e1ban, majd a Schwartzer Ott\u00f3-f\u00e9le Orvosi Szemle szerkeszt\u00e9s\u00e9ben, s\u0151t Balogh t\u00e1voll\u00e9t\u00e9ben az Orvosi Hetilapot is szerkesztette. 1881-ben az \u00faj \u00e9p\u00fcletbe k\u00f6lt\u00f6z\u0151 Kor\u00e1nyi-klinik\u00e1n lett m\u00e1sodik, majd egy \u00e9v m\u00falva els\u0151 tan\u00e1rseg\u00e9d. M\u00e9g 1882 nyar\u00e1n k\u00f6rbeutazta K\u00f6z\u00e9p-Eur\u00f3pa fontosabb egyetemeit a belgy\u00f3gy\u00e1szati oktat\u00e1s tanulm\u00e1nyoz\u00e1sa v\u00e9gett. 1882 v\u00e9g\u00e9n a budapesti Orvoskar mag\u00e1ntan\u00e1rr\u00e1 habilit\u00e1lta a belgy\u00f3gy\u00e1szati physikai vizsg\u00e1l\u00f3 m\u00f3dszerek t\u00e1rgyk\u00f6r\u00e9ben. 1883 \u00e1prilis\u00e1ban a kolozsv\u00e1ri egyetem megh\u00edvta az \u00e1ltal\u00e1nos k\u00f3rtani \u00e9s gy\u00f3gyszertani tansz\u00e9k \u00e9l\u00e9re, a Budapestre t\u00e1vozott H\u0151gyes Endre hely\u00e9re. 1886-ban a VKM megb\u00edz\u00e1s\u00e1b\u00f3l n\u00e9metorsz\u00e1gi tanulm\u00e1ny\u00fatra indult. Hazat\u00e9rte ut\u00e1n, novemberben a kolozsv\u00e1ri egyetem mellett m\u0171k\u00f6d\u0151 Karolina orsz\u00e1gos k\u00f6zk\u00f3rh\u00e1z f\u0151orvosa lett. Kolozsv\u00e1ri m\u0171k\u00f6d\u00e9se alatt egyszer kari jegyz\u0151 (1886\/87), egyszer d\u00e9k\u00e1n (1887\/88), majd prod\u00e9k\u00e1n volt (1888\/89). 1890. febru\u00e1r 22-\u00e9n a budapesti gy\u00f3gyszertani tansz\u00e9k professzora lett, de a tansz\u00e9ket csak j\u00faniusban foglalta el. A korszer\u0171 gy\u00f3gyszertani \u00e9s k\u00f3r\u00e9lettani kutat\u00e1sok fellend\u00edt\u00e9se mellett sokat tett a hazai gy\u00f3gyf\u00fcrd\u0151k elismertet\u00e9s\u00e9\u00e9rt \u00e9s a gy\u00f3gyvizek alkalmaz\u00e1s\u00e1\u00e9rt. 1889-ben az Orsz\u00e1gos K\u00f6zeg\u00e9szs\u00e9gi Tan\u00e1cs rendk\u00edv\u00fcli, majd 1893-ban rendes tagja lett. 1892-ben megalap\u00edtotta a Magyar Orvosi Arch\u00edvum c. szaklapot. 1896-ban magyar nemess\u00e9get kapott, \u00e9s az Akad\u00e9mia levelez\u0151 tagj\u00e1v\u00e1 v\u00e1lasztotta. Sokat tett Pestszentl\u0151rinc fejleszt\u00e9s\u00e9\u00e9rt. A ker\u00fclet ma B\u00f3kaytelepnek nevezett negyede az \u0151 tulajdona volt, melyet felparcell\u00e1ztatott, egyes ter\u00fcleteket k\u00f6zhaszn\u00e1latra (pl. iskola\u00e9p\u00edt\u00e9s) engedett \u00e1t. Huzamos ideig az Orsz\u00e1gos Balneol\u00f3giai Egyes\u00fclet eln\u00f6ke volt, \u00e9s komoly szerepet j\u00e1tszott Budapest f\u00fcrd\u0151v\u00e1ross\u00e1 fejleszt\u00e9s\u00e9ben. 1902-ben csatlakozott a budapesti P\u00e1tria szabadk\u0151m\u0171ves p\u00e1holyhoz. 1905-t\u0151l a magyarorsz\u00e1gi p\u00e1holyok helyettes nagymestere, majd 1915-ben nagymestere lett.<\/p>\n<p style=\"text-align: justify\">(F\u0151bb munk\u00e1i: V\u00e9nygy\u0171jtem\u00e9ny I-IV. Bp., 1889; \u00dajabb gy\u00f3gyszerek. Bp. 1891.; Gyakorlatilag fontosabb m\u00e9rgez\u00e9sek. in: Belgy\u00f3gy\u00e1szati k\u00e9zik\u00f6nyv I-II. Bp., 1896.; \u00dajabb gy\u00f3gyszerek \u00e9s gy\u00f3gym\u00f3dok, az Orvosi Hetilap mell\u00e9klete 1894 \u00f3ta.; Semmelweis serlegbesz\u00e9d. Bp., 1912.)<\/p>\n<p><a href=\"https:\/\/semmelweis.hu\/baratikor\/files\/2022\/09\/170_21.jpg\"><img loading=\"lazy\" decoding=\"async\" class=\"alignleft size-full wp-image-1125\" src=\"https:\/\/semmelweis.hu\/baratikor\/files\/2022\/09\/170_21.jpg\" alt=\"\" width=\"283\" height=\"391\" \/><\/a><a href=\"https:\/\/semmelweis.hu\/baratikor\/files\/2022\/09\/170_31.jpg\"><img loading=\"lazy\" decoding=\"async\" class=\"alignleft size-full wp-image-1126\" src=\"https:\/\/semmelweis.hu\/baratikor\/files\/2022\/09\/170_31.jpg\" alt=\"\" width=\"283\" height=\"387\" \/><\/a><a href=\"https:\/\/semmelweis.hu\/baratikor\/files\/2022\/09\/170_41.jpg\"><img loading=\"lazy\" decoding=\"async\" class=\"alignleft size-full wp-image-1127\" src=\"https:\/\/semmelweis.hu\/baratikor\/files\/2022\/09\/170_41.jpg\" alt=\"\" width=\"283\" height=\"403\" srcset=\"https:\/\/semmelweis.hu\/baratikor\/files\/2022\/09\/170_41.jpg 283w, https:\/\/semmelweis.hu\/baratikor\/files\/2022\/09\/170_41-281x400.jpg 281w\" sizes=\"auto, (max-width: 283px) 100vw, 283px\" \/><\/a><a href=\"https:\/\/semmelweis.hu\/baratikor\/files\/2022\/09\/170_51.jpg\"><img loading=\"lazy\" decoding=\"async\" class=\"alignleft size-full wp-image-1128\" src=\"https:\/\/semmelweis.hu\/baratikor\/files\/2022\/09\/170_51.jpg\" alt=\"\" width=\"283\" height=\"418\" srcset=\"https:\/\/semmelweis.hu\/baratikor\/files\/2022\/09\/170_51.jpg 283w, https:\/\/semmelweis.hu\/baratikor\/files\/2022\/09\/170_51-271x400.jpg 271w\" sizes=\"auto, (max-width: 283px) 100vw, 283px\" \/><\/a><\/p>\n","protected":false},"excerpt":{"rendered":"<p><a href=\"https:\/\/semmelweis.hu\/baratikor\/files\/2022\/09\/170_11.jpg\"><\/a> (Pest, 1856. augusztus 15. &#8211; Budapest, 1919. okt\u00f3ber 20.) D\u00e9k\u00e1n: 1900\/01 &#8211; 1901\/02 B\u00f3kai J\u00e1nos fia, ifj. B\u00f3kay J\u00e1nos b\u00e1tyja. Orvosi tanulm\u00e1nyait Budapesten v\u00e9gezte, b\u00e1r a harmad\u00e9vet Strassburgban t\u00f6lt\u00f6tte, ahol Recklinghausen, Hoppe-Seyler, Kussmaul \u00e9s L\u00fccke el\u0151ad\u00e1sait hallgatta. Az el\u0151bbi k\u00e9t professzor laborat\u00f3riumaiban is dolgozott. Oklevelet 1879. november 29-\u00e9n szerzett, de m\u00e1r 1878-t\u00f3l gyakornokoskodott Kor\u00e1nyi Frigyes &hellip;<\/p>\n","protected":false},"author":282,"featured_media":1124,"parent":347,"menu_order":0,"comment_status":"closed","ping_status":"closed","template":"template-fullwidth.php","meta":{"_acf_changed":false,"footnotes":""},"categories":[6,20,77,81,14],"tags":[],"class_list":["post-1123","page","type-page","status-publish","has-post-thumbnail","hentry","category-dekanok","category-dekanok-karok-szerint","category-kegyeleti-adattar","category-orvosi-kar-dekanjai","category-teljes-nevlista"],"acf":[],"_links":{"self":[{"href":"https:\/\/semmelweis.hu\/baratikor\/wp-json\/wp\/v2\/pages\/1123","targetHints":{"allow":["GET"]}}],"collection":[{"href":"https:\/\/semmelweis.hu\/baratikor\/wp-json\/wp\/v2\/pages"}],"about":[{"href":"https:\/\/semmelweis.hu\/baratikor\/wp-json\/wp\/v2\/types\/page"}],"author":[{"embeddable":true,"href":"https:\/\/semmelweis.hu\/baratikor\/wp-json\/wp\/v2\/users\/282"}],"replies":[{"embeddable":true,"href":"https:\/\/semmelweis.hu\/baratikor\/wp-json\/wp\/v2\/comments?post=1123"}],"version-history":[{"count":1,"href":"https:\/\/semmelweis.hu\/baratikor\/wp-json\/wp\/v2\/pages\/1123\/revisions"}],"predecessor-version":[{"id":1129,"href":"https:\/\/semmelweis.hu\/baratikor\/wp-json\/wp\/v2\/pages\/1123\/revisions\/1129"}],"up":[{"embeddable":true,"href":"https:\/\/semmelweis.hu\/baratikor\/wp-json\/wp\/v2\/pages\/347"}],"wp:featuredmedia":[{"embeddable":true,"href":"https:\/\/semmelweis.hu\/baratikor\/wp-json\/wp\/v2\/media\/1124"}],"wp:attachment":[{"href":"https:\/\/semmelweis.hu\/baratikor\/wp-json\/wp\/v2\/media?parent=1123"}],"wp:term":[{"taxonomy":"category","embeddable":true,"href":"https:\/\/semmelweis.hu\/baratikor\/wp-json\/wp\/v2\/categories?post=1123"},{"taxonomy":"post_tag","embeddable":true,"href":"https:\/\/semmelweis.hu\/baratikor\/wp-json\/wp\/v2\/tags?post=1123"}],"curies":[{"name":"wp","href":"https:\/\/api.w.org\/{rel}","templated":true}]}}