{"id":1117,"date":"2022-09-06T10:27:37","date_gmt":"2022-09-06T08:27:37","guid":{"rendered":"https:\/\/semmelweis.hu\/baratikor\/?page_id=1117"},"modified":"2023-01-09T11:22:59","modified_gmt":"2023-01-09T10:22:59","slug":"koranyi-sandor","status":"publish","type":"page","link":"https:\/\/semmelweis.hu\/baratikor\/galeria\/teljes-nevlista\/koranyi-sandor\/","title":{"rendered":"Kor\u00e1nyi S\u00e1ndor"},"content":{"rendered":"<p><a href=\"https:\/\/semmelweis.hu\/baratikor\/files\/2022\/09\/076_11.jpg\"><img loading=\"lazy\" decoding=\"async\" class=\"alignleft size-full wp-image-1118\" src=\"https:\/\/semmelweis.hu\/baratikor\/files\/2022\/09\/076_11.jpg\" alt=\"\" width=\"295\" height=\"462\" srcset=\"https:\/\/semmelweis.hu\/baratikor\/files\/2022\/09\/076_11.jpg 295w, https:\/\/semmelweis.hu\/baratikor\/files\/2022\/09\/076_11-255x400.jpg 255w\" sizes=\"auto, (max-width: 295px) 100vw, 295px\" \/><\/a><strong>(Pest-Buda, 1866 &#8211; Budapest, 1944)<\/strong><\/p>\n<p style=\"text-align: justify\">A csal\u00e1d eredeti neve Kornfeld, melyet a h\u00edres orvosdinasztia alap\u00edt\u00f3ja, Kornfeld Sebald, Szabolcs megyei orvos magyaros\u00edtott Kor\u00e1nyira m\u00e9g 1848-ban. Kor\u00e1nyi S\u00e1ndor orvosi oklevel\u00e9t Budapesten szerezte 1888-ban, de m\u00e1r 1884-t\u0151l bonctani demonstr\u00e1tor, 1887-t\u0151l pedig gyakornok a k\u00f3rbonctani tansz\u00e9ken. 1889-t\u0151l \u00e9desapja, Kor\u00e1nyi Frigyes belklinik\u00e1j\u00e1n m\u0171k\u00f6d\u00f6tt, ahol 1895-ben lett adjunktus. Megfordult Hoppe-Seyler strasburgi orvosi biok\u00e9miai int\u00e9zet\u00e9ben. Az 1891\/92. tan\u00e9vben az \u00c1llatorvosi Akad\u00e9mi\u00e1n helyettesk\u00e9nt adta el\u0151 az \u00e9lettant, sz\u00f6vettant \u00e9s term\u00e9szettant. Az 1893\/94. tan\u00e9vben a budapesti egyetemen mag\u00e1ntan\u00e1ri habilit\u00e1ci\u00f3t nyert az idegrendszer k\u00eds\u00e9rleti \u00e9s gyakorlati k\u00f3r- \u00e9s gy\u00f3gytana t\u00e1rgyk\u00f6rb\u0151l. 1894-t\u0151l a Stef\u00e1nia-gyermekk\u00f3rh\u00e1z, 1895-t\u0151l pedig a Szent Istv\u00e1n k\u00f3rh\u00e1z orvosa. 1897-t\u0151l rendk\u00edv\u00fcli egyetemi tan\u00e1rk\u00e9nt az I. sz. Belgy\u00f3gy\u00e1szati Klinik\u00e1n oktatott, majd 1901\/02-t\u0151l a sz\u00e1m\u00e1ra fel\u00e1ll\u00edtott bels\u0151 betegs\u00e9gek diagnostik\u00e1ja elnevez\u00e9s\u0171 tansz\u00e9ket vezette. 1908\/09-t\u0151l az ugyancsak \u00fajonnan l\u00e9trehozott III. sz. Belgy\u00f3gy\u00e1szati Klinika igazgat\u00f3 tan\u00e1ra lett. Az 1920-as \u00e9vekben \u0151 kezdem\u00e9nyezte a BCG-olt\u00e1sokat. 1927-t\u0151l az egyetem orvoskara k\u00e9pviselet\u00e9ben fels\u0151h\u00e1zi tag. Iskolateremt\u0151 tan\u00e1regy\u00e9nis\u00e9g volt, olyan tan\u00edtv\u00e1nyokkal mint B\u00e1lint Rezs\u0151, Haynal Imre, Het\u00e9nyi G\u00e9za vagy Ruszny\u00e1k Istv\u00e1n. Az els\u0151k k\u00f6z\u00f6tt alkalmazott fizikai-k\u00e9miai m\u00f3dszereket az orvosl\u00e1sban, alapvet\u0151 kutat\u00e1sokat v\u00e9gzett a vesebetegs\u00e9gek ter\u00e9n. Az akkoriban n\u00e9pbetegs\u00e9gnek sz\u00e1m\u00edt\u00f3 tbc-t \u00e9desapj\u00e1val ellent\u00e9tben m\u00e1r nem csup\u00e1n k\u00f3rh\u00e1zi k\u00e9rd\u00e9sk\u00e9nt, hanem t\u00e1rsadalmi probl\u00e9mak\u00e9nt fogta fel, melynek megold\u00e1sa t\u00falny\u00falik az orvosi szakma hat\u00e1sk\u00f6r\u00e9n. A p\u00e9nz\u00fcgyi v\u00e1ls\u00e1g okozta nagy egyetemi le\u00e9p\u00edt\u00e9sek sor\u00e1n klinik\u00e1j\u00e1t 1936-ban feloszlatt\u00e1k, \u0151t mag\u00e1t nyugd\u00edjazt\u00e1k. Az \u00e9p\u00fcletben ma az I. sz. Belgy\u00f3gy\u00e1szati Klinika m\u0171k\u00f6dik. Az MTA-nak 1915-ben levelez\u0151, 1935-ben tiszteleti, majd 1937-ben rendes tagja lett. Szint\u00e9n tagj\u00e1v\u00e1 v\u00e1lasztotta a hallei Leopoldina N\u00e9met Term\u00e9szettudom\u00e1nyi Akad\u00e9mia, illetve tiszteletbeli doktor\u00e1v\u00e1 sz\u00e1mos egyetem: Breslau (1930), Lyon (1932), Szeged (1933), P\u00e9cs \u00e9s Ath\u00e9n. Egykori klinik\u00e1j\u00e1nak utc\u00e1ja, az akkori Ludoviceum utca ma az \u0151 nev\u00e9t viseli. \/k\u00e9p lel\u0151helye: SOTE-lev\u00e9lt\u00e1r 318. fond\/<\/p>\n<p><a href=\"https:\/\/semmelweis.hu\/baratikor\/files\/2022\/09\/076_21.jpg\"><img loading=\"lazy\" decoding=\"async\" class=\"alignleft size-full wp-image-1119\" src=\"https:\/\/semmelweis.hu\/baratikor\/files\/2022\/09\/076_21.jpg\" alt=\"\" width=\"295\" height=\"370\" \/><\/a><\/p>\n","protected":false},"excerpt":{"rendered":"<p><a href=\"https:\/\/semmelweis.hu\/baratikor\/files\/2022\/09\/076_11.jpg\"><\/a> (Pest-Buda, 1866 &#8211; Budapest, 1944) A csal\u00e1d eredeti neve Kornfeld, melyet a h\u00edres orvosdinasztia alap\u00edt\u00f3ja, Kornfeld Sebald, Szabolcs megyei orvos magyaros\u00edtott Kor\u00e1nyira m\u00e9g 1848-ban. Kor\u00e1nyi S\u00e1ndor orvosi oklevel\u00e9t Budapesten szerezte 1888-ban, de m\u00e1r 1884-t\u0151l bonctani demonstr\u00e1tor, 1887-t\u0151l pedig gyakornok a k\u00f3rbonctani tansz\u00e9ken. 1889-t\u0151l \u00e9desapja, Kor\u00e1nyi Frigyes belklinik\u00e1j\u00e1n m\u0171k\u00f6d\u00f6tt, ahol 1895-ben lett adjunktus. Megfordult Hoppe-Seyler strasburgi &hellip;<\/p>\n","protected":false},"author":282,"featured_media":1119,"parent":347,"menu_order":0,"comment_status":"closed","ping_status":"closed","template":"template-fullwidth.php","meta":{"_acf_changed":false,"footnotes":""},"categories":[77,16,14],"tags":[],"class_list":["post-1117","page","type-page","status-publish","has-post-thumbnail","hentry","category-kegyeleti-adattar","category-tanszekvezetok","category-teljes-nevlista"],"acf":[],"_links":{"self":[{"href":"https:\/\/semmelweis.hu\/baratikor\/wp-json\/wp\/v2\/pages\/1117","targetHints":{"allow":["GET"]}}],"collection":[{"href":"https:\/\/semmelweis.hu\/baratikor\/wp-json\/wp\/v2\/pages"}],"about":[{"href":"https:\/\/semmelweis.hu\/baratikor\/wp-json\/wp\/v2\/types\/page"}],"author":[{"embeddable":true,"href":"https:\/\/semmelweis.hu\/baratikor\/wp-json\/wp\/v2\/users\/282"}],"replies":[{"embeddable":true,"href":"https:\/\/semmelweis.hu\/baratikor\/wp-json\/wp\/v2\/comments?post=1117"}],"version-history":[{"count":2,"href":"https:\/\/semmelweis.hu\/baratikor\/wp-json\/wp\/v2\/pages\/1117\/revisions"}],"predecessor-version":[{"id":1121,"href":"https:\/\/semmelweis.hu\/baratikor\/wp-json\/wp\/v2\/pages\/1117\/revisions\/1121"}],"up":[{"embeddable":true,"href":"https:\/\/semmelweis.hu\/baratikor\/wp-json\/wp\/v2\/pages\/347"}],"wp:featuredmedia":[{"embeddable":true,"href":"https:\/\/semmelweis.hu\/baratikor\/wp-json\/wp\/v2\/media\/1119"}],"wp:attachment":[{"href":"https:\/\/semmelweis.hu\/baratikor\/wp-json\/wp\/v2\/media?parent=1117"}],"wp:term":[{"taxonomy":"category","embeddable":true,"href":"https:\/\/semmelweis.hu\/baratikor\/wp-json\/wp\/v2\/categories?post=1117"},{"taxonomy":"post_tag","embeddable":true,"href":"https:\/\/semmelweis.hu\/baratikor\/wp-json\/wp\/v2\/tags?post=1117"}],"curies":[{"name":"wp","href":"https:\/\/api.w.org\/{rel}","templated":true}]}}