{"id":1110,"date":"2022-09-06T10:23:45","date_gmt":"2022-09-06T08:23:45","guid":{"rendered":"https:\/\/semmelweis.hu\/baratikor\/?page_id=1110"},"modified":"2023-01-09T11:11:29","modified_gmt":"2023-01-09T10:11:29","slug":"boke-gyula","status":"publish","type":"page","link":"https:\/\/semmelweis.hu\/baratikor\/galeria\/teljes-nevlista\/boke-gyula\/","title":{"rendered":"B\u00f6ke Gyula"},"content":{"rendered":"<p><strong><a href=\"https:\/\/semmelweis.hu\/baratikor\/files\/2022\/09\/059_11.jpg\"><img loading=\"lazy\" decoding=\"async\" class=\"alignleft size-full wp-image-1111\" src=\"https:\/\/semmelweis.hu\/baratikor\/files\/2022\/09\/059_11.jpg\" alt=\"\" width=\"295\" height=\"321\" \/><\/a>(Tata, 1832 &#8211; Budapest?, 1918)<\/strong><\/p>\n<p style=\"text-align: justify\">Eredeti nev\u00e9n Beck Gyula. K\u00f6z\u00e9piskol\u00e1it a tatai \u00e9s pesti piarist\u00e1kn\u00e1l, orvosi tanulm\u00e1nyait B\u00e9csben v\u00e9gezte. 1858 m\u00e1jus\u00e1ban itt szerzett orvosdoktori \u00e9s sz\u00fcl\u00e9szi oklevelet, majd az \u00e9v v\u00e9g\u00e9ig az Allgemeines Krankenhausban dolgozott. 1859-ben Mosonban kezdett orvosi gyakorlatot, majd 1861-ben Pestre j\u00f6tt, ahol f\u00fcl\u00e9szettel foglalkozott. A f\u00fcl\u00e9szet tanulm\u00e1nyoz\u00e1s\u00e1ra W\u00fcrzburgba l\u00e1togatott, ahol Anton Freidrich Freiherr von Tr\u00f6ltsch professzor mellett t\u00f6lt\u00f6tt hosszabb id\u0151t. Visszat\u00e9rve 1862-t\u0151l ism\u00e9t Budapesten m\u0171k\u00f6d\u00f6tt f\u00fclorvosk\u00e9nt, majd 1868-t\u00f3l a Szent R\u00f3kus k\u00f3rh\u00e1z \u00e9s a gyermekk\u00f3rh\u00e1z rendel\u0151 f\u00fclorvosa lett. Ugyanebben az \u00e9vben az egyetemen mag\u00e1ntan\u00e1ri k\u00e9pes\u00edt\u00e9st szerzett. 1879-ben nyilv\u00e1nos rendk\u00edv\u00fcli tan\u00e1r lett. Ezzel egy id\u0151ben a pesti izraelita k\u00f3rh\u00e1z igazgat\u00f3j\u00e1v\u00e1, illetve a k\u00f3rh\u00e1zi bizotts\u00e1g eln\u00f6k\u00e9v\u00e9 v\u00e1lasztott\u00e1k.<\/p>\n","protected":false},"excerpt":{"rendered":"<p><a href=\"https:\/\/semmelweis.hu\/baratikor\/files\/2022\/09\/059_11.jpg\"><\/a> (Tata, 1832 &#8211; Budapest?, 1918) Eredeti nev\u00e9n Beck Gyula. K\u00f6z\u00e9piskol\u00e1it a tatai \u00e9s pesti piarist\u00e1kn\u00e1l, orvosi tanulm\u00e1nyait B\u00e9csben v\u00e9gezte. 1858 m\u00e1jus\u00e1ban itt szerzett orvosdoktori \u00e9s sz\u00fcl\u00e9szi oklevelet, majd az \u00e9v v\u00e9g\u00e9ig az Allgemeines Krankenhausban dolgozott. 1859-ben Mosonban kezdett orvosi gyakorlatot, majd 1861-ben Pestre j\u00f6tt, ahol f\u00fcl\u00e9szettel foglalkozott. A f\u00fcl\u00e9szet tanulm\u00e1nyoz\u00e1s\u00e1ra W\u00fcrzburgba l\u00e1togatott, ahol Anton Freidrich &hellip;<\/p>\n","protected":false},"author":282,"featured_media":1111,"parent":347,"menu_order":0,"comment_status":"closed","ping_status":"closed","template":"template-fullwidth.php","meta":{"_acf_changed":false,"footnotes":""},"categories":[77,16,14],"tags":[],"class_list":["post-1110","page","type-page","status-publish","has-post-thumbnail","hentry","category-kegyeleti-adattar","category-tanszekvezetok","category-teljes-nevlista"],"acf":[],"_links":{"self":[{"href":"https:\/\/semmelweis.hu\/baratikor\/wp-json\/wp\/v2\/pages\/1110","targetHints":{"allow":["GET"]}}],"collection":[{"href":"https:\/\/semmelweis.hu\/baratikor\/wp-json\/wp\/v2\/pages"}],"about":[{"href":"https:\/\/semmelweis.hu\/baratikor\/wp-json\/wp\/v2\/types\/page"}],"author":[{"embeddable":true,"href":"https:\/\/semmelweis.hu\/baratikor\/wp-json\/wp\/v2\/users\/282"}],"replies":[{"embeddable":true,"href":"https:\/\/semmelweis.hu\/baratikor\/wp-json\/wp\/v2\/comments?post=1110"}],"version-history":[{"count":1,"href":"https:\/\/semmelweis.hu\/baratikor\/wp-json\/wp\/v2\/pages\/1110\/revisions"}],"predecessor-version":[{"id":1112,"href":"https:\/\/semmelweis.hu\/baratikor\/wp-json\/wp\/v2\/pages\/1110\/revisions\/1112"}],"up":[{"embeddable":true,"href":"https:\/\/semmelweis.hu\/baratikor\/wp-json\/wp\/v2\/pages\/347"}],"wp:featuredmedia":[{"embeddable":true,"href":"https:\/\/semmelweis.hu\/baratikor\/wp-json\/wp\/v2\/media\/1111"}],"wp:attachment":[{"href":"https:\/\/semmelweis.hu\/baratikor\/wp-json\/wp\/v2\/media?parent=1110"}],"wp:term":[{"taxonomy":"category","embeddable":true,"href":"https:\/\/semmelweis.hu\/baratikor\/wp-json\/wp\/v2\/categories?post=1110"},{"taxonomy":"post_tag","embeddable":true,"href":"https:\/\/semmelweis.hu\/baratikor\/wp-json\/wp\/v2\/tags?post=1110"}],"curies":[{"name":"wp","href":"https:\/\/api.w.org\/{rel}","templated":true}]}}