{"id":1106,"date":"2022-09-06T09:37:43","date_gmt":"2022-09-06T07:37:43","guid":{"rendered":"https:\/\/semmelweis.hu\/baratikor\/?page_id=1106"},"modified":"2023-01-09T11:34:32","modified_gmt":"2023-01-09T10:34:32","slug":"thanhoffer-lajos","status":"publish","type":"page","link":"https:\/\/semmelweis.hu\/baratikor\/galeria\/teljes-nevlista\/thanhoffer-lajos\/","title":{"rendered":"Thanhoffer Lajos"},"content":{"rendered":"<p><a href=\"https:\/\/semmelweis.hu\/baratikor\/files\/2022\/09\/171_11.jpg\"><img loading=\"lazy\" decoding=\"async\" class=\"alignleft size-full wp-image-1107\" src=\"https:\/\/semmelweis.hu\/baratikor\/files\/2022\/09\/171_11.jpg\" alt=\"\" width=\"283\" height=\"421\" srcset=\"https:\/\/semmelweis.hu\/baratikor\/files\/2022\/09\/171_11.jpg 283w, https:\/\/semmelweis.hu\/baratikor\/files\/2022\/09\/171_11-269x400.jpg 269w\" sizes=\"auto, (max-width: 283px) 100vw, 283px\" \/><\/a><strong>(Ny\u00edrb\u00e1tor, 1843. november 23. &#8211; Budapest, 1909. m\u00e1rcius 22.)<\/strong><\/p>\n<p>D\u00e9k\u00e1n: 1902\/03 &#8211; 1903\/04<\/p>\n<p style=\"text-align: justify\">R\u00e9gi nemesi csal\u00e1dban sz\u00fcletett. K\u00f6z\u00e9piskol\u00e1it Nagyk\u00e1rolyban \u00e9s Pesten, orvosi tanulm\u00e1nyait Pesten v\u00e9gezte. Orvosdoktori oklevelet 1868. febru\u00e1r 8-\u00e1n, seb\u00e9szdoktorit 1869. j\u00fanius 9-\u00e9n kapott. M\u00e1r egyetemi \u00e9vei alatt mikroszk\u00f3pi \u00e9s \u00f6sszehasonl\u00edt\u00f3 anat\u00f3miai tanulm\u00e1nyokat v\u00e9gzett h\u00e1rom p\u00e1lyad\u00edjat is elnyerve. \u00d6t\u00f6d\u00e9ves kor\u00e1ban Balassa J\u00e1nos mellett fizet\u00e9ses m\u0171t\u0151n\u00f6vend\u00e9k, majd tan\u00e1ra elhunyta ut\u00e1n (1868) Kov\u00e1cs J\u00f3zsef mellett m\u0171k\u00f6d\u00f6tt tov\u00e1bb. Az 1868\/69. tan\u00e9vt\u0151l kezdve Jendrassik Jen\u0151 tan\u00e1rseg\u00e9de lett az \u00e9lettani tansz\u00e9ken. 1869-ben kinevez\u00e9st kapott az \u00c1llatorvosi Tanint\u00e9zethez az \u00e9let-sz\u00f6vettan \u00e9s term\u00e9szettan rendes tan\u00e1r\u00e1v\u00e1. Itt az \u0151 ind\u00edtv\u00e1nya nyom\u00e1n t\u00f6r\u00f6lt\u00e9k el a n\u00e9met nyelv\u0171 el\u0151ad\u00e1sokat. Az \u00e1ltala berendezett sz\u00f6vettani laborat\u00f3riumban els\u0151k\u00e9nt \u0151 tan\u00edtotta a mikroszk\u00f3pos megfigyel\u00e9si m\u00f3dszereket. 1872-ben a pesti Orvoskar mag\u00e1ntan\u00e1rr\u00e1 habilit\u00e1lta a sz\u00f6vettan t\u00e1rgyk\u00f6r\u00e9ben. Kutat\u00e1sai k\u00f6z\u00fcl kiemelkednek a zs\u00edrfelsz\u00edv\u00f3d\u00e1sra, a szaruh\u00e1rty\u00e1ra, a csigolya k\u00f6zti d\u00facokra, az izomidegv\u00e9gz\u0151d\u00e9sekre vonatkoz\u00f3 vizsg\u00e1latai. 1881-ben a budapesti Orvoskaron rendk\u00edv\u00fcli tan\u00e1ri c\u00edmet kapott. Lenhoss\u00e9k J\u00f3zsef hal\u00e1la ut\u00e1n a budapesti Orvoskar \u0151t h\u00edvta meg a II. sz. Bonctani tansz\u00e9kre, melyet hal\u00e1l\u00e1ig vezetett. Kinevez\u00e9s\u00e9t 1890. m\u00e1jus 21-\u00e9n kapta meg. A d\u00e9k\u00e1ni hivatalt k\u00e9t tan\u00e9ven \u00e1t (1902-1904) t\u00f6lt\u00f6tte be. K\u00f6zlem\u00e9nyeit \u00e1ltal\u00e1ban n\u00e9met\u00fcl is publik\u00e1lta. A Magyar Tudom\u00e1nyos Akad\u00e9mia 1880-ban levelez\u0151, 1891-ben rendes tagj\u00e1ul v\u00e1lasztotta. Nem csak tud\u00f3sk\u00e9nt, de kit\u0171n\u0151 rajzol\u00f3k\u00e9nt is ismert volt. B\u0151ke Gyula f\u00fcl\u00e9szeti tank\u00f6nyv\u00e9hez (B.Gy.: A f\u00fclgy\u00f3gy\u00e1szat tank\u00f6nyve. 1868.) 37 fametszetet k\u00e9sz\u00edtett. A b\u00e9csi vil\u00e1gki\u00e1ll\u00edt\u00e1son zs\u0171ritagk\u00e9nt, a budapestin el\u0151ad\u00f3k\u00e9nt \u00e9s oszt\u00e1lyeln\u00f6kk\u00e9nt vett r\u00e9szt. A Pallas nagy lexikon\u00e1ba anat\u00f3miai sz\u00f3cikkeket \u00edrt. 1888-ban kir\u00e1lyi tan\u00e1csosi c\u00edmet kapott, 1896-ban a Vaskoronarend III. oszt\u00e1ly\u00e1val t\u00fcntett\u00e9k ki.<\/p>\n<p style=\"text-align: justify\">(F\u0151bb munk\u00e1i: Adatok a zs\u00edrfelsz\u00edv\u00f3d\u00e1shoz. Bp., 1873.; A mikroskop \u00e9s alkalmaz\u00e1sa. Az \u00e1ltal\u00e1nos sz\u00f6vettani technika vez\u00e9rfonala. Orvosok \u00e9s egyetemi hallgat\u00f3k haszn\u00e1lat\u00e1ra. Bp., 1880.; Adatok a har\u00e1ntcsik\u00fa izmok szerkezete- \u00e9s idegv\u00e9gz\u0151d\u00e9s\u00e9r\u0151l. \/Sz\u00e9kfoglal\u00f3 \u00e9rtekez\u00e9s\/. Bp., 1881.; Az \u00f6sszehasonl\u00edt\u00f3 \u00e9let- \u00e9s sz\u00f6vettan alapvonalai. Bp., 1883. Stuttgart, 1885.; Az \u00e1llatorvosi tudom\u00e1ny \u00e9s \u00e1llatorvosi tanint\u00e9zet\u00fcnk t\u00f6rt\u00e9nete. Az \u00e1llatorvosi szakoktat\u00e1s haz\u00e1nkban val\u00f3 megkezd\u00e9se sz\u00e1zados eml\u00e9k\u00fcnnep\u00e9re. 1887. febr. 6. Bp., 1888.; Adatok a k\u00f6zponti idegrendszer szerkezet\u00e9hez. Bp., 1892.; \u00dajabb vizsg\u00e1latok az izmok szerkezet\u00e9r\u0151l. Bp., 1892.; A sz\u00f6vetek \u00e9s szervek szerkezete \u00e9s azok vizsg\u00e1l\u00f3 m\u00f3dszere. Bp., 1900.; Anat\u00f3mia \u00e9s divat. Bp., 1902.)<\/p>\n<p><a href=\"https:\/\/semmelweis.hu\/baratikor\/files\/2022\/09\/171_21.jpg\"><img loading=\"lazy\" decoding=\"async\" class=\"alignleft size-full wp-image-1108\" src=\"https:\/\/semmelweis.hu\/baratikor\/files\/2022\/09\/171_21.jpg\" alt=\"\" width=\"283\" height=\"401\" \/><\/a><\/p>\n","protected":false},"excerpt":{"rendered":"<p><a href=\"https:\/\/semmelweis.hu\/baratikor\/files\/2022\/09\/171_11.jpg\"><\/a> (Ny\u00edrb\u00e1tor, 1843. november 23. &#8211; Budapest, 1909. m\u00e1rcius 22.) D\u00e9k\u00e1n: 1902\/03 &#8211; 1903\/04 R\u00e9gi nemesi csal\u00e1dban sz\u00fcletett. K\u00f6z\u00e9piskol\u00e1it Nagyk\u00e1rolyban \u00e9s Pesten, orvosi tanulm\u00e1nyait Pesten v\u00e9gezte. Orvosdoktori oklevelet 1868. febru\u00e1r 8-\u00e1n, seb\u00e9szdoktorit 1869. j\u00fanius 9-\u00e9n kapott. M\u00e1r egyetemi \u00e9vei alatt mikroszk\u00f3pi \u00e9s \u00f6sszehasonl\u00edt\u00f3 anat\u00f3miai tanulm\u00e1nyokat v\u00e9gzett h\u00e1rom p\u00e1lyad\u00edjat is elnyerve. \u00d6t\u00f6d\u00e9ves kor\u00e1ban Balassa J\u00e1nos mellett fizet\u00e9ses &hellip;<\/p>\n","protected":false},"author":282,"featured_media":1107,"parent":347,"menu_order":0,"comment_status":"closed","ping_status":"closed","template":"template-fullwidth.php","meta":{"_acf_changed":false,"footnotes":""},"categories":[6,20,77,81,14],"tags":[],"class_list":["post-1106","page","type-page","status-publish","has-post-thumbnail","hentry","category-dekanok","category-dekanok-karok-szerint","category-kegyeleti-adattar","category-orvosi-kar-dekanjai","category-teljes-nevlista"],"acf":[],"_links":{"self":[{"href":"https:\/\/semmelweis.hu\/baratikor\/wp-json\/wp\/v2\/pages\/1106","targetHints":{"allow":["GET"]}}],"collection":[{"href":"https:\/\/semmelweis.hu\/baratikor\/wp-json\/wp\/v2\/pages"}],"about":[{"href":"https:\/\/semmelweis.hu\/baratikor\/wp-json\/wp\/v2\/types\/page"}],"author":[{"embeddable":true,"href":"https:\/\/semmelweis.hu\/baratikor\/wp-json\/wp\/v2\/users\/282"}],"replies":[{"embeddable":true,"href":"https:\/\/semmelweis.hu\/baratikor\/wp-json\/wp\/v2\/comments?post=1106"}],"version-history":[{"count":1,"href":"https:\/\/semmelweis.hu\/baratikor\/wp-json\/wp\/v2\/pages\/1106\/revisions"}],"predecessor-version":[{"id":1109,"href":"https:\/\/semmelweis.hu\/baratikor\/wp-json\/wp\/v2\/pages\/1106\/revisions\/1109"}],"up":[{"embeddable":true,"href":"https:\/\/semmelweis.hu\/baratikor\/wp-json\/wp\/v2\/pages\/347"}],"wp:featuredmedia":[{"embeddable":true,"href":"https:\/\/semmelweis.hu\/baratikor\/wp-json\/wp\/v2\/media\/1107"}],"wp:attachment":[{"href":"https:\/\/semmelweis.hu\/baratikor\/wp-json\/wp\/v2\/media?parent=1106"}],"wp:term":[{"taxonomy":"category","embeddable":true,"href":"https:\/\/semmelweis.hu\/baratikor\/wp-json\/wp\/v2\/categories?post=1106"},{"taxonomy":"post_tag","embeddable":true,"href":"https:\/\/semmelweis.hu\/baratikor\/wp-json\/wp\/v2\/tags?post=1106"}],"curies":[{"name":"wp","href":"https:\/\/api.w.org\/{rel}","templated":true}]}}