{"id":11,"date":"2022-04-27T15:46:34","date_gmt":"2022-04-27T13:46:34","guid":{"rendered":"https:\/\/semmelweis.hu\/baratikor\/?page_id=11"},"modified":"2025-03-24T14:18:47","modified_gmt":"2025-03-24T13:18:47","slug":"elerhetoseg","status":"publish","type":"page","link":"https:\/\/semmelweis.hu\/baratikor\/elerhetoseg\/","title":{"rendered":"El\u00e9rhet\u0151s\u00e9g"},"content":{"rendered":"<div class=\"fontos_div\">\n<p><strong>C\u00edm:<\/strong><br \/>\n1089 Budapest, Nagyv\u00e1rad t\u00e9r 4. XVIII. em. 1812.<\/p>\n<p><strong>Titk\u00e1rs\u00e1gvezet\u0151:<\/strong><br \/>\nFoszt\u00f3n\u00e9 Hal\u00e1sz Andrea<\/p>\n<p><strong>Telefon:<\/strong><br \/>\n+36 1 210 2930 \/ 56385<\/p>\n<p><strong>E-mail c\u00edm:<br \/>\n<\/strong><a href=\"mailto:baratikor@semmelweis.hu\">baratikor@semmelweis.hu<\/a><\/p>\n<p><strong>Levelez\u00e9si c\u00edm:<br \/>\n<\/strong>Semmelweis Egyetem Bar\u00e1ti K\u00f6re, 1085 Budapest, \u00dcll\u0151i \u00fat 26.<\/p>\n<\/div>\n\n<!-- iframe plugin v.4.9 wordpress.org\/plugins\/iframe\/ -->\n<iframe src=\"https:\/\/www.google.com\/maps\/embed?pb=!1m14!1m8!1m3!1d2696.5434439113687!2d19.0904585!3d47.4793257!3m2!1i1024!2i768!4f13.1!3m3!1m2!1s0x4741dce697a2655f%3A0xdf51267ae07790a6!2zTmFneXbDoXJhZCBUw6lyaSBFbG3DqWxldGkgVMO2bWIsIE5FVCBTZW1tZWx3ZWlz!5e0!3m2!1shu!2shu!4v1712148369134!5m2!1shu!2shu\" width=\"100%\" height=\"450\" style=\"border:0;\" allowfullscreen loading=\"lazy\" referrerpolicy=\"no-referrer-when-downgrade\" scrolling=\"yes\" class=\"iframe-class\" frameborder=\"0\"><\/iframe>\n\n","protected":false},"excerpt":{"rendered":"<p>C\u00edm:<br \/>\n1089 Budapest, Nagyv\u00e1rad t\u00e9r 4. XVIII. em. 1812.<br \/>\nTitk\u00e1rs\u00e1gvezet\u0151:<br \/>\nFoszt\u00f3n\u00e9 Hal\u00e1sz Andrea<br \/>\nTelefon:<br \/>\n+36 1 210 2930 \/ 56385<br \/>\nE-mail c\u00edm:<br \/>\n<a href=\"mailto:baratikor@semmelweis.hu\">baratikor@semmelweis.hu<\/a><br \/>\nLevelez\u00e9si c\u00edm:<br \/>\nSemmelweis Egyetem Bar\u00e1ti K\u00f6re, 1085 Budapest, \u00dcll\u0151i \u00fat 26.<\/p>\n","protected":false},"author":12,"featured_media":0,"parent":0,"menu_order":18,"comment_status":"closed","ping_status":"closed","template":"","meta":{"_acf_changed":false,"footnotes":""},"categories":[],"tags":[],"class_list":["post-11","page","type-page","status-publish","hentry"],"acf":[],"_links":{"self":[{"href":"https:\/\/semmelweis.hu\/baratikor\/wp-json\/wp\/v2\/pages\/11","targetHints":{"allow":["GET"]}}],"collection":[{"href":"https:\/\/semmelweis.hu\/baratikor\/wp-json\/wp\/v2\/pages"}],"about":[{"href":"https:\/\/semmelweis.hu\/baratikor\/wp-json\/wp\/v2\/types\/page"}],"author":[{"embeddable":true,"href":"https:\/\/semmelweis.hu\/baratikor\/wp-json\/wp\/v2\/users\/12"}],"replies":[{"embeddable":true,"href":"https:\/\/semmelweis.hu\/baratikor\/wp-json\/wp\/v2\/comments?post=11"}],"version-history":[{"count":11,"href":"https:\/\/semmelweis.hu\/baratikor\/wp-json\/wp\/v2\/pages\/11\/revisions"}],"predecessor-version":[{"id":5995,"href":"https:\/\/semmelweis.hu\/baratikor\/wp-json\/wp\/v2\/pages\/11\/revisions\/5995"}],"wp:attachment":[{"href":"https:\/\/semmelweis.hu\/baratikor\/wp-json\/wp\/v2\/media?parent=11"}],"wp:term":[{"taxonomy":"category","embeddable":true,"href":"https:\/\/semmelweis.hu\/baratikor\/wp-json\/wp\/v2\/categories?post=11"},{"taxonomy":"post_tag","embeddable":true,"href":"https:\/\/semmelweis.hu\/baratikor\/wp-json\/wp\/v2\/tags?post=11"}],"curies":[{"name":"wp","href":"https:\/\/api.w.org\/{rel}","templated":true}]}}