{"id":1095,"date":"2022-09-06T09:26:11","date_gmt":"2022-09-06T07:26:11","guid":{"rendered":"https:\/\/semmelweis.hu\/baratikor\/?page_id=1095"},"modified":"2023-07-11T08:44:37","modified_gmt":"2023-07-11T06:44:37","slug":"ketly-karoly","status":"publish","type":"page","link":"https:\/\/semmelweis.hu\/baratikor\/galeria\/teljes-nevlista\/ketly-karoly\/","title":{"rendered":"K\u00e9tly K\u00e1roly"},"content":{"rendered":"<p style=\"text-align: justify\"><strong><a href=\"https:\/\/semmelweis.hu\/baratikor\/files\/2022\/09\/039_11.jpg\"><img loading=\"lazy\" decoding=\"async\" class=\"alignleft wp-image-1097 size-full\" src=\"https:\/\/semmelweis.hu\/baratikor\/files\/2022\/09\/039_11.jpg\" alt=\"\" width=\"295\" height=\"460\" srcset=\"https:\/\/semmelweis.hu\/baratikor\/files\/2022\/09\/039_11.jpg 295w, https:\/\/semmelweis.hu\/baratikor\/files\/2022\/09\/039_11-257x400.jpg 257w\" sizes=\"auto, (max-width: 295px) 100vw, 295px\" \/><\/a>K\u00e9tly K\u00e1roly, csurg\u00f3i b\u00e1r\u00f3 (Feh\u00e9rv\u00e1rcsurg\u00f3, 1839. szeptember 14. &#8211; Budapest, 1927. febru\u00e1r 19.)<\/strong><br \/>\norvos, belgy\u00f3gy\u00e1sz, egyetemi tan\u00e1r, 1897-t\u0151l a Magyar Tudom\u00e1nyos Akad\u00e9mia levelez\u0151 tagja.<\/p>\n<p style=\"text-align: justify\">Apja a K\u00e1roly gr\u00f3fok csurg\u00f3i uradalmi int\u00e9z\u0151je, K\u00e9tli Gy\u00f6rgy. Orvosi tanulm\u00e1nyait pesti \u00e9s b\u00e9csi egyetemeken folytatta, orvosi oklevelet 1863-ban szerzett. 1864-t\u0151l 1868-ig a pesti egyetem belgy\u00f3gy\u00e1szati klinik\u00e1j\u00e1n tan\u00e1rseg\u00e9d, majd 1868 \u00e9s 1870 k\u00f6z\u00f6tt \u00f6szt\u00f6nd\u00edjask\u00e9nt b\u00e9csi, berlini, \u00e9s heidelbergi tanulm\u00e1nyutakat tett. Els\u0151sorban idegk\u00f3rtannal \u00e9s \u201evill\u00e1mgy\u00f3gy\u00e1szattal\u201d foglalkozott, eredm\u00e9nyek\u00e9nt 1870-ben az elektroter\u00e1pia mag\u00e1ntan\u00e1ra lett. 1871-ben a Szent R\u00f3kus K\u00f3rh\u00e1z rendel\u0151orvosa, 1877-1889-ben belgy\u00f3gy\u00e1sz oszt\u00e1lyvezet\u0151 f\u0151orvos. 1884-t\u0151l a pesti egyetem c\u00edmzetes nyilv\u00e1nos rendk\u00edv\u00fcli tan\u00e1ra, 1889 \u00e9s 1913 k\u00f6z\u00f6tt a belgy\u00f3gy\u00e1szat nyilv\u00e1nos rendes tan\u00e1ra, valamint az I. sz\u00e1m\u00fa belgy\u00f3gy\u00e1szati klinika igazgat\u00f3ja. 1902-ben \u00e9s 1903-ban az egyetem rektora. 1919. m\u00e1rcius 28-\u00e1n a v\u00f6r\u00f6s diktat\u00fara Forradalmi korm\u00e1nyz\u00f3tan\u00e1csa felf\u00fcggesztette \u00e1ll\u00e1s\u00e1b\u00f3l. Szakirodalmi \u00e9s orvosk\u00e9pz\u0151 tev\u00e9kenys\u00e9ge mellett jelent\u0151s r\u00e9szt v\u00e1llalt a budapesti Orvosegyes\u00fclet megszervez\u00e9s\u00e9ben, amelynek titk\u00e1ra, majd 1889-t\u0151l aleln\u00f6ke, 1893-t\u00f3l pedig eln\u00f6ke lett. Ezt k\u00f6vet\u0151en, 1897-t\u0151l az Orsz\u00e1gos Orvossz\u00f6vets\u00e9g alap\u00edt\u00f3 eln\u00f6ke. Munk\u00e1ss\u00e1ga kiterjedt a a belgy\u00f3gy\u00e1szat sz\u00e1mos ter\u00fclet\u00e9re, jelent\u0151sek az idegrendszer megbeteged\u00e9seivel kapcsolatos kutat\u00e1sai. Magyarorsz\u00e1gon els\u0151k\u00e9nt foglalkozott behat\u00f3an ideggy\u00f3gy\u00e1szattal, k\u00f6zlem\u00e9nyei k\u00fclf\u00f6ld\u00f6n is elismer\u00e9st v\u00e1ltottak ki. Tulajdonk\u00e9ppen a neurol\u00f3gia \u00e9s az elektromos gy\u00f3gykezel\u00e9s egyik hazai \u00fatt\u00f6r\u0151je. Foglalkozott az orvosk\u00e9pz\u00e9s, ezen bel\u00fcl a belgy\u00f3gy\u00e1szk\u00e9pz\u00e9s k\u00e9rd\u00e9seivel is.<\/p>\n<p style=\"text-align: justify\">Az uralkod\u00f3, I. Ferenc J\u00f3zsef(1848-1916) K\u00e9thly K\u00e1rolyt \u00e9s gyermekeit, L\u00e1szl\u00f3t, Istv\u00e1nt, K\u00e1rolyt, Endr\u00e9t, Aur\u00e9li\u00e1t \u00e9s Ann\u00e1t 1896-ban nemes\u00edtette, 1913-ban pedig magyar b\u00e1r\u00f3i rangra emelte. 1897-ben a &#8222;Csurg\u00f3i&#8221; el\u0151n\u00e9v haszn\u00e1lat\u00e1val t\u00fcntette ki. C\u00edmeradom\u00e1nyoz\u00e1sra &#8211; a kor szok\u00e1sainak megfelel\u0151en &#8211; m\u00e1r nem ker\u00fclt sor. K\u00e9thly K\u00e1roly \u00e9lete sor\u00e1n cs\u00e1sz\u00e1ri \u00e9s kir\u00e1lyi tan\u00e1csos, a Magyar kir\u00e1lyi Szent Istv\u00e1n Rend lovagi fokozat\u00e1nak birtokosa. Feles\u00e9g\u00e9vel, Szigligeti Ede sz\u00ednm\u0171\u00edr\u00f3 \u00e9s Sperling Franciska le\u00e1ny\u00e1val, Szathm\u00e1ry Ann\u00e1val(1841-1909) 1871-ben k\u00f6t\u00f6tt h\u00e1zass\u00e1got.<\/p>\n<p><a href=\"https:\/\/semmelweis.hu\/baratikor\/files\/2022\/09\/039_21.jpg\"><img loading=\"lazy\" decoding=\"async\" class=\"alignleft size-full wp-image-1098\" src=\"https:\/\/semmelweis.hu\/baratikor\/files\/2022\/09\/039_21.jpg\" alt=\"\" width=\"295\" height=\"407\" srcset=\"https:\/\/semmelweis.hu\/baratikor\/files\/2022\/09\/039_21.jpg 295w, https:\/\/semmelweis.hu\/baratikor\/files\/2022\/09\/039_21-290x400.jpg 290w\" sizes=\"auto, (max-width: 295px) 100vw, 295px\" \/><\/a><a href=\"https:\/\/semmelweis.hu\/baratikor\/files\/2022\/09\/039_31.jpg\"><img loading=\"lazy\" decoding=\"async\" class=\"alignleft size-full wp-image-1100\" src=\"https:\/\/semmelweis.hu\/baratikor\/files\/2022\/09\/039_31.jpg\" alt=\"\" width=\"295\" height=\"370\" \/><\/a><\/p>\n","protected":false},"excerpt":{"rendered":"<p><a href=\"https:\/\/semmelweis.hu\/baratikor\/files\/2022\/09\/039_11.jpg\"><\/a> K\u00e9tly K\u00e1roly, csurg\u00f3i b\u00e1r\u00f3 (Feh\u00e9rv\u00e1rcsurg\u00f3, 1839. szeptember 14. &#8211; Budapest, 1927. febru\u00e1r 19.) orvos, belgy\u00f3gy\u00e1sz, egyetemi tan\u00e1r, 1897-t\u0151l a Magyar Tudom\u00e1nyos Akad\u00e9mia levelez\u0151 tagja. Apja a K\u00e1roly gr\u00f3fok csurg\u00f3i uradalmi int\u00e9z\u0151je, K\u00e9tli Gy\u00f6rgy. Orvosi tanulm\u00e1nyait pesti \u00e9s b\u00e9csi egyetemeken folytatta, orvosi oklevelet 1863-ban szerzett. 1864-t\u0151l 1868-ig a pesti egyetem belgy\u00f3gy\u00e1szati klinik\u00e1j\u00e1n tan\u00e1rseg\u00e9d, majd 1868 \u00e9s &hellip;<\/p>\n","protected":false},"author":282,"featured_media":4949,"parent":347,"menu_order":0,"comment_status":"closed","ping_status":"closed","template":"template-fullwidth.php","meta":{"_acf_changed":false,"footnotes":""},"categories":[77,5,14],"tags":[],"class_list":["post-1095","page","type-page","status-publish","has-post-thumbnail","hentry","category-kegyeleti-adattar","category-rektorok","category-teljes-nevlista"],"acf":[],"_links":{"self":[{"href":"https:\/\/semmelweis.hu\/baratikor\/wp-json\/wp\/v2\/pages\/1095","targetHints":{"allow":["GET"]}}],"collection":[{"href":"https:\/\/semmelweis.hu\/baratikor\/wp-json\/wp\/v2\/pages"}],"about":[{"href":"https:\/\/semmelweis.hu\/baratikor\/wp-json\/wp\/v2\/types\/page"}],"author":[{"embeddable":true,"href":"https:\/\/semmelweis.hu\/baratikor\/wp-json\/wp\/v2\/users\/282"}],"replies":[{"embeddable":true,"href":"https:\/\/semmelweis.hu\/baratikor\/wp-json\/wp\/v2\/comments?post=1095"}],"version-history":[{"count":6,"href":"https:\/\/semmelweis.hu\/baratikor\/wp-json\/wp\/v2\/pages\/1095\/revisions"}],"predecessor-version":[{"id":1934,"href":"https:\/\/semmelweis.hu\/baratikor\/wp-json\/wp\/v2\/pages\/1095\/revisions\/1934"}],"up":[{"embeddable":true,"href":"https:\/\/semmelweis.hu\/baratikor\/wp-json\/wp\/v2\/pages\/347"}],"wp:featuredmedia":[{"embeddable":true,"href":"https:\/\/semmelweis.hu\/baratikor\/wp-json\/wp\/v2\/media\/4949"}],"wp:attachment":[{"href":"https:\/\/semmelweis.hu\/baratikor\/wp-json\/wp\/v2\/media?parent=1095"}],"wp:term":[{"taxonomy":"category","embeddable":true,"href":"https:\/\/semmelweis.hu\/baratikor\/wp-json\/wp\/v2\/categories?post=1095"},{"taxonomy":"post_tag","embeddable":true,"href":"https:\/\/semmelweis.hu\/baratikor\/wp-json\/wp\/v2\/tags?post=1095"}],"curies":[{"name":"wp","href":"https:\/\/api.w.org\/{rel}","templated":true}]}}