{"id":1090,"date":"2022-09-06T09:06:14","date_gmt":"2022-09-06T07:06:14","guid":{"rendered":"https:\/\/semmelweis.hu\/baratikor\/?page_id=1090"},"modified":"2023-10-11T13:56:10","modified_gmt":"2023-10-11T11:56:10","slug":"arkovy-jozsef","status":"publish","type":"page","link":"https:\/\/semmelweis.hu\/baratikor\/galeria\/teljes-nevlista\/arkovy-jozsef\/","title":{"rendered":"\u00c1rk\u00f6vy J\u00f3zsef"},"content":{"rendered":"<p style=\"text-align: justify\"><a href=\"https:\/\/semmelweis.hu\/baratikor\/galeria\/teljes-nevlista\/arkovy-jozsef\/arkovy-jozsef-portre\/\" rel=\"attachment wp-att-1453\"><img loading=\"lazy\" decoding=\"async\" class=\"alignleft size-medium wp-image-1453\" src=\"https:\/\/semmelweis.hu\/baratikor\/files\/2023\/01\/Arkovy-Jozsef-portre-303x400.jpg\" alt=\"\" width=\"303\" height=\"400\" srcset=\"https:\/\/semmelweis.hu\/baratikor\/files\/2023\/01\/Arkovy-Jozsef-portre-303x400.jpg 303w, https:\/\/semmelweis.hu\/baratikor\/files\/2023\/01\/Arkovy-Jozsef-portre-753x995.jpg 753w, https:\/\/semmelweis.hu\/baratikor\/files\/2023\/01\/Arkovy-Jozsef-portre.jpg 757w\" sizes=\"auto, (max-width: 303px) 100vw, 303px\" \/><\/a><strong>\u00c1rk\u00f6vy J\u00f3zsef (Pest-Buda, 1851. febru\u00e1r 8. &#8211; Budapest, 1922. m\u00e1jus 19.) <\/strong><\/p>\n<p><strong>Tansz\u00e9k: <\/strong>fog\u00e1szat (1892) 1906-1918.<\/p>\n<p>Eredeti neve Arnstein, 1862-ig ezt a nevet haszn\u00e1lta. K\u00f6z\u00e9piskol\u00e1it a nagyszombati \u00e9rseki nevel\u0151int\u00e9zetben \u00e9s Esztergomban v\u00e9gezte, majd 1871-t\u0151l a pesti Orvostudom\u00e1nyi Kar hallgat\u00f3ja volt. 1876. m\u00e1jus 27-\u00e9n orvosdoktori, j\u00fanius 9-\u00e9n seb\u00e9szdoktori, majd okt\u00f3ber 9-\u00e9n fog\u00e1szmesteri oklevelet szerzett. Alig egy h\u00f3nap m\u00falva Londonba utazott, hogy a London-school of Dental Surgery-ben szerezzen gyakorlati tapasztalatokat a fog\u00e1szat ter\u00e9n. Visszafel\u00e9 ugyanezen okb\u00f3l P\u00e1rizsban is meg\u00e1llt, majd 1877. m\u00e1jus elej\u00e9n kezdett fog\u00e1szk\u00e9nt m\u0171k\u00f6dni Budapesten. 1881. m\u00e1rcius 1-j\u00e9n foggy\u00f3gyint\u00e9zetet nyitott, majd k\u00e9t \u00e9s f\u00e9l \u00e9vig a Szent R\u00f3kus k\u00f3rh\u00e1z rendel\u0151 orvosak\u00e9nt m\u0171k\u00f6d\u00f6tt. 1881. november 26-\u00e1n a budapesti egyetemen a fog\u00e1szat mag\u00e1ntan\u00e1ra lett. 1890-ben az \u0151 vezet\u00e9s\u00e9vel ny\u00edlt meg az els\u0151 budapesti fog\u00e1szati klinika. 1892-t\u0151l a fog\u00e1szat nyilv\u00e1nos rendk\u00edv\u00fcli, majd 1906-t\u00f3l 1918-as nyugd\u00edjba vonul\u00e1s\u00e1ig nyilv\u00e1nos rendes tan\u00e1ra. Ez\u00e9rt \u0151t tekintj\u00fck &#8211; a korabeli nev\u00e9n \u2013 stomatol\u00f3giai tansz\u00e9k (1906) megalap\u00edt\u00f3j\u00e1nak. Nemzetk\u00f6zi elismerts\u00e9g\u00e9t mutatja, hogy az Association Stomatologique Internationale kongresszusainak \u00f6r\u00f6k\u00f6s tiszteletbeli eln\u00f6k\u00e9nek v\u00e1lasztotta. Eml\u00e9k\u00e9re a Budapesti Orvostudom\u00e1nyi Egyetem tan\u00e1csa 1963-ban k\u00e9t \u00e9venk\u00e9nt kiosztand\u00f3 \u00c1rk\u00f6vy J\u00f3zsef-eml\u00e9k\u00e9rmet alap\u00edtott.<\/p>\n<p><strong>F\u0151bb munk\u00e1i:<\/strong> A fogak gondoz\u00e1sa a gyermekek \u00e9s feln\u0151ttekn\u00e9l. Bp. 1881.; A fogb\u00e9l \u00e9s gy\u00f6kh\u00e1rtya b\u00e1ntalmak diagnostik\u00e1ja. I. r\u00e9sz A fogb\u00e9lb\u00e1ntalmak. Bp. 1884. K\u00fcl\u00f6nnyomat az Orvosi Hetilapb\u00f3l.; Diagnostik der Zahnkrankheiten und durch Zahnleiden bedingten Kiefererkrankungen. Stuttgart, 1885.<\/p>\n<p><strong>Nyughelye:<\/strong> Fiumei \u00fati temet\u0151 25\/0\/2\/102.<\/p>\n<p><a href=\"https:\/\/semmelweis.hu\/baratikor\/files\/2022\/09\/099_11.jpg\"><img loading=\"lazy\" decoding=\"async\" class=\"alignleft wp-image-1091 size-full\" src=\"https:\/\/semmelweis.hu\/baratikor\/files\/2022\/09\/099_11.jpg\" alt=\"\" width=\"295\" height=\"370\" \/><\/a><a href=\"https:\/\/semmelweis.hu\/baratikor\/files\/2022\/09\/099_21.jpg\"><img loading=\"lazy\" decoding=\"async\" class=\"alignleft wp-image-1092 size-full\" src=\"https:\/\/semmelweis.hu\/baratikor\/files\/2022\/09\/099_21.jpg\" alt=\"\" width=\"283\" height=\"355\" \/><\/a><a href=\"https:\/\/semmelweis.hu\/baratikor\/galeria\/teljes-nevlista\/arkovy-jozsef\/arkovy-jozsef-2\/\" rel=\"attachment wp-att-1452\"><img loading=\"lazy\" decoding=\"async\" class=\"alignleft size-medium wp-image-1452\" src=\"https:\/\/semmelweis.hu\/baratikor\/files\/2023\/01\/Arkovy-Jozsef-267x400.jpg\" alt=\"\" width=\"267\" height=\"400\" srcset=\"https:\/\/semmelweis.hu\/baratikor\/files\/2023\/01\/Arkovy-Jozsef-267x400.jpg 267w, https:\/\/semmelweis.hu\/baratikor\/files\/2023\/01\/Arkovy-Jozsef.jpg 667w\" sizes=\"auto, (max-width: 267px) 100vw, 267px\" \/><\/a><\/p>\n","protected":false},"excerpt":{"rendered":"<p><a href=\"https:\/\/semmelweis.hu\/baratikor\/galeria\/teljes-nevlista\/arkovy-jozsef\/arkovy-jozsef-portre\/\" rel=\"attachment wp-att-1453\"><\/a> \u00c1rk\u00f6vy J\u00f3zsef (Pest-Buda, 1851. febru\u00e1r 8. &#8211; Budapest, 1922. m\u00e1jus 19.) Tansz\u00e9k: fog\u00e1szat (1892) 1906-1918. Eredeti neve Arnstein, 1862-ig ezt a nevet haszn\u00e1lta. K\u00f6z\u00e9piskol\u00e1it a nagyszombati \u00e9rseki nevel\u0151int\u00e9zetben \u00e9s Esztergomban v\u00e9gezte, majd 1871-t\u0151l a pesti Orvostudom\u00e1nyi Kar hallgat\u00f3ja volt. 1876. m\u00e1jus 27-\u00e9n orvosdoktori, j\u00fanius 9-\u00e9n seb\u00e9szdoktori, majd okt\u00f3ber 9-\u00e9n fog\u00e1szmesteri oklevelet szerzett. Alig egy h\u00f3nap &hellip;<\/p>\n","protected":false},"author":282,"featured_media":5345,"parent":347,"menu_order":0,"comment_status":"closed","ping_status":"closed","template":"template-fullwidth.php","meta":{"_acf_changed":false,"footnotes":""},"categories":[77,16,14],"tags":[],"class_list":["post-1090","page","type-page","status-publish","has-post-thumbnail","hentry","category-kegyeleti-adattar","category-tanszekvezetok","category-teljes-nevlista"],"acf":[],"_links":{"self":[{"href":"https:\/\/semmelweis.hu\/baratikor\/wp-json\/wp\/v2\/pages\/1090","targetHints":{"allow":["GET"]}}],"collection":[{"href":"https:\/\/semmelweis.hu\/baratikor\/wp-json\/wp\/v2\/pages"}],"about":[{"href":"https:\/\/semmelweis.hu\/baratikor\/wp-json\/wp\/v2\/types\/page"}],"author":[{"embeddable":true,"href":"https:\/\/semmelweis.hu\/baratikor\/wp-json\/wp\/v2\/users\/282"}],"replies":[{"embeddable":true,"href":"https:\/\/semmelweis.hu\/baratikor\/wp-json\/wp\/v2\/comments?post=1090"}],"version-history":[{"count":7,"href":"https:\/\/semmelweis.hu\/baratikor\/wp-json\/wp\/v2\/pages\/1090\/revisions"}],"predecessor-version":[{"id":5346,"href":"https:\/\/semmelweis.hu\/baratikor\/wp-json\/wp\/v2\/pages\/1090\/revisions\/5346"}],"up":[{"embeddable":true,"href":"https:\/\/semmelweis.hu\/baratikor\/wp-json\/wp\/v2\/pages\/347"}],"wp:featuredmedia":[{"embeddable":true,"href":"https:\/\/semmelweis.hu\/baratikor\/wp-json\/wp\/v2\/media\/5345"}],"wp:attachment":[{"href":"https:\/\/semmelweis.hu\/baratikor\/wp-json\/wp\/v2\/media?parent=1090"}],"wp:term":[{"taxonomy":"category","embeddable":true,"href":"https:\/\/semmelweis.hu\/baratikor\/wp-json\/wp\/v2\/categories?post=1090"},{"taxonomy":"post_tag","embeddable":true,"href":"https:\/\/semmelweis.hu\/baratikor\/wp-json\/wp\/v2\/tags?post=1090"}],"curies":[{"name":"wp","href":"https:\/\/api.w.org\/{rel}","templated":true}]}}