{"id":1073,"date":"2022-08-10T11:04:07","date_gmt":"2022-08-10T09:04:07","guid":{"rendered":"https:\/\/semmelweis.hu\/baratikor\/?page_id=1073"},"modified":"2023-10-12T11:43:21","modified_gmt":"2023-10-12T09:43:21","slug":"onodi-adolf","status":"publish","type":"page","link":"https:\/\/semmelweis.hu\/baratikor\/galeria\/teljes-nevlista\/onodi-adolf\/","title":{"rendered":"\u00d3nodi Adolf"},"content":{"rendered":"<p style=\"text-align: justify\"><strong><a href=\"https:\/\/semmelweis.hu\/baratikor\/files\/2022\/08\/124_11.jpg\"><img loading=\"lazy\" decoding=\"async\" class=\"size-full wp-image-1074 alignleft\" src=\"https:\/\/semmelweis.hu\/baratikor\/files\/2022\/08\/124_11.jpg\" alt=\"\" width=\"295\" height=\"370\" \/><\/a><\/strong><strong>(Miskolc, 1857. november 7. &#8211; B\u00e9cs, 1919. november 15.) <\/strong><\/p>\n<p style=\"text-align: justify\"><strong>Tansz\u00e9k:<\/strong> Orr- \u00e9s g\u00e9gegy\u00f3gy\u00e1szat 1910-1919.<\/p>\n<p style=\"text-align: justify\">Orvosi tanulm\u00e1nyait a budapesti egyetemen v\u00e9gezte, oklevelet 1881. okt\u00f3ber 15-\u00e9n kapott \u00d3nodi D\u00e1vid Adolf n\u00e9ven. Eredeti csal\u00e1di nev\u00e9t (Finckelstein) ekkor v\u00e1ltoztatta \u00d3nodira. Orvostanhallgat\u00f3 kor\u00e1ban k\u00e9tszer nyert p\u00e1lyad\u00edjat, \u00f6t\u00f6d\u00e9vesk\u00e9nt 1880-t\u00f3l pedig els\u0151 tan\u00e1rseg\u00e9d volt a t\u00e1jbonctani \u00e9s fejl\u0151d\u00e9stani tansz\u00e9ken. Korm\u00e1ny\u00f6szt\u00f6nd\u00edjjal k\u00e9tszer is j\u00e1rt N\u00e1polyban tanulm\u00e1ny\u00faton. Mag\u00e1ntan\u00e1ri k\u00e9pes\u00edt\u00e9st 1887-ben szerzett Budapesten az idegrendszer bonc-, sz\u00f6vet- \u00e9s fejl\u0151d\u00e9stan\u00e1b\u00f3l. 1888-ban m\u0171t\u0151oklevelet szerzett \u00e9s komolyan kezdett foglalkozni az orr-, torok- \u00e9s g\u00e9gegy\u00f3gy\u00e1szattal. 1887 \u00f3ta vezette a II. sz. Belgy\u00f3gy\u00e1szati Klinika g\u00e9gegy\u00f3gy\u00e1szati ambulanci\u00e1j\u00e1t, 1894-t\u0151l pedig k\u00f3rh\u00e1zi rendel\u0151 orvosk\u00e9nt m\u0171k\u00f6d\u00f6tt.<\/p>\n<p style=\"text-align: justify\">1890-ben az orr-, torok- \u00e9s g\u00e9gebajok k\u00f3r- \u00e9s gy\u00f3gytana t\u00e1rgyk\u00f6rben is mag\u00e1ntan\u00e1ri k\u00e9pes\u00edt\u00e9st szerzett.<\/p>\n<p style=\"text-align: justify\">1896. m\u00e1jus 15-\u00e9n a Magyar Tudom\u00e1nyos Akad\u00e9mia levelez\u0151 tagjai k\u00f6z\u00e9 v\u00e1lasztotta. 1897-ben rendk\u00edv\u00fcli tan\u00e1ri c\u00edmet nyert, majd 1910. j\u00fanius 17-t\u0151l az orr- \u00e9s g\u00e9gegy\u00f3gy\u00e1szat rendk\u00edv\u00fcli tan\u00e1ra volt. A Kar 1918 v\u00e9g\u00e9n javasolta rendes tan\u00e1ri c\u00edmmel val\u00f3 kit\u00fcntet\u00e9s\u00e9t. A Tan\u00e1csk\u00f6zt\u00e1rsas\u00e1g buk\u00e1sa ut\u00e1n politikai okokb\u00f3l emigr\u00e1lt. Itthon az Orvosi Kar fegyelmi elj\u00e1r\u00e1st ind\u00edtott ellene a prolet\u00e1rdiktat\u00fara alatti magatart\u00e1sa miatt, \u00e1m annak lez\u00e1rulta el\u0151tt \u00d3nodi B\u00e9csben elhunyt. Hal\u00e1la ut\u00e1n az orrmell\u00e9k\u00fcregek fejl\u0151d\u00e9s\u00e9vel \u00e9s morfol\u00f3gi\u00e1j\u00e1val foglalkoz\u00f3, egy\u00e9bk\u00e9nt vil\u00e1gh\u00edr\u0171 gy\u0171jtem\u00e9nye a londoni orvosegyes\u00fclethez ker\u00fclt, de ott a II. vil\u00e1gh\u00e1bor\u00fa n\u00e9met l\u00e9git\u00e1mad\u00e1saiban elpusztult.<\/p>\n<p style=\"text-align: justify\"><strong>F\u0151bb munk\u00e1i:<\/strong> Az orr\u00fcreg \u00e9s mell\u00e9k\u00fcregei. Bp., 1893.; Die Innervation des Kehlkopfes. Wien, 1896.; Az orr-, g\u00e9ge- \u00e9s garatl\u00e9gcs\u0151 b\u00e1ntalmai. Bp., 1919.; Das Gehirn und die Nebenh\u00f6hlen der Nase. Wien, 1908.<\/p>\n<p style=\"text-align: justify\"><strong>Nyughelye:<\/strong> Budapest, Salg\u00f3tarj\u00e1ni \u00fati izraelita temet\u0151.<\/p>\n","protected":false},"excerpt":{"rendered":"<p><a href=\"https:\/\/semmelweis.hu\/baratikor\/files\/2022\/08\/124_11.jpg\"><\/a> (Miskolc, 1857. november 7. &#8211; B\u00e9cs, 1919. november 15.) Tansz\u00e9k: Orr- \u00e9s g\u00e9gegy\u00f3gy\u00e1szat 1910-1919. Orvosi tanulm\u00e1nyait a budapesti egyetemen v\u00e9gezte, oklevelet 1881. okt\u00f3ber 15-\u00e9n kapott \u00d3nodi D\u00e1vid Adolf n\u00e9ven. Eredeti csal\u00e1di nev\u00e9t (Finckelstein) ekkor v\u00e1ltoztatta \u00d3nodira. Orvostanhallgat\u00f3 kor\u00e1ban k\u00e9tszer nyert p\u00e1lyad\u00edjat, \u00f6t\u00f6d\u00e9vesk\u00e9nt 1880-t\u00f3l pedig els\u0151 tan\u00e1rseg\u00e9d volt a t\u00e1jbonctani \u00e9s fejl\u0151d\u00e9stani tansz\u00e9ken. Korm\u00e1ny\u00f6szt\u00f6nd\u00edjjal k\u00e9tszer is &hellip;<\/p>\n","protected":false},"author":282,"featured_media":5422,"parent":347,"menu_order":0,"comment_status":"closed","ping_status":"closed","template":"template-fullwidth.php","meta":{"_acf_changed":false,"footnotes":""},"categories":[77,16,14],"tags":[],"class_list":["post-1073","page","type-page","status-publish","has-post-thumbnail","hentry","category-kegyeleti-adattar","category-tanszekvezetok","category-teljes-nevlista"],"acf":[],"_links":{"self":[{"href":"https:\/\/semmelweis.hu\/baratikor\/wp-json\/wp\/v2\/pages\/1073","targetHints":{"allow":["GET"]}}],"collection":[{"href":"https:\/\/semmelweis.hu\/baratikor\/wp-json\/wp\/v2\/pages"}],"about":[{"href":"https:\/\/semmelweis.hu\/baratikor\/wp-json\/wp\/v2\/types\/page"}],"author":[{"embeddable":true,"href":"https:\/\/semmelweis.hu\/baratikor\/wp-json\/wp\/v2\/users\/282"}],"replies":[{"embeddable":true,"href":"https:\/\/semmelweis.hu\/baratikor\/wp-json\/wp\/v2\/comments?post=1073"}],"version-history":[{"count":5,"href":"https:\/\/semmelweis.hu\/baratikor\/wp-json\/wp\/v2\/pages\/1073\/revisions"}],"predecessor-version":[{"id":2102,"href":"https:\/\/semmelweis.hu\/baratikor\/wp-json\/wp\/v2\/pages\/1073\/revisions\/2102"}],"up":[{"embeddable":true,"href":"https:\/\/semmelweis.hu\/baratikor\/wp-json\/wp\/v2\/pages\/347"}],"wp:featuredmedia":[{"embeddable":true,"href":"https:\/\/semmelweis.hu\/baratikor\/wp-json\/wp\/v2\/media\/5422"}],"wp:attachment":[{"href":"https:\/\/semmelweis.hu\/baratikor\/wp-json\/wp\/v2\/media?parent=1073"}],"wp:term":[{"taxonomy":"category","embeddable":true,"href":"https:\/\/semmelweis.hu\/baratikor\/wp-json\/wp\/v2\/categories?post=1073"},{"taxonomy":"post_tag","embeddable":true,"href":"https:\/\/semmelweis.hu\/baratikor\/wp-json\/wp\/v2\/tags?post=1073"}],"curies":[{"name":"wp","href":"https:\/\/api.w.org\/{rel}","templated":true}]}}