{"id":1061,"date":"2022-08-10T10:45:28","date_gmt":"2022-08-10T08:45:28","guid":{"rendered":"https:\/\/semmelweis.hu\/baratikor\/?page_id=1061"},"modified":"2023-07-03T14:33:23","modified_gmt":"2023-07-03T12:33:23","slug":"genersich-antal-konstantin","status":"publish","type":"page","link":"https:\/\/semmelweis.hu\/baratikor\/galeria\/teljes-nevlista\/genersich-antal-konstantin\/","title":{"rendered":"Genersich Antal Konstantin"},"content":{"rendered":"<p style=\"text-align: justify\"><strong><a href=\"https:\/\/semmelweis.hu\/baratikor\/files\/2022\/08\/094_11.jpg\"><img loading=\"lazy\" decoding=\"async\" class=\"alignleft size-full wp-image-1062\" src=\"https:\/\/semmelweis.hu\/baratikor\/files\/2022\/08\/094_11.jpg\" alt=\"\" width=\"295\" height=\"385\" \/><\/a>szepesszombati (Nagyszombat, 1842. febru\u00e1r 4. &#8211; Budapest, 1918. j\u00fanius 4.)<\/strong><\/p>\n<p style=\"text-align: justify\">D\u00e9k\u00e1n: 1904\/05 &#8211; 1905\/06<\/p>\n<p style=\"text-align: justify\">Felvid\u00e9ki polg\u00e1ri csal\u00e1db\u00f3l sz\u00e1rmazott, \u00e9desapja t\u00e1blai \u00fcgyv\u00e9d, nagyapja evang\u00e9likus teol\u00f3giai tan\u00e1r volt. \u00c9desapj\u00e1t \u00f6t \u00e9ves kor\u00e1ban vesztette el, \u00edgy a csal\u00e1d neh\u00e9z anyagi k\u00f6r\u00fclm\u00e9nyei miatt kisdi\u00e1k kor\u00e1t\u00f3l leckead\u00e1sra k\u00e9nyszer\u00fclt. Orvosi tanulm\u00e1nyait Pesten v\u00e9gezte, mik\u00f6zben bonctani demonstr\u00e1tork\u00e9nt dolgozott. Orvosdoktori oklevelet 1865. okt\u00f3ber 19-\u00e9n, a k\u00f6vetkez\u0151 \u00e9vben sz\u00fcl\u00e9sz- \u00e9s szem\u00e9szmesteri okleveleket, v\u00e9g\u00fcl 1866. j\u00fanius 8-\u00e1n seb\u00e9szdoktori oklevelet kapott. M\u00e1r egyetemi \u00e9vei alatt kit\u0171nt t\u00e1rsai k\u00f6z\u00fcl \u00f6szt\u00f6nd\u00edjat \u00e9s t\u00f6bb p\u00e1lyad\u00edjat is elnyerve. 1865 okt\u00f3ber\u00e9t\u0151l 1868. okt\u00f3ber v\u00e9g\u00e9ig Ar\u00e1nyi Lajos mellett k\u00f3rbonctani tan\u00e1rseg\u00e9dk\u00e9nt m\u0171k\u00f6d\u00f6tt, \u00edgy \u00e9vi \u00e1tlag 1150 boncol\u00e1st v\u00e9gzett. 1867-t\u0151l gyermekk\u00f3rh\u00e1zi boncnok, 1868. \u00e1prilis 1-j\u00e9t\u0151l a Szent R\u00f3kus-k\u00f3rh\u00e1z k\u00f3rboncnok f\u0151orvosa. M\u00e9g ez \u00e9v \u0151sz\u00e9n \u00e1llami \u00f6szt\u00f6nd\u00edjjal hosszabb k\u00fclf\u00f6ldi tanulm\u00e1ny\u00fatra indult, melynek sor\u00e1n a n\u00e9met nyelvter\u00fcleten kora legkiv\u00e1l\u00f3bbjait l\u00e1togatta v\u00e9gig (B\u00e9cs: Karl von Rokitansky, Salamon Stricker, Ferdinand von Hebra, Heinrich Bamberger, Friedrich Jaeger, Anton Friedrich von Tr\u00f6ltsch; W\u00fcrzburg: Friedrich Daniel von Recklinghausen, Rudolf Albert von K\u00f6lliker; Lipcse: Karl Friedrich Wilhelm Ludwig, Ernst Leberecht Wagner, Carl Huppert; Berlin: Rudolf Virchow, Ludwig von Traube). 1870. augusztus 3-\u00e1n a kolozsv\u00e1ri orvos-seb\u00e9szi tanint\u00e9zetben a k\u00f3rbonctan \u00e9s a t\u00f6rv\u00e9nysz\u00e9ki orvostan nyilv\u00e1nos rendes tan\u00e1r\u00e1v\u00e1 nevezt\u00e9k ki. 1872-ben, az egyetem fel\u00e1ll\u00edt\u00e1sakor a k\u00f3rbonctan tan\u00e1ra lett. Itteni munk\u00e1ss\u00e1ga sor\u00e1n megalapozta a k\u00f3rbonctani int\u00e9zet gy\u0171jtem\u00e9nyt\u00e1r\u00e1t. 1876\/77. tan\u00e9vben orvoskari d\u00e9k\u00e1n, a k\u00f6vetkez\u0151 tan\u00e9vben az egyetem rektora volt. 1875-t\u0151l Kolozsv\u00e1r tiszteletbeli f\u0151orvosa, de ell\u00e1tta a kolozsv\u00e1ri evang\u00e9likus egyh\u00e1zk\u00f6zs\u00e9g tan\u00e1csosi \u00e9s gondnoki feladatait is. Szak\u00e9rt\u0151k\u00e9nt komoly szerepet j\u00e1tszott a kolozsv\u00e1ri egyetem ki\u00e9p\u00edt\u00e9s\u00e9ben \u00e9s a v\u00e1rosfejleszt\u00e9sben, ami\u00e9rt 1891-ben magyar nemess\u00e9get kapott. R\u00e9szt vett a kolozsv\u00e1ri Orvos-term\u00e9szettudom\u00e1nyi T\u00e1rsulat \u00e9s az Erd\u00e9lyi M\u00fazeum Egylet munk\u00e1j\u00e1ban. 1892. m\u00e1jus 5-\u00e9n az MTA levelez\u0151, k\u00e9s\u0151bb rendes tagj\u00e1v\u00e1 v\u00e1lasztotta. 1895-ben, Scheuthauer Guszt\u00e1v hal\u00e1la ut\u00e1n a budapesti egyetem k\u00f3rbonctani tansz\u00e9k\u00e9t kett\u00e9v\u00e1lasztotta, \u00e9s az I. sz\u00e1m\u00fa \u00e9l\u00e9re Genersich kapott megh\u00edv\u00e1st, ahol 1913-ban t\u00f6rt\u00e9nt nyugd\u00edjaztat\u00e1s\u00e1ig m\u0171k\u00f6d\u00f6tt. Ezzel p\u00e1rhuzamosan m\u00e9g 1895-ben a v\u00e1ros f\u0151polg\u00e1rmestere kinevezte a Szent Istv\u00e1n-k\u00f3rh\u00e1z boncol\u00f3 f\u0151orvos\u00e1v\u00e1. Kutat\u00e1sai f\u0151k\u00e9nt a tuberkul\u00f3zis, a hum\u00e1n \u00e9s bovin tuberkul\u00f3zis elk\u00fcl\u00f6n\u00edt\u00e9s\u00e9vel, a szifilisz, a leuk\u00e9mia k\u00f3rbonctan\u00e1val, a torzk\u00e9pz\u0151d\u00e9ssel, k\u0151k\u00e9pz\u0151d\u00e9ssel, trichin\u00f3zissal kapcsolatosak. 1904-ben udvari tan\u00e1csosi m\u00e9lt\u00f3s\u00e1got kapott. K\u00e9t tan\u00e9vben d\u00e9k\u00e1n (1904\/05, 1905\/06), 1910\/11-ben (novembert\u0151l) az egyetem rektora volt. Budapesten hunyt el, de a kolozsv\u00e1ri h\u00e1zsong\u00e1rdi temet\u0151ben nyugszik.<\/p>\n<p style=\"text-align: justify\">(F\u0151bb munk\u00e1i: Jelent\u00e9s a kolozsv\u00e1r-kocs\u00e1rdi vas\u00fatvonal \u00e9p\u00edt\u00e9sekor a munk\u00e1sokn\u00e1l el\u0151fordult megbeteged\u00e9sekr\u0151l. Kolozsv\u00e1r, 1875.; Az egyetemi tanszabads\u00e1g \u00e9s a szigorlati szab\u00e1lyzatok. Rectori besz\u00e9d. Kolozsv\u00e1r, 1877.; A kolozsv\u00e1ri m. kir. tud. egyetem m\u0171k\u00f6d\u00e9s\u00e9r\u0151l. Kolozsv\u00e1r, 1878.; A fejcsonkos torz. Kolozsv\u00e1r, 1880.; Hozz\u00e1sz\u00f3l\u00e1sa a tuberculosis vit\u00e1hoz. Nemzetk\u00f6zi Belorvosi Nagygy\u0171l\u00e9s, Berlin, 1890.; Tetemvizsg\u00e1lati jegyz\u0151k\u00f6nyv. Kolozsv\u00e1r, 1890.)<\/p>\n<p><a href=\"https:\/\/semmelweis.hu\/baratikor\/files\/2022\/08\/094_31.jpg\"><img loading=\"lazy\" decoding=\"async\" class=\"alignleft size-full wp-image-1063\" src=\"https:\/\/semmelweis.hu\/baratikor\/files\/2022\/08\/094_31.jpg\" alt=\"\" width=\"295\" height=\"388\" \/><\/a><a href=\"https:\/\/semmelweis.hu\/baratikor\/files\/2022\/08\/094_41.jpg\"><img loading=\"lazy\" decoding=\"async\" class=\"alignleft size-full wp-image-1064\" src=\"https:\/\/semmelweis.hu\/baratikor\/files\/2022\/08\/094_41.jpg\" alt=\"\" width=\"295\" height=\"370\" \/><\/a><\/p>\n","protected":false},"excerpt":{"rendered":"<p><a href=\"https:\/\/semmelweis.hu\/baratikor\/files\/2022\/08\/094_11.jpg\"><\/a> szepesszombati (Nagyszombat, 1842. febru\u00e1r 4. &#8211; Budapest, 1918. j\u00fanius 4.) D\u00e9k\u00e1n: 1904\/05 &#8211; 1905\/06 Felvid\u00e9ki polg\u00e1ri csal\u00e1db\u00f3l sz\u00e1rmazott, \u00e9desapja t\u00e1blai \u00fcgyv\u00e9d, nagyapja evang\u00e9likus teol\u00f3giai tan\u00e1r volt. \u00c9desapj\u00e1t \u00f6t \u00e9ves kor\u00e1ban vesztette el, \u00edgy a csal\u00e1d neh\u00e9z anyagi k\u00f6r\u00fclm\u00e9nyei miatt kisdi\u00e1k kor\u00e1t\u00f3l leckead\u00e1sra k\u00e9nyszer\u00fclt. Orvosi tanulm\u00e1nyait Pesten v\u00e9gezte, mik\u00f6zben bonctani demonstr\u00e1tork\u00e9nt dolgozott. Orvosdoktori oklevelet 1865. okt\u00f3ber &hellip;<\/p>\n","protected":false},"author":282,"featured_media":4838,"parent":347,"menu_order":0,"comment_status":"closed","ping_status":"closed","template":"template-fullwidth.php","meta":{"_acf_changed":false,"footnotes":""},"categories":[6,20,77,81,5,14],"tags":[],"class_list":["post-1061","page","type-page","status-publish","has-post-thumbnail","hentry","category-dekanok","category-dekanok-karok-szerint","category-kegyeleti-adattar","category-orvosi-kar-dekanjai","category-rektorok","category-teljes-nevlista"],"acf":[],"_links":{"self":[{"href":"https:\/\/semmelweis.hu\/baratikor\/wp-json\/wp\/v2\/pages\/1061","targetHints":{"allow":["GET"]}}],"collection":[{"href":"https:\/\/semmelweis.hu\/baratikor\/wp-json\/wp\/v2\/pages"}],"about":[{"href":"https:\/\/semmelweis.hu\/baratikor\/wp-json\/wp\/v2\/types\/page"}],"author":[{"embeddable":true,"href":"https:\/\/semmelweis.hu\/baratikor\/wp-json\/wp\/v2\/users\/282"}],"replies":[{"embeddable":true,"href":"https:\/\/semmelweis.hu\/baratikor\/wp-json\/wp\/v2\/comments?post=1061"}],"version-history":[{"count":1,"href":"https:\/\/semmelweis.hu\/baratikor\/wp-json\/wp\/v2\/pages\/1061\/revisions"}],"predecessor-version":[{"id":1065,"href":"https:\/\/semmelweis.hu\/baratikor\/wp-json\/wp\/v2\/pages\/1061\/revisions\/1065"}],"up":[{"embeddable":true,"href":"https:\/\/semmelweis.hu\/baratikor\/wp-json\/wp\/v2\/pages\/347"}],"wp:featuredmedia":[{"embeddable":true,"href":"https:\/\/semmelweis.hu\/baratikor\/wp-json\/wp\/v2\/media\/4838"}],"wp:attachment":[{"href":"https:\/\/semmelweis.hu\/baratikor\/wp-json\/wp\/v2\/media?parent=1061"}],"wp:term":[{"taxonomy":"category","embeddable":true,"href":"https:\/\/semmelweis.hu\/baratikor\/wp-json\/wp\/v2\/categories?post=1061"},{"taxonomy":"post_tag","embeddable":true,"href":"https:\/\/semmelweis.hu\/baratikor\/wp-json\/wp\/v2\/tags?post=1061"}],"curies":[{"name":"wp","href":"https:\/\/api.w.org\/{rel}","templated":true}]}}