{"id":1057,"date":"2022-08-10T10:42:58","date_gmt":"2022-08-10T08:42:58","guid":{"rendered":"https:\/\/semmelweis.hu\/baratikor\/?page_id=1057"},"modified":"2023-01-09T11:29:48","modified_gmt":"2023-01-09T10:29:48","slug":"schaffer-karoly","status":"publish","type":"page","link":"https:\/\/semmelweis.hu\/baratikor\/galeria\/teljes-nevlista\/schaffer-karoly\/","title":{"rendered":"Schaffer K\u00e1roly"},"content":{"rendered":"<p><strong><a href=\"https:\/\/semmelweis.hu\/baratikor\/files\/2022\/08\/091_11.jpg\"><img loading=\"lazy\" decoding=\"async\" class=\"alignleft size-full wp-image-1058\" src=\"https:\/\/semmelweis.hu\/baratikor\/files\/2022\/08\/091_11.jpg\" alt=\"\" width=\"295\" height=\"393\" \/><\/a>(B\u00e9cs, 1864 &#8211; Budapest, 1939)<\/strong><\/p>\n<p>Orvosi tanulm\u00e1nyait a budapesti Orvoskaron v\u00e9gezte, ahol 1888-ban egyetemes orvosdoktorr\u00e1 avatt\u00e1k. \u00d6t\u00f6d\u00e9ves kor\u00e1t\u00f3l, 1887-t\u0151l gyakornokk\u00e9nt, majd 1890-t\u0151l 1895-ig tan\u00e1rseg\u00e9dk\u00e9nt m\u0171k\u00f6d\u00f6tt az elmek\u00f3rtani tansz\u00e9ken. 1891-ben Frankfurtban dolgozott Karl Weigert tan\u00e1r mellett. 1893-ban a kollokvium elenged\u00e9s\u00e9vel mag\u00e1ntan\u00e1ri k\u00e9pes\u00edt\u00e9st szerzett az idegk\u00f3r- \u00e9s gy\u00f3gytanb\u00f3l. 1895-ben a budapesti Erzs\u00e9bet-k\u00f3rh\u00e1z \u00e9s az \u00e1ltal\u00e1nos poliklinika rendel\u0151orvosa lett. 1899. szeptember 15-\u00e9n rendk\u00edv\u00fcli egyetemi tan\u00e1ri c\u00edmmel t\u00fcntett\u00e9k ki. 1903-ban megb\u00edz\u00e1st kapott a budapesti b\u00fcntet\u0151t\u00f6rv\u00e9nysz\u00e9ken felmer\u00fcl\u0151 elmeorvosi teend\u0151k ell\u00e1t\u00e1s\u00e1ra. 1906-ban az I. sz. anat\u00f3miai int\u00e9zetben agylaborat\u00f3riumot rendezett be, melyet 1912-ben a Brain Commission interakad\u00e9miai agykutat\u00f3 int\u00e9zett\u00e9 nyilv\u00e1n\u00edtott. Ugyanekkor megb\u00edzt\u00e1k az agysz\u00f6vettani int\u00e9zet vezet\u00e9s\u00e9vel, melyet nyilv\u00e1nos rendk\u00edv\u00fcli tan\u00e1rk\u00e9nt l\u00e1tott el. 1925-ben az elme- \u00e9s idegk\u00f3rtan nyilv\u00e1nos rendes tan\u00e1ra. 1914-t\u0151l az MTA levelez\u0151, 1926-t\u00f3l rendes tagja, majd 1938-ban az akad\u00e9mia titk\u00e1r\u00e1v\u00e1 v\u00e1lasztott\u00e1k. Sz\u00e1mos, nemzetk\u00f6zileg is elismert kutat\u00e1st v\u00e9gzett, ezek mellett a Laufenauer K\u00e1roly kezdem\u00e9nyezte hazai neuro-hisztol\u00f3giai iskola igazi megteremt\u0151jek\u00e9nt tartj\u00e1k sz\u00e1mon.<\/p>\n<p><a href=\"https:\/\/semmelweis.hu\/baratikor\/files\/2022\/08\/091_21.jpg\"><img loading=\"lazy\" decoding=\"async\" class=\"alignleft size-full wp-image-1059\" src=\"https:\/\/semmelweis.hu\/baratikor\/files\/2022\/08\/091_21.jpg\" alt=\"\" width=\"295\" height=\"370\" \/><\/a><\/p>\n","protected":false},"excerpt":{"rendered":"<p><a href=\"https:\/\/semmelweis.hu\/baratikor\/files\/2022\/08\/091_11.jpg\"><\/a> (B\u00e9cs, 1864 &#8211; Budapest, 1939) Orvosi tanulm\u00e1nyait a budapesti Orvoskaron v\u00e9gezte, ahol 1888-ban egyetemes orvosdoktorr\u00e1 avatt\u00e1k. \u00d6t\u00f6d\u00e9ves kor\u00e1t\u00f3l, 1887-t\u0151l gyakornokk\u00e9nt, majd 1890-t\u0151l 1895-ig tan\u00e1rseg\u00e9dk\u00e9nt m\u0171k\u00f6d\u00f6tt az elmek\u00f3rtani tansz\u00e9ken. 1891-ben Frankfurtban dolgozott Karl Weigert tan\u00e1r mellett. 1893-ban a kollokvium elenged\u00e9s\u00e9vel mag\u00e1ntan\u00e1ri k\u00e9pes\u00edt\u00e9st szerzett az idegk\u00f3r- \u00e9s gy\u00f3gytanb\u00f3l. 1895-ben a budapesti Erzs\u00e9bet-k\u00f3rh\u00e1z \u00e9s az \u00e1ltal\u00e1nos poliklinika rendel\u0151orvosa &hellip;<\/p>\n","protected":false},"author":282,"featured_media":1058,"parent":347,"menu_order":0,"comment_status":"closed","ping_status":"closed","template":"template-fullwidth.php","meta":{"_acf_changed":false,"footnotes":""},"categories":[77,16,14],"tags":[],"class_list":["post-1057","page","type-page","status-publish","has-post-thumbnail","hentry","category-kegyeleti-adattar","category-tanszekvezetok","category-teljes-nevlista"],"acf":[],"_links":{"self":[{"href":"https:\/\/semmelweis.hu\/baratikor\/wp-json\/wp\/v2\/pages\/1057","targetHints":{"allow":["GET"]}}],"collection":[{"href":"https:\/\/semmelweis.hu\/baratikor\/wp-json\/wp\/v2\/pages"}],"about":[{"href":"https:\/\/semmelweis.hu\/baratikor\/wp-json\/wp\/v2\/types\/page"}],"author":[{"embeddable":true,"href":"https:\/\/semmelweis.hu\/baratikor\/wp-json\/wp\/v2\/users\/282"}],"replies":[{"embeddable":true,"href":"https:\/\/semmelweis.hu\/baratikor\/wp-json\/wp\/v2\/comments?post=1057"}],"version-history":[{"count":1,"href":"https:\/\/semmelweis.hu\/baratikor\/wp-json\/wp\/v2\/pages\/1057\/revisions"}],"predecessor-version":[{"id":1060,"href":"https:\/\/semmelweis.hu\/baratikor\/wp-json\/wp\/v2\/pages\/1057\/revisions\/1060"}],"up":[{"embeddable":true,"href":"https:\/\/semmelweis.hu\/baratikor\/wp-json\/wp\/v2\/pages\/347"}],"wp:featuredmedia":[{"embeddable":true,"href":"https:\/\/semmelweis.hu\/baratikor\/wp-json\/wp\/v2\/media\/1058"}],"wp:attachment":[{"href":"https:\/\/semmelweis.hu\/baratikor\/wp-json\/wp\/v2\/media?parent=1057"}],"wp:term":[{"taxonomy":"category","embeddable":true,"href":"https:\/\/semmelweis.hu\/baratikor\/wp-json\/wp\/v2\/categories?post=1057"},{"taxonomy":"post_tag","embeddable":true,"href":"https:\/\/semmelweis.hu\/baratikor\/wp-json\/wp\/v2\/tags?post=1057"}],"curies":[{"name":"wp","href":"https:\/\/api.w.org\/{rel}","templated":true}]}}