{"id":1019,"date":"2022-07-14T09:42:59","date_gmt":"2022-07-14T07:42:59","guid":{"rendered":"https:\/\/semmelweis.hu\/baratikor\/?page_id=1019"},"modified":"2023-01-09T11:11:29","modified_gmt":"2023-01-09T10:11:29","slug":"buday-kalman","status":"publish","type":"page","link":"https:\/\/semmelweis.hu\/baratikor\/galeria\/teljes-nevlista\/buday-kalman\/","title":{"rendered":"Buday K\u00e1lm\u00e1n"},"content":{"rendered":"<p style=\"text-align: justify\"><strong><a href=\"https:\/\/semmelweis.hu\/baratikor\/files\/2022\/07\/175_21.jpg\"><img loading=\"lazy\" decoding=\"async\" class=\"alignleft size-full wp-image-1020\" src=\"https:\/\/semmelweis.hu\/baratikor\/files\/2022\/07\/175_21.jpg\" alt=\"\" width=\"295\" height=\"370\" \/><\/a>(P\u00e9cs, 1863. okt\u00f3ber 13. &#8211; Budapest, 1937. november 17.)<\/strong><\/p>\n<p style=\"text-align: justify\">D\u00e9k\u00e1n: 1917\/18<\/p>\n<p style=\"text-align: justify\">T\u00edzgyermekes csal\u00e1db\u00f3l sz\u00e1rmazott, \u00f6ccse L\u00e1szl\u00f3, statisztikusk\u00e9nt szint\u00e9n akad\u00e9mikus volt. Orvosi tanulm\u00e1nyait Budapesten v\u00e9gezte, ahol 1886. november 20-\u00e1n szerzett oklevelet. M\u00e1r 1885-t\u0151l a K\u00f3rbonctani Int\u00e9zetben dolgozott Scheuthauer Guszt\u00e1v vezet\u00e9s\u00e9vel. 1890-ben \u00e1tment Kov\u00e1cs J\u00f3zsef professzor seb\u00e9szeti klinik\u00e1j\u00e1ra m\u0171t\u0151n\u00f6vend\u00e9knek. Itt 1894-ig volt gyakornok, majd tan\u00e1rseg\u00e9d. Az 1894\/95. tan\u00e9vet \u00e1llami \u00f6szt\u00f6nd\u00edjjal a b\u00e9csi \u00e9s a berlini egyetemen t\u00f6lt\u00f6tte, majd hazat\u00e9rve Kolozsv\u00e1rott kapott helyettes tan\u00e1ri \u00e1ll\u00e1st a K\u00f3rbonctani Int\u00e9zetben. 1896-ban itt szerzett mag\u00e1ntan\u00e1ri k\u00e9pes\u00edt\u00e9st, majd j\u00faniusban a k\u00f3rbonctan \u00e9s k\u00f3rsz\u00f6vettan nyilv\u00e1nos rendes tan\u00e1ra lett. 1913-ban megh\u00edv\u00e1st kapott a budapesti egyetemt\u0151l. Ett\u0151l kezdve 1934-es nyugalomba vonul\u00e1s\u00e1ig vezette az I. sz. K\u00f3rbonctani Int\u00e9zetet. A Magyar Tudom\u00e1nyos Akad\u00e9mia 1913. \u00e1prilis 24-\u00e9n levelez\u0151, majd 1931. m\u00e1jus 15-\u00e9n rendes tagj\u00e1v\u00e1 v\u00e1lasztotta. A Magyar Pathol\u00f3gusok T\u00e1rsas\u00e1ga \u00e9s a Budapesti Orvosegyes\u00fclet is eln\u00f6k\u00e9v\u00e9 v\u00e1lasztotta. D\u00edszdoktora volt a szegedi (1933) \u00e9s a debreceni (1937) egyetemeknek is. Nev\u00e9hez f\u0171z\u0151dik a r\u00e1kstatisztika bevezet\u00e9se. Jelent\u0151s kutat\u00e1sokat v\u00e9gzett az osteogenesis imperfecta, a sz\u00e1j\u00fcreg \u00e9s t\u00fcd\u0151 \u00fcszk\u00f6s gyullad\u00e1sa, a lymphogranulomatosis \u00e9s a tuberkul\u00f3zis k\u00f3rbonctana ter\u00e9n. Le\u00edrta a sebfert\u0151z\u00e9s egyik r\u00f3la elnevezett k\u00f3rokoz\u00f3 bakt\u00e9rium\u00e1t (Eubacterium budayi). Az Orvostudom\u00e1nyi Kar d\u00e9k\u00e1ni tiszt\u00e9t egy neh\u00e9z, h\u00e1bor\u00fas tan\u00e9ven \u00e1t (1917\/18) viselte.<\/p>\n<p style=\"text-align: justify\">(F\u0151bb munk\u00e1i: A csontok \u00e9s iz\u00fcletek g\u00fcm\u0151k\u00f3rja. Bp. 1895.; Zur Kenntnis der abnormalen postmortalen Gasbildung. In: Zbl. Bakt. 1898.; Az orvostudom\u00e1nyok fejl\u0151d\u00e9s\u00e9r\u0151l. Kolozsv\u00e1r, 1906.; K\u00f3rboncol\u00e1stan I-II. \/Veszpr\u00e9my Dezs\u0151vel\/ Bp., 1914-15. 3. \u00e1td. kiad. 1928-29.; A vaslerak\u00f3d\u00e1sok jelent\u0151s\u00e9ge a Banti-k\u00f3ros l\u00e9pdaganatokban. In: Mathem. \u00e9s Term.tud. \u00c9rt. 1917.; Az agyvel\u0151i cysticercus racemosusr\u00f3l. In: Orv.Hetilap, 1924.; A constitutivo szerepe a rheum\u00e1s betegs\u00e9gek kezel\u00e9s\u00e9ben. Bp. 1931.; A lymphogranuloma-sejtek szerkezet\u00e9r\u0151l. Bp., 1931.; A g\u00fcm\u0151k\u00f3r alaki tulajdons\u00e1gai. Bp., 1934.)<\/p>\n<p><a href=\"https:\/\/semmelweis.hu\/baratikor\/files\/2022\/07\/175_31.jpg\"><img loading=\"lazy\" decoding=\"async\" class=\"alignleft size-full wp-image-1021\" src=\"https:\/\/semmelweis.hu\/baratikor\/files\/2022\/07\/175_31.jpg\" alt=\"\" width=\"283\" height=\"402\" srcset=\"https:\/\/semmelweis.hu\/baratikor\/files\/2022\/07\/175_31.jpg 283w, https:\/\/semmelweis.hu\/baratikor\/files\/2022\/07\/175_31-282x400.jpg 282w\" sizes=\"auto, (max-width: 283px) 100vw, 283px\" \/><\/a><\/p>\n","protected":false},"excerpt":{"rendered":"<p><a href=\"https:\/\/semmelweis.hu\/baratikor\/files\/2022\/07\/175_21.jpg\"><\/a> (P\u00e9cs, 1863. okt\u00f3ber 13. &#8211; Budapest, 1937. november 17.) D\u00e9k\u00e1n: 1917\/18 T\u00edzgyermekes csal\u00e1db\u00f3l sz\u00e1rmazott, \u00f6ccse L\u00e1szl\u00f3, statisztikusk\u00e9nt szint\u00e9n akad\u00e9mikus volt. Orvosi tanulm\u00e1nyait Budapesten v\u00e9gezte, ahol 1886. november 20-\u00e1n szerzett oklevelet. M\u00e1r 1885-t\u0151l a K\u00f3rbonctani Int\u00e9zetben dolgozott Scheuthauer Guszt\u00e1v vezet\u00e9s\u00e9vel. 1890-ben \u00e1tment Kov\u00e1cs J\u00f3zsef professzor seb\u00e9szeti klinik\u00e1j\u00e1ra m\u0171t\u0151n\u00f6vend\u00e9knek. Itt 1894-ig volt gyakornok, majd tan\u00e1rseg\u00e9d. Az 1894\/95. &hellip;<\/p>\n","protected":false},"author":282,"featured_media":1020,"parent":347,"menu_order":0,"comment_status":"closed","ping_status":"closed","template":"template-fullwidth.php","meta":{"_acf_changed":false,"footnotes":""},"categories":[6,20,77,81,14],"tags":[],"class_list":["post-1019","page","type-page","status-publish","has-post-thumbnail","hentry","category-dekanok","category-dekanok-karok-szerint","category-kegyeleti-adattar","category-orvosi-kar-dekanjai","category-teljes-nevlista"],"acf":[],"_links":{"self":[{"href":"https:\/\/semmelweis.hu\/baratikor\/wp-json\/wp\/v2\/pages\/1019","targetHints":{"allow":["GET"]}}],"collection":[{"href":"https:\/\/semmelweis.hu\/baratikor\/wp-json\/wp\/v2\/pages"}],"about":[{"href":"https:\/\/semmelweis.hu\/baratikor\/wp-json\/wp\/v2\/types\/page"}],"author":[{"embeddable":true,"href":"https:\/\/semmelweis.hu\/baratikor\/wp-json\/wp\/v2\/users\/282"}],"replies":[{"embeddable":true,"href":"https:\/\/semmelweis.hu\/baratikor\/wp-json\/wp\/v2\/comments?post=1019"}],"version-history":[{"count":3,"href":"https:\/\/semmelweis.hu\/baratikor\/wp-json\/wp\/v2\/pages\/1019\/revisions"}],"predecessor-version":[{"id":1024,"href":"https:\/\/semmelweis.hu\/baratikor\/wp-json\/wp\/v2\/pages\/1019\/revisions\/1024"}],"up":[{"embeddable":true,"href":"https:\/\/semmelweis.hu\/baratikor\/wp-json\/wp\/v2\/pages\/347"}],"wp:featuredmedia":[{"embeddable":true,"href":"https:\/\/semmelweis.hu\/baratikor\/wp-json\/wp\/v2\/media\/1020"}],"wp:attachment":[{"href":"https:\/\/semmelweis.hu\/baratikor\/wp-json\/wp\/v2\/media?parent=1019"}],"wp:term":[{"taxonomy":"category","embeddable":true,"href":"https:\/\/semmelweis.hu\/baratikor\/wp-json\/wp\/v2\/categories?post=1019"},{"taxonomy":"post_tag","embeddable":true,"href":"https:\/\/semmelweis.hu\/baratikor\/wp-json\/wp\/v2\/tags?post=1019"}],"curies":[{"name":"wp","href":"https:\/\/api.w.org\/{rel}","templated":true}]}}