{"id":1012,"date":"2022-07-14T09:06:30","date_gmt":"2022-07-14T07:06:30","guid":{"rendered":"https:\/\/semmelweis.hu\/baratikor\/?page_id=1012"},"modified":"2022-07-26T08:09:51","modified_gmt":"2022-07-26T06:09:51","slug":"ferenczi-sandor","status":"publish","type":"page","link":"https:\/\/semmelweis.hu\/baratikor\/galeria\/teljes-nevlista\/ferenczi-sandor\/","title":{"rendered":"Ferenczi S\u00e1ndor"},"content":{"rendered":"<p style=\"text-align: justify\"><strong>(Miskolc, 1873 &#8211; Budapest, 1933)<\/strong><\/p>\n<p style=\"text-align: justify\">Orvosi oklevelet a b\u00e9csi egyetemen szerzett 1894-ben, majd az ideggy\u00f3gy\u00e1szatra szakosodott. 1908-ban szoros bar\u00e1ts\u00e1got k\u00f6t\u00f6tt Sigmund Freuddal, \u00e9s az akkor m\u00e9g \u00fajszer\u0171, de egyre divatosabb freudizmus lelkes h\u00edve lett. 1913-ban megalak\u00edtotta a Magyar Pszichoanalitikai Egyes\u00fcletet. A pszichoanalitika oktat\u00e1s\u00e1t a budapesti Orvoskaron a hallgat\u00f3k kezdem\u00e9nyezt\u00e9k 1919 janu\u00e1rj\u00e1ban, de ez a tan\u00e1ri kar heves ellen\u00e1ll\u00e1s\u00e1ba \u00fctk\u00f6z\u00f6tt. V\u00e9g\u00fcl a Tan\u00e1csk\u00f6zt\u00e1rsas\u00e1g idej\u00e9n korm\u00e1nyzati beavatkoz\u00e1ssal m\u00e9gis l\u00e9trej\u00f6tt a tansz\u00e9k. Ez a k\u00f6r\u00fclm\u00e9ny egyben tov\u00e1bbi sors\u00e1t is megpecs\u00e9telte, mivel a prolet\u00e1rdiktat\u00fara buk\u00e1sa ut\u00e1n a kar azonnal megsz\u00fcntette a r\u00e1k\u00e9nyszer\u00edtett tansz\u00e9ket, Ferenczit pedig elt\u00e1vol\u00edtott\u00e1k.<\/p>\n","protected":false},"excerpt":{"rendered":"<p>(Miskolc, 1873 &#8211; Budapest, 1933) Orvosi oklevelet a b\u00e9csi egyetemen szerzett 1894-ben, majd az ideggy\u00f3gy\u00e1szatra szakosodott. 1908-ban szoros bar\u00e1ts\u00e1got k\u00f6t\u00f6tt Sigmund Freuddal, \u00e9s az akkor m\u00e9g \u00fajszer\u0171, de egyre divatosabb freudizmus lelkes h\u00edve lett. 1913-ban megalak\u00edtotta a Magyar Pszichoanalitikai Egyes\u00fcletet. A pszichoanalitika oktat\u00e1s\u00e1t a budapesti Orvoskaron a hallgat\u00f3k kezdem\u00e9nyezt\u00e9k 1919 janu\u00e1rj\u00e1ban, de ez a tan\u00e1ri &hellip;<\/p>\n","protected":false},"author":282,"featured_media":0,"parent":347,"menu_order":0,"comment_status":"closed","ping_status":"closed","template":"template-fullwidth.php","meta":{"_acf_changed":false,"footnotes":""},"categories":[16,14],"tags":[],"class_list":["post-1012","page","type-page","status-publish","hentry","category-tanszekvezetok","category-teljes-nevlista"],"acf":[],"_links":{"self":[{"href":"https:\/\/semmelweis.hu\/baratikor\/wp-json\/wp\/v2\/pages\/1012","targetHints":{"allow":["GET"]}}],"collection":[{"href":"https:\/\/semmelweis.hu\/baratikor\/wp-json\/wp\/v2\/pages"}],"about":[{"href":"https:\/\/semmelweis.hu\/baratikor\/wp-json\/wp\/v2\/types\/page"}],"author":[{"embeddable":true,"href":"https:\/\/semmelweis.hu\/baratikor\/wp-json\/wp\/v2\/users\/282"}],"replies":[{"embeddable":true,"href":"https:\/\/semmelweis.hu\/baratikor\/wp-json\/wp\/v2\/comments?post=1012"}],"version-history":[{"count":1,"href":"https:\/\/semmelweis.hu\/baratikor\/wp-json\/wp\/v2\/pages\/1012\/revisions"}],"predecessor-version":[{"id":1013,"href":"https:\/\/semmelweis.hu\/baratikor\/wp-json\/wp\/v2\/pages\/1012\/revisions\/1013"}],"up":[{"embeddable":true,"href":"https:\/\/semmelweis.hu\/baratikor\/wp-json\/wp\/v2\/pages\/347"}],"wp:attachment":[{"href":"https:\/\/semmelweis.hu\/baratikor\/wp-json\/wp\/v2\/media?parent=1012"}],"wp:term":[{"taxonomy":"category","embeddable":true,"href":"https:\/\/semmelweis.hu\/baratikor\/wp-json\/wp\/v2\/categories?post=1012"},{"taxonomy":"post_tag","embeddable":true,"href":"https:\/\/semmelweis.hu\/baratikor\/wp-json\/wp\/v2\/tags?post=1012"}],"curies":[{"name":"wp","href":"https:\/\/api.w.org\/{rel}","templated":true}]}}