{"id":8,"date":"2019-07-03T10:46:56","date_gmt":"2019-07-03T08:46:56","guid":{"rendered":"http:\/\/semmelweis.hu\/balassagyarmat\/?page_id=8"},"modified":"2025-02-13T16:18:46","modified_gmt":"2025-02-13T15:18:46","slug":"elerhetoseg","status":"publish","type":"page","link":"https:\/\/semmelweis.hu\/balassagyarmat\/elerhetoseg\/","title":{"rendered":"El\u00e9rhet\u0151s\u00e9g"},"content":{"rendered":"<div>\n<p><em><strong>A Balassagyarmati Eg\u00e9szs\u00e9gnevel\u0151 Program 2022.02.28-\u00e1n lez\u00e1rult. Az oldalon tal\u00e1lhat\u00f3 adatok arch\u00edvak.<\/strong><\/em><\/p>\n<table id=\"munkatarsak\" style=\"height: 176px;width: 0%\" cellpadding=\"2\">\n<tbody>\n<tr style=\"height: 31px\">\n<td style=\"width: 25.0338%;height: 31px\">N\u00e9v:<\/td>\n<td style=\"width: 20.5683%;height: 31px\">Poz\u00edci\u00f3:<\/td>\n<td style=\"width: 21.5436%;height: 31px\">Telefonsz\u00e1m:<\/td>\n<td style=\"width: 32.7189%;height: 31px\">E-mail el\u00e9rhet\u0151s\u00e9g:<\/td>\n<\/tr>\n<tr class=\"paros\" style=\"height: 10px\">\n<td class=\"\" style=\"width: 25.0338%;height: 10px\">Dr. \u00c1rva Dorottya<\/td>\n<td style=\"width: 20.5683%;height: 10px\">Kutat\u00e1si koordin\u00e1tor<\/td>\n<td style=\"width: 21.5436%;height: 10px\">+36-1-459-1500\/ 56187<\/td>\n<td style=\"width: 32.7189%;height: 10px\"><a href=\"mailto:arva.dorottya@med.semmelweis-univ.hu\">arva.dorottya@med.semmelweis-univ.hu<\/a><\/td>\n<\/tr>\n<tr class=\"paratlan\" style=\"height: 35px\">\n<td class=\"leader\" style=\"height: 10px;width: 25.0338%\">Dr. E\u00f6rsi D\u00e1niel<\/td>\n<td style=\"height: 10px;width: 20.5683%\">Szakmai vezet\u0151<\/td>\n<td style=\"height: 10px;width: 21.5436%\">\u00a0<\/td>\n<td style=\"height: 10px;width: 32.7189%\"><a href=\"mailto:eorsi.daniel@semmelweis-univ.hu\">eorsi.daniel@semmelweis-univ.hu<\/a><\/td>\n<\/tr>\n<tr class=\"paratlan\" style=\"height: 10px\">\n<td class=\"\" style=\"height: 10px;width: 25.0338%\">\n<p>Dr. Major D\u00e1vid<\/p>\n<\/td>\n<td style=\"height: 10px;width: 20.5683%\">BEP koordin\u00e1tor<\/td>\n<td style=\"height: 10px;width: 21.5436%\">+36-20-670-1429<\/td>\n<td style=\"height: 10px;width: 32.7189%\"><a href=\"mailto:major.david@semmelweis-univ.hu\">major.david@semmelweis-univ.hu<\/a><\/td>\n<\/tr>\n<tr class=\"paratlan\" style=\"height: 58px\">\n<td class=\"\" style=\"width: 25.0338%;height: 58px\">Dr. Terebessy Andr\u00e1s Phd<\/td>\n<td style=\"width: 20.5683%;height: 58px\">Projektvezet\u0151<\/td>\n<td style=\"width: 21.5436%;height: 58px\">+36-1-459-1500\/ 56184<\/td>\n<td style=\"width: 32.7189%;height: 58px\"><a href=\"mailto:terebessy.andras@med.semmelweis-univ.hu\">terebessy.andras@med.semmelweis-univ.hu<\/a><\/td>\n<\/tr>\n<tr class=\"paros\" style=\"height: 21px\">\n<td class=\"\" style=\"height: 21px;width: 25.0338%\">Fiam-Sz\u0171cs Kata<\/td>\n<td style=\"height: 21px;width: 20.5683%\">BEK koordin\u00e1tor<\/td>\n<td style=\"height: 21px;width: 21.5436%\">+36-20-666-3660<\/td>\n<td style=\"height: 21px;width: 32.7189%\"><a href=\"mailto:fiam-szucs.kata@semmelweis-univ.hu\">fiam-szucs.kata@semmelweis-univ.hu<\/a><\/td>\n<\/tr>\n<tr style=\"height: 10px\">\n<td style=\"width: 25.0338%;height: 10px\">Monori Dominik<\/td>\n<td style=\"width: 20.5683%;height: 10px\">Gazdas\u00e1gi felel\u0151s<\/td>\n<td style=\"width: 21.5436%;height: 10px\">\u00a0<\/td>\n<td style=\"width: 32.7189%;height: 10px\"><a href=\"mailto:monori.dominik@med.semmelweis-univ.hu\">monori.dominik@med.semmelweis-univ.hu<\/a><\/td>\n<\/tr>\n<tr class=\"paros\" style=\"height: 16px\">\n<td class=\"\" style=\"height: 16px;width: 25.0338%\">Tak\u00e1cs P\u00e9ter<\/td>\n<td style=\"height: 16px;width: 20.5683%\">BEP koordin\u00e1tor<\/td>\n<td style=\"height: 16px;width: 21.5436%\">\u00a0<\/td>\n<td style=\"height: 16px;width: 32.7189%\"><a href=\"mailto:takacs.peter1@semmelweis-univ.hu\">takacs.peter1@semmelweis-univ.hu<\/a><\/td>\n<\/tr>\n<tr class=\"paratlan\" style=\"height: 10px\">\n<td class=\"\" style=\"height: 10px;width: 25.0338%\">Van der Meer Borb\u00e1la M\u00e1ria<\/td>\n<td style=\"height: 10px;width: 20.5683%\">P\u00e1ly\u00e1zati koordin\u00e1tor<\/td>\n<td style=\"height: 10px;width: 21.5436%\">+36-20-670-1181<\/td>\n<td style=\"height: 10px;width: 32.7189%\"><a href=\"mailto:lukacs.borbala@semmelweis-univ.hu\">lukacs.borbala@semmelweis-univ.hu<\/a><\/td>\n<\/tr>\n<\/tbody>\n<\/table>\n<\/div>\n","protected":false},"excerpt":{"rendered":"<p>A Balassagyarmati Eg\u00e9szs\u00e9gnevel\u0151 Program 2022.02.28-\u00e1n lez\u00e1rult. Az oldalon tal\u00e1lhat\u00f3 adatok arch\u00edvak. N\u00e9v: Poz\u00edci\u00f3: Telefonsz\u00e1m: E-mail el\u00e9rhet\u0151s\u00e9g: Dr. \u00c1rva Dorottya Kutat\u00e1si koordin\u00e1tor +36-1-459-1500\/ 56187 <a href=\"mailto:arva.dorottya@med.semmelweis-univ.hu\">arva.dorottya@med.semmelweis-univ.hu<\/a> Dr. E\u00f6rsi D\u00e1niel Szakmai vezet\u0151 \u00a0 <a href=\"mailto:eorsi.daniel@semmelweis-univ.hu\">eorsi.daniel@semmelweis-univ.hu<\/a> Dr. Major D\u00e1vid BEP koordin\u00e1tor +36-20-670-1429 <a href=\"mailto:major.david@semmelweis-univ.hu\">major.david@semmelweis-univ.hu<\/a> Dr. Terebessy Andr\u00e1s Phd Projektvezet\u0151 +36-1-459-1500\/ 56184 <a href=\"mailto:terebessy.andras@med.semmelweis-univ.hu\">terebessy.andras@med.semmelweis-univ.hu<\/a> Fiam-Sz\u0171cs Kata BEK koordin\u00e1tor +36-20-666-3660 <a href=\"mailto:fiam-szucs.kata@semmelweis-univ.hu\">fiam-szucs.kata@semmelweis-univ.hu<\/a> Monori Dominik Gazdas\u00e1gi felel\u0151s \u00a0 <a href=\"mailto:monori.dominik@med.semmelweis-univ.hu\">monori.dominik@med.semmelweis-univ.hu<\/a> Tak\u00e1cs P\u00e9ter BEP &hellip;<\/p>\n","protected":false},"author":12,"featured_media":0,"parent":0,"menu_order":10,"comment_status":"closed","ping_status":"closed","template":"template-fullwidth.php","meta":{"_acf_changed":false,"footnotes":""},"categories":[],"tags":[],"class_list":["post-8","page","type-page","status-publish","hentry"],"acf":[],"_links":{"self":[{"href":"https:\/\/semmelweis.hu\/balassagyarmat\/wp-json\/wp\/v2\/pages\/8","targetHints":{"allow":["GET"]}}],"collection":[{"href":"https:\/\/semmelweis.hu\/balassagyarmat\/wp-json\/wp\/v2\/pages"}],"about":[{"href":"https:\/\/semmelweis.hu\/balassagyarmat\/wp-json\/wp\/v2\/types\/page"}],"author":[{"embeddable":true,"href":"https:\/\/semmelweis.hu\/balassagyarmat\/wp-json\/wp\/v2\/users\/12"}],"replies":[{"embeddable":true,"href":"https:\/\/semmelweis.hu\/balassagyarmat\/wp-json\/wp\/v2\/comments?post=8"}],"version-history":[{"count":10,"href":"https:\/\/semmelweis.hu\/balassagyarmat\/wp-json\/wp\/v2\/pages\/8\/revisions"}],"predecessor-version":[{"id":851,"href":"https:\/\/semmelweis.hu\/balassagyarmat\/wp-json\/wp\/v2\/pages\/8\/revisions\/851"}],"wp:attachment":[{"href":"https:\/\/semmelweis.hu\/balassagyarmat\/wp-json\/wp\/v2\/media?parent=8"}],"wp:term":[{"taxonomy":"category","embeddable":true,"href":"https:\/\/semmelweis.hu\/balassagyarmat\/wp-json\/wp\/v2\/categories?post=8"},{"taxonomy":"post_tag","embeddable":true,"href":"https:\/\/semmelweis.hu\/balassagyarmat\/wp-json\/wp\/v2\/tags?post=8"}],"curies":[{"name":"wp","href":"https:\/\/api.w.org\/{rel}","templated":true}]}}