{"id":61,"date":"2019-07-04T13:51:39","date_gmt":"2019-07-04T11:51:39","guid":{"rendered":"http:\/\/semmelweis.hu\/balassagyarmat\/?page_id=61"},"modified":"2025-02-13T16:02:16","modified_gmt":"2025-02-13T15:02:16","slug":"allando-dolgozoink","status":"publish","type":"page","link":"https:\/\/semmelweis.hu\/balassagyarmat\/allando-dolgozoink\/","title":{"rendered":"Munkat\u00e1rsaink"},"content":{"rendered":"<p style=\"text-align: center\"><em><span style=\"font-family: 'arial black', sans-serif\"><strong><span style=\"font-size: 18pt\">A Balassagyarmati Eg\u00e9szs\u00e9gnevel\u0151 Program 2022.02.28-\u00e1n lez\u00e1rult. Az oldalon tal\u00e1lhat\u00f3 adatok arch\u00edvak.<\/span><\/strong><\/span><\/em><\/p>\n<p style=\"text-align: center\"><em><span style=\"font-family: 'arial black', sans-serif\">Programunkat interdiszciplin\u00e1ris team m\u0171k\u00f6dteti.<\/span><\/em><\/p>\n<p style=\"text-align: left\">Tagjai:<\/p>\n<p style=\"text-align: center\"><a href=\"https:\/\/semmelweis.hu\/balassagyarmat\/dr-terebessy-andras-phd\/\"><img loading=\"lazy\" decoding=\"async\" class=\"alignnone wp-image-479\" src=\"https:\/\/semmelweis.hu\/balassagyarmat\/files\/2020\/01\/circle-cropped-2-400x400.png\" alt=\"\" width=\"345\" height=\"345\" srcset=\"https:\/\/semmelweis.hu\/balassagyarmat\/files\/2020\/01\/circle-cropped-2-400x400.png 400w, https:\/\/semmelweis.hu\/balassagyarmat\/files\/2020\/01\/circle-cropped-2-150x150.png 150w, https:\/\/semmelweis.hu\/balassagyarmat\/files\/2020\/01\/circle-cropped-2.png 484w\" sizes=\"auto, (max-width: 345px) 100vw, 345px\" \/><\/a><strong><em><a href=\"https:\/\/semmelweis.hu\/balassagyarmat\/dr-terebessy-andras-phd\/\">Dr. Terebessy Andr\u00e1s PhD<\/a><\/em><\/strong>\u00a0<\/p>\n<p style=\"text-align: center\"><em><strong><a href=\"https:\/\/semmelweis.hu\/balassagyarmat\/dr-eorsi-daniel\/\">Dr. E\u00f6rsi D\u00e1niel<\/a>\u00a0<\/strong><\/em><a href=\"https:\/\/semmelweis.hu\/balassagyarmat\/dr-eorsi-daniel\/\"><img loading=\"lazy\" decoding=\"async\" class=\"alignnone wp-image-444\" src=\"https:\/\/semmelweis.hu\/balassagyarmat\/files\/2020\/01\/let\u00f6lt\u00e9s-3-400x400.png\" alt=\"\" width=\"341\" height=\"341\" srcset=\"https:\/\/semmelweis.hu\/balassagyarmat\/files\/2020\/01\/let\u00f6lt\u00e9s-3-400x400.png 400w, https:\/\/semmelweis.hu\/balassagyarmat\/files\/2020\/01\/let\u00f6lt\u00e9s-3-150x150.png 150w, https:\/\/semmelweis.hu\/balassagyarmat\/files\/2020\/01\/let\u00f6lt\u00e9s-3-768x768.png 768w, https:\/\/semmelweis.hu\/balassagyarmat\/files\/2020\/01\/let\u00f6lt\u00e9s-3-1024x1024.png 1024w, https:\/\/semmelweis.hu\/balassagyarmat\/files\/2020\/01\/let\u00f6lt\u00e9s-3-753x753.png 753w, https:\/\/semmelweis.hu\/balassagyarmat\/files\/2020\/01\/let\u00f6lt\u00e9s-3.png 1587w\" sizes=\"auto, (max-width: 341px) 100vw, 341px\" \/><\/a><\/p>\n<p style=\"text-align: center\"><a href=\"https:\/\/semmelweis.hu\/balassagyarmat\/fiam-szucs-katalin\/\"><img loading=\"lazy\" decoding=\"async\" class=\"alignnone wp-image-446\" src=\"https:\/\/semmelweis.hu\/balassagyarmat\/files\/2020\/01\/let\u00f6lt\u00e9s-4-400x400.png\" alt=\"\" width=\"338\" height=\"338\" srcset=\"https:\/\/semmelweis.hu\/balassagyarmat\/files\/2020\/01\/let\u00f6lt\u00e9s-4-400x400.png 400w, https:\/\/semmelweis.hu\/balassagyarmat\/files\/2020\/01\/let\u00f6lt\u00e9s-4-150x150.png 150w, https:\/\/semmelweis.hu\/balassagyarmat\/files\/2020\/01\/let\u00f6lt\u00e9s-4-768x768.png 768w, https:\/\/semmelweis.hu\/balassagyarmat\/files\/2020\/01\/let\u00f6lt\u00e9s-4-1024x1024.png 1024w, https:\/\/semmelweis.hu\/balassagyarmat\/files\/2020\/01\/let\u00f6lt\u00e9s-4-753x753.png 753w\" sizes=\"auto, (max-width: 338px) 100vw, 338px\" \/><\/a><a href=\"https:\/\/semmelweis.hu\/balassagyarmat\/fiam-szucs-katalin\/\"><strong><em>Fiam-Sz\u0171cs Katalin<\/em><\/strong><\/a><\/p>\n<p style=\"text-align: center\"><a href=\"https:\/\/semmelweis.hu\/balassagyarmat\/dr-arva-dorottya\/\"><em><strong>Dr. \u00c1rva Dorottya<\/strong><\/em><\/a><a href=\"https:\/\/semmelweis.hu\/balassagyarmat\/dr-arva-dorottya\/\"><img loading=\"lazy\" decoding=\"async\" class=\"wp-image-521 alignnone\" src=\"https:\/\/semmelweis.hu\/balassagyarmat\/files\/2020\/01\/let\u00f6lt\u00e9s-1-1-400x400.png\" alt=\"\" width=\"362\" height=\"362\" srcset=\"https:\/\/semmelweis.hu\/balassagyarmat\/files\/2020\/01\/let\u00f6lt\u00e9s-1-1-400x400.png 400w, https:\/\/semmelweis.hu\/balassagyarmat\/files\/2020\/01\/let\u00f6lt\u00e9s-1-1-150x150.png 150w, https:\/\/semmelweis.hu\/balassagyarmat\/files\/2020\/01\/let\u00f6lt\u00e9s-1-1-768x768.png 768w, https:\/\/semmelweis.hu\/balassagyarmat\/files\/2020\/01\/let\u00f6lt\u00e9s-1-1-1024x1024.png 1024w, https:\/\/semmelweis.hu\/balassagyarmat\/files\/2020\/01\/let\u00f6lt\u00e9s-1-1-753x753.png 753w\" sizes=\"auto, (max-width: 362px) 100vw, 362px\" \/><\/a><\/p>\n<p style=\"text-align: center\"><a href=\"https:\/\/semmelweis.hu\/balassagyarmat\/major-david-2\/\"><img loading=\"lazy\" decoding=\"async\" class=\"alignnone wp-image-443\" src=\"https:\/\/semmelweis.hu\/balassagyarmat\/files\/2020\/01\/let\u00f6lt\u00e9s-2-1-400x400.png\" alt=\"\" width=\"338\" height=\"338\" srcset=\"https:\/\/semmelweis.hu\/balassagyarmat\/files\/2020\/01\/let\u00f6lt\u00e9s-2-1-400x400.png 400w, https:\/\/semmelweis.hu\/balassagyarmat\/files\/2020\/01\/let\u00f6lt\u00e9s-2-1-150x150.png 150w, https:\/\/semmelweis.hu\/balassagyarmat\/files\/2020\/01\/let\u00f6lt\u00e9s-2-1-768x768.png 768w, https:\/\/semmelweis.hu\/balassagyarmat\/files\/2020\/01\/let\u00f6lt\u00e9s-2-1-1024x1024.png 1024w, https:\/\/semmelweis.hu\/balassagyarmat\/files\/2020\/01\/let\u00f6lt\u00e9s-2-1-753x753.png 753w\" sizes=\"auto, (max-width: 338px) 100vw, 338px\" \/><\/a><a href=\"https:\/\/semmelweis.hu\/balassagyarmat\/major-david-2\/\"><strong><em>Dr.<\/em><\/strong> <em><strong>Major D\u00e1vi<\/strong><\/em><em><strong>d<\/strong><\/em><\/a><\/p>\n<p style=\"text-align: center\"><em><a href=\"https:\/\/semmelweis.hu\/balassagyarmat\/takacs-peter\/\"><strong>Dr. Tak\u00e1cs P\u00e9ter<\/strong><\/a><\/em><img loading=\"lazy\" decoding=\"async\" class=\"alignnone wp-image-449\" src=\"https:\/\/semmelweis.hu\/balassagyarmat\/files\/2020\/01\/let\u00f6lddt\u00e9s-400x400.png\" alt=\"\" width=\"352\" height=\"352\" srcset=\"https:\/\/semmelweis.hu\/balassagyarmat\/files\/2020\/01\/let\u00f6lddt\u00e9s-400x400.png 400w, https:\/\/semmelweis.hu\/balassagyarmat\/files\/2020\/01\/let\u00f6lddt\u00e9s-150x150.png 150w, https:\/\/semmelweis.hu\/balassagyarmat\/files\/2020\/01\/let\u00f6lddt\u00e9s-768x768.png 768w, https:\/\/semmelweis.hu\/balassagyarmat\/files\/2020\/01\/let\u00f6lddt\u00e9s-1024x1024.png 1024w, https:\/\/semmelweis.hu\/balassagyarmat\/files\/2020\/01\/let\u00f6lddt\u00e9s-753x753.png 753w, https:\/\/semmelweis.hu\/balassagyarmat\/files\/2020\/01\/let\u00f6lddt\u00e9s.png 1535w\" sizes=\"auto, (max-width: 352px) 100vw, 352px\" \/><\/p>\n<p style=\"text-align: center\"><em><span style=\"font-family: 'arial black', sans-serif\">A koncepci\u00f3 kialak\u00edt\u00e1s\u00e1ban meghat\u00e1roz\u00f3 szerepet j\u00e1tszott:<\/span><\/em><\/p>\n<p style=\"text-align: center\"><a href=\"https:\/\/semmelweis.hu\/balassagyarmat\/hegedus-judit\/\"><img loading=\"lazy\" decoding=\"async\" class=\"alignnone wp-image-437\" src=\"https:\/\/semmelweis.hu\/balassagyarmat\/files\/2020\/01\/circle-cropped-400x400.png\" alt=\"\" width=\"368\" height=\"368\" srcset=\"https:\/\/semmelweis.hu\/balassagyarmat\/files\/2020\/01\/circle-cropped-400x400.png 400w, https:\/\/semmelweis.hu\/balassagyarmat\/files\/2020\/01\/circle-cropped-150x150.png 150w, https:\/\/semmelweis.hu\/balassagyarmat\/files\/2020\/01\/circle-cropped.png 667w\" sizes=\"auto, (max-width: 368px) 100vw, 368px\" \/><\/a><em><strong><a href=\"https:\/\/semmelweis.hu\/balassagyarmat\/hegedus-judit\/\">Heged\u0171s Judit<\/a><\/strong><\/em><\/p>\n<p style=\"text-align: center\"><em><strong><a href=\"https:\/\/semmelweis.hu\/balassagyarmat\/vaczi-andras\/\">V\u00e1czi Andr\u00e1s<\/a><\/strong><\/em><a href=\"https:\/\/semmelweis.hu\/balassagyarmat\/vaczi-andras\/\"><img loading=\"lazy\" decoding=\"async\" class=\"alignnone wp-image-522\" src=\"https:\/\/semmelweis.hu\/balassagyarmat\/files\/2020\/01\/let\u00f6lt\u00e9s-2-2-400x400.png\" alt=\"\" width=\"357\" height=\"357\" srcset=\"https:\/\/semmelweis.hu\/balassagyarmat\/files\/2020\/01\/let\u00f6lt\u00e9s-2-2-400x400.png 400w, https:\/\/semmelweis.hu\/balassagyarmat\/files\/2020\/01\/let\u00f6lt\u00e9s-2-2-150x150.png 150w, https:\/\/semmelweis.hu\/balassagyarmat\/files\/2020\/01\/let\u00f6lt\u00e9s-2-2-768x768.png 768w, https:\/\/semmelweis.hu\/balassagyarmat\/files\/2020\/01\/let\u00f6lt\u00e9s-2-2-1024x1024.png 1024w, https:\/\/semmelweis.hu\/balassagyarmat\/files\/2020\/01\/let\u00f6lt\u00e9s-2-2-753x753.png 753w, https:\/\/semmelweis.hu\/balassagyarmat\/files\/2020\/01\/let\u00f6lt\u00e9s-2-2.png 1614w\" sizes=\"auto, (max-width: 357px) 100vw, 357px\" \/><\/a><\/p>\n<p style=\"text-align: center\"><a href=\"https:\/\/semmelweis.hu\/balassagyarmat\/dr-hajnes-jozsef\/\"><img loading=\"lazy\" decoding=\"async\" class=\"alignnone wp-image-418\" style=\"font-size: 1rem;text-align: left\" src=\"https:\/\/semmelweis.hu\/balassagyarmat\/files\/2020\/01\/circle-cropped-1-400x400.png\" alt=\"\" width=\"331\" height=\"331\" srcset=\"https:\/\/semmelweis.hu\/balassagyarmat\/files\/2020\/01\/circle-cropped-1-400x400.png 400w, https:\/\/semmelweis.hu\/balassagyarmat\/files\/2020\/01\/circle-cropped-1-150x150.png 150w, https:\/\/semmelweis.hu\/balassagyarmat\/files\/2020\/01\/circle-cropped-1.png 585w\" sizes=\"auto, (max-width: 331px) 100vw, 331px\" \/> \u00a0<\/a><em style=\"font-size: 1rem\"><strong><a href=\"https:\/\/semmelweis.hu\/balassagyarmat\/dr-hajnes-jozsef\/\">Dr. Hajnes J\u00f3zsef<\/a><\/strong><\/em><\/p>\n<p style=\"text-align: center\"><a href=\"https:\/\/semmelweis.hu\/balassagyarmat\/batri-zsuzsanna\/\"><em><strong>B\u00e1tri Zsuzsanna<\/strong><\/em><\/a><a href=\"https:\/\/semmelweis.hu\/balassagyarmat\/batri-zsuzsanna\/\"><img loading=\"lazy\" decoding=\"async\" class=\"alignnone wp-image-441\" src=\"https:\/\/semmelweis.hu\/balassagyarmat\/files\/2020\/01\/circle-cropped-1-1-400x400.png\" alt=\"\" width=\"355\" height=\"355\" srcset=\"https:\/\/semmelweis.hu\/balassagyarmat\/files\/2020\/01\/circle-cropped-1-1-400x400.png 400w, https:\/\/semmelweis.hu\/balassagyarmat\/files\/2020\/01\/circle-cropped-1-1-150x150.png 150w, https:\/\/semmelweis.hu\/balassagyarmat\/files\/2020\/01\/circle-cropped-1-1-768x768.png 768w, https:\/\/semmelweis.hu\/balassagyarmat\/files\/2020\/01\/circle-cropped-1-1-753x753.png 753w, https:\/\/semmelweis.hu\/balassagyarmat\/files\/2020\/01\/circle-cropped-1-1.png 935w\" sizes=\"auto, (max-width: 355px) 100vw, 355px\" \/><\/a><\/p>\n<p style=\"text-align: center\"><a href=\"https:\/\/semmelweis.hu\/balassagyarmat\/dr-herczeg-vivien\/\"><img loading=\"lazy\" decoding=\"async\" class=\"alignnone wp-image-439\" src=\"https:\/\/semmelweis.hu\/balassagyarmat\/files\/2020\/01\/let\u00f6lt\u00e9s-1-400x400.png\" alt=\"\" width=\"337\" height=\"337\" srcset=\"https:\/\/semmelweis.hu\/balassagyarmat\/files\/2020\/01\/let\u00f6lt\u00e9s-1-400x400.png 400w, https:\/\/semmelweis.hu\/balassagyarmat\/files\/2020\/01\/let\u00f6lt\u00e9s-1-150x150.png 150w, https:\/\/semmelweis.hu\/balassagyarmat\/files\/2020\/01\/let\u00f6lt\u00e9s-1-768x768.png 768w, https:\/\/semmelweis.hu\/balassagyarmat\/files\/2020\/01\/let\u00f6lt\u00e9s-1-1024x1024.png 1024w, https:\/\/semmelweis.hu\/balassagyarmat\/files\/2020\/01\/let\u00f6lt\u00e9s-1-753x753.png 753w, https:\/\/semmelweis.hu\/balassagyarmat\/files\/2020\/01\/let\u00f6lt\u00e9s-1.png 1632w\" sizes=\"auto, (max-width: 337px) 100vw, 337px\" \/><\/a><a href=\"https:\/\/semmelweis.hu\/balassagyarmat\/dr-herczeg-vivien\/\"><em><strong>Dr. Herczeg Vivien<\/strong><\/em><\/a><\/p>\n<p style=\"text-align: center\"><em style=\"font-size: 1rem\"><a href=\"https:\/\/semmelweis.hu\/balassagyarmat\/nagy-alexandra\/\"><strong><em>Dr.<\/em> Nagy Alexandra<\/strong><\/a><\/em><img loading=\"lazy\" decoding=\"async\" class=\" wp-image-550\" src=\"https:\/\/semmelweis.hu\/balassagyarmat\/files\/2020\/04\/let\u00f6lt\u00e9s-400x400.png\" alt=\"\" width=\"365\" height=\"365\" srcset=\"https:\/\/semmelweis.hu\/balassagyarmat\/files\/2020\/04\/let\u00f6lt\u00e9s-400x400.png 400w, https:\/\/semmelweis.hu\/balassagyarmat\/files\/2020\/04\/let\u00f6lt\u00e9s-150x150.png 150w, https:\/\/semmelweis.hu\/balassagyarmat\/files\/2020\/04\/let\u00f6lt\u00e9s.png 633w\" sizes=\"auto, (max-width: 365px) 100vw, 365px\" \/><\/p>\n<p style=\"text-align: center\"><a href=\"https:\/\/semmelweis.hu\/balassagyarmat\/van-der-meer-borbala\/\"><img loading=\"lazy\" decoding=\"async\" class=\"alignnone wp-image-438\" src=\"https:\/\/semmelweis.hu\/balassagyarmat\/files\/2020\/01\/let\u00f6lt\u00e9s-400x400.png\" alt=\"\" width=\"350\" height=\"350\" srcset=\"https:\/\/semmelweis.hu\/balassagyarmat\/files\/2020\/01\/let\u00f6lt\u00e9s-400x400.png 400w, https:\/\/semmelweis.hu\/balassagyarmat\/files\/2020\/01\/let\u00f6lt\u00e9s-150x150.png 150w, https:\/\/semmelweis.hu\/balassagyarmat\/files\/2020\/01\/let\u00f6lt\u00e9s-768x768.png 768w, https:\/\/semmelweis.hu\/balassagyarmat\/files\/2020\/01\/let\u00f6lt\u00e9s-1024x1024.png 1024w, https:\/\/semmelweis.hu\/balassagyarmat\/files\/2020\/01\/let\u00f6lt\u00e9s-753x753.png 753w\" sizes=\"auto, (max-width: 350px) 100vw, 350px\" \/><\/a><em><a href=\"https:\/\/semmelweis.hu\/balassagyarmat\/van-der-meer-borbala\/\"><strong>Dr. van der Meer Borb\u00e1la<\/strong><\/a><\/em><\/p>\n<p style=\"text-align: center\"><a href=\"https:\/\/semmelweis.hu\/balassagyarmat\/monori-dominik\/\"><strong><em>Monori Dominik<\/em><\/strong><\/a><a href=\"https:\/\/semmelweis.hu\/balassagyarmat\/monori-dominik\/\"><img loading=\"lazy\" decoding=\"async\" class=\"alignnone  wp-image-576\" src=\"https:\/\/semmelweis.hu\/balassagyarmat\/files\/2020\/04\/circle-cropped-3-400x400.png\" alt=\"\" width=\"361\" height=\"361\" srcset=\"https:\/\/semmelweis.hu\/balassagyarmat\/files\/2020\/04\/circle-cropped-3-400x400.png 400w, https:\/\/semmelweis.hu\/balassagyarmat\/files\/2020\/04\/circle-cropped-3-150x150.png 150w, https:\/\/semmelweis.hu\/balassagyarmat\/files\/2020\/04\/circle-cropped-3.png 479w\" sizes=\"auto, (max-width: 361px) 100vw, 361px\" \/><\/a><\/p>\n<p style=\"text-align: center\"><em><strong><a href=\"https:\/\/semmelweis.hu\/balassagyarmat\/prievara-tibor\/\"><img loading=\"lazy\" decoding=\"async\" class=\"alignnone wp-image-341\" src=\"https:\/\/semmelweis.hu\/balassagyarmat\/files\/2019\/12\/Tibor-400x400.png\" alt=\"\" width=\"347\" height=\"347\" srcset=\"https:\/\/semmelweis.hu\/balassagyarmat\/files\/2019\/12\/Tibor-400x400.png 400w, https:\/\/semmelweis.hu\/balassagyarmat\/files\/2019\/12\/Tibor-150x150.png 150w, https:\/\/semmelweis.hu\/balassagyarmat\/files\/2019\/12\/Tibor.png 505w\" sizes=\"auto, (max-width: 347px) 100vw, 347px\" \/><\/a><a href=\"https:\/\/semmelweis.hu\/balassagyarmat\/prievara-tibor\/\">Prievara Tibor<\/a><\/strong><\/em><\/p>\n<p style=\"text-align: center\"><em><strong><a href=\"https:\/\/semmelweis.hu\/balassagyarmat\/kroone-kamaras-barbara\/\">Kro\u00f3n\u00e9 Kamar\u00e1s Barbara<\/a><\/strong><\/em><img loading=\"lazy\" decoding=\"async\" class=\"alignnone  wp-image-566\" src=\"https:\/\/semmelweis.hu\/balassagyarmat\/files\/2020\/04\/circle-cropped-400x400.png\" alt=\"\" width=\"344\" height=\"344\" srcset=\"https:\/\/semmelweis.hu\/balassagyarmat\/files\/2020\/04\/circle-cropped-400x400.png 400w, https:\/\/semmelweis.hu\/balassagyarmat\/files\/2020\/04\/circle-cropped-1024x1024.png 1024w, https:\/\/semmelweis.hu\/balassagyarmat\/files\/2020\/04\/circle-cropped-150x150.png 150w, https:\/\/semmelweis.hu\/balassagyarmat\/files\/2020\/04\/circle-cropped-768x768.png 768w, https:\/\/semmelweis.hu\/balassagyarmat\/files\/2020\/04\/circle-cropped-753x753.png 753w, https:\/\/semmelweis.hu\/balassagyarmat\/files\/2020\/04\/circle-cropped.png 1182w\" sizes=\"auto, (max-width: 344px) 100vw, 344px\" \/><\/p>\n<p style=\"text-align: center\"><em><strong><a href=\"https:\/\/semmelweis.hu\/balassagyarmat\/tokos-aron\/\"><img loading=\"lazy\" decoding=\"async\" class=\"alignnone wp-image-340\" src=\"https:\/\/semmelweis.hu\/balassagyarmat\/files\/2019\/12\/\u00c1ron-400x400.png\" alt=\"\" width=\"352\" height=\"352\" srcset=\"https:\/\/semmelweis.hu\/balassagyarmat\/files\/2019\/12\/\u00c1ron-400x400.png 400w, https:\/\/semmelweis.hu\/balassagyarmat\/files\/2019\/12\/\u00c1ron-150x150.png 150w, https:\/\/semmelweis.hu\/balassagyarmat\/files\/2019\/12\/\u00c1ron.png 702w\" sizes=\"auto, (max-width: 352px) 100vw, 352px\" \/><\/a><a href=\"https:\/\/semmelweis.hu\/balassagyarmat\/tokos-aron\/\">T\u00f3kos \u00c1ron<\/a><\/strong><\/em><\/p>\n<p style=\"text-align: center\"><a href=\"https:\/\/semmelweis.hu\/balassagyarmat\/dr-kovesdi-andrea\/\"><em><strong>Dr. K\u00f6vesdi Andrea<\/strong><\/em><\/a><\/p>\n<p>&nbsp;<\/p>\n","protected":false},"excerpt":{"rendered":"<p>A Balassagyarmati Eg\u00e9szs\u00e9gnevel\u0151 Program 2022.02.28-\u00e1n lez\u00e1rult. Az oldalon tal\u00e1lhat\u00f3 adatok arch\u00edvak. Programunkat interdiszciplin\u00e1ris team m\u0171k\u00f6dteti. Tagjai: <a href=\"https:\/\/semmelweis.hu\/balassagyarmat\/dr-terebessy-andras-phd\/\"><\/a> <a href=\"https:\/\/semmelweis.hu\/balassagyarmat\/dr-terebessy-andras-phd\/\">Dr. Terebessy Andr\u00e1s PhD<\/a> \u00a0 <a href=\"https:\/\/semmelweis.hu\/balassagyarmat\/dr-eorsi-daniel\/\">Dr. E\u00f6rsi D\u00e1niel<\/a> \u00a0 <a href=\"https:\/\/semmelweis.hu\/balassagyarmat\/dr-eorsi-daniel\/\"><\/a> <a href=\"https:\/\/semmelweis.hu\/balassagyarmat\/fiam-szucs-katalin\/\"><\/a> <a href=\"https:\/\/semmelweis.hu\/balassagyarmat\/fiam-szucs-katalin\/\">Fiam-Sz\u0171cs Katalin<\/a> <a href=\"https:\/\/semmelweis.hu\/balassagyarmat\/dr-arva-dorottya\/\">Dr. \u00c1rva Dorottya<\/a> <a href=\"https:\/\/semmelweis.hu\/balassagyarmat\/dr-arva-dorottya\/\"><\/a> <a href=\"https:\/\/semmelweis.hu\/balassagyarmat\/major-david-2\/\"><\/a> <a href=\"https:\/\/semmelweis.hu\/balassagyarmat\/major-david-2\/\">Dr. Major D\u00e1vid<\/a> <a href=\"https:\/\/semmelweis.hu\/balassagyarmat\/takacs-peter\/\">Dr. Tak\u00e1cs P\u00e9ter<\/a> A koncepci\u00f3 kialak\u00edt\u00e1s\u00e1ban meghat\u00e1roz\u00f3 szerepet j\u00e1tszott: <a href=\"https:\/\/semmelweis.hu\/balassagyarmat\/hegedus-judit\/\"><\/a> <a href=\"https:\/\/semmelweis.hu\/balassagyarmat\/hegedus-judit\/\">Heged\u0171s Judit<\/a> <a href=\"https:\/\/semmelweis.hu\/balassagyarmat\/vaczi-andras\/\">V\u00e1czi Andr\u00e1s<\/a> <a href=\"https:\/\/semmelweis.hu\/balassagyarmat\/vaczi-andras\/\"><\/a> <a href=\"https:\/\/semmelweis.hu\/balassagyarmat\/dr-hajnes-jozsef\/\"> \u00a0<\/a> <a href=\"https:\/\/semmelweis.hu\/balassagyarmat\/dr-hajnes-jozsef\/\">Dr. Hajnes J\u00f3zsef<\/a> <a href=\"https:\/\/semmelweis.hu\/balassagyarmat\/batri-zsuzsanna\/\">B\u00e1tri Zsuzsanna<\/a> <a href=\"https:\/\/semmelweis.hu\/balassagyarmat\/batri-zsuzsanna\/\"><\/a> <a href=\"https:\/\/semmelweis.hu\/balassagyarmat\/dr-herczeg-vivien\/\"><\/a> <a href=\"https:\/\/semmelweis.hu\/balassagyarmat\/dr-herczeg-vivien\/\">Dr. Herczeg Vivien<\/a> <a href=\"https:\/\/semmelweis.hu\/balassagyarmat\/nagy-alexandra\/\">Dr. Nagy Alexandra<\/a> <a href=\"https:\/\/semmelweis.hu\/balassagyarmat\/van-der-meer-borbala\/\"><\/a> <a href=\"https:\/\/semmelweis.hu\/balassagyarmat\/van-der-meer-borbala\/\">Dr. van der Meer Borb\u00e1la<\/a> <a href=\"https:\/\/semmelweis.hu\/balassagyarmat\/monori-dominik\/\">Monori Dominik<\/a> <a href=\"https:\/\/semmelweis.hu\/balassagyarmat\/monori-dominik\/\"><\/a> <a href=\"https:\/\/semmelweis.hu\/balassagyarmat\/prievara-tibor\/\"><\/a> <a href=\"https:\/\/semmelweis.hu\/balassagyarmat\/prievara-tibor\/\">Prievara Tibor<\/a> <a href=\"https:\/\/semmelweis.hu\/balassagyarmat\/kroone-kamaras-barbara\/\">Kro\u00f3n\u00e9 Kamar\u00e1s Barbara<\/a> <a href=\"https:\/\/semmelweis.hu\/balassagyarmat\/tokos-aron\/\"><\/a> <a href=\"https:\/\/semmelweis.hu\/balassagyarmat\/tokos-aron\/\">T\u00f3kos \u00c1ron<\/a> <a href=\"https:\/\/semmelweis.hu\/balassagyarmat\/dr-kovesdi-andrea\/\">Dr. K\u00f6vesdi Andrea<\/a> &hellip;<\/p>\n","protected":false},"author":101611,"featured_media":0,"parent":0,"menu_order":0,"comment_status":"closed","ping_status":"closed","template":"template-fullwidth.php","meta":{"_acf_changed":false,"footnotes":""},"categories":[],"tags":[],"class_list":["post-61","page","type-page","status-publish","hentry"],"acf":[],"_links":{"self":[{"href":"https:\/\/semmelweis.hu\/balassagyarmat\/wp-json\/wp\/v2\/pages\/61","targetHints":{"allow":["GET"]}}],"collection":[{"href":"https:\/\/semmelweis.hu\/balassagyarmat\/wp-json\/wp\/v2\/pages"}],"about":[{"href":"https:\/\/semmelweis.hu\/balassagyarmat\/wp-json\/wp\/v2\/types\/page"}],"author":[{"embeddable":true,"href":"https:\/\/semmelweis.hu\/balassagyarmat\/wp-json\/wp\/v2\/users\/101611"}],"replies":[{"embeddable":true,"href":"https:\/\/semmelweis.hu\/balassagyarmat\/wp-json\/wp\/v2\/comments?post=61"}],"version-history":[{"count":10,"href":"https:\/\/semmelweis.hu\/balassagyarmat\/wp-json\/wp\/v2\/pages\/61\/revisions"}],"predecessor-version":[{"id":847,"href":"https:\/\/semmelweis.hu\/balassagyarmat\/wp-json\/wp\/v2\/pages\/61\/revisions\/847"}],"wp:attachment":[{"href":"https:\/\/semmelweis.hu\/balassagyarmat\/wp-json\/wp\/v2\/media?parent=61"}],"wp:term":[{"taxonomy":"category","embeddable":true,"href":"https:\/\/semmelweis.hu\/balassagyarmat\/wp-json\/wp\/v2\/categories?post=61"},{"taxonomy":"post_tag","embeddable":true,"href":"https:\/\/semmelweis.hu\/balassagyarmat\/wp-json\/wp\/v2\/tags?post=61"}],"curies":[{"name":"wp","href":"https:\/\/api.w.org\/{rel}","templated":true}]}}