{"id":569,"date":"2020-04-07T14:30:58","date_gmt":"2020-04-07T12:30:58","guid":{"rendered":"http:\/\/semmelweis.hu\/balassagyarmat\/?page_id=569"},"modified":"2020-04-08T10:47:22","modified_gmt":"2020-04-08T08:47:22","slug":"monori-dominik","status":"publish","type":"page","link":"https:\/\/semmelweis.hu\/balassagyarmat\/monori-dominik\/","title":{"rendered":"Monori Dominik"},"content":{"rendered":"<p><img loading=\"lazy\" decoding=\"async\" class=\" wp-image-576 alignright\" src=\"https:\/\/semmelweis.hu\/balassagyarmat\/files\/2020\/04\/circle-cropped-3-400x400.png\" alt=\"\" width=\"380\" height=\"380\" srcset=\"https:\/\/semmelweis.hu\/balassagyarmat\/files\/2020\/04\/circle-cropped-3-400x400.png 400w, https:\/\/semmelweis.hu\/balassagyarmat\/files\/2020\/04\/circle-cropped-3-150x150.png 150w, https:\/\/semmelweis.hu\/balassagyarmat\/files\/2020\/04\/circle-cropped-3.png 479w\" sizes=\"auto, (max-width: 380px) 100vw, 380px\" \/><\/p>\n<p><em>Monori Dominik vagyok, m\u00e1sodik \u00e9ve dolgozok a Semmelweis Egyetemen ezen bel\u00fcl a Balassagyarmati Eg\u00e9szs\u00e9gnevel\u0151 Programban mint gazdas\u00e1gi \u00fcgyint\u00e9z\u0151. Feladataim a projekt m\u0171k\u00f6d\u00e9s\u00e9vel kapcsolatos p\u00e9nz\u00fcgyi tev\u00e9kenys\u00e9gek v\u00e9gz\u00e9se, valamint a sz\u00fcks\u00e9ges beszerz\u00e9sek int\u00e9z\u00e9se. Ezen k\u00edv\u00fcl a transzferj\u00e1ratok \u00e9s \u00fati csomagok megrendel\u00e9se, szervez\u00e9se. Kiv\u00e9telesnek \u00e9rzem magam, hogy ebben a nagyszer\u0171 csapatban dolgozhatok \u00e9s egy ilyen kiemelked\u0151 t\u00e9m\u00e1ban vehetek r\u00e9szt, mint az eg\u00e9szs\u00e9gnevel\u00e9s.<\/em><\/p>\n<p><em>Kedvenc id\u00e9zet:<\/em><\/p>\n<p><em>&#8222;Neh\u00e9z id\u0151kben a b\u00f6lcsek hidakat \u00e9p\u00edtenek, m\u00edg az ostob\u00e1k falakat emelnek.&#8221; \/ Fekete P\u00e1rduc\/<\/em><\/p>\n","protected":false},"excerpt":{"rendered":"<p>Monori Dominik vagyok, m\u00e1sodik \u00e9ve dolgozok a Semmelweis Egyetemen ezen bel\u00fcl a Balassagyarmati Eg\u00e9szs\u00e9gnevel\u0151 Programban mint gazdas\u00e1gi \u00fcgyint\u00e9z\u0151. Feladataim a projekt m\u0171k\u00f6d\u00e9s\u00e9vel kapcsolatos p\u00e9nz\u00fcgyi tev\u00e9kenys\u00e9gek v\u00e9gz\u00e9se, valamint a sz\u00fcks\u00e9ges beszerz\u00e9sek int\u00e9z\u00e9se. Ezen k\u00edv\u00fcl a transzferj\u00e1ratok \u00e9s \u00fati csomagok megrendel\u00e9se, szervez\u00e9se. Kiv\u00e9telesnek \u00e9rzem magam, hogy ebben a nagyszer\u0171 csapatban dolgozhatok \u00e9s egy ilyen kiemelked\u0151 t\u00e9m\u00e1ban vehetek &hellip;<\/p>\n","protected":false},"author":101611,"featured_media":0,"parent":0,"menu_order":0,"comment_status":"closed","ping_status":"closed","template":"template-fullwidth.php","meta":{"_acf_changed":false,"footnotes":""},"categories":[],"tags":[],"class_list":["post-569","page","type-page","status-publish","hentry"],"acf":[],"_links":{"self":[{"href":"https:\/\/semmelweis.hu\/balassagyarmat\/wp-json\/wp\/v2\/pages\/569","targetHints":{"allow":["GET"]}}],"collection":[{"href":"https:\/\/semmelweis.hu\/balassagyarmat\/wp-json\/wp\/v2\/pages"}],"about":[{"href":"https:\/\/semmelweis.hu\/balassagyarmat\/wp-json\/wp\/v2\/types\/page"}],"author":[{"embeddable":true,"href":"https:\/\/semmelweis.hu\/balassagyarmat\/wp-json\/wp\/v2\/users\/101611"}],"replies":[{"embeddable":true,"href":"https:\/\/semmelweis.hu\/balassagyarmat\/wp-json\/wp\/v2\/comments?post=569"}],"version-history":[{"count":7,"href":"https:\/\/semmelweis.hu\/balassagyarmat\/wp-json\/wp\/v2\/pages\/569\/revisions"}],"predecessor-version":[{"id":622,"href":"https:\/\/semmelweis.hu\/balassagyarmat\/wp-json\/wp\/v2\/pages\/569\/revisions\/622"}],"wp:attachment":[{"href":"https:\/\/semmelweis.hu\/balassagyarmat\/wp-json\/wp\/v2\/media?parent=569"}],"wp:term":[{"taxonomy":"category","embeddable":true,"href":"https:\/\/semmelweis.hu\/balassagyarmat\/wp-json\/wp\/v2\/categories?post=569"},{"taxonomy":"post_tag","embeddable":true,"href":"https:\/\/semmelweis.hu\/balassagyarmat\/wp-json\/wp\/v2\/tags?post=569"}],"curies":[{"name":"wp","href":"https:\/\/api.w.org\/{rel}","templated":true}]}}