{"id":565,"date":"2020-04-07T14:26:35","date_gmt":"2020-04-07T12:26:35","guid":{"rendered":"http:\/\/semmelweis.hu\/balassagyarmat\/?page_id=565"},"modified":"2020-04-08T10:46:13","modified_gmt":"2020-04-08T08:46:13","slug":"kroone-kamaras-barbara","status":"publish","type":"page","link":"https:\/\/semmelweis.hu\/balassagyarmat\/kroone-kamaras-barbara\/","title":{"rendered":"Kro\u00f3n\u00e9 Kamar\u00e1s Barbara"},"content":{"rendered":"<p><img loading=\"lazy\" decoding=\"async\" class=\" wp-image-566 alignright\" src=\"https:\/\/semmelweis.hu\/balassagyarmat\/files\/2020\/04\/circle-cropped-400x400.png\" alt=\"\" width=\"369\" height=\"369\" srcset=\"https:\/\/semmelweis.hu\/balassagyarmat\/files\/2020\/04\/circle-cropped-400x400.png 400w, https:\/\/semmelweis.hu\/balassagyarmat\/files\/2020\/04\/circle-cropped-1024x1024.png 1024w, https:\/\/semmelweis.hu\/balassagyarmat\/files\/2020\/04\/circle-cropped-150x150.png 150w, https:\/\/semmelweis.hu\/balassagyarmat\/files\/2020\/04\/circle-cropped-768x768.png 768w, https:\/\/semmelweis.hu\/balassagyarmat\/files\/2020\/04\/circle-cropped-753x753.png 753w, https:\/\/semmelweis.hu\/balassagyarmat\/files\/2020\/04\/circle-cropped.png 1182w\" sizes=\"auto, (max-width: 369px) 100vw, 369px\" \/><em>Kro\u00f3n\u00e9 Kamar\u00e1s Barbara vagyok, k\u00f6zgazd\u00e1szk\u00e9nt v\u00e9geztem a Szent Istv\u00e1n Egyetemen. Tanulm\u00e1nyaim ut\u00e1n 4 \u00e9vet dolgoztam rendezv\u00e9nyszervez\u00e9s ter\u00fclet\u00e9n, ahol elsaj\u00e1t\u00edtottam a k\u00fcl\u00f6nb\u00f6z\u0151 rendezv\u00e9nyek projekt szint\u0171 koordin\u00e1l\u00e1s\u00e1t, koncepci\u00f3k kialak\u00edt\u00e1s\u00e1t, k\u00f6lts\u00e9gvet\u00e9sek komplex kidolgoz\u00e1s\u00e1t.<\/em><\/p>\n<p><em>2019 november\u00e9ben csatlakoztam a projektiroda csapat\u00e1hoz, ahol els\u0151sorban a BEP-es kutat\u00e1sok megszervez\u00e9s\u00e9\u00e9rt vagyok felel\u0151s. Sz\u00e1momra nagy lehet\u0151s\u00e9g, hogy gyermekv\u00e1llal\u00e1s ut\u00e1n a munk\u00e1ba val\u00f3 visszat\u00e9r\u00e9semmel egy ilyen j\u00f3 \u00fcgyet szolg\u00e1lhatok. B\u00fcszke vagyok arra, hogy egy sokoldal\u00fa, lend\u00fcletes csapat tagja lehetek, akikt\u0151l folyamatosan tanulhatok, k\u00e9pezhetem magam, \u00e9s akikkel egy\u00fctt egy nemes \u00fcgy \u00e9rdek\u00e9ben dolgozhatunk.<\/em><\/p>\n<p><em>Id\u00e9zet:<\/em><\/p>\n<p><em>\u201eAzok, akik m\u00e1sok \u00e9let\u00e9be f\u00e9nyt hoznak, maguk sem ker\u00fclhetik el azt. \u201e &#8211; James Matthew Barrie<\/em><\/p>\n","protected":false},"excerpt":{"rendered":"<p>Kro\u00f3n\u00e9 Kamar\u00e1s Barbara vagyok, k\u00f6zgazd\u00e1szk\u00e9nt v\u00e9geztem a Szent Istv\u00e1n Egyetemen. Tanulm\u00e1nyaim ut\u00e1n 4 \u00e9vet dolgoztam rendezv\u00e9nyszervez\u00e9s ter\u00fclet\u00e9n, ahol elsaj\u00e1t\u00edtottam a k\u00fcl\u00f6nb\u00f6z\u0151 rendezv\u00e9nyek projekt szint\u0171 koordin\u00e1l\u00e1s\u00e1t, koncepci\u00f3k kialak\u00edt\u00e1s\u00e1t, k\u00f6lts\u00e9gvet\u00e9sek komplex kidolgoz\u00e1s\u00e1t. 2019 november\u00e9ben csatlakoztam a projektiroda csapat\u00e1hoz, ahol els\u0151sorban a BEP-es kutat\u00e1sok megszervez\u00e9s\u00e9\u00e9rt vagyok felel\u0151s. Sz\u00e1momra nagy lehet\u0151s\u00e9g, hogy gyermekv\u00e1llal\u00e1s ut\u00e1n a munk\u00e1ba val\u00f3 visszat\u00e9r\u00e9semmel egy &hellip;<\/p>\n","protected":false},"author":101611,"featured_media":0,"parent":0,"menu_order":0,"comment_status":"closed","ping_status":"closed","template":"template-fullwidth.php","meta":{"_acf_changed":false,"footnotes":""},"categories":[],"tags":[],"class_list":["post-565","page","type-page","status-publish","hentry"],"acf":[],"_links":{"self":[{"href":"https:\/\/semmelweis.hu\/balassagyarmat\/wp-json\/wp\/v2\/pages\/565","targetHints":{"allow":["GET"]}}],"collection":[{"href":"https:\/\/semmelweis.hu\/balassagyarmat\/wp-json\/wp\/v2\/pages"}],"about":[{"href":"https:\/\/semmelweis.hu\/balassagyarmat\/wp-json\/wp\/v2\/types\/page"}],"author":[{"embeddable":true,"href":"https:\/\/semmelweis.hu\/balassagyarmat\/wp-json\/wp\/v2\/users\/101611"}],"replies":[{"embeddable":true,"href":"https:\/\/semmelweis.hu\/balassagyarmat\/wp-json\/wp\/v2\/comments?post=565"}],"version-history":[{"count":2,"href":"https:\/\/semmelweis.hu\/balassagyarmat\/wp-json\/wp\/v2\/pages\/565\/revisions"}],"predecessor-version":[{"id":621,"href":"https:\/\/semmelweis.hu\/balassagyarmat\/wp-json\/wp\/v2\/pages\/565\/revisions\/621"}],"wp:attachment":[{"href":"https:\/\/semmelweis.hu\/balassagyarmat\/wp-json\/wp\/v2\/media?parent=565"}],"wp:term":[{"taxonomy":"category","embeddable":true,"href":"https:\/\/semmelweis.hu\/balassagyarmat\/wp-json\/wp\/v2\/categories?post=565"},{"taxonomy":"post_tag","embeddable":true,"href":"https:\/\/semmelweis.hu\/balassagyarmat\/wp-json\/wp\/v2\/tags?post=565"}],"curies":[{"name":"wp","href":"https:\/\/api.w.org\/{rel}","templated":true}]}}