{"id":552,"date":"2020-04-06T09:39:26","date_gmt":"2020-04-06T07:39:26","guid":{"rendered":"http:\/\/semmelweis.hu\/balassagyarmat\/?page_id=552"},"modified":"2025-02-13T15:49:01","modified_gmt":"2025-02-13T14:49:01","slug":"nagy-alexandra","status":"publish","type":"page","link":"https:\/\/semmelweis.hu\/balassagyarmat\/nagy-alexandra\/","title":{"rendered":"Dr. Nagy Alexandra"},"content":{"rendered":"<p><em style=\"font-size: 1rem\"><em><strong>A Balassagyarmati Eg\u00e9szs\u00e9gnevel\u0151 Program 2022.02.28-\u00e1n lez\u00e1rult. Az oldalon tal\u00e1lhat\u00f3 adatok arch\u00edvak.<\/strong><\/em><\/em><\/p>\n<p><img loading=\"lazy\" decoding=\"async\" class=\"wp-image-550 alignright\" style=\"font-size: 1rem\" src=\"https:\/\/semmelweis.hu\/balassagyarmat\/files\/2020\/04\/let\u00f6lt\u00e9s-400x400.png\" alt=\"\" width=\"384\" height=\"384\" srcset=\"https:\/\/semmelweis.hu\/balassagyarmat\/files\/2020\/04\/let\u00f6lt\u00e9s-400x400.png 400w, https:\/\/semmelweis.hu\/balassagyarmat\/files\/2020\/04\/let\u00f6lt\u00e9s-150x150.png 150w, https:\/\/semmelweis.hu\/balassagyarmat\/files\/2020\/04\/let\u00f6lt\u00e9s.png 633w\" sizes=\"auto, (max-width: 384px) 100vw, 384px\" \/><\/p>\n<p><em>Dr. Nagy Alexandra, v\u00e9gzett orvos vagyok. Az elm\u00falt 3 \u00e9vben akt\u00edv tagja voltam \u00e9s vagyok a Budapesti Orvostanhallgat\u00f3k Egyes\u00fclet\u00e9nek, ahol 2 \u00e9<span style=\"font-size: 1rem\">vig eln\u00f6ks\u00e9gi poz\u00edci\u00f3t is bet\u00f6lt\u00f6ttem. \u00cdgy ker\u00fcltem k\u00f6zelebbi kapcsolatba az eg\u00e9szs\u00e9gfejleszt\u00e9ssel, \u00e9s vettem \u00e1t a prevent\u00edv szeml\u00e9letm\u00f3dot, amelyr\u0151l hiszem, hogy m\u0171k\u00f6dik! Nagyon \u00f6r\u00fcl\u00f6k, hogy munk\u00e1m sor\u00e1n hozz\u00e1j\u00e1rulhatok a magyar k\u00f6z\u00e9piskol\u00e1sok eg\u00e9szs\u00e9gmeg\u0151rz\u00e9s\u00e9hez. 2020 janu\u00e1r \u00f3ta dolgozom a munkacsoportban projekt koordin\u00e1tor feladatk\u00f6rt bet\u00f6ltve. Feladataim k\u00f6z\u00e9 tartozik a felk\u00e9sz\u00edt\u0151, valamint oktat\u00e1si alkalmak h\u00e1tt\u00e9ranyagainak biztos\u00edt\u00e1sa, jelenl\u00e9ti \u00edvek vezet\u00e9se, valamint egy\u00e9b operat\u00edv projektfeladatok ell\u00e1t\u00e1sa. \u00d6r\u00f6mmel t\u00f6lt el, hogy egy ilyen nagyszer\u0171 csapat tagja lehetek.<\/span><\/em><\/p>\n","protected":false},"excerpt":{"rendered":"<p>A Balassagyarmati Eg\u00e9szs\u00e9gnevel\u0151 Program 2022.02.28-\u00e1n lez\u00e1rult. Az oldalon tal\u00e1lhat\u00f3 adatok arch\u00edvak. Dr. Nagy Alexandra, v\u00e9gzett orvos vagyok. Az elm\u00falt 3 \u00e9vben akt\u00edv tagja voltam \u00e9s vagyok a Budapesti Orvostanhallgat\u00f3k Egyes\u00fclet\u00e9nek, ahol 2 \u00e9vig eln\u00f6ks\u00e9gi poz\u00edci\u00f3t is bet\u00f6lt\u00f6ttem. \u00cdgy ker\u00fcltem k\u00f6zelebbi kapcsolatba az eg\u00e9szs\u00e9gfejleszt\u00e9ssel, \u00e9s vettem \u00e1t a prevent\u00edv szeml\u00e9letm\u00f3dot, amelyr\u0151l hiszem, hogy m\u0171k\u00f6dik! Nagyon \u00f6r\u00fcl\u00f6k, &hellip;<\/p>\n","protected":false},"author":101611,"featured_media":0,"parent":0,"menu_order":0,"comment_status":"closed","ping_status":"closed","template":"template-fullwidth.php","meta":{"_acf_changed":false,"footnotes":""},"categories":[],"tags":[],"class_list":["post-552","page","type-page","status-publish","hentry"],"acf":[],"_links":{"self":[{"href":"https:\/\/semmelweis.hu\/balassagyarmat\/wp-json\/wp\/v2\/pages\/552","targetHints":{"allow":["GET"]}}],"collection":[{"href":"https:\/\/semmelweis.hu\/balassagyarmat\/wp-json\/wp\/v2\/pages"}],"about":[{"href":"https:\/\/semmelweis.hu\/balassagyarmat\/wp-json\/wp\/v2\/types\/page"}],"author":[{"embeddable":true,"href":"https:\/\/semmelweis.hu\/balassagyarmat\/wp-json\/wp\/v2\/users\/101611"}],"replies":[{"embeddable":true,"href":"https:\/\/semmelweis.hu\/balassagyarmat\/wp-json\/wp\/v2\/comments?post=552"}],"version-history":[{"count":8,"href":"https:\/\/semmelweis.hu\/balassagyarmat\/wp-json\/wp\/v2\/pages\/552\/revisions"}],"predecessor-version":[{"id":839,"href":"https:\/\/semmelweis.hu\/balassagyarmat\/wp-json\/wp\/v2\/pages\/552\/revisions\/839"}],"wp:attachment":[{"href":"https:\/\/semmelweis.hu\/balassagyarmat\/wp-json\/wp\/v2\/media?parent=552"}],"wp:term":[{"taxonomy":"category","embeddable":true,"href":"https:\/\/semmelweis.hu\/balassagyarmat\/wp-json\/wp\/v2\/categories?post=552"},{"taxonomy":"post_tag","embeddable":true,"href":"https:\/\/semmelweis.hu\/balassagyarmat\/wp-json\/wp\/v2\/tags?post=552"}],"curies":[{"name":"wp","href":"https:\/\/api.w.org\/{rel}","templated":true}]}}