{"id":55,"date":"2019-07-04T13:50:54","date_gmt":"2019-07-04T11:50:54","guid":{"rendered":"http:\/\/semmelweis.hu\/balassagyarmat\/?page_id=55"},"modified":"2025-02-13T15:50:15","modified_gmt":"2025-02-13T14:50:15","slug":"partnereink","status":"publish","type":"page","link":"https:\/\/semmelweis.hu\/balassagyarmat\/partnereink\/","title":{"rendered":"Egy\u00fcttm\u0171k\u00f6d\u0151 partnereink"},"content":{"rendered":"<p><em><em style=\"font-size: 1rem\"><strong>A Balassagyarmati Eg\u00e9szs\u00e9gnevel\u0151 Program 2022.02.28-\u00e1n lez\u00e1rult. Az oldalon tal\u00e1lhat\u00f3 adatok arch\u00edvak.<\/strong><\/em><\/em><\/p>\n<p>Azon programok, egyes\u00fcletek, szervezetek amelyekkel a c\u00e9ljaink, j\u00f6v\u0151k\u00e9p\u00fcnk azonos, egym\u00e1st seg\u00edtve \u00e9s t\u00e1mogatva igyeksz\u00fcnk el\u0151re l\u00e9pni az eg\u00e9szs\u00e9gfejleszt\u00e9s ter\u00fclet\u00e9n: \u00a0<\/p>\n<p style=\"text-align: center\"><span style=\"font-size: 18pt\"><strong>1.Budapesti Orvostanhallgat\u00f3k Egyes\u00fclete (BOE) <\/strong><\/span><\/p>\n<p style=\"text-align: center\"><img loading=\"lazy\" decoding=\"async\" class=\"alignnone wp-image-545\" src=\"https:\/\/semmelweis.hu\/balassagyarmat\/files\/2020\/01\/50634338_10156564598078961_1353868103670300672_o-400x400.jpg\" alt=\"\" width=\"253\" height=\"253\" srcset=\"https:\/\/semmelweis.hu\/balassagyarmat\/files\/2020\/01\/50634338_10156564598078961_1353868103670300672_o-400x400.jpg 400w, https:\/\/semmelweis.hu\/balassagyarmat\/files\/2020\/01\/50634338_10156564598078961_1353868103670300672_o-150x150.jpg 150w, https:\/\/semmelweis.hu\/balassagyarmat\/files\/2020\/01\/50634338_10156564598078961_1353868103670300672_o-768x768.jpg 768w, https:\/\/semmelweis.hu\/balassagyarmat\/files\/2020\/01\/50634338_10156564598078961_1353868103670300672_o-753x753.jpg 753w, https:\/\/semmelweis.hu\/balassagyarmat\/files\/2020\/01\/50634338_10156564598078961_1353868103670300672_o.jpg 960w\" sizes=\"auto, (max-width: 253px) 100vw, 253px\" \/><\/p>\n<p style=\"text-align: center\"><span style=\"font-size: 18pt\"><strong>2. TANTUdSZ Program <\/strong><\/span><\/p>\n<p style=\"text-align: center\"><img loading=\"lazy\" decoding=\"async\" class=\"alignnone wp-image-186\" src=\"https:\/\/semmelweis.hu\/balassagyarmat\/files\/2019\/10\/let\u00f6lt\u00e9s-1.jpg\" alt=\"\" width=\"225\" height=\"279\" \/><\/p>\n<p class=\"span7 inside site-description\" style=\"text-align: center\"><strong><span style=\"font-size: 18pt\">3. Miksz\u00e1th K\u00e1lm\u00e1n Szakgimn\u00e1ziuma \u00e9s Szakk\u00f6z\u00e9piskol\u00e1ja<\/span><\/strong><\/p>\n<p style=\"text-align: center\"><img loading=\"lazy\" decoding=\"async\" class=\"alignnone wp-image-493\" src=\"https:\/\/semmelweis.hu\/balassagyarmat\/files\/2020\/01\/cropped-logo_k.jpg\" alt=\"\" width=\"199\" height=\"143\" \/><\/p>\n<p style=\"text-align: center\"><span style=\"font-size: 18pt\"> <b>4. Szondi Gy\u00f6rgy Szakgimn\u00e1ziuma \u00e9s Szakk\u00f6z\u00e9psikol\u00e1ja<\/b> <\/span><\/p>\n<p style=\"text-align: center\"><img loading=\"lazy\" decoding=\"async\" class=\"alignnone size-full wp-image-494\" src=\"https:\/\/semmelweis.hu\/balassagyarmat\/files\/2020\/01\/logo.01.jpg\" alt=\"\" width=\"173\" height=\"240\" \/><\/p>\n<p style=\"text-align: center\"><strong><span style=\"font-size: 18pt\">5. Szent Imre Katolikus \u00c1ltal\u00e1nos Iskola \u00e9s Gimn\u00e1zium<\/span><\/strong><\/p>\n<p style=\"text-align: center\"><img loading=\"lazy\" decoding=\"async\" class=\"alignnone size-full wp-image-495\" src=\"https:\/\/semmelweis.hu\/balassagyarmat\/files\/2020\/01\/144be122fb75f2b2bb005bf9344fe160_logo_kicsi.png\" alt=\"\" width=\"250\" height=\"266\" \/><\/p>\n<p style=\"text-align: center\"><strong><span style=\"font-size: 18pt\">6. Szent-Gy\u00f6rgyi Albert Gimn\u00e1ziuma, Szakgimn\u00e1ziuma \u00e9s Szakk\u00f6z\u00e9piskol\u00e1ja<\/span><\/strong><\/p>\n<p style=\"text-align: center\"><img loading=\"lazy\" decoding=\"async\" class=\"size-full wp-image-497 alignnone\" src=\"https:\/\/semmelweis.hu\/balassagyarmat\/files\/2020\/01\/szentgyorgyialbertlogobordo3.jpg\" alt=\"\" width=\"227\" height=\"204\" \/><\/p>\n<p style=\"text-align: center\"><strong><span style=\"font-size: 18pt\">7. Balassagyarmati Balassi B\u00e1lint Gimn\u00e1zium<\/span><\/strong><\/p>\n<p style=\"text-align: center\"><img loading=\"lazy\" decoding=\"async\" class=\"alignnone wp-image-498\" src=\"https:\/\/semmelweis.hu\/balassagyarmat\/files\/2020\/01\/cc0aa4e7ee45cc8eb84b23baf34252b8_bbbg_logokozepes.jpg\" alt=\"\" width=\"251\" height=\"204\" \/><\/p>\n<p style=\"text-align: center\"><strong><span style=\"font-size: 18pt\">8. Balassagyarmati Tanker\u00fcleti K\u00f6zpont<\/span><\/strong><\/p>\n<p style=\"text-align: center\"><img loading=\"lazy\" decoding=\"async\" class=\"alignnone size-medium wp-image-499\" src=\"https:\/\/semmelweis.hu\/balassagyarmat\/files\/2020\/01\/BALASSAGYARMAT-28229-400x67.jpg\" alt=\"\" width=\"400\" height=\"67\" srcset=\"https:\/\/semmelweis.hu\/balassagyarmat\/files\/2020\/01\/BALASSAGYARMAT-28229-400x67.jpg 400w, https:\/\/semmelweis.hu\/balassagyarmat\/files\/2020\/01\/BALASSAGYARMAT-28229-768x128.jpg 768w, https:\/\/semmelweis.hu\/balassagyarmat\/files\/2020\/01\/BALASSAGYARMAT-28229-753x126.jpg 753w, https:\/\/semmelweis.hu\/balassagyarmat\/files\/2020\/01\/BALASSAGYARMAT-28229.jpg 900w\" sizes=\"auto, (max-width: 400px) 100vw, 400px\" \/><\/p>\n<p style=\"text-align: center\"><strong><span style=\"font-size: 18pt\">9. Balassagyarmat V\u00e1rosa<\/span><\/strong><\/p>\n<p style=\"text-align: center\"><img loading=\"lazy\" decoding=\"async\" class=\"alignnone size-full wp-image-500\" src=\"https:\/\/semmelweis.hu\/balassagyarmat\/files\/2020\/01\/47bafc4a0146c8dbc48c5a5aa876bf9b_logo_200px.png\" alt=\"\" width=\"200\" height=\"228\" \/><\/p>\n<p style=\"text-align: center\"><strong><span style=\"font-size: 18pt\">\u00a010. Dr. Kenessey Albert K\u00f3rh\u00e1z &#8211; Rendel\u0151int\u00e9zet<\/span><\/strong><\/p>\n<p style=\"text-align: center\"><img loading=\"lazy\" decoding=\"async\" class=\"wp-image-502 size-medium alignnone\" src=\"https:\/\/semmelweis.hu\/balassagyarmat\/files\/2020\/01\/82498634_2380751358696480_3953942971392458752_n-374x400.jpg\" alt=\"\" width=\"374\" height=\"400\" srcset=\"https:\/\/semmelweis.hu\/balassagyarmat\/files\/2020\/01\/82498634_2380751358696480_3953942971392458752_n-374x400.jpg 374w, https:\/\/semmelweis.hu\/balassagyarmat\/files\/2020\/01\/82498634_2380751358696480_3953942971392458752_n.jpg 653w\" sizes=\"auto, (max-width: 374px) 100vw, 374px\" \/><\/p>\n","protected":false},"excerpt":{"rendered":"<p>A Balassagyarmati Eg\u00e9szs\u00e9gnevel\u0151 Program 2022.02.28-\u00e1n lez\u00e1rult. Az oldalon tal\u00e1lhat\u00f3 adatok arch\u00edvak. Azon programok, egyes\u00fcletek, szervezetek amelyekkel a c\u00e9ljaink, j\u00f6v\u0151k\u00e9p\u00fcnk azonos, egym\u00e1st seg\u00edtve \u00e9s t\u00e1mogatva igyeksz\u00fcnk el\u0151re l\u00e9pni az eg\u00e9szs\u00e9gfejleszt\u00e9s ter\u00fclet\u00e9n: \u00a0 1.Budapesti Orvostanhallgat\u00f3k Egyes\u00fclete (BOE) 2. TANTUdSZ Program 3. Miksz\u00e1th K\u00e1lm\u00e1n Szakgimn\u00e1ziuma \u00e9s Szakk\u00f6z\u00e9piskol\u00e1ja 4. Szondi Gy\u00f6rgy Szakgimn\u00e1ziuma \u00e9s Szakk\u00f6z\u00e9psikol\u00e1ja 5. Szent Imre Katolikus \u00c1ltal\u00e1nos &hellip;<\/p>\n","protected":false},"author":101611,"featured_media":0,"parent":0,"menu_order":0,"comment_status":"closed","ping_status":"closed","template":"template-fullwidth.php","meta":{"_acf_changed":false,"footnotes":""},"categories":[],"tags":[],"class_list":["post-55","page","type-page","status-publish","hentry"],"acf":[],"_links":{"self":[{"href":"https:\/\/semmelweis.hu\/balassagyarmat\/wp-json\/wp\/v2\/pages\/55","targetHints":{"allow":["GET"]}}],"collection":[{"href":"https:\/\/semmelweis.hu\/balassagyarmat\/wp-json\/wp\/v2\/pages"}],"about":[{"href":"https:\/\/semmelweis.hu\/balassagyarmat\/wp-json\/wp\/v2\/types\/page"}],"author":[{"embeddable":true,"href":"https:\/\/semmelweis.hu\/balassagyarmat\/wp-json\/wp\/v2\/users\/101611"}],"replies":[{"embeddable":true,"href":"https:\/\/semmelweis.hu\/balassagyarmat\/wp-json\/wp\/v2\/comments?post=55"}],"version-history":[{"count":10,"href":"https:\/\/semmelweis.hu\/balassagyarmat\/wp-json\/wp\/v2\/pages\/55\/revisions"}],"predecessor-version":[{"id":842,"href":"https:\/\/semmelweis.hu\/balassagyarmat\/wp-json\/wp\/v2\/pages\/55\/revisions\/842"}],"wp:attachment":[{"href":"https:\/\/semmelweis.hu\/balassagyarmat\/wp-json\/wp\/v2\/media?parent=55"}],"wp:term":[{"taxonomy":"category","embeddable":true,"href":"https:\/\/semmelweis.hu\/balassagyarmat\/wp-json\/wp\/v2\/categories?post=55"},{"taxonomy":"post_tag","embeddable":true,"href":"https:\/\/semmelweis.hu\/balassagyarmat\/wp-json\/wp\/v2\/tags?post=55"}],"curies":[{"name":"wp","href":"https:\/\/api.w.org\/{rel}","templated":true}]}}