{"id":539,"date":"2020-01-28T18:25:14","date_gmt":"2020-01-28T17:25:14","guid":{"rendered":"http:\/\/semmelweis.hu\/balassagyarmat\/?page_id=539"},"modified":"2020-11-29T14:45:46","modified_gmt":"2020-11-29T13:45:46","slug":"publikaciok","status":"publish","type":"page","link":"https:\/\/semmelweis.hu\/balassagyarmat\/publikaciok\/","title":{"rendered":"Publik\u00e1ci\u00f3k"},"content":{"rendered":"<p>Azon iratok gy\u0171jtem\u00e9nye, amelyek vel\u00fcnk kapcsolatban jelentek meg:\u00a0<\/p>\n<h1 class=\"wi-article-title article-title-main\"><em>European Journal of Public Health<br \/><\/em>Supplement: 16th World Congress on Public Health 2020 Public Health for the future of humanity: analysis, advocacy and action<\/h1>\n<p><a href=\"https:\/\/academic.oup.com\/eurpub\/issue\/30\/Supplement_5\">https:\/\/academic.oup.com\/eurpub\/issue\/30\/Supplement_5<\/a><\/p>\n<h1 class=\"wi-article-title article-title-main\"><em>European Journal of Public Health<\/em>\u00a0<br \/>Potentials of a school-based health education program \u2013 a theory based analysis of a good practice<\/h1>\n<p><a href=\"https:\/\/academic.oup.com\/eurpub\/article\/30\/Supplement_5\/ckaa166.442\/5913646\">https:\/\/academic.oup.com\/eurpub\/article\/30\/Supplement_5\/ckaa166.442\/5913646<\/a><\/p>\n<h1 class=\"c-article-title\" data-test=\"article-title\" data-article-title=\"\"><i data-test=\"journal-title\">Implementation Science<\/i> <br \/>The behaviour change wheel: A new method for characterising and designing behaviour change interventions<\/h1>\n<p><a href=\"https:\/\/implementationscience.biomedcentral.com\/articles\/10.1186\/1748-5908-6-42\">https:\/\/implementationscience.biomedcentral.com\/articles\/10.1186\/1748-5908-6-42<\/a><\/p>\n<h1 class=\"wi-article-title article-title-main\"><em>A Balassagyarmati Eg\u00e9szs\u00e9gnevel\u0151 Program:<\/em><\/h1>\n<p><img loading=\"lazy\" decoding=\"async\" class=\"alignnone size-medium wp-image-540\" src=\"https:\/\/semmelweis.hu\/balassagyarmat\/files\/2020\/01\/IMG_5299-1-293x400.jpeg\" alt=\"\" width=\"293\" height=\"400\" srcset=\"https:\/\/semmelweis.hu\/balassagyarmat\/files\/2020\/01\/IMG_5299-1-293x400.jpeg 293w, https:\/\/semmelweis.hu\/balassagyarmat\/files\/2020\/01\/IMG_5299-1.jpeg 640w\" sizes=\"auto, (max-width: 293px) 100vw, 293px\" \/><\/p>\n<p>&nbsp;<\/p>\n","protected":false},"excerpt":{"rendered":"<p>Azon iratok gy\u0171jtem\u00e9nye, amelyek vel\u00fcnk kapcsolatban jelentek meg:\u00a0 European Journal of Public HealthSupplement: 16th World Congress on Public Health 2020 Public Health for the future of humanity: analysis, advocacy and action <a href=\"https:\/\/academic.oup.com\/eurpub\/issue\/30\/Supplement_5\">https:\/\/academic.oup.com\/eurpub\/issue\/30\/Supplement_5<\/a> European Journal of Public Health\u00a0Potentials of a school-based health education program \u2013 a theory based analysis of a good practice <a href=\"https:\/\/academic.oup.com\/eurpub\/article\/30\/Supplement_5\/ckaa166.442\/5913646\">https:\/\/academic.oup.com\/eurpub\/article\/30\/Supplement_5\/ckaa166.442\/5913646<\/a> Implementation Science The behaviour &hellip;<\/p>\n","protected":false},"author":101611,"featured_media":0,"parent":0,"menu_order":0,"comment_status":"closed","ping_status":"closed","template":"template-fullwidth.php","meta":{"_acf_changed":false,"footnotes":""},"categories":[],"tags":[],"class_list":["post-539","page","type-page","status-publish","hentry"],"acf":[],"_links":{"self":[{"href":"https:\/\/semmelweis.hu\/balassagyarmat\/wp-json\/wp\/v2\/pages\/539","targetHints":{"allow":["GET"]}}],"collection":[{"href":"https:\/\/semmelweis.hu\/balassagyarmat\/wp-json\/wp\/v2\/pages"}],"about":[{"href":"https:\/\/semmelweis.hu\/balassagyarmat\/wp-json\/wp\/v2\/types\/page"}],"author":[{"embeddable":true,"href":"https:\/\/semmelweis.hu\/balassagyarmat\/wp-json\/wp\/v2\/users\/101611"}],"replies":[{"embeddable":true,"href":"https:\/\/semmelweis.hu\/balassagyarmat\/wp-json\/wp\/v2\/comments?post=539"}],"version-history":[{"count":5,"href":"https:\/\/semmelweis.hu\/balassagyarmat\/wp-json\/wp\/v2\/pages\/539\/revisions"}],"predecessor-version":[{"id":717,"href":"https:\/\/semmelweis.hu\/balassagyarmat\/wp-json\/wp\/v2\/pages\/539\/revisions\/717"}],"wp:attachment":[{"href":"https:\/\/semmelweis.hu\/balassagyarmat\/wp-json\/wp\/v2\/media?parent=539"}],"wp:term":[{"taxonomy":"category","embeddable":true,"href":"https:\/\/semmelweis.hu\/balassagyarmat\/wp-json\/wp\/v2\/categories?post=539"},{"taxonomy":"post_tag","embeddable":true,"href":"https:\/\/semmelweis.hu\/balassagyarmat\/wp-json\/wp\/v2\/tags?post=539"}],"curies":[{"name":"wp","href":"https:\/\/api.w.org\/{rel}","templated":true}]}}