{"id":53,"date":"2019-07-04T13:50:43","date_gmt":"2019-07-04T11:50:43","guid":{"rendered":"http:\/\/semmelweis.hu\/balassagyarmat\/?page_id=53"},"modified":"2025-02-13T15:39:21","modified_gmt":"2025-02-13T14:39:21","slug":"bemutatkozas","status":"publish","type":"page","link":"https:\/\/semmelweis.hu\/balassagyarmat\/bemutatkozas\/","title":{"rendered":"Bemutatkoz\u00e1s"},"content":{"rendered":"<p style=\"text-align: left\"><img decoding=\"async\" class=\"alignright\" src=\"https:\/\/semmelweis.hu\/balassagyarmat\/files\/2024\/02\/infoblokk_kedv_final_felso_cmyk_ESZA-400x276.jpg\" \/><\/p>\n<p><em><strong>A Balassagyarmati Eg\u00e9szs\u00e9gnevel\u0151 Program 2022.02.28-\u00e1n lez\u00e1rult. Az oldalon tal\u00e1lhat\u00f3 adatok arch\u00edvak.<\/strong><\/em><\/p>\n<p>&nbsp;<\/p>\n<p>&nbsp;<\/p>\n<p>&nbsp;<\/p>\n<p>&nbsp;<\/p>\n<p>&nbsp;<\/p>\n<p style=\"text-align: left\">A Balassagyarmati Eg\u00e9szs\u00e9gnevel\u0151 Program egy kort\u00e1rs oktat\u00e1son alapul\u00f3 interakt\u00edv, digit\u00e1liselemeket is tartalmaz\u00f3 szem\u00e9lyes k\u00e9szs\u00e9gfejleszt\u0151 program a Semmelweis Egyetemen.<\/p>\n<p>Kort\u00e1rs oktat\u00e1son alapul, mert a kis kork\u00fcl\u00f6nbs\u00e9g miatt a di\u00e1kok k\u00f6nnyebben tudnak azonosulni a fiatal oktat\u00f3k \u00e1ltal prezent\u00e1lt szempontokkal.<br \/>Interakt\u00edv, mert a szem\u00e9lyes attit\u0171d\u00f6k \u00e9s a motiv\u00e1ci\u00f3 szintj\u00e9n t\u00f6rt\u00e9n\u0151 beavatkoz\u00e1s csak szem\u00e9lyesbevon\u00f3d\u00e1s eset\u00e9n t\u00f6rt\u00e9nhet meg.<\/p>\n<p>Digit\u00e1lis elemeket is tartalmaz, mert a 21. sz\u00e1zad \u00faj oktat\u00e1sm\u00f3dszertant k\u00f6vetel meg.<br \/>K\u00e9szs\u00e9gfejleszt\u0151, mert c\u00e9lja a szem\u00e9lyes d\u00f6nt\u00e9shozatal fejleszt\u00e9se, az eg\u00e9szs\u00e9gesebb \u00e9letm\u00f3d<br \/>v\u00e1laszt\u00e1s\u00e1ra val\u00f3 k\u00e9pess\u00e9g t\u00e1mogat\u00e1sa.<br \/>Eg\u00e9szs\u00e9gnevel\u00e9si t\u00e9m\u00e1ink: Els\u0151seg\u00e9ly, doh\u00e1nyz\u00e1s, sport, \u00e9tkez\u00e9s, biztons\u00e1gos szexualit\u00e1s<br \/>(fogamz\u00e1sg\u00e1tl\u00e1s, asszertivit\u00e1s, STD-k elleni v\u00e9delem), alkohol, drog \u00e9s egy\u00e9b tudatm\u00f3dos\u00edt\u00f3k,<br \/>ment\u00e1lis eg\u00e9szs\u00e9g, infekci\u00f3 kontroll (olt\u00e1sok, k\u00e9zmos\u00e1s, antibiotikumok), felel\u0151s csal\u00e1dtervez\u00e9s.<\/p>\n<p>A programhoz egy, hazai k\u00f6rnyezetben \u00fatt\u00f6r\u0151nek mondhat\u00f3 kutat\u00e1s kapcsol\u00f3dik, melynek c\u00e9lja az<br \/>intervenci\u00f3k hat\u00e9konys\u00e1g\u00e1nak m\u00e9r\u00e9se. A kutat\u00e1si eredm\u00e9nyeket az elk\u00f6vetkez\u0151 h\u00f3napokban tessz\u00fck<br \/>k\u00f6zz\u00e9.<\/p>\n<p>&nbsp;<\/p>\n","protected":false},"excerpt":{"rendered":"<p>A Balassagyarmati Eg\u00e9szs\u00e9gnevel\u0151 Program 2022.02.28-\u00e1n lez\u00e1rult. Az oldalon tal\u00e1lhat\u00f3 adatok arch\u00edvak. &nbsp; &nbsp; &nbsp; &nbsp; &nbsp; A Balassagyarmati Eg\u00e9szs\u00e9gnevel\u0151 Program egy kort\u00e1rs oktat\u00e1son alapul\u00f3 interakt\u00edv, digit\u00e1liselemeket is tartalmaz\u00f3 szem\u00e9lyes k\u00e9szs\u00e9gfejleszt\u0151 program a Semmelweis Egyetemen. Kort\u00e1rs oktat\u00e1son alapul, mert a kis kork\u00fcl\u00f6nbs\u00e9g miatt a di\u00e1kok k\u00f6nnyebben tudnak azonosulni a fiatal oktat\u00f3k \u00e1ltal prezent\u00e1lt szempontokkal.Interakt\u00edv, mert a &hellip;<\/p>\n","protected":false},"author":101611,"featured_media":123,"parent":0,"menu_order":0,"comment_status":"closed","ping_status":"closed","template":"template-fullwidth.php","meta":{"_acf_changed":false,"footnotes":""},"categories":[],"tags":[],"class_list":["post-53","page","type-page","status-publish","has-post-thumbnail","hentry"],"acf":[],"_links":{"self":[{"href":"https:\/\/semmelweis.hu\/balassagyarmat\/wp-json\/wp\/v2\/pages\/53","targetHints":{"allow":["GET"]}}],"collection":[{"href":"https:\/\/semmelweis.hu\/balassagyarmat\/wp-json\/wp\/v2\/pages"}],"about":[{"href":"https:\/\/semmelweis.hu\/balassagyarmat\/wp-json\/wp\/v2\/types\/page"}],"author":[{"embeddable":true,"href":"https:\/\/semmelweis.hu\/balassagyarmat\/wp-json\/wp\/v2\/users\/101611"}],"replies":[{"embeddable":true,"href":"https:\/\/semmelweis.hu\/balassagyarmat\/wp-json\/wp\/v2\/comments?post=53"}],"version-history":[{"count":8,"href":"https:\/\/semmelweis.hu\/balassagyarmat\/wp-json\/wp\/v2\/pages\/53\/revisions"}],"predecessor-version":[{"id":831,"href":"https:\/\/semmelweis.hu\/balassagyarmat\/wp-json\/wp\/v2\/pages\/53\/revisions\/831"}],"wp:featuredmedia":[{"embeddable":true,"href":"https:\/\/semmelweis.hu\/balassagyarmat\/wp-json\/wp\/v2\/media\/123"}],"wp:attachment":[{"href":"https:\/\/semmelweis.hu\/balassagyarmat\/wp-json\/wp\/v2\/media?parent=53"}],"wp:term":[{"taxonomy":"category","embeddable":true,"href":"https:\/\/semmelweis.hu\/balassagyarmat\/wp-json\/wp\/v2\/categories?post=53"},{"taxonomy":"post_tag","embeddable":true,"href":"https:\/\/semmelweis.hu\/balassagyarmat\/wp-json\/wp\/v2\/tags?post=53"}],"curies":[{"name":"wp","href":"https:\/\/api.w.org\/{rel}","templated":true}]}}