{"id":515,"date":"2020-01-20T16:31:53","date_gmt":"2020-01-20T15:31:53","guid":{"rendered":"http:\/\/semmelweis.hu\/balassagyarmat\/?page_id=515"},"modified":"2025-02-13T16:03:33","modified_gmt":"2025-02-13T15:03:33","slug":"proba-tananyag","status":"publish","type":"page","link":"https:\/\/semmelweis.hu\/balassagyarmat\/proba-tananyag\/","title":{"rendered":"Pr\u00f3ba tananyag"},"content":{"rendered":"<p><span style=\"font-weight: 400\"><img decoding=\"async\" class=\"alignright\" src=\"https:\/\/semmelweis.hu\/balassagyarmat\/files\/2024\/02\/infoblokk_kedv_final_felso_cmyk_ESZA-400x276.jpg\" \/><\/span><\/p>\n<p><em><span style=\"font-family: 'arial black', sans-serif\"><strong><span style=\"font-size: 18pt\">A Balassagyarmati Eg\u00e9szs\u00e9gnevel\u0151 Program 2022.02.28-\u00e1n lez\u00e1rult. Az oldalon tal\u00e1lhat\u00f3 adatok arch\u00edvak.<\/span><\/strong><\/span><\/em><\/p>\n<p>&nbsp;<\/p>\n<p>&nbsp;<\/p>\n<p>&nbsp;<\/p>\n<p>&nbsp;<\/p>\n<p>&nbsp;<\/p>\n<p>A Balassagyarmati Eg\u00e9szs\u00e9gnevel\u0151 Program a #school fel\u00fcleten kereszt\u00fcl osztja meg tananyagait, amely egyike az olyan weboldalaknak, amelyen kereszt\u00fcl a felhaszn\u00e1l\u00f3k interakt\u00edv m\u00f3don tanulhatnak az eg\u00e9szs\u00e9gr\u0151l \u00e9s az eg\u00e9szs\u00e9ges \u00e9letm\u00f3dr\u00f3l. Ezalatt a r\u00f6vid bevezet\u0151 alatt tal\u00e1lhat\u00f3 egy a 41 tananyagunk k\u00f6z\u00fcl, amely p\u00e9ldak\u00e9pp szolg\u00e1l, hogy milyen is egy online tananyag a BEP szeml\u00e9let\u00e9ben. Alkoholprevenci\u00f3 &#8211; A felel\u0151s\u00e9gteljes alkoholos ital fogyaszt\u00e1ssal, az alkoholos italok hat\u00e1saival \u00e9s a k\u00e1ros k\u00f6vetkezm\u00e9nyeinek elker\u00fcl\u00e9s\u00e9vel foglalkozunk ezekben az alkoholprevenci\u00f3s tananyagokban. Ezen a linken kereszt\u00fcl el\u00e9ritek a tananyagot:\u00a0<a href=\"http:\/\/bep.semmelweis.hu\/esga36adbc35e69b22acbf9f834a0deb286\">Pr\u00f3ba tananyag &#8211; Alkohol 3<\/a><\/p>\n","protected":false},"excerpt":{"rendered":"<p>A Balassagyarmati Eg\u00e9szs\u00e9gnevel\u0151 Program 2022.02.28-\u00e1n lez\u00e1rult. Az oldalon tal\u00e1lhat\u00f3 adatok arch\u00edvak. &nbsp; &nbsp; &nbsp; &nbsp; &nbsp; A Balassagyarmati Eg\u00e9szs\u00e9gnevel\u0151 Program a #school fel\u00fcleten kereszt\u00fcl osztja meg tananyagait, amely egyike az olyan weboldalaknak, amelyen kereszt\u00fcl a felhaszn\u00e1l\u00f3k interakt\u00edv m\u00f3don tanulhatnak az eg\u00e9szs\u00e9gr\u0151l \u00e9s az eg\u00e9szs\u00e9ges \u00e9letm\u00f3dr\u00f3l. Ezalatt a r\u00f6vid bevezet\u0151 alatt tal\u00e1lhat\u00f3 egy a 41 tananyagunk &hellip;<\/p>\n","protected":false},"author":101611,"featured_media":0,"parent":0,"menu_order":0,"comment_status":"closed","ping_status":"closed","template":"template-fullwidth.php","meta":{"_acf_changed":false,"footnotes":""},"categories":[],"tags":[],"class_list":["post-515","page","type-page","status-publish","hentry"],"acf":[],"_links":{"self":[{"href":"https:\/\/semmelweis.hu\/balassagyarmat\/wp-json\/wp\/v2\/pages\/515","targetHints":{"allow":["GET"]}}],"collection":[{"href":"https:\/\/semmelweis.hu\/balassagyarmat\/wp-json\/wp\/v2\/pages"}],"about":[{"href":"https:\/\/semmelweis.hu\/balassagyarmat\/wp-json\/wp\/v2\/types\/page"}],"author":[{"embeddable":true,"href":"https:\/\/semmelweis.hu\/balassagyarmat\/wp-json\/wp\/v2\/users\/101611"}],"replies":[{"embeddable":true,"href":"https:\/\/semmelweis.hu\/balassagyarmat\/wp-json\/wp\/v2\/comments?post=515"}],"version-history":[{"count":6,"href":"https:\/\/semmelweis.hu\/balassagyarmat\/wp-json\/wp\/v2\/pages\/515\/revisions"}],"predecessor-version":[{"id":849,"href":"https:\/\/semmelweis.hu\/balassagyarmat\/wp-json\/wp\/v2\/pages\/515\/revisions\/849"}],"wp:attachment":[{"href":"https:\/\/semmelweis.hu\/balassagyarmat\/wp-json\/wp\/v2\/media?parent=515"}],"wp:term":[{"taxonomy":"category","embeddable":true,"href":"https:\/\/semmelweis.hu\/balassagyarmat\/wp-json\/wp\/v2\/categories?post=515"},{"taxonomy":"post_tag","embeddable":true,"href":"https:\/\/semmelweis.hu\/balassagyarmat\/wp-json\/wp\/v2\/tags?post=515"}],"curies":[{"name":"wp","href":"https:\/\/api.w.org\/{rel}","templated":true}]}}