{"id":505,"date":"2020-01-17T18:06:16","date_gmt":"2020-01-17T17:06:16","guid":{"rendered":"http:\/\/semmelweis.hu\/balassagyarmat\/?page_id=505"},"modified":"2025-02-13T16:01:08","modified_gmt":"2025-02-13T15:01:08","slug":"rolunk-irtatok","status":"publish","type":"page","link":"https:\/\/semmelweis.hu\/balassagyarmat\/rolunk-irtatok\/","title":{"rendered":"R\u00f3lunk \u00edrt\u00e1tok"},"content":{"rendered":"<p style=\"text-align: center\"><strong><span style=\"font-size: 18pt\"><em>A Balassagyarmati Eg\u00e9szs\u00e9gnevel\u0151 Program 2022.02.28-\u00e1n lez\u00e1rult. Az oldalon tal\u00e1lhat\u00f3 adatok arch\u00edvak.<\/em><\/span><\/strong><\/p>\n<p style=\"text-align: center\"><strong><span style=\"font-size: 18pt\"><em>BEP esettanulm\u00e1ny <\/em><\/span><\/strong><strong><span style=\"font-family: 'book antiqua', palatino, serif\"><em>Egy \u00f3ratart\u00f3nk toll\u00e1b\u00f3l sz\u00e1rmaz\u00f3 esettanulm\u00e1ny, amely kifejezi azt a l\u00e1t\u00e1sm\u00f3dot, ami az oktat\u00f3inkat a BEP-es oktat\u00e1sra motiv\u00e1lja \u00e9s a folyamatos, f\u00e1radhatatlan, kem\u00e9ny munk\u00e1t, amelyet a Program el\u0151mozd\u00edt\u00e1s\u00e1ra \u00e1ldoznak.<\/em><\/span><\/strong><\/p>\n<p>\u00a0 Az esettanulm\u00e1nyom t\u00e1rgyak\u00e9nt az utols\u00f3, mental higi\u00e9n\u00e9s \u00f3r\u00e1t v\u00e1lasztottam. Ennek t\u00f6bb oka is van, egyr\u00e9szt maga t\u00e9ma is (a szexu\u00e1lprevenci\u00f3 ut\u00e1n \u00a0term\u00e9szetesen) nagyon k\u00f6zel \u00e1ll hozz\u00e1m, m\u00e1sr\u00e9st ez volt egyben a b\u00facs\u00fa \u00f3ra is. B\u00facs\u00fa a di\u00e1kok \u00e9s k\u00f6zt\u00fcnk, oktat\u00f3k k\u00f6z\u00f6tt, \u00e9s b\u00facs\u00fa a BEP \u00e9s \u00e9n k\u00f6ztem, hiszen az \u00e9letem sajnos \u00fagy alakult, hogy nincs lehet\u0151s\u00e9gem tov\u00e1bb folytatni a programot, b\u00e1rmennyire is szeretn\u00e9m. Az \u00f3r\u00e1nak t\u00f6bb c\u00e9lja is volt, t\u00f6bbek k\u00f6z\u00f6tt az \u00e9let\u00fcnkben l\u00e9v\u0151 pozit\u00edv er\u0151forr\u00e1sok felismer\u00e9se \u00e9s azok felhaszn\u00e1l\u00e1sa, a serd\u00fcl\u0151korra jellemz\u0151 \u00e9s term\u00e9szetes \u00e9rzelmi v\u00e1ltoz\u00e1sok megismer\u00e9se \u00e9s elfogad\u00e1sa, illetve utolj\u00e1ra, de nem utols\u00f3 sorban szerettem\/szerett\u00fck volna azt is meg\u00e9rtetni vel\u00fck, hogy mindenkinek vannak negat\u00edv \u00e9rz\u00e9sei, viszont egy bizonyos hat\u00e1ron bel\u00fcl ezek term\u00e9szetesek, \u00e9s ha valaki szomor\u00fa, akkor p\u00e1r kedves sz\u00f3, vagy l\u00e1gy \u00e9rint\u00e9s, simogat\u00e1s sokat tud Neki seg\u00edteni. (Az al\u00e1bbi tapasztalatok \u00e9s konkr\u00e9t t\u00f6rt\u00e9n\u00e9sek a m\u00e1sodik oszt\u00e1lynak tartott \u00f3r\u00e1ra vonatkoznak.) Hogy \u0151szinte legyek, nem voltak t\u00fal nagy elv\u00e1r\u00e1saim az \u00f3r\u00e1val kapcsolatban, mert ezt egy olyan, b\u00e1r nagyon komoly \u00e9s fontos t\u00e9m\u00e1nak tartottam, amir\u0151l roppant neh\u00e9z \u00fagy foglalkoz\u00e1st tartani, hogy ne legyen tele unalmas k\u00f6zhelyekkel \u00e9s, hogy fel tudd tartani folyamatosan a figyelmet. Roppant pozit\u00edv meglepet\u00e9sk\u00e9nt \u00e9rt, amikor az aktivit\u00e1soknak h\u00e1la ez nem \u00edgy t\u00f6rt\u00e9nt \u00e9s v\u00e9gig teljesen kooperat\u00edvak \u00e9s akt\u00edvak voltak a di\u00e1kok. Az \u0150 fej\u00fckben hasonl\u00f3 gondolatok sz\u00e1lling\u00f3zhattak. Ha tudt\u00e1k, hogy mir\u0151l van sz\u00f3, akkor csupa elcs\u00e9pelt dologra sz\u00e1m\u00edthattak, hogy ne legy\u00e9l depresszi\u00f3s, mert az rossz\u2026 (ugyanez p\u00e9ld\u00e1ul m\u00e1s t\u00e9mak\u00f6r\u00f6kben is el\u0151j\u00f6n, p\u00e9ld\u00e1ul ne h\u00fazz \u00f3vszert, mert ez meg az lesz\u2026). A di\u00e1kok m\u00e1sik r\u00e9sze szerintem viszont azt se tudta, hogy maga az a sz\u00f3, hogy \u201emental health\u201d, vagy ment\u00e1lis eg\u00e9sz\u00e9g mit is jelent, \u00edgy semmif\u00e9le prekoncepci\u00f3juk nem lehetett a dolgokr\u00f3l. Az \u00f3r\u00e1k elej\u00e9n egy\u00e9bk\u00e9nt meg is k\u00e9rdezt\u00fck ezt, \u00e9s kb 50-50%-ban tudt\u00e1k, hogy ez mit jelent. Az \u00f3r\u00e1t k\u00fcl\u00f6nb\u00f6z\u0151 szitu\u00e1ci\u00f3k bemutat\u00e1s\u00e1val kezdt\u00fck, ahol egy kicsit bele kellett gondolnunk magunkat a szerepl\u0151k hely\u00e9be, hogy vajon milyen \u00e9rz\u00e9sek kavaroghatnak benn\u00fck. \u00c9rdekes, hogy n\u00e9h\u00e1ny szitu\u00e1ci\u00f3n\u00e1l kett\u0151, vagy t\u00f6bb teljesen m\u00e1s \u00e9rz\u00e9s j\u00f6tt fel,olyanok is, amelyekre \u00e9n szem\u00e9lyesen els\u0151re nem is gondoltam volna. Itt m\u00e9g csak alig 3-4 ember volt akt\u00edv, gondolom m\u00e9g nem voltak bemelegedve, vagy teljesen szokatlan volt nekik a t\u00e9ma. A k\u00f6vetkez\u0151 aktivit\u00e1s sor\u00e1n m\u00e1r 3 kiemelt szitu\u00e1ci\u00f3ra adtunk 3 lehets\u00e9ges v\u00e1laszreakci\u00f3t, egy \u00e1ldozathib\u00e1ztat\u00e1st, egy olyat, ahol a f\u0151szerepl\u0151 helyett \u0151 akarta megmondani mi a lenne a helyes \u00e9s v\u00e9g\u00fcl egy empatikusat. A di\u00e1kok itt m\u00e1r jobban bevon\u00f3dtak, egym\u00e1ssal szemben \u00e9rveltek \u00e9s jellemz\u0151en az empatikus v\u00e1laszlehet\u0151s\u00e9g \u00e9s a v\u00e1lt helyes tev\u00e9kenys\u00e9g megmond\u00e1sa mellett mentek az \u00e9rvek. Szerencs\u00e9re az \u00e1ldozathib\u00e1ztat\u00e1s alig j\u00f6tt fel, mint komoly lehet\u0151s\u00e9g. V\u00e9g\u00fcl teljesen magukt\u00f3l kiv\u00e9tel n\u00e9lk\u00fcl az empatikus v\u00e1lasz mellett tett\u00e9k le a voksukat. \u00a0 A k\u00f6vetkez\u0151 aktivit\u00e1sban saj\u00e1t maguknak kellett egy szitu\u00e1ci\u00f3t kital\u00e1lniuk. Ez m\u00e1r sajnos nagyon neh\u00e9zkesen ment, \u00f6sszesen 2 szitu\u00e1ci\u00f3 gy\u0171lt \u00f6ssze, az egyik egy r\u00e9gi M\u00f3nika showban l\u00e9v\u0151 konkr\u00e9t esem\u00e9nyt v\u00e1zolt f\u00f6l, a m\u00e1sik pedig egy doh\u00e1nyz\u00e1ssal kapcsolatosat. Miut\u00e1n ezeket megbesz\u00e9lt\u00fck, oktat\u00f3t\u00e1rsam \u00e9s j\u00f3magam m\u00e9g bedobtunk n\u00e9h\u00e1ny szitu\u00e1ci\u00f3t, amir\u0151l azt\u00e1n tov\u00e1bb besz\u00e9lgett\u00fcnk. Az aktivit\u00e1sok szerintem a megszokottn\u00e1l sokkal jobban s\u00fcltek el, jobban bevon\u00f3dtak, akt\u00edvabbak voltak, mint kor\u00e1bban \u00e9s ami nagyon felemel\u0151 volt, hogy intelligensen \u00e9rvelgettek egym\u00e1s ellen. \u0150szint\u00e9n megvallva, nekem a BEP folyam\u00e1n nem mindig siker\u00fcltek j\u00f3l ezek a nagyon interakt\u00edv \u00f3r\u00e1k, nem mindig \u00e9reztem azt, hogy \u00e1tmegy a helyes \u00fczenet (vagy b\u00e1rmilyen \u00fczenet), sokszor tal\u00e1lkoztam \u00fcveges tekintetekkel, \u00e9s 20 percen kereszt\u00fcl az ablakon kereszt\u00fcl kifel\u00e9 \u00e1br\u00e1ndoz\u00f3 szemp\u00e1rokkal\u2026 b\u00e1rmit is csin\u00e1ltam, vagy pr\u00f3b\u00e1lkoztam. Ez az alkalom viszont m\u00e1s volt. Nagyon m\u00e1s. Tal\u00e1n b\u00e1tran mondhatom, hogy ez volt a legjobb \u00f3r\u00e1m a BEP keretein bel\u00fcl. (A cs\u00facson kell abbahagyni?) Az \u00f3ra v\u00e9g\u00e9n, az elb\u00facs\u00faz\u00e1sn\u00e1l az\u00e9rt volt p\u00e1r \u00e9rzelmes pillanat, perc. T\u00f6bben is mondt\u00e1k, hogy hi\u00e1nyozni fognak Nekik ezek az \u00f3r\u00e1k. Lehet, hogy csak az\u00e9rt, mert \u00e9ppen nem magyar \u00f3r\u00e1n kell elemezni\u00fck az Od\u00fcsszei\u00e1t, vagy t\u00f6rt\u00e9nelemb\u0151l nem a 23. r\u00f3mai cs\u00e1sz\u00e1rt magolni, de az\u00e9rt b\u00edzom, hogy nem csak err\u0151l van sz\u00f3 \u00e9s meg\u00e9rte a sok beletett munka \u00e9s egy eg\u00e9szs\u00e9gtudatosabb gener\u00e1ci\u00f3 \u201ekinevel\u00e9s\u00e9nek\u201d lehettem r\u00e9sze.<\/p>\n","protected":false},"excerpt":{"rendered":"<p>A Balassagyarmati Eg\u00e9szs\u00e9gnevel\u0151 Program 2022.02.28-\u00e1n lez\u00e1rult. Az oldalon tal\u00e1lhat\u00f3 adatok arch\u00edvak. BEP esettanulm\u00e1ny Egy \u00f3ratart\u00f3nk toll\u00e1b\u00f3l sz\u00e1rmaz\u00f3 esettanulm\u00e1ny, amely kifejezi azt a l\u00e1t\u00e1sm\u00f3dot, ami az oktat\u00f3inkat a BEP-es oktat\u00e1sra motiv\u00e1lja \u00e9s a folyamatos, f\u00e1radhatatlan, kem\u00e9ny munk\u00e1t, amelyet a Program el\u0151mozd\u00edt\u00e1s\u00e1ra \u00e1ldoznak. \u00a0 Az esettanulm\u00e1nyom t\u00e1rgyak\u00e9nt az utols\u00f3, mental higi\u00e9n\u00e9s \u00f3r\u00e1t v\u00e1lasztottam. Ennek t\u00f6bb oka is &hellip;<\/p>\n","protected":false},"author":101611,"featured_media":0,"parent":0,"menu_order":0,"comment_status":"closed","ping_status":"closed","template":"template-fullwidth.php","meta":{"_acf_changed":false,"footnotes":""},"categories":[],"tags":[],"class_list":["post-505","page","type-page","status-publish","hentry"],"acf":[],"_links":{"self":[{"href":"https:\/\/semmelweis.hu\/balassagyarmat\/wp-json\/wp\/v2\/pages\/505","targetHints":{"allow":["GET"]}}],"collection":[{"href":"https:\/\/semmelweis.hu\/balassagyarmat\/wp-json\/wp\/v2\/pages"}],"about":[{"href":"https:\/\/semmelweis.hu\/balassagyarmat\/wp-json\/wp\/v2\/types\/page"}],"author":[{"embeddable":true,"href":"https:\/\/semmelweis.hu\/balassagyarmat\/wp-json\/wp\/v2\/users\/101611"}],"replies":[{"embeddable":true,"href":"https:\/\/semmelweis.hu\/balassagyarmat\/wp-json\/wp\/v2\/comments?post=505"}],"version-history":[{"count":5,"href":"https:\/\/semmelweis.hu\/balassagyarmat\/wp-json\/wp\/v2\/pages\/505\/revisions"}],"predecessor-version":[{"id":846,"href":"https:\/\/semmelweis.hu\/balassagyarmat\/wp-json\/wp\/v2\/pages\/505\/revisions\/846"}],"wp:attachment":[{"href":"https:\/\/semmelweis.hu\/balassagyarmat\/wp-json\/wp\/v2\/media?parent=505"}],"wp:term":[{"taxonomy":"category","embeddable":true,"href":"https:\/\/semmelweis.hu\/balassagyarmat\/wp-json\/wp\/v2\/categories?post=505"},{"taxonomy":"post_tag","embeddable":true,"href":"https:\/\/semmelweis.hu\/balassagyarmat\/wp-json\/wp\/v2\/tags?post=505"}],"curies":[{"name":"wp","href":"https:\/\/api.w.org\/{rel}","templated":true}]}}