{"id":5,"date":"2019-07-03T10:42:40","date_gmt":"2019-07-03T08:42:40","guid":{"rendered":"http:\/\/semmelweis.hu\/balassagyarmat\/?page_id=5"},"modified":"2025-02-13T16:00:35","modified_gmt":"2025-02-13T15:00:35","slug":"kuldetes","status":"publish","type":"page","link":"https:\/\/semmelweis.hu\/balassagyarmat\/kuldetes\/","title":{"rendered":"K\u00fcldet\u00e9s"},"content":{"rendered":"<p><em><strong>A Balassagyarmati Eg\u00e9szs\u00e9gnevel\u0151 Program 2022.02.28-\u00e1n lez\u00e1rult. Az oldalon tal\u00e1lhat\u00f3 adatok arch\u00edvak.<\/strong><\/em><\/p>\n<p>Kedves L\u00e1togat\u00f3!<\/p>\n<p>&nbsp;<\/p>\n<p><img loading=\"lazy\" decoding=\"async\" class=\" wp-image-444 alignright\" style=\"font-size: 1rem\" src=\"https:\/\/semmelweis.hu\/balassagyarmat\/files\/2020\/01\/let\u00f6lt\u00e9s-3-400x400.png\" alt=\"\" width=\"443\" height=\"443\" srcset=\"https:\/\/semmelweis.hu\/balassagyarmat\/files\/2020\/01\/let\u00f6lt\u00e9s-3-400x400.png 400w, https:\/\/semmelweis.hu\/balassagyarmat\/files\/2020\/01\/let\u00f6lt\u00e9s-3-150x150.png 150w, https:\/\/semmelweis.hu\/balassagyarmat\/files\/2020\/01\/let\u00f6lt\u00e9s-3-768x768.png 768w, https:\/\/semmelweis.hu\/balassagyarmat\/files\/2020\/01\/let\u00f6lt\u00e9s-3-1024x1024.png 1024w, https:\/\/semmelweis.hu\/balassagyarmat\/files\/2020\/01\/let\u00f6lt\u00e9s-3-753x753.png 753w, https:\/\/semmelweis.hu\/balassagyarmat\/files\/2020\/01\/let\u00f6lt\u00e9s-3.png 1587w\" sizes=\"auto, (max-width: 443px) 100vw, 443px\" \/> Orvosk\u00e9nt az a dolgom, hogy seg\u00edtsek a neh\u00e9z helyzetben l\u00e9v\u0151k\u00f6n. Hasonl\u00f3k\u00e9ppen, a Semmelweis Egyetemnek dolga seg\u00edteni a neh\u00e9z helyzetbe jutott magyar t\u00e1rsadalmon. Eg\u00e9szs\u00e9gfejleszt\u00e9si tev\u00e9kenys\u00e9geinek az a c\u00e9lja, hogy n\u00e9peg\u00e9szs\u00e9g\u00fcgyi szinten beavatkozva keress\u00fcnk \u00faj megold\u00e1sokat<br \/>az eg\u00e9szs\u00e9g meg\u0151rz\u00e9s\u00e9re, a betegs\u00e9gek megel\u0151z\u00e9s\u00e9re. <span style=\"font-size: 1rem\">Balassagyarmati Eg\u00e9szs\u00e9gnevel\u0151\u00a0<\/span>Programunk\u00a0ne<span style=\"font-size: 1rem\">m egyszer\u0171en oktat\u00e1s, hanem intervenci\u00f3. <\/span>Nem csak az a c\u00e9lunk, hogy a k\u00f6z\u00e9piskol\u00e1s r\u00e9sztvev\u0151k t\u00f6bbet tudjanak a betegs\u00e9gek megel\u0151z\u00e9s\u00e9r\u0151l \u2013 hanem az, hogy k\u00e9pesek is legyenek m\u00e1shogy d\u00f6nteni, az eg\u00e9szs\u00e9gesebb \u00e9letet v\u00e1lasztani. Nem riadunk meg azokt\u00f3l a k\u00f6zhelyekt\u0151l, hogy \u201eez \u00fagyis a csal\u00e1di nevel\u00e9sen m\u00falik\u201d, meg hogy \u201eaz eg\u00e9szs\u00e9ges \u00e9letannyival dr\u00e1g\u00e1bb, hogy a legt\u00f6bben \u00fagysem tudnak helyes \u00e9letm\u00f3dot folytatni\u201d.\u00a0<\/p>\n<p>Mi tudjuk, hogy minden ember boldogs\u00e1gra \u00e9s eg\u00e9szs\u00e9gre v\u00e1gyik, \u00e9s tudjuk, hogy megfelel\u0151 eszk\u00f6z\u00f6kkel fel lehet \u00e9breszteni a motiv\u00e1ci\u00f3t, az elk\u00f6telez\u0151d\u00e9st az eg\u00e9szs\u00e9ges \u00e9letm\u00f3d mellett.<\/p>\n<p>A Balassagyarmati Eg\u00e9szs\u00e9gnevel\u0151 Program egy interdiszciplin\u00e1ris munka, orvosi, pedag\u00f3giai, pszichol\u00f3giai, logisztikai, szoci\u00e1lis szempontok egyes\u00edt\u00e9s\u00e9n alapul. B\u00fcszke vagyok r\u00e1.<\/p>\n<p>dr. E\u00f6rsi D\u00e1niel<br \/>h\u00e1ziorvos, pszichoterapeuta<br \/>szakmai vezet\u0151<\/p>\n","protected":false},"excerpt":{"rendered":"<p>A Balassagyarmati Eg\u00e9szs\u00e9gnevel\u0151 Program 2022.02.28-\u00e1n lez\u00e1rult. Az oldalon tal\u00e1lhat\u00f3 adatok arch\u00edvak. Kedves L\u00e1togat\u00f3! &nbsp; Orvosk\u00e9nt az a dolgom, hogy seg\u00edtsek a neh\u00e9z helyzetben l\u00e9v\u0151k\u00f6n. Hasonl\u00f3k\u00e9ppen, a Semmelweis Egyetemnek dolga seg\u00edteni a neh\u00e9z helyzetbe jutott magyar t\u00e1rsadalmon. Eg\u00e9szs\u00e9gfejleszt\u00e9si tev\u00e9kenys\u00e9geinek az a c\u00e9lja, hogy n\u00e9peg\u00e9szs\u00e9g\u00fcgyi szinten beavatkozva keress\u00fcnk \u00faj megold\u00e1sokataz eg\u00e9szs\u00e9g meg\u0151rz\u00e9s\u00e9re, a betegs\u00e9gek megel\u0151z\u00e9s\u00e9re. Balassagyarmati Eg\u00e9szs\u00e9gnevel\u0151\u00a0Programunk\u00a0nem &hellip;<\/p>\n","protected":false},"author":12,"featured_media":22,"parent":0,"menu_order":0,"comment_status":"closed","ping_status":"closed","template":"template-fullwidth.php","meta":{"_acf_changed":false,"footnotes":""},"categories":[],"tags":[],"class_list":["post-5","page","type-page","status-publish","has-post-thumbnail","hentry"],"acf":[],"_links":{"self":[{"href":"https:\/\/semmelweis.hu\/balassagyarmat\/wp-json\/wp\/v2\/pages\/5","targetHints":{"allow":["GET"]}}],"collection":[{"href":"https:\/\/semmelweis.hu\/balassagyarmat\/wp-json\/wp\/v2\/pages"}],"about":[{"href":"https:\/\/semmelweis.hu\/balassagyarmat\/wp-json\/wp\/v2\/types\/page"}],"author":[{"embeddable":true,"href":"https:\/\/semmelweis.hu\/balassagyarmat\/wp-json\/wp\/v2\/users\/12"}],"replies":[{"embeddable":true,"href":"https:\/\/semmelweis.hu\/balassagyarmat\/wp-json\/wp\/v2\/comments?post=5"}],"version-history":[{"count":10,"href":"https:\/\/semmelweis.hu\/balassagyarmat\/wp-json\/wp\/v2\/pages\/5\/revisions"}],"predecessor-version":[{"id":845,"href":"https:\/\/semmelweis.hu\/balassagyarmat\/wp-json\/wp\/v2\/pages\/5\/revisions\/845"}],"wp:featuredmedia":[{"embeddable":true,"href":"https:\/\/semmelweis.hu\/balassagyarmat\/wp-json\/wp\/v2\/media\/22"}],"wp:attachment":[{"href":"https:\/\/semmelweis.hu\/balassagyarmat\/wp-json\/wp\/v2\/media?parent=5"}],"wp:term":[{"taxonomy":"category","embeddable":true,"href":"https:\/\/semmelweis.hu\/balassagyarmat\/wp-json\/wp\/v2\/categories?post=5"},{"taxonomy":"post_tag","embeddable":true,"href":"https:\/\/semmelweis.hu\/balassagyarmat\/wp-json\/wp\/v2\/tags?post=5"}],"curies":[{"name":"wp","href":"https:\/\/api.w.org\/{rel}","templated":true}]}}