{"id":390,"date":"2020-01-10T15:14:43","date_gmt":"2020-01-10T14:14:43","guid":{"rendered":"http:\/\/semmelweis.hu\/balassagyarmat\/?page_id=390"},"modified":"2020-01-12T00:20:53","modified_gmt":"2020-01-11T23:20:53","slug":"tokos-aron","status":"publish","type":"page","link":"https:\/\/semmelweis.hu\/balassagyarmat\/tokos-aron\/","title":{"rendered":"T\u00f3kos \u00c1ron"},"content":{"rendered":"<p><em><strong><img loading=\"lazy\" decoding=\"async\" class=\" wp-image-340 alignright\" src=\"https:\/\/semmelweis.hu\/balassagyarmat\/files\/2019\/12\/\u00c1ron-400x400.png\" alt=\"\" width=\"397\" height=\"397\" srcset=\"https:\/\/semmelweis.hu\/balassagyarmat\/files\/2019\/12\/\u00c1ron-400x400.png 400w, https:\/\/semmelweis.hu\/balassagyarmat\/files\/2019\/12\/\u00c1ron-150x150.png 150w, https:\/\/semmelweis.hu\/balassagyarmat\/files\/2019\/12\/\u00c1ron.png 702w\" sizes=\"auto, (max-width: 397px) 100vw, 397px\" \/><\/strong><\/em><\/p>\n<p>&nbsp;<\/p>\n<p>&nbsp;<\/p>\n<p style=\"text-align: left\"><em>Programunkban a szem\u00e9lyes tal\u00e1lkoz\u00e1son alapul\u00f3, tantermi \u201eoffline\u201d eg\u00e9szs\u00e9gnevel\u00e9st<br \/>\ninterakt\u00edv online anyagok eg\u00e9sz\u00edtik ki. Az els\u0151 ilyen \u00fajszer\u0171, a magyar k\u00f6zoktat\u00e1sban kev\u00e9sb\u00e9 elterjedt online j\u00e1t\u00e9kos elemekb\u0151l \u00f6sszetev\u0151d\u0151 k\u00e9pz\u00e9si anyagokat T\u00f3kos \u00c1ron, akkor m\u00e9g negyed\u00e9ves \u00c1OK-hallgat\u00f3 \u00e1ll\u00edtotta \u00f6ssze. \u00d6tletess\u00e9ge, felk\u00e9sz\u00fclts\u00e9ge, vizualit\u00e1sa mint\u00e1ul szolg\u00e1lt sz\u00e1munkra a k\u00e9s\u0151bbi online tananyagok fejleszt\u00e9se sor\u00e1n is.<\/em><\/p>\n","protected":false},"excerpt":{"rendered":"<p>&nbsp;<br \/>\n&nbsp;<br \/>\nProgramunkban a szem\u00e9lyes tal\u00e1lkoz\u00e1son alapul\u00f3, tantermi \u201eoffline\u201d eg\u00e9szs\u00e9gnevel\u00e9st<br \/>\ninterakt\u00edv online anyagok eg\u00e9sz\u00edtik ki. Az els\u0151 ilyen \u00fajszer\u0171, a magyar k\u00f6zoktat\u00e1sban kev\u00e9sb\u00e9 elterjedt online j\u00e1t\u00e9kos elemekb\u0151l \u00f6sszetev\u0151d\u0151 k\u00e9pz\u00e9si anyagokat T\u00f3kos \u00c1ron, akkor m\u00e9g negyed\u00e9ves \u00c1OK-hallgat\u00f3 \u00e1ll\u00edtotta \u00f6ssze. \u00d6tletess\u00e9ge, felk\u00e9sz\u00fclts\u00e9ge, vizualit\u00e1sa mint\u00e1ul szolg\u00e1lt sz\u00e1munkra a k\u00e9s\u0151bbi online tananyagok fejleszt\u00e9se sor\u00e1n is.<\/p>\n","protected":false},"author":101611,"featured_media":0,"parent":0,"menu_order":0,"comment_status":"closed","ping_status":"closed","template":"template-fullwidth.php","meta":{"_acf_changed":false,"footnotes":""},"categories":[],"tags":[],"class_list":["post-390","page","type-page","status-publish","hentry"],"acf":[],"_links":{"self":[{"href":"https:\/\/semmelweis.hu\/balassagyarmat\/wp-json\/wp\/v2\/pages\/390","targetHints":{"allow":["GET"]}}],"collection":[{"href":"https:\/\/semmelweis.hu\/balassagyarmat\/wp-json\/wp\/v2\/pages"}],"about":[{"href":"https:\/\/semmelweis.hu\/balassagyarmat\/wp-json\/wp\/v2\/types\/page"}],"author":[{"embeddable":true,"href":"https:\/\/semmelweis.hu\/balassagyarmat\/wp-json\/wp\/v2\/users\/101611"}],"replies":[{"embeddable":true,"href":"https:\/\/semmelweis.hu\/balassagyarmat\/wp-json\/wp\/v2\/comments?post=390"}],"version-history":[{"count":10,"href":"https:\/\/semmelweis.hu\/balassagyarmat\/wp-json\/wp\/v2\/pages\/390\/revisions"}],"predecessor-version":[{"id":491,"href":"https:\/\/semmelweis.hu\/balassagyarmat\/wp-json\/wp\/v2\/pages\/390\/revisions\/491"}],"wp:attachment":[{"href":"https:\/\/semmelweis.hu\/balassagyarmat\/wp-json\/wp\/v2\/media?parent=390"}],"wp:term":[{"taxonomy":"category","embeddable":true,"href":"https:\/\/semmelweis.hu\/balassagyarmat\/wp-json\/wp\/v2\/categories?post=390"},{"taxonomy":"post_tag","embeddable":true,"href":"https:\/\/semmelweis.hu\/balassagyarmat\/wp-json\/wp\/v2\/tags?post=390"}],"curies":[{"name":"wp","href":"https:\/\/api.w.org\/{rel}","templated":true}]}}