{"id":387,"date":"2020-01-10T15:14:36","date_gmt":"2020-01-10T14:14:36","guid":{"rendered":"http:\/\/semmelweis.hu\/balassagyarmat\/?page_id=387"},"modified":"2025-02-13T15:47:54","modified_gmt":"2025-02-13T14:47:54","slug":"dr-kovesdi-andrea","status":"publish","type":"page","link":"https:\/\/semmelweis.hu\/balassagyarmat\/dr-kovesdi-andrea\/","title":{"rendered":"Dr. K\u00f6vesdi Andrea"},"content":{"rendered":"<p><em style=\"font-size: 1rem\"><em><strong>A Balassagyarmati Eg\u00e9szs\u00e9gnevel\u0151 Program 2022.02.28-\u00e1n lez\u00e1rult. Az oldalon tal\u00e1lhat\u00f3 adatok arch\u00edvak.<\/strong><\/em><\/em><\/p>\n<p><em style=\"font-size: 1rem\">Alapvet\u0151 k\u00e9rd\u00e9s az eg\u00e9szs\u00e9gnevel\u00e9sben, hogy hogyan hat\u00e1rozzuk meg azt a re\u00e1lis v\u00e1ltoz\u00e1st, amit a c\u00e9lcsoport eg\u00e9szs\u00e9gmagatart\u00e1s\u00e1ban el szeretn\u00e9nk \u00e9rni. Szint\u00e9n speci\u00e1lis probl\u00e9ma, hogy milyen legyen az a kapcsolat az oktat\u00f3 \u00e9s a di\u00e1k k\u00f6z\u00f6tt, amely alkalmas arra, hogy val\u00f3di szeml\u00e9let-v\u00e1ltoz\u00e1st id\u00e9zzen el\u0151. Ezen dilemm\u00e1k felold\u00e1s\u00e1ban kulcsszerep jutott K\u00f6vesdi Andre\u00e1nak, a K\u00e1roli G\u00e1sp\u00e1r Reform\u00e1tus Egyetem adjunktus\u00e1nak, Egyetem\u00fcnk I. Gyermekklinik\u00e1ja munkat\u00e1rs\u00e1nak, aki csapatunk meghat\u00e1roz\u00f3 tagja volt az els\u0151 \u00e9vben.<\/em><\/p>\n","protected":false},"excerpt":{"rendered":"<p>A Balassagyarmati Eg\u00e9szs\u00e9gnevel\u0151 Program 2022.02.28-\u00e1n lez\u00e1rult. Az oldalon tal\u00e1lhat\u00f3 adatok arch\u00edvak. Alapvet\u0151 k\u00e9rd\u00e9s az eg\u00e9szs\u00e9gnevel\u00e9sben, hogy hogyan hat\u00e1rozzuk meg azt a re\u00e1lis v\u00e1ltoz\u00e1st, amit a c\u00e9lcsoport eg\u00e9szs\u00e9gmagatart\u00e1s\u00e1ban el szeretn\u00e9nk \u00e9rni. Szint\u00e9n speci\u00e1lis probl\u00e9ma, hogy milyen legyen az a kapcsolat az oktat\u00f3 \u00e9s a di\u00e1k k\u00f6z\u00f6tt, amely alkalmas arra, hogy val\u00f3di szeml\u00e9let-v\u00e1ltoz\u00e1st id\u00e9zzen el\u0151. Ezen dilemm\u00e1k &hellip;<\/p>\n","protected":false},"author":101611,"featured_media":0,"parent":0,"menu_order":0,"comment_status":"closed","ping_status":"closed","template":"template-fullwidth.php","meta":{"_acf_changed":false,"footnotes":""},"categories":[],"tags":[],"class_list":["post-387","page","type-page","status-publish","hentry"],"acf":[],"_links":{"self":[{"href":"https:\/\/semmelweis.hu\/balassagyarmat\/wp-json\/wp\/v2\/pages\/387","targetHints":{"allow":["GET"]}}],"collection":[{"href":"https:\/\/semmelweis.hu\/balassagyarmat\/wp-json\/wp\/v2\/pages"}],"about":[{"href":"https:\/\/semmelweis.hu\/balassagyarmat\/wp-json\/wp\/v2\/types\/page"}],"author":[{"embeddable":true,"href":"https:\/\/semmelweis.hu\/balassagyarmat\/wp-json\/wp\/v2\/users\/101611"}],"replies":[{"embeddable":true,"href":"https:\/\/semmelweis.hu\/balassagyarmat\/wp-json\/wp\/v2\/comments?post=387"}],"version-history":[{"count":4,"href":"https:\/\/semmelweis.hu\/balassagyarmat\/wp-json\/wp\/v2\/pages\/387\/revisions"}],"predecessor-version":[{"id":837,"href":"https:\/\/semmelweis.hu\/balassagyarmat\/wp-json\/wp\/v2\/pages\/387\/revisions\/837"}],"wp:attachment":[{"href":"https:\/\/semmelweis.hu\/balassagyarmat\/wp-json\/wp\/v2\/media?parent=387"}],"wp:term":[{"taxonomy":"category","embeddable":true,"href":"https:\/\/semmelweis.hu\/balassagyarmat\/wp-json\/wp\/v2\/categories?post=387"},{"taxonomy":"post_tag","embeddable":true,"href":"https:\/\/semmelweis.hu\/balassagyarmat\/wp-json\/wp\/v2\/tags?post=387"}],"curies":[{"name":"wp","href":"https:\/\/api.w.org\/{rel}","templated":true}]}}