{"id":384,"date":"2020-01-10T15:14:27","date_gmt":"2020-01-10T14:14:27","guid":{"rendered":"http:\/\/semmelweis.hu\/balassagyarmat\/?page_id=384"},"modified":"2020-01-10T18:02:46","modified_gmt":"2020-01-10T17:02:46","slug":"prievara-tibor","status":"publish","type":"page","link":"https:\/\/semmelweis.hu\/balassagyarmat\/prievara-tibor\/","title":{"rendered":"Prievara Tibor"},"content":{"rendered":"<p><em><strong><img loading=\"lazy\" decoding=\"async\" class=\"wp-image-341 alignright\" src=\"https:\/\/semmelweis.hu\/balassagyarmat\/files\/2019\/12\/Tibor-400x400.png\" alt=\"\" width=\"329\" height=\"329\" srcset=\"https:\/\/semmelweis.hu\/balassagyarmat\/files\/2019\/12\/Tibor-400x400.png 400w, https:\/\/semmelweis.hu\/balassagyarmat\/files\/2019\/12\/Tibor-150x150.png 150w, https:\/\/semmelweis.hu\/balassagyarmat\/files\/2019\/12\/Tibor.png 505w\" sizes=\"auto, (max-width: 329px) 100vw, 329px\" \/><\/strong><\/em><\/p>\n<p>&nbsp;<\/p>\n<p><em>Programunk meghat\u00e1roz\u00f3 szerepl\u0151je Prievara Tibor Tan\u00e1r \u00dar, az ELTE Ap\u00e1czai Csere J\u00e1nos Gyakorl\u00f3 Gimn\u00e1zium angoltan\u00e1ra. \u00c9vtizedek alatt kialak\u00edtott interakt\u00edv, jutalmaz\u00e1son alapul\u00f3 oktat\u00e1si strat\u00e9gi\u00e1j\u00e1nak szeml\u00e9let\u00e9b\u0151l sokat mer\u00edt\u00fcnk, oktat\u00e1si technik\u00e1inkat nagyr\u00e9szt t\u0151le tanultuk. Alaposs\u00e1ga, a serd\u00fcl\u0151 koroszt\u00e1ly ir\u00e1nt tan\u00fas\u00edtott elhivatotts\u00e1ga p\u00e9lda\u00e9rt\u00e9k\u0171 sz\u00e1munkra.<\/em><\/p>\n","protected":false},"excerpt":{"rendered":"<p>&nbsp;<br \/>\nProgramunk meghat\u00e1roz\u00f3 szerepl\u0151je Prievara Tibor Tan\u00e1r \u00dar, az ELTE Ap\u00e1czai Csere J\u00e1nos Gyakorl\u00f3 Gimn\u00e1zium angoltan\u00e1ra. \u00c9vtizedek alatt kialak\u00edtott interakt\u00edv, jutalmaz\u00e1son alapul\u00f3 oktat\u00e1si strat\u00e9gi\u00e1j\u00e1nak szeml\u00e9let\u00e9b\u0151l sokat mer\u00edt\u00fcnk, oktat\u00e1si technik\u00e1inkat nagyr\u00e9szt t\u0151le tanultuk. Alaposs\u00e1ga, a serd\u00fcl\u0151 koroszt\u00e1ly ir\u00e1nt tan\u00fas\u00edtott elhivatotts\u00e1ga p\u00e9lda\u00e9rt\u00e9k\u0171 sz\u00e1munkra.<\/p>\n","protected":false},"author":101611,"featured_media":0,"parent":0,"menu_order":0,"comment_status":"closed","ping_status":"closed","template":"template-fullwidth.php","meta":{"_acf_changed":false,"footnotes":""},"categories":[],"tags":[],"class_list":["post-384","page","type-page","status-publish","hentry"],"acf":[],"_links":{"self":[{"href":"https:\/\/semmelweis.hu\/balassagyarmat\/wp-json\/wp\/v2\/pages\/384","targetHints":{"allow":["GET"]}}],"collection":[{"href":"https:\/\/semmelweis.hu\/balassagyarmat\/wp-json\/wp\/v2\/pages"}],"about":[{"href":"https:\/\/semmelweis.hu\/balassagyarmat\/wp-json\/wp\/v2\/types\/page"}],"author":[{"embeddable":true,"href":"https:\/\/semmelweis.hu\/balassagyarmat\/wp-json\/wp\/v2\/users\/101611"}],"replies":[{"embeddable":true,"href":"https:\/\/semmelweis.hu\/balassagyarmat\/wp-json\/wp\/v2\/comments?post=384"}],"version-history":[{"count":8,"href":"https:\/\/semmelweis.hu\/balassagyarmat\/wp-json\/wp\/v2\/pages\/384\/revisions"}],"predecessor-version":[{"id":474,"href":"https:\/\/semmelweis.hu\/balassagyarmat\/wp-json\/wp\/v2\/pages\/384\/revisions\/474"}],"wp:attachment":[{"href":"https:\/\/semmelweis.hu\/balassagyarmat\/wp-json\/wp\/v2\/media?parent=384"}],"wp:term":[{"taxonomy":"category","embeddable":true,"href":"https:\/\/semmelweis.hu\/balassagyarmat\/wp-json\/wp\/v2\/categories?post=384"},{"taxonomy":"post_tag","embeddable":true,"href":"https:\/\/semmelweis.hu\/balassagyarmat\/wp-json\/wp\/v2\/tags?post=384"}],"curies":[{"name":"wp","href":"https:\/\/api.w.org\/{rel}","templated":true}]}}