{"id":381,"date":"2020-01-10T15:14:16","date_gmt":"2020-01-10T14:14:16","guid":{"rendered":"http:\/\/semmelweis.hu\/balassagyarmat\/?page_id=381"},"modified":"2025-02-13T15:41:48","modified_gmt":"2025-02-13T14:41:48","slug":"dr-hajnes-jozsef","status":"publish","type":"page","link":"https:\/\/semmelweis.hu\/balassagyarmat\/dr-hajnes-jozsef\/","title":{"rendered":"Dr. Hajnes J\u00f3zsef"},"content":{"rendered":"<p><em style=\"font-size: 1rem\"><img loading=\"lazy\" decoding=\"async\" class=\"size-medium wp-image-418 alignright\" src=\"https:\/\/semmelweis.hu\/balassagyarmat\/files\/2020\/01\/circle-cropped-1-400x400.png\" alt=\"\" width=\"400\" height=\"400\" srcset=\"https:\/\/semmelweis.hu\/balassagyarmat\/files\/2020\/01\/circle-cropped-1-400x400.png 400w, https:\/\/semmelweis.hu\/balassagyarmat\/files\/2020\/01\/circle-cropped-1-150x150.png 150w, https:\/\/semmelweis.hu\/balassagyarmat\/files\/2020\/01\/circle-cropped-1.png 585w\" sizes=\"auto, (max-width: 400px) 100vw, 400px\" \/><\/em> <em><strong>A Balassagyarmati Eg\u00e9szs\u00e9gnevel\u0151 Program 2022.02.28-\u00e1n lez\u00e1rult. Az oldalon tal\u00e1lhat\u00f3 adatok arch\u00edvak.<\/strong><\/em><\/p>\n<p>\u00a0 \u00a0 <em style=\"font-size: 1rem\">Dr. Hajnes J\u00f3zsef kor\u00e1bban a Budapesti Orvostanhallgat\u00f3k Egyes\u00fclet\u00e9nek eln\u00f6ke volt, jelenleg az EMMI Eg\u00e9szs\u00e9g\u00fcgyi \u00c1llamtitk\u00e1rs\u00e1g\u00e1n dolgozik. Progamunk egyik alap\u00edt\u00f3ja \u00e9s menedzsere az els\u0151 id\u0151szakban. \u0150 gondoskodott a komplex szakmai szempontok integr\u00e1l\u00e1sa mellett a szervez\u00e9si k\u00e9rd\u00e9sekr\u0151l, az \u00f6nk\u00e9ntesekkel \u00e9s a balassagyarmati k\u00f6z\u00e9piskol\u00e1kkal val\u00f3 kapcsolattart\u00e1sr\u00f3l, az anyagbeszerz\u00e9sr\u0151l, mindenr\u0151l. Szem\u00e9lyes szuggeszt\u00edv ereje, a j\u00f3 \u00fcgy melletti elk\u00f6telezetts\u00e9ge tekinthet\u0151 a program eredeti gy\u00fajt\u00f3zsin\u00f3rj\u00e1nak.<\/em><\/p>\n","protected":false},"excerpt":{"rendered":"<p>A Balassagyarmati Eg\u00e9szs\u00e9gnevel\u0151 Program 2022.02.28-\u00e1n lez\u00e1rult. Az oldalon tal\u00e1lhat\u00f3 adatok arch\u00edvak. \u00a0 \u00a0 Dr. Hajnes J\u00f3zsef kor\u00e1bban a Budapesti Orvostanhallgat\u00f3k Egyes\u00fclet\u00e9nek eln\u00f6ke volt, jelenleg az EMMI Eg\u00e9szs\u00e9g\u00fcgyi \u00c1llamtitk\u00e1rs\u00e1g\u00e1n dolgozik. Progamunk egyik alap\u00edt\u00f3ja \u00e9s menedzsere az els\u0151 id\u0151szakban. \u0150 gondoskodott a komplex szakmai szempontok integr\u00e1l\u00e1sa mellett a szervez\u00e9si k\u00e9rd\u00e9sekr\u0151l, az \u00f6nk\u00e9ntesekkel \u00e9s a balassagyarmati k\u00f6z\u00e9piskol\u00e1kkal val\u00f3 &hellip;<\/p>\n","protected":false},"author":101611,"featured_media":0,"parent":0,"menu_order":0,"comment_status":"closed","ping_status":"closed","template":"template-fullwidth.php","meta":{"_acf_changed":false,"footnotes":""},"categories":[],"tags":[],"class_list":["post-381","page","type-page","status-publish","hentry"],"acf":[],"_links":{"self":[{"href":"https:\/\/semmelweis.hu\/balassagyarmat\/wp-json\/wp\/v2\/pages\/381","targetHints":{"allow":["GET"]}}],"collection":[{"href":"https:\/\/semmelweis.hu\/balassagyarmat\/wp-json\/wp\/v2\/pages"}],"about":[{"href":"https:\/\/semmelweis.hu\/balassagyarmat\/wp-json\/wp\/v2\/types\/page"}],"author":[{"embeddable":true,"href":"https:\/\/semmelweis.hu\/balassagyarmat\/wp-json\/wp\/v2\/users\/101611"}],"replies":[{"embeddable":true,"href":"https:\/\/semmelweis.hu\/balassagyarmat\/wp-json\/wp\/v2\/comments?post=381"}],"version-history":[{"count":8,"href":"https:\/\/semmelweis.hu\/balassagyarmat\/wp-json\/wp\/v2\/pages\/381\/revisions"}],"predecessor-version":[{"id":835,"href":"https:\/\/semmelweis.hu\/balassagyarmat\/wp-json\/wp\/v2\/pages\/381\/revisions\/835"}],"wp:attachment":[{"href":"https:\/\/semmelweis.hu\/balassagyarmat\/wp-json\/wp\/v2\/media?parent=381"}],"wp:term":[{"taxonomy":"category","embeddable":true,"href":"https:\/\/semmelweis.hu\/balassagyarmat\/wp-json\/wp\/v2\/categories?post=381"},{"taxonomy":"post_tag","embeddable":true,"href":"https:\/\/semmelweis.hu\/balassagyarmat\/wp-json\/wp\/v2\/tags?post=381"}],"curies":[{"name":"wp","href":"https:\/\/api.w.org\/{rel}","templated":true}]}}