{"id":378,"date":"2020-01-10T15:14:08","date_gmt":"2020-01-10T14:14:08","guid":{"rendered":"http:\/\/semmelweis.hu\/balassagyarmat\/?page_id=378"},"modified":"2025-02-13T15:51:37","modified_gmt":"2025-02-13T14:51:37","slug":"hegedus-judit","status":"publish","type":"page","link":"https:\/\/semmelweis.hu\/balassagyarmat\/hegedus-judit\/","title":{"rendered":"Heged\u0171s Judit"},"content":{"rendered":"<p><em><img loading=\"lazy\" decoding=\"async\" class=\" wp-image-437 alignright\" src=\"https:\/\/semmelweis.hu\/balassagyarmat\/files\/2020\/01\/circle-cropped-400x400.png\" alt=\"\" width=\"394\" height=\"394\" srcset=\"https:\/\/semmelweis.hu\/balassagyarmat\/files\/2020\/01\/circle-cropped-400x400.png 400w, https:\/\/semmelweis.hu\/balassagyarmat\/files\/2020\/01\/circle-cropped-150x150.png 150w, https:\/\/semmelweis.hu\/balassagyarmat\/files\/2020\/01\/circle-cropped.png 667w\" sizes=\"auto, (max-width: 394px) 100vw, 394px\" \/><\/em> <em><em style=\"font-size: 1rem\"><strong>Az oldalon tal\u00e1lhat\u00f3 adatok arch\u00edvak. <\/strong><\/em><\/em><em><em style=\"font-size: 1rem\"><strong>A Balassagyarmati Eg\u00e9szs\u00e9gnevel\u0151 Program 2022.02.28-\u00e1n lez\u00e1rult. <\/strong><\/em><\/em><\/p>\n<p>&nbsp;<\/p>\n<p><em>Programunk nem j\u00f6hetett volna l\u00e9tre Heged\u0171s Judit, a Semmelweis Egyetem Elm\u00e9leti Orvostudom\u00e1nyi K\u00f6zpont volt Igazgat\u00f3ja n\u00e9lk\u00fcl. Rengeteg feladata mellett a szemei el\u0151tt lebegett egy eg\u00e9szs\u00e9gtudatos Magyarorsz\u00e1g. Vezet\u0151i munk\u00e1ja \u00e9s ir\u00e1nymutat\u00e1sa, elk\u00e9pzel\u00e9sei folyamatosan meg\u00fajul\u00e1sra, fejl\u0151d\u00e9sre sarkallt\u00e1k a Balassagyarmati Eg\u00e9szs\u00e9gnevel\u0151 Program tagjait \u00e9s a Projekt iroda dolgoz\u00f3it. Az eg\u00e9szs\u00e9gfejleszt\u00e9st \u00e9s eg\u00e9szs\u00e9gtudatosabb j\u00f6v\u0151 nemzed\u00e9k \u00e9p\u00edt\u00e9s\u00e9t sz\u00edv\u00fcgy\u00e9nek tekintette. Ir\u00e1ny\u00edt\u00e1sa alatt j\u00f6tt l\u00e9tre a Balassagyarmati Eg\u00e9szs\u00e9gnevel\u0151 Program mellett a Beker\u00fcl\u00e9st\u00e1mogat\u00e1si Program illetve a Kort\u00e1rsseg\u00edt\u0151 Program is, melyek mind azt a c\u00e9lt szolg\u00e1lj\u00e1k, hogy a Semmelweis Egyetem a magyar fels\u0151oktat\u00e1si int\u00e9zm\u00e9nyek k\u00f6z\u00fcl els\u0151k\u00e9nt seg\u00edtse a prevenci\u00f3t \u00e9s az eg\u00e9szs\u00e9gtudatosabb magatart\u00e1st, nem csup\u00e1n elm\u00e9letben, hanem a mindennapi gyakorlatban is.<\/em><\/p>\n","protected":false},"excerpt":{"rendered":"<p>Az oldalon tal\u00e1lhat\u00f3 adatok arch\u00edvak. A Balassagyarmati Eg\u00e9szs\u00e9gnevel\u0151 Program 2022.02.28-\u00e1n lez\u00e1rult. &nbsp; Programunk nem j\u00f6hetett volna l\u00e9tre Heged\u0171s Judit, a Semmelweis Egyetem Elm\u00e9leti Orvostudom\u00e1nyi K\u00f6zpont volt Igazgat\u00f3ja n\u00e9lk\u00fcl. Rengeteg feladata mellett a szemei el\u0151tt lebegett egy eg\u00e9szs\u00e9gtudatos Magyarorsz\u00e1g. Vezet\u0151i munk\u00e1ja \u00e9s ir\u00e1nymutat\u00e1sa, elk\u00e9pzel\u00e9sei folyamatosan meg\u00fajul\u00e1sra, fejl\u0151d\u00e9sre sarkallt\u00e1k a Balassagyarmati Eg\u00e9szs\u00e9gnevel\u0151 Program tagjait \u00e9s a Projekt &hellip;<\/p>\n","protected":false},"author":101611,"featured_media":0,"parent":0,"menu_order":0,"comment_status":"closed","ping_status":"closed","template":"template-fullwidth.php","meta":{"_acf_changed":false,"footnotes":""},"categories":[],"tags":[],"class_list":["post-378","page","type-page","status-publish","hentry"],"acf":[],"_links":{"self":[{"href":"https:\/\/semmelweis.hu\/balassagyarmat\/wp-json\/wp\/v2\/pages\/378","targetHints":{"allow":["GET"]}}],"collection":[{"href":"https:\/\/semmelweis.hu\/balassagyarmat\/wp-json\/wp\/v2\/pages"}],"about":[{"href":"https:\/\/semmelweis.hu\/balassagyarmat\/wp-json\/wp\/v2\/types\/page"}],"author":[{"embeddable":true,"href":"https:\/\/semmelweis.hu\/balassagyarmat\/wp-json\/wp\/v2\/users\/101611"}],"replies":[{"embeddable":true,"href":"https:\/\/semmelweis.hu\/balassagyarmat\/wp-json\/wp\/v2\/comments?post=378"}],"version-history":[{"count":6,"href":"https:\/\/semmelweis.hu\/balassagyarmat\/wp-json\/wp\/v2\/pages\/378\/revisions"}],"predecessor-version":[{"id":844,"href":"https:\/\/semmelweis.hu\/balassagyarmat\/wp-json\/wp\/v2\/pages\/378\/revisions\/844"}],"wp:attachment":[{"href":"https:\/\/semmelweis.hu\/balassagyarmat\/wp-json\/wp\/v2\/media?parent=378"}],"wp:term":[{"taxonomy":"category","embeddable":true,"href":"https:\/\/semmelweis.hu\/balassagyarmat\/wp-json\/wp\/v2\/categories?post=378"},{"taxonomy":"post_tag","embeddable":true,"href":"https:\/\/semmelweis.hu\/balassagyarmat\/wp-json\/wp\/v2\/tags?post=378"}],"curies":[{"name":"wp","href":"https:\/\/api.w.org\/{rel}","templated":true}]}}