{"id":375,"date":"2020-01-10T15:13:59","date_gmt":"2020-01-10T14:13:59","guid":{"rendered":"http:\/\/semmelweis.hu\/balassagyarmat\/?page_id=375"},"modified":"2021-09-26T00:58:15","modified_gmt":"2021-09-25T22:58:15","slug":"takacs-peter","status":"publish","type":"page","link":"https:\/\/semmelweis.hu\/balassagyarmat\/takacs-peter\/","title":{"rendered":"Tak\u00e1cs P\u00e9ter"},"content":{"rendered":"<p style=\"text-align: left\"><em><img loading=\"lazy\" decoding=\"async\" class=\"size-medium wp-image-449 alignright\" src=\"https:\/\/semmelweis.hu\/balassagyarmat\/files\/2020\/01\/let\u00f6lddt\u00e9s-400x400.png\" alt=\"\" width=\"400\" height=\"400\" srcset=\"https:\/\/semmelweis.hu\/balassagyarmat\/files\/2020\/01\/let\u00f6lddt\u00e9s-400x400.png 400w, https:\/\/semmelweis.hu\/balassagyarmat\/files\/2020\/01\/let\u00f6lddt\u00e9s-150x150.png 150w, https:\/\/semmelweis.hu\/balassagyarmat\/files\/2020\/01\/let\u00f6lddt\u00e9s-768x768.png 768w, https:\/\/semmelweis.hu\/balassagyarmat\/files\/2020\/01\/let\u00f6lddt\u00e9s-1024x1024.png 1024w, https:\/\/semmelweis.hu\/balassagyarmat\/files\/2020\/01\/let\u00f6lddt\u00e9s-753x753.png 753w, https:\/\/semmelweis.hu\/balassagyarmat\/files\/2020\/01\/let\u00f6lddt\u00e9s.png 1535w\" sizes=\"auto, (max-width: 400px) 100vw, 400px\" \/>Tak\u00e1cs P\u00e9ter vagyok, VI. \u00e9ves orvostanhallgat\u00f3. A projekthez 2019. m\u00e1rcius\u00e1ban csatlakoztam. Eleinte az online fel\u00fclet, a #school (<a href=\"http:\/\/bep.semmelweis.hu\">bep.semmelweis.hu<\/a>) kezel\u00e9s\u00e9t \u00e9s a tananyagok megoszt\u00e1s\u00e1t, karbantart\u00e1s\u00e1t v\u00e9geztem. Jelenleg a feladataim kieg\u00e9sz\u00fcltek az oktat\u00e1si alkalmak adminisztr\u00e1ci\u00f3s tev\u00e9kenys\u00e9g\u00e9vel \u00e9s a felk\u00e9sz\u00edt\u0151k szervez\u00e9s\u00e9vel, leutaz\u00e1sok ind\u00edt\u00e1s\u00e1val\/koordin\u00e1l\u00e1s\u00e1val. Szuper \u00e9lm\u00e9ny egy olyan kreat\u00edv csapatban dolgozni, mint a BEP. Az eg\u00e9szs\u00e9gfejleszt\u00e9s Magyarorsz\u00e1g egyik, ha nem a legfontosabb feladata a jelenben \u00e9s a j\u00f6v\u0151ben is. A Projekt pont ezt a c\u00e9lt t\u0171zte ki maga el\u00e9 a di\u00e1kokhoz korban \u00e9s szeml\u00e9letm\u00f3dban is hasonl\u00f3 oktat\u00f3kkal kooper\u00e1ci\u00f3ban. Rem\u00e9lem a j\u00f6v\u0151ben sz\u00e9lesebb k\u00f6rben is megismerhetik a fiatalok ezt a fantasztikus m\u00f3dj\u00e1t az eg\u00e9szs\u00e9gtudatos \u00e9letnek.<\/em><\/p>\n<p style=\"text-align: left\"><em>Kedvenc id\u00e9zet: <br \/><\/em><em>&#8222;Nem az utadba ker\u00fcl\u0151 hegy fog meg\u00e1ll\u00edtani, hanem a cip\u0151dbe ker\u00fcl\u0151 homok.&#8221; <br \/><\/em><em>Robert Service<\/em><\/p>\n","protected":false},"excerpt":{"rendered":"<p>Tak\u00e1cs P\u00e9ter vagyok, VI. \u00e9ves orvostanhallgat\u00f3. A projekthez 2019. m\u00e1rcius\u00e1ban csatlakoztam. Eleinte az online fel\u00fclet, a #school ( <a href=\"http:\/\/bep.semmelweis.hu\">bep.semmelweis.hu<\/a> ) kezel\u00e9s\u00e9t \u00e9s a tananyagok megoszt\u00e1s\u00e1t, karbantart\u00e1s\u00e1t v\u00e9geztem. Jelenleg a feladataim kieg\u00e9sz\u00fcltek az oktat\u00e1si alkalmak adminisztr\u00e1ci\u00f3s tev\u00e9kenys\u00e9g\u00e9vel \u00e9s a felk\u00e9sz\u00edt\u0151k szervez\u00e9s\u00e9vel, leutaz\u00e1sok ind\u00edt\u00e1s\u00e1val\/koordin\u00e1l\u00e1s\u00e1val. Szuper \u00e9lm\u00e9ny egy olyan kreat\u00edv csapatban dolgozni, mint a BEP. Az eg\u00e9szs\u00e9gfejleszt\u00e9s Magyarorsz\u00e1g egyik, &hellip;<\/p>\n","protected":false},"author":101611,"featured_media":0,"parent":0,"menu_order":0,"comment_status":"closed","ping_status":"closed","template":"template-fullwidth.php","meta":{"_acf_changed":false,"footnotes":""},"categories":[],"tags":[],"class_list":["post-375","page","type-page","status-publish","hentry"],"acf":[],"_links":{"self":[{"href":"https:\/\/semmelweis.hu\/balassagyarmat\/wp-json\/wp\/v2\/pages\/375","targetHints":{"allow":["GET"]}}],"collection":[{"href":"https:\/\/semmelweis.hu\/balassagyarmat\/wp-json\/wp\/v2\/pages"}],"about":[{"href":"https:\/\/semmelweis.hu\/balassagyarmat\/wp-json\/wp\/v2\/types\/page"}],"author":[{"embeddable":true,"href":"https:\/\/semmelweis.hu\/balassagyarmat\/wp-json\/wp\/v2\/users\/101611"}],"replies":[{"embeddable":true,"href":"https:\/\/semmelweis.hu\/balassagyarmat\/wp-json\/wp\/v2\/comments?post=375"}],"version-history":[{"count":10,"href":"https:\/\/semmelweis.hu\/balassagyarmat\/wp-json\/wp\/v2\/pages\/375\/revisions"}],"predecessor-version":[{"id":782,"href":"https:\/\/semmelweis.hu\/balassagyarmat\/wp-json\/wp\/v2\/pages\/375\/revisions\/782"}],"wp:attachment":[{"href":"https:\/\/semmelweis.hu\/balassagyarmat\/wp-json\/wp\/v2\/media?parent=375"}],"wp:term":[{"taxonomy":"category","embeddable":true,"href":"https:\/\/semmelweis.hu\/balassagyarmat\/wp-json\/wp\/v2\/categories?post=375"},{"taxonomy":"post_tag","embeddable":true,"href":"https:\/\/semmelweis.hu\/balassagyarmat\/wp-json\/wp\/v2\/tags?post=375"}],"curies":[{"name":"wp","href":"https:\/\/api.w.org\/{rel}","templated":true}]}}