{"id":372,"date":"2020-01-10T15:13:49","date_gmt":"2020-01-10T14:13:49","guid":{"rendered":"http:\/\/semmelweis.hu\/balassagyarmat\/?page_id=372"},"modified":"2025-02-13T15:49:53","modified_gmt":"2025-02-13T14:49:53","slug":"van-der-meer-borbala","status":"publish","type":"page","link":"https:\/\/semmelweis.hu\/balassagyarmat\/van-der-meer-borbala\/","title":{"rendered":"Dr. Van der Meer Borb\u00e1la"},"content":{"rendered":"<p style=\"text-align: left\"><em><img loading=\"lazy\" decoding=\"async\" class=\"size-medium wp-image-438 alignright\" src=\"https:\/\/semmelweis.hu\/balassagyarmat\/files\/2020\/01\/let\u00f6lt\u00e9s-400x400.png\" alt=\"\" width=\"400\" height=\"400\" srcset=\"https:\/\/semmelweis.hu\/balassagyarmat\/files\/2020\/01\/let\u00f6lt\u00e9s-400x400.png 400w, https:\/\/semmelweis.hu\/balassagyarmat\/files\/2020\/01\/let\u00f6lt\u00e9s-150x150.png 150w, https:\/\/semmelweis.hu\/balassagyarmat\/files\/2020\/01\/let\u00f6lt\u00e9s-768x768.png 768w, https:\/\/semmelweis.hu\/balassagyarmat\/files\/2020\/01\/let\u00f6lt\u00e9s-1024x1024.png 1024w, https:\/\/semmelweis.hu\/balassagyarmat\/files\/2020\/01\/let\u00f6lt\u00e9s-753x753.png 753w\" sizes=\"auto, (max-width: 400px) 100vw, 400px\" \/><em style=\"font-size: 1rem\"><strong>A Balassagyarmati Eg\u00e9szs\u00e9gnevel\u0151 Program 2022.02.28-\u00e1n lez\u00e1rult. Az oldalon tal\u00e1lhat\u00f3 adatok arch\u00edvak.<\/strong><\/em><\/em><\/p>\n<p style=\"text-align: left\"><em>Dr. van der Meer Borb\u00e1la, frissen v\u00e9gzett orvos vagyok.<\/em> <em><span style=\"font-size: 1rem\">Mivel m\u00e1r kiskorom \u00f3ta vonzott az orvosi p\u00e1lya \u00e9s a tov\u00e1bbiakban gyermekgy\u00f3gy\u00e1szk\u00e9nt szeretn\u00e9m folytatni tanulm\u00e1nyaimat, \u00f6r\u00f6mmel csatlakoztam az EOK eg\u00e9szs\u00e9gf\u00f3kusz\u00fa csapat\u00e1hoz, mely nagy hangs\u00falyt fektet a prevenci\u00f3s szeml\u00e9letre. <\/span>Munk\u00e1m a Balassagyarmati Eg\u00e9szs\u00e9gnevel\u0151 Programhoz kapcsol\u00f3dik; f\u0151k\u00e9nt a Balassagyarmati Beker\u00fcl\u00e9st\u00e1mogat\u00f3 projekten dolgozom, melynek c\u00e9lja, hogy a 11. oszt\u00e1lyos tanul\u00f3k tiszt\u00e1ban legyenek saj\u00e1t k\u00e9pess\u00e9geikkel \u00e9s lehet\u0151s\u00e9geikkel, hogy tudatosabb, jobban \u00e1tgondolt d\u00f6nt\u00e9seket tudjanak hozni j\u00f6v\u0151j\u00fckkel \u00e9s a tov\u00e1bbi tanulm\u00e1nyaikkal kapcsolatban.<\/em><\/p>\n<p>&nbsp;<\/p>\n<p style=\"text-align: left\"><em>\u201eNincs veszett \u00fcgy, m\u00edg akad csak egy bolond is, aki k\u00fczd \u00e9rte.\u201d \/Karib-Tenger kal\u00f3zai\/<\/em><\/p>\n","protected":false},"excerpt":{"rendered":"<p>A Balassagyarmati Eg\u00e9szs\u00e9gnevel\u0151 Program 2022.02.28-\u00e1n lez\u00e1rult. Az oldalon tal\u00e1lhat\u00f3 adatok arch\u00edvak. Dr. van der Meer Borb\u00e1la, frissen v\u00e9gzett orvos vagyok. Mivel m\u00e1r kiskorom \u00f3ta vonzott az orvosi p\u00e1lya \u00e9s a tov\u00e1bbiakban gyermekgy\u00f3gy\u00e1szk\u00e9nt szeretn\u00e9m folytatni tanulm\u00e1nyaimat, \u00f6r\u00f6mmel csatlakoztam az EOK eg\u00e9szs\u00e9gf\u00f3kusz\u00fa csapat\u00e1hoz, mely nagy hangs\u00falyt fektet a prevenci\u00f3s szeml\u00e9letre. Munk\u00e1m a Balassagyarmati Eg\u00e9szs\u00e9gnevel\u0151 Programhoz kapcsol\u00f3dik; f\u0151k\u00e9nt &hellip;<\/p>\n","protected":false},"author":101611,"featured_media":0,"parent":0,"menu_order":0,"comment_status":"closed","ping_status":"closed","template":"template-fullwidth.php","meta":{"_acf_changed":false,"footnotes":""},"categories":[],"tags":[],"class_list":["post-372","page","type-page","status-publish","hentry"],"acf":[],"_links":{"self":[{"href":"https:\/\/semmelweis.hu\/balassagyarmat\/wp-json\/wp\/v2\/pages\/372","targetHints":{"allow":["GET"]}}],"collection":[{"href":"https:\/\/semmelweis.hu\/balassagyarmat\/wp-json\/wp\/v2\/pages"}],"about":[{"href":"https:\/\/semmelweis.hu\/balassagyarmat\/wp-json\/wp\/v2\/types\/page"}],"author":[{"embeddable":true,"href":"https:\/\/semmelweis.hu\/balassagyarmat\/wp-json\/wp\/v2\/users\/101611"}],"replies":[{"embeddable":true,"href":"https:\/\/semmelweis.hu\/balassagyarmat\/wp-json\/wp\/v2\/comments?post=372"}],"version-history":[{"count":9,"href":"https:\/\/semmelweis.hu\/balassagyarmat\/wp-json\/wp\/v2\/pages\/372\/revisions"}],"predecessor-version":[{"id":841,"href":"https:\/\/semmelweis.hu\/balassagyarmat\/wp-json\/wp\/v2\/pages\/372\/revisions\/841"}],"wp:attachment":[{"href":"https:\/\/semmelweis.hu\/balassagyarmat\/wp-json\/wp\/v2\/media?parent=372"}],"wp:term":[{"taxonomy":"category","embeddable":true,"href":"https:\/\/semmelweis.hu\/balassagyarmat\/wp-json\/wp\/v2\/categories?post=372"},{"taxonomy":"post_tag","embeddable":true,"href":"https:\/\/semmelweis.hu\/balassagyarmat\/wp-json\/wp\/v2\/tags?post=372"}],"curies":[{"name":"wp","href":"https:\/\/api.w.org\/{rel}","templated":true}]}}