{"id":369,"date":"2020-01-10T15:13:39","date_gmt":"2020-01-10T14:13:39","guid":{"rendered":"http:\/\/semmelweis.hu\/balassagyarmat\/?page_id=369"},"modified":"2025-02-13T15:48:16","modified_gmt":"2025-02-13T14:48:16","slug":"major-david-2","status":"publish","type":"page","link":"https:\/\/semmelweis.hu\/balassagyarmat\/major-david-2\/","title":{"rendered":"Dr. Major D\u00e1vid"},"content":{"rendered":"<p><em><img loading=\"lazy\" decoding=\"async\" class=\" wp-image-443 alignright\" src=\"https:\/\/semmelweis.hu\/balassagyarmat\/files\/2020\/01\/let\u00f6lt\u00e9s-2-1-400x400.png\" alt=\"\" width=\"354\" height=\"354\" srcset=\"https:\/\/semmelweis.hu\/balassagyarmat\/files\/2020\/01\/let\u00f6lt\u00e9s-2-1-400x400.png 400w, https:\/\/semmelweis.hu\/balassagyarmat\/files\/2020\/01\/let\u00f6lt\u00e9s-2-1-150x150.png 150w, https:\/\/semmelweis.hu\/balassagyarmat\/files\/2020\/01\/let\u00f6lt\u00e9s-2-1-768x768.png 768w, https:\/\/semmelweis.hu\/balassagyarmat\/files\/2020\/01\/let\u00f6lt\u00e9s-2-1-1024x1024.png 1024w, https:\/\/semmelweis.hu\/balassagyarmat\/files\/2020\/01\/let\u00f6lt\u00e9s-2-1-753x753.png 753w\" sizes=\"auto, (max-width: 354px) 100vw, 354px\" \/><\/em> \u00a0<\/p>\n<p><em style=\"font-size: 1rem\"><em><strong>A Balassagyarmati Eg\u00e9szs\u00e9gnevel\u0151 Program 2022.02.28-\u00e1n lez\u00e1rult. Az oldalon tal\u00e1lhat\u00f3 adatok arch\u00edvak.<\/strong><\/em><\/em><\/p>\n<p><em>Dr. Major D\u00e1vid vagyok, a Balassagyarmati Eg\u00e9szs\u00e9gnevel\u0151 Program szakmai asszisztense. A projekthez m\u00e9g hallgat\u00f3k\u00e9nt csatlakoztam, mint kort\u00e1rsoktat\u00f3, \u00e9s m\u00e1r ekkor megfogott az a k\u00fcl\u00f6nleges l\u00e9gk\u00f6r, melyet a BEP halad\u00f3 szellemis\u00e9g\u0171 \u00e9s kreat\u00edv csapata teremtett. Jelenleg f\u0151 feladatim k\u00f6z\u00e9 tartozik az \u00f6nk\u00e9ntesek koordin\u00e1l\u00e1sa, tov\u00e1bb\u00e1 az oktat\u00e1si alkalmak szakmai el\u0151k\u00e9sz\u00edt\u00e9se, levez\u00e9nyl\u00e9se. Munk\u00e1m sor\u00e1n arra t\u00f6rekszem, hogy egy stabil h\u00e1tteret biztos\u00edtsak az \u00f6nk\u00e9ntesek sz\u00e1m\u00e1ra, akihez b\u00e1rmikor bizalommal fordulhatnak a kort\u00e1rsoktat\u00e1s sor\u00e1n felmer\u00fcl\u0151 k\u00e9rd\u00e9seikkel.<\/em><\/p>\n","protected":false},"excerpt":{"rendered":"<p>\u00a0 A Balassagyarmati Eg\u00e9szs\u00e9gnevel\u0151 Program 2022.02.28-\u00e1n lez\u00e1rult. Az oldalon tal\u00e1lhat\u00f3 adatok arch\u00edvak. Dr. Major D\u00e1vid vagyok, a Balassagyarmati Eg\u00e9szs\u00e9gnevel\u0151 Program szakmai asszisztense. A projekthez m\u00e9g hallgat\u00f3k\u00e9nt csatlakoztam, mint kort\u00e1rsoktat\u00f3, \u00e9s m\u00e1r ekkor megfogott az a k\u00fcl\u00f6nleges l\u00e9gk\u00f6r, melyet a BEP halad\u00f3 szellemis\u00e9g\u0171 \u00e9s kreat\u00edv csapata teremtett. Jelenleg f\u0151 feladatim k\u00f6z\u00e9 tartozik az \u00f6nk\u00e9ntesek koordin\u00e1l\u00e1sa, tov\u00e1bb\u00e1 &hellip;<\/p>\n","protected":false},"author":101611,"featured_media":0,"parent":0,"menu_order":0,"comment_status":"closed","ping_status":"closed","template":"template-fullwidth.php","meta":{"_acf_changed":false,"footnotes":""},"categories":[],"tags":[],"class_list":["post-369","page","type-page","status-publish","hentry"],"acf":[],"_links":{"self":[{"href":"https:\/\/semmelweis.hu\/balassagyarmat\/wp-json\/wp\/v2\/pages\/369","targetHints":{"allow":["GET"]}}],"collection":[{"href":"https:\/\/semmelweis.hu\/balassagyarmat\/wp-json\/wp\/v2\/pages"}],"about":[{"href":"https:\/\/semmelweis.hu\/balassagyarmat\/wp-json\/wp\/v2\/types\/page"}],"author":[{"embeddable":true,"href":"https:\/\/semmelweis.hu\/balassagyarmat\/wp-json\/wp\/v2\/users\/101611"}],"replies":[{"embeddable":true,"href":"https:\/\/semmelweis.hu\/balassagyarmat\/wp-json\/wp\/v2\/comments?post=369"}],"version-history":[{"count":8,"href":"https:\/\/semmelweis.hu\/balassagyarmat\/wp-json\/wp\/v2\/pages\/369\/revisions"}],"predecessor-version":[{"id":838,"href":"https:\/\/semmelweis.hu\/balassagyarmat\/wp-json\/wp\/v2\/pages\/369\/revisions\/838"}],"wp:attachment":[{"href":"https:\/\/semmelweis.hu\/balassagyarmat\/wp-json\/wp\/v2\/media?parent=369"}],"wp:term":[{"taxonomy":"category","embeddable":true,"href":"https:\/\/semmelweis.hu\/balassagyarmat\/wp-json\/wp\/v2\/categories?post=369"},{"taxonomy":"post_tag","embeddable":true,"href":"https:\/\/semmelweis.hu\/balassagyarmat\/wp-json\/wp\/v2\/tags?post=369"}],"curies":[{"name":"wp","href":"https:\/\/api.w.org\/{rel}","templated":true}]}}